{"id":870,"date":"2025-08-25T16:09:31","date_gmt":"2025-08-25T08:09:31","guid":{"rendered":"https:\/\/mostebglass.com\/?post_type=product&#038;p=870"},"modified":"2026-03-16T13:32:51","modified_gmt":"2026-03-16T05:32:51","slug":"square-aromatherapy-glass-bottles-with-flat-shape-bulk","status":"publish","type":"product","link":"https:\/\/mostebglass.com\/pt\/square-aromatherapy-glass-bottles-with-flat-shape-bulk\/","title":{"rendered":"Frascos de vidro quadrados de 100ml para aromaterapia, com formato plano, em grande quantidade."},"content":{"rendered":"<p><span aria-haspopup=\"dialog\" aria-expanded=\"false\" aria-controls=\"radix-_r_1m_\" data-state=\"closed\" data-slot=\"popover-trigger\">O difusor de varetas quadrado possui um design minimalista e plano, com linhas limpas e angulares, que confere um toque moderno a qualquer ambiente.<\/span> <span aria-haspopup=\"dialog\" aria-expanded=\"false\" aria-controls=\"radix-_r_1n_\" data-state=\"closed\" data-slot=\"popover-trigger\">O l\u00edquido perfumado pode ser visto atrav\u00e9s do vidro transparente, e as varetas pretas criam um belo contraste.<\/span> <span aria-haspopup=\"dialog\" aria-expanded=\"false\" aria-controls=\"radix-_r_1o_\" data-state=\"closed\" data-slot=\"popover-trigger\">Use este elegante frasco difusor para decorar sua casa e, claro, adicionar um aroma agrad\u00e1vel ao ambiente, sendo uma forma ideal de utiliz\u00e1-lo em aromaterapia ou como fragr\u00e2ncia para o lar.<\/span><\/p>\n<h2>Caracter\u00edsticas do produto<\/h2>\n<ul>\n<li><strong>Design quadrado moderno:<\/strong> O formato plano confere um toque moderno e arrojado \u00e0 sua marca.<\/li>\n<li><strong>Vidro resistente:<\/strong> O vidro espesso e de alta transpar\u00eancia \u00e9 resistente a estilha\u00e7os e proporciona maior estabilidade \u00e0 prateleira.<\/li>\n<li><strong>Base plana e est\u00e1vel:<\/strong> A garrafa n\u00e3o tomba e permanece em p\u00e9, permitindo versatilidade de uso.<\/li>\n<\/ul>\n<h2>Uma verdadeira hist\u00f3ria de sucesso<\/h2>\n<p>Um dos nossos clientes atacadistas na Austr\u00e1lia estava lan\u00e7ando uma nova linha de fragr\u00e2ncias naturais para casa. Eles precisavam de frascos difusores de varetas que tivessem um aspecto sofisticado, mas que n\u00e3o fossem fr\u00e1geis. Fornecemos a eles esses frascos difusores quadrados de 100 ml em um tom \u00e2mbar suave \u2014 feitos sob medida para combinar com a identidade visual da marca, que remete \u00e0 natureza. Cada frasco foi complementado com uma tampa de madeira preta e varetas de rattan natural. Resultado? Os varejistas adoraram o visual, os clientes elogiaram a veda\u00e7\u00e3o perfeita e os pedidos de reposi\u00e7\u00e3o chegaram mais r\u00e1pido do que o esperado.<\/p>\n<h2>Deseja personalizar o seu?<\/h2>\n<ul>\n<li><span aria-haspopup=\"dialog\" aria-expanded=\"false\" aria-controls=\"radix-_r_1p_\" data-state=\"closed\" data-slot=\"popover-trigger\"><strong>Possibilidade de personaliza\u00e7\u00e3o das tampas:<\/strong> Dever\u00e1 tamb\u00e9m oferecer op\u00e7\u00f5es de diferentes acabamentos para a tampa, incluindo dourado fosco, prateado escovado ou preto, para proporcionar maior eleg\u00e2ncia e harmonia ao visual do difusor.<\/span><\/li>\n<li><span aria-haspopup=\"dialog\" aria-expanded=\"false\" aria-controls=\"radix-_r_1q_\" data-state=\"closed\" data-slot=\"popover-trigger\"><strong>Etiquetagem personalizada:<\/strong> Adicione oportunidades de personaliza\u00e7\u00e3o da marca: ofere\u00e7a a possibilidade de adicionar r\u00f3tulos personalizados ou de gravar na garrafa um logotipo, mensagem ou qualquer outro design especial, criando um toque pessoal.<\/span><\/li>\n<li><span aria-haspopup=\"dialog\" aria-expanded=\"false\" aria-controls=\"radix-_r_1r_\" data-state=\"closed\" data-slot=\"popover-trigger\"><strong>Varia\u00e7\u00f5es de Varetas de Cana:<\/strong> Para dar aos clientes a flexibilidade de determinar a intensidade da difus\u00e3o da fragr\u00e2ncia, ofere\u00e7a materiais alternativos para as varetas, como madeira natural, rattan ou varetas pretas, e tamb\u00e9m diferentes comprimentos.<\/span><\/li>\n<\/ul>","protected":false},"excerpt":{"rendered":"<p>Frascos difusores quadrados e frascos de vidro para aromaterapia no atacado. Qualidade premium, personaliz\u00e1veis, fornecimento em grandes quantidades com amostras gr\u00e1tis para marcas de fragr\u00e2ncias.<\/p>","protected":false},"featured_media":4781,"template":"","meta":{"site-sidebar-layout":"default","site-content-layout":"","ast-site-content-layout":"default","site-content-style":"default","site-sidebar-style":"default","ast-global-header-display":"","ast-banner-title-visibility":"","ast-main-header-display":"","ast-hfb-above-header-display":"","ast-hfb-below-header-display":"","ast-hfb-mobile-header-display":"","site-post-title":"","ast-breadcrumbs-content":"","ast-featured-img":"","footer-sml-layout":"","theme-transparent-header-meta":"default","adv-header-id-meta":"","stick-header-meta":"","header-above-stick-meta":"","header-main-stick-meta":"","header-below-stick-meta":"","astra-migrate-meta-layouts":"set","ast-page-background-enabled":"default","ast-page-background-meta":{"desktop":{"background-color":"var(--ast-global-color-5)","background-image":"","background-repeat":"repeat","background-position":"center center","background-size":"auto","background-attachment":"scroll","background-type":"","background-media":"","overlay-type":"","overlay-color":"","overlay-opacity":"","overlay-gradient":""},"tablet":{"background-color":"","background-image":"","background-repeat":"repeat","background-position":"center center","background-size":"auto","background-attachment":"scroll","background-type":"","background-media":"","overlay-type":"","overlay-color":"","overlay-opacity":"","overlay-gradient":""},"mobile":{"background-color":"","background-image":"","background-repeat":"repeat","background-position":"center center","background-size":"auto","background-attachment":"scroll","background-type":"","background-media":"","overlay-type":"","overlay-color":"","overlay-opacity":"","overlay-gradient":""}},"ast-content-background-meta":{"desktop":{"background-color":"var(--ast-global-color-4)","background-image":"","background-repeat":"repeat","background-position":"center center","background-size":"auto","background-attachment":"scroll","background-type":"","background-media":"","overlay-type":"","overlay-color":"","overlay-opacity":"","overlay-gradient":""},"tablet":{"background-color":"var(--ast-global-color-4)","background-image":"","background-repeat":"repeat","background-position":"center center","background-size":"auto","background-attachment":"scroll","background-type":"","background-media":"","overlay-type":"","overlay-color":"","overlay-opacity":"","overlay-gradient":""},"mobile":{"background-color":"var(--ast-global-color-4)","background-image":"","background-repeat":"repeat","background-position":"center center","background-size":"auto","background-attachment":"scroll","background-type":"","background-media":"","overlay-type":"","overlay-color":"","overlay-opacity":"","overlay-gradient":""}}},"product_brand":[],"product_cat":[54],"product_tag":[],"class_list":{"0":"post-870","1":"product","2":"type-product","3":"status-publish","4":"has-post-thumbnail","6":"product_cat-reed-diffuser-bottles","7":"desktop-align-left","8":"tablet-align-left","9":"mobile-align-left","11":"first","12":"instock","13":"shipping-taxable","14":"product-type-simple"},"jetpack_sharing_enabled":true,"_links":{"self":[{"href":"https:\/\/mostebglass.com\/pt\/wp-json\/wp\/v2\/product\/870","targetHints":{"allow":["GET"]}}],"collection":[{"href":"https:\/\/mostebglass.com\/pt\/wp-json\/wp\/v2\/product"}],"about":[{"href":"https:\/\/mostebglass.com\/pt\/wp-json\/wp\/v2\/types\/product"}],"wp:featuredmedia":[{"embeddable":true,"href":"https:\/\/mostebglass.com\/pt\/wp-json\/wp\/v2\/media\/4781"}],"wp:attachment":[{"href":"https:\/\/mostebglass.com\/pt\/wp-json\/wp\/v2\/media?parent=870"}],"wp:term":[{"taxonomy":"product_brand","embeddable":true,"href":"https:\/\/mostebglass.com\/pt\/wp-json\/wp\/v2\/product_brand?post=870"},{"taxonomy":"product_cat","embeddable":true,"href":"https:\/\/mostebglass.com\/pt\/wp-json\/wp\/v2\/product_cat?post=870"},{"taxonomy":"product_tag","embeddable":true,"href":"https:\/\/mostebglass.com\/pt\/wp-json\/wp\/v2\/product_tag?post=870"}],"curies":[{"name":"wp","href":"https:\/\/api.w.org\/{rel}","templated":true}]}}