{"id":889,"date":"2025-08-26T09:37:30","date_gmt":"2025-08-26T01:37:30","guid":{"rendered":"https:\/\/mostebglass.com\/?post_type=product&#038;p=889"},"modified":"2026-03-13T14:41:08","modified_gmt":"2026-03-13T06:41:08","slug":"wholesale-short-candle-holders-clear-glass-candlestick-holders","status":"publish","type":"product","link":"https:\/\/mostebglass.com\/pt\/wholesale-short-candle-holders-clear-glass-candlestick-holders\/","title":{"rendered":"Casti\u00e7ais baixos para venda por atacado \u2013 Casti\u00e7ais de vidro transparente"},"content":{"rendered":"<p>Estes casti\u00e7ais baixos s\u00e3o feitos de vidro s\u00f3dio-c\u00e1lcico transparente e apresentam dois designs compactos: um casti\u00e7al de ch\u00e3o em formato de bot\u00e3o e um casti\u00e7al de vidro arredondado. Ambos os modelos possuem uma base pesada para garantir estabilidade e um revestimento transparente e liso que melhora a reflex\u00e3o da luz da vela. Seu design minimalista os torna adequados para casti\u00e7ais, decora\u00e7\u00e3o de mesa, porta-velas e pequenos arranjos de velas. Estes casti\u00e7ais de vidro s\u00e3o muito procurados em resid\u00eancias, caf\u00e9s, bares, casamentos, est\u00fadios fotogr\u00e1ficos e spas, onde se busca uma luz suave e um toque decorativo.<\/p>\n<h2>Especifica\u00e7\u00f5es principais<\/h2>\n<table style=\"border-collapse: collapse; width: 80%; margin-right: auto; margin-left: auto;\" border=\"0\" width=\"712\" cellspacing=\"0\" cellpadding=\"0\">\n<tbody>\n<tr style=\"height: 13.50pt;\">\n<td style=\"height: 13.50pt; width: 143.25pt;\" width=\"191\" height=\"18\">Nome do produto<\/td>\n<td style=\"width: 390.75pt;\" width=\"521\">Casti\u00e7ais baixos<\/td>\n<\/tr>\n<tr style=\"height: 13.50pt;\">\n<td style=\"height: 13.50pt;\" height=\"18\">Formas<\/td>\n<td>Formato de bot\u00e3o (48 \u00d7 46 \u00d7 64 mm); Formato redondo (42 \u00d7 53 \u00d7 56 mm)<\/td>\n<\/tr>\n<tr style=\"height: 13.50pt;\">\n<td style=\"height: 13.50pt;\" height=\"18\">Material<\/td>\n<td>Vidro s\u00f3dio-c\u00e1lcico<\/td>\n<\/tr>\n<tr style=\"height: 13.50pt;\">\n<td style=\"height: 13.50pt;\" height=\"18\">Processo de fabrica\u00e7\u00e3o<\/td>\n<td>Soprado \u00e0 m\u00e1quina<\/td>\n<\/tr>\n<tr style=\"height: 13.50pt;\">\n<td style=\"height: 13.50pt;\" height=\"18\">Decora\u00e7\u00e3o de superf\u00edcie<\/td>\n<td>Serigrafia, estampagem a quente<\/td>\n<\/tr>\n<tr style=\"height: 13.50pt;\">\n<td style=\"height: 13.50pt;\" height=\"18\">Cor<\/td>\n<td>Transparente por padr\u00e3o, cor personalizada dispon\u00edvel.<\/td>\n<\/tr>\n<tr style=\"height: 13.50pt;\">\n<td style=\"height: 13.50pt;\" height=\"18\">Embalagem<\/td>\n<td>Prote\u00e7\u00e3o de transporte com pl\u00e1stico bolha<\/td>\n<\/tr>\n<tr style=\"height: 13.50pt;\">\n<td style=\"height: 13.50pt;\" height=\"18\">Logotipo<\/td>\n<td>Suporte para etiqueta adesiva pequena<\/td>\n<\/tr>\n<tr style=\"height: 13.50pt;\">\n<td style=\"height: 13.50pt;\" height=\"18\">Estilo<\/td>\n<td>Casti\u00e7al decorativo minimalista<\/td>\n<\/tr>\n<tr style=\"height: 13.50pt;\">\n<td style=\"height: 13.50pt;\" height=\"18\">Aplicativo<\/td>\n<td>Decora\u00e7\u00e3o para casa, casamentos, festas, presentes<\/td>\n<\/tr>\n<tr style=\"height: 13.50pt;\">\n<td style=\"height: 13.50pt;\" height=\"18\">Locais adequados<\/td>\n<td>Bares, caf\u00e9s, cerim\u00f4nias, centros de SPA, showrooms<\/td>\n<\/tr>\n<tr style=\"height: 13.50pt;\">\n<td style=\"height: 13.50pt;\" height=\"18\">Modo de fornecimento<\/td>\n<td>Porta-velas por atacado, em grandes quantidades, direto do fabricante<\/td>\n<\/tr>\n<\/tbody>\n<\/table>\n<h2>Caracter\u00edsticas do produto<\/h2>\n<ol>\n<li><strong>Design decorativo compacto<\/strong>Os elegantes casti\u00e7ais baixos apresentam contornos refinados que funcionam bem como conjuntos decorativos para mesas, casamentos e decora\u00e7\u00e3o de eventos.<\/li>\n<li><strong>Base de vidro espessa e est\u00e1vel<\/strong>Cada casti\u00e7al ser\u00e1 feito de vidro s\u00f3dio-c\u00e1lcico pesado e ter\u00e1 uma base ponderada que proporcionar\u00e1 um suporte est\u00e1vel para que as velas queimem com seguran\u00e7a.<\/li>\n<li><strong>Eventos de Fornecimento em Grande Quantidade e Varejo<\/strong>Em grandes quantidades, est\u00e3o dispon\u00edveis casti\u00e7ais ou porta-velas, ideais para distribuidores, organizadores de casamentos ou marcas de decora\u00e7\u00e3o de eventos que precisam comprar de um fabricante ou fornecedor estabelecido.<\/li>\n<\/ol>\n<h2>Caso de sucesso B2B<\/h2>\n<p>Uma empresa italiana de decora\u00e7\u00e3o de casamentos, especializada em estiliza\u00e7\u00e3o de eventos, encomendou 2.000 conjuntos de casti\u00e7ais de vidro para uso em casamentos sazonais. O pedido incluiu casti\u00e7ais em formatos variados, tanto redondos quanto pequenos. A personaliza\u00e7\u00e3o incluiu detalhes em dourado gravados a quente e etiquetas com a marca da empresa.<\/p>\n<p>Os casti\u00e7ais foram usados \u200b\u200bem arranjos de mesas para grandes eventos, combinados com velas votivas. A empresa registrou um aumento de 32% no n\u00famero de encomendas de decora\u00e7\u00e3o para eventos ap\u00f3s o lan\u00e7amento da cole\u00e7\u00e3o, devido \u00e0 eleg\u00e2ncia minimalista das pe\u00e7as. O casti\u00e7al de vidro transparente combinou perfeitamente com a maioria dos temas de casamento e, por isso, o cliente fez um novo pedido no atacado tr\u00eas meses depois, encomendando 5.000 unidades do item.<\/p>\n<h2>Recomenda\u00e7\u00f5es de diferencia\u00e7\u00e3o para compradores B2B<\/h2>\n<ol>\n<li><strong>Temas para eventos em cores personalizadas<\/strong>Marcas de decora\u00e7\u00e3o e organizadores de eventos podem encomendar casti\u00e7ais de vidro em cores personalizadas, como \u00e2mbar, cinza fum\u00ea ou tons pastel, que podem ser feitos sob medida para combinar com a paleta de cores do casamento.<\/li>\n<li><strong>Casti\u00e7ais decorativos<\/strong>As marcas de varejo podem incorporar estampas em seda ou detalhes met\u00e1licos como elementos decorativos em casti\u00e7ais, criando linhas de produtos exclusivas para cada esta\u00e7\u00e3o.<\/li>\n<li><strong>Conjuntos de casti\u00e7ais agrupados<\/strong>Os distribuidores podem criar conjuntos mistos de casti\u00e7ais, combinando casti\u00e7ais pequenos para velas redondas e em formato de bot\u00e3o, para criar ofertas atraentes para varejo ou atacado.<\/li>\n<\/ol>","protected":false},"excerpt":{"rendered":"<p>Casti\u00e7ais baixos e suportes para velas em vidro transparente. Casti\u00e7ais decorativos e dur\u00e1veis \u200b\u200bem vidro, dispon\u00edveis para venda por atacado com op\u00e7\u00f5es de personaliza\u00e7\u00e3o diretamente com o fabricante.<\/p>","protected":false},"featured_media":4746,"template":"","meta":{"site-sidebar-layout":"default","site-content-layout":"","ast-site-content-layout":"default","site-content-style":"default","site-sidebar-style":"default","ast-global-header-display":"","ast-banner-title-visibility":"","ast-main-header-display":"","ast-hfb-above-header-display":"","ast-hfb-below-header-display":"","ast-hfb-mobile-header-display":"","site-post-title":"","ast-breadcrumbs-content":"","ast-featured-img":"","footer-sml-layout":"","theme-transparent-header-meta":"default","adv-header-id-meta":"","stick-header-meta":"","header-above-stick-meta":"","header-main-stick-meta":"","header-below-stick-meta":"","astra-migrate-meta-layouts":"set","ast-page-background-enabled":"default","ast-page-background-meta":{"desktop":{"background-color":"var(--ast-global-color-5)","background-image":"","background-repeat":"repeat","background-position":"center center","background-size":"auto","background-attachment":"scroll","background-type":"","background-media":"","overlay-type":"","overlay-color":"","overlay-opacity":"","overlay-gradient":""},"tablet":{"background-color":"","background-image":"","background-repeat":"repeat","background-position":"center center","background-size":"auto","background-attachment":"scroll","background-type":"","background-media":"","overlay-type":"","overlay-color":"","overlay-opacity":"","overlay-gradient":""},"mobile":{"background-color":"","background-image":"","background-repeat":"repeat","background-position":"center center","background-size":"auto","background-attachment":"scroll","background-type":"","background-media":"","overlay-type":"","overlay-color":"","overlay-opacity":"","overlay-gradient":""}},"ast-content-background-meta":{"desktop":{"background-color":"var(--ast-global-color-4)","background-image":"","background-repeat":"repeat","background-position":"center center","background-size":"auto","background-attachment":"scroll","background-type":"","background-media":"","overlay-type":"","overlay-color":"","overlay-opacity":"","overlay-gradient":""},"tablet":{"background-color":"var(--ast-global-color-4)","background-image":"","background-repeat":"repeat","background-position":"center center","background-size":"auto","background-attachment":"scroll","background-type":"","background-media":"","overlay-type":"","overlay-color":"","overlay-opacity":"","overlay-gradient":""},"mobile":{"background-color":"var(--ast-global-color-4)","background-image":"","background-repeat":"repeat","background-position":"center center","background-size":"auto","background-attachment":"scroll","background-type":"","background-media":"","overlay-type":"","overlay-color":"","overlay-opacity":"","overlay-gradient":""}}},"product_brand":[],"product_cat":[28,21],"product_tag":[],"class_list":{"0":"post-889","1":"product","2":"type-product","3":"status-publish","4":"has-post-thumbnail","6":"product_cat-glass-candle-jars","7":"product_cat-product","8":"desktop-align-left","9":"tablet-align-left","10":"mobile-align-left","12":"first","13":"instock","14":"shipping-taxable","15":"product-type-simple"},"jetpack_sharing_enabled":true,"_links":{"self":[{"href":"https:\/\/mostebglass.com\/pt\/wp-json\/wp\/v2\/product\/889","targetHints":{"allow":["GET"]}}],"collection":[{"href":"https:\/\/mostebglass.com\/pt\/wp-json\/wp\/v2\/product"}],"about":[{"href":"https:\/\/mostebglass.com\/pt\/wp-json\/wp\/v2\/types\/product"}],"wp:featuredmedia":[{"embeddable":true,"href":"https:\/\/mostebglass.com\/pt\/wp-json\/wp\/v2\/media\/4746"}],"wp:attachment":[{"href":"https:\/\/mostebglass.com\/pt\/wp-json\/wp\/v2\/media?parent=889"}],"wp:term":[{"taxonomy":"product_brand","embeddable":true,"href":"https:\/\/mostebglass.com\/pt\/wp-json\/wp\/v2\/product_brand?post=889"},{"taxonomy":"product_cat","embeddable":true,"href":"https:\/\/mostebglass.com\/pt\/wp-json\/wp\/v2\/product_cat?post=889"},{"taxonomy":"product_tag","embeddable":true,"href":"https:\/\/mostebglass.com\/pt\/wp-json\/wp\/v2\/product_tag?post=889"}],"curies":[{"name":"wp","href":"https:\/\/api.w.org\/{rel}","templated":true}]}}