{"id":922,"date":"2025-08-26T11:52:19","date_gmt":"2025-08-26T03:52:19","guid":{"rendered":"https:\/\/mostebglass.com\/?post_type=product&#038;p=922"},"modified":"2026-03-25T15:09:03","modified_gmt":"2026-03-25T07:09:03","slug":"empty-vintage-candle-stand-for-packaging-wholesale","status":"publish","type":"product","link":"https:\/\/mostebglass.com\/pt\/empty-vintage-candle-stand-for-packaging-wholesale\/","title":{"rendered":"Suporte de vela vintage vazio de 200ml a 620ml para embalagem no atacado"},"content":{"rendered":"<p>Procura potes de vela vazios que exalem charme vintage e, ao mesmo tempo, ofere\u00e7am versatilidade moderna? Nossos suportes de vela vintage combinam vidro de alta qualidade com um design elegante de base curva, criando recipientes ideais para decora\u00e7\u00e3o de casa, restaurantes ou cole\u00e7\u00f5es de velas de luxo. Com seis tamanhos (de 200 ml a 620 ml) e op\u00e7\u00f5es personaliz\u00e1veis, s\u00e3o uma \u00f3tima escolha para fornecedores de velas no atacado e compradores de velas em grande quantidade.<\/p>\n<h2>Caracter\u00edsticas do produto<\/h2>\n<ul>\n<li><strong>Design est\u00e1vel em arco-boatum para maior seguran\u00e7a: <\/strong>O suporte de vela vintage possui uma base de vidro espesso (71\u2013125 mm) com uma leve curvatura, garantindo que o recipiente da vela permane\u00e7a reto durante o transporte por atacado ou em locais de grande circula\u00e7\u00e3o.<\/li>\n<li><strong>Limite de versatilidade com m\u00faltiplas formas: <\/strong>Com capacidades de 200ml a 620ml, estes frascos para velas s\u00e3o perfeitos para velas pequenas, velas de coluna ou velas grandes em geral \u2013 ideais para vendedores a retalho ou para uma variedade de encomendas em grandes quantidades e por grosso.<\/li>\n<\/ul>\n<h2>Especifica\u00e7\u00f5es principais<\/h2>\n<table style=\"border-collapse: collapse; width: 80%; margin-left: auto; margin-right: auto;\" border=\"0\" width=\"504\" cellspacing=\"0\" cellpadding=\"0\">\n<tbody>\n<tr style=\"height: 13.50pt;\">\n<td style=\"height: 13.5pt; width: 54pt; text-align: center;\" width=\"72\" height=\"18\">Capacidade<\/td>\n<td style=\"width: 54pt; text-align: center;\" width=\"72\">200ml<\/td>\n<td style=\"width: 54pt; text-align: center;\" width=\"72\">245ml<\/td>\n<td style=\"width: 54pt; text-align: center;\" width=\"72\">295ml<\/td>\n<td style=\"width: 54pt; text-align: center;\" width=\"72\">390ml<\/td>\n<td style=\"width: 54pt; text-align: center;\" width=\"72\">500ml<\/td>\n<td style=\"width: 54pt; text-align: center;\" width=\"72\">620ml<\/td>\n<\/tr>\n<tr style=\"height: 13.50pt;\">\n<td style=\"height: 13.5pt; text-align: center;\" height=\"18\">Peso<\/td>\n<td style=\"text-align: center;\">175g<\/td>\n<td style=\"text-align: center;\">220g<\/td>\n<td style=\"text-align: center;\">250g<\/td>\n<td style=\"text-align: center;\">350g<\/td>\n<td style=\"text-align: center;\">500g<\/td>\n<td style=\"text-align: center;\">620g<\/td>\n<\/tr>\n<tr style=\"height: 13.50pt;\">\n<td style=\"height: 13.5pt; text-align: center;\" height=\"18\">Dimens\u00f5es<\/td>\n<td style=\"text-align: center;\">71x47x82mm<\/td>\n<td style=\"text-align: center;\">75x75x85mm<\/td>\n<td style=\"text-align: center;\">80x75x90mm<\/td>\n<td style=\"text-align: center;\">88x83x100mm<\/td>\n<td style=\"text-align: center;\">100x95x100mm<\/td>\n<td style=\"text-align: center;\">100x92x125mm<\/td>\n<\/tr>\n<tr style=\"height: 13.50pt;\">\n<td style=\"height: 13.5pt; text-align: center;\" height=\"18\">Material<\/td>\n<td class=\"et2\" style=\"text-align: center;\" colspan=\"6\">Vidro temperado<\/td>\n<\/tr>\n<tr style=\"height: 13.50pt;\">\n<td style=\"height: 13.5pt; text-align: center;\" height=\"18\">Op\u00e7\u00f5es de cores<\/td>\n<td class=\"et2\" style=\"text-align: center;\" colspan=\"6\">Transparente\/colorido<\/td>\n<\/tr>\n<\/tbody>\n<\/table>\n<h2>Caso de sucesso<\/h2>\n<p>Uma das marcas de fragr\u00e2ncias para casa do Reino Unido escolheu usar nosso recipiente de vidro para vela de 245 ml com base curva. Para personaliza\u00e7\u00e3o, optaram por um acabamento fosco suave ao toque e um acabamento transl\u00facido, que produz um brilho difuso quando a vela est\u00e1 acesa. Tamb\u00e9m gravamos o logotipo da marca no centro da base, conferindo um toque de sofistica\u00e7\u00e3o \u00e0 presen\u00e7a da marca.<\/p>\n<p>O principal SKU do produto apresentou um crescimento de volume de vendas de 26% em apenas sete semanas ap\u00f3s o lan\u00e7amento; posteriormente, o cliente fez um novo pedido de 75.000 unidades para ajudar a empresa a expandir ainda mais o canal de varejo.<\/p>\n<h2>Ideia de adapta\u00e7\u00e3o para voc\u00ea<\/h2>\n<ol>\n<li><strong>Tons Gradientes:<\/strong> Ofere\u00e7a um suporte para velas com design vintage em cores degrad\u00ea (por exemplo, do topo ao ouro rosa) para casamentos ou para marcas de velas de luxo voltadas para datas comemorativas.<\/li>\n<li><strong>Logotipo descontinuado a laser:<\/strong> Adicione uma marca microsc\u00f3pica dentro do frasco da vela para compradores no atacado e atacadistas que desejam embalagens discretas.<\/li>\n<li><strong>Conjunto est\u00e1vel:<\/strong> Adapta\u00e7\u00e3o de recipientes de velas para armazenamento de velas a granel, permitindo a constru\u00e7\u00e3o de ninhos entre as velas.<\/li>\n<\/ol>","protected":false},"excerpt":{"rendered":"<p>Suporte para vela vintage com potes de vela vazios! Recipiente para velas de alta qualidade para marcas de velas no atacado a pre\u00e7os competitivos. Envio r\u00e1pido.<\/p>","protected":false},"featured_media":923,"template":"","meta":{"site-sidebar-layout":"default","site-content-layout":"","ast-site-content-layout":"default","site-content-style":"default","site-sidebar-style":"default","ast-global-header-display":"","ast-banner-title-visibility":"","ast-main-header-display":"","ast-hfb-above-header-display":"","ast-hfb-below-header-display":"","ast-hfb-mobile-header-display":"","site-post-title":"","ast-breadcrumbs-content":"","ast-featured-img":"","footer-sml-layout":"","theme-transparent-header-meta":"default","adv-header-id-meta":"","stick-header-meta":"","header-above-stick-meta":"","header-main-stick-meta":"","header-below-stick-meta":"","astra-migrate-meta-layouts":"set","ast-page-background-enabled":"default","ast-page-background-meta":{"desktop":{"background-color":"var(--ast-global-color-5)","background-image":"","background-repeat":"repeat","background-position":"center center","background-size":"auto","background-attachment":"scroll","background-type":"","background-media":"","overlay-type":"","overlay-color":"","overlay-opacity":"","overlay-gradient":""},"tablet":{"background-color":"","background-image":"","background-repeat":"repeat","background-position":"center center","background-size":"auto","background-attachment":"scroll","background-type":"","background-media":"","overlay-type":"","overlay-color":"","overlay-opacity":"","overlay-gradient":""},"mobile":{"background-color":"","background-image":"","background-repeat":"repeat","background-position":"center center","background-size":"auto","background-attachment":"scroll","background-type":"","background-media":"","overlay-type":"","overlay-color":"","overlay-opacity":"","overlay-gradient":""}},"ast-content-background-meta":{"desktop":{"background-color":"var(--ast-global-color-4)","background-image":"","background-repeat":"repeat","background-position":"center center","background-size":"auto","background-attachment":"scroll","background-type":"","background-media":"","overlay-type":"","overlay-color":"","overlay-opacity":"","overlay-gradient":""},"tablet":{"background-color":"var(--ast-global-color-4)","background-image":"","background-repeat":"repeat","background-position":"center center","background-size":"auto","background-attachment":"scroll","background-type":"","background-media":"","overlay-type":"","overlay-color":"","overlay-opacity":"","overlay-gradient":""},"mobile":{"background-color":"var(--ast-global-color-4)","background-image":"","background-repeat":"repeat","background-position":"center center","background-size":"auto","background-attachment":"scroll","background-type":"","background-media":"","overlay-type":"","overlay-color":"","overlay-opacity":"","overlay-gradient":""}}},"product_brand":[],"product_cat":[28],"product_tag":[],"class_list":{"0":"post-922","1":"product","2":"type-product","3":"status-publish","4":"has-post-thumbnail","6":"product_cat-glass-candle-jars","7":"desktop-align-left","8":"tablet-align-left","9":"mobile-align-left","11":"first","12":"instock","13":"shipping-taxable","14":"product-type-simple"},"jetpack_sharing_enabled":true,"_links":{"self":[{"href":"https:\/\/mostebglass.com\/pt\/wp-json\/wp\/v2\/product\/922","targetHints":{"allow":["GET"]}}],"collection":[{"href":"https:\/\/mostebglass.com\/pt\/wp-json\/wp\/v2\/product"}],"about":[{"href":"https:\/\/mostebglass.com\/pt\/wp-json\/wp\/v2\/types\/product"}],"wp:featuredmedia":[{"embeddable":true,"href":"https:\/\/mostebglass.com\/pt\/wp-json\/wp\/v2\/media\/923"}],"wp:attachment":[{"href":"https:\/\/mostebglass.com\/pt\/wp-json\/wp\/v2\/media?parent=922"}],"wp:term":[{"taxonomy":"product_brand","embeddable":true,"href":"https:\/\/mostebglass.com\/pt\/wp-json\/wp\/v2\/product_brand?post=922"},{"taxonomy":"product_cat","embeddable":true,"href":"https:\/\/mostebglass.com\/pt\/wp-json\/wp\/v2\/product_cat?post=922"},{"taxonomy":"product_tag","embeddable":true,"href":"https:\/\/mostebglass.com\/pt\/wp-json\/wp\/v2\/product_tag?post=922"}],"curies":[{"name":"wp","href":"https:\/\/api.w.org\/{rel}","templated":true}]}}