{"id":1032,"date":"2025-08-28T11:26:08","date_gmt":"2025-08-28T03:26:08","guid":{"rendered":"https:\/\/mostebglass.com\/?post_type=product&#038;p=1032"},"modified":"2026-03-20T17:00:21","modified_gmt":"2026-03-20T09:00:21","slug":"round-candle-holder-85ml-jars-and-lids-for-candles","status":"publish","type":"product","link":"https:\/\/mostebglass.com\/tr\/round-candle-holder-85ml-jars-and-lids-for-candles\/","title":{"rendered":"Yuvarlak Mumluk \u2013 85 ml Mum Kavanozlar\u0131 ve Kapaklar\u0131"},"content":{"rendered":"<p>85 ml&#039;lik mum kavanozlar\u0131m\u0131z ve kapaklar\u0131m\u0131z, mumlar i\u00e7in \u00e7ok y\u00f6nl\u00fc bir kap olarak tasarlanm\u0131\u015f minimalist, geni\u015f a\u011f\u0131zl\u0131 bir cam kavanozdur. A\u011f\u0131r soda-kire\u00e7 cam\u0131ndan \u00fcretilmi\u015ftir ve l\u00fcks ve modern marka imaj\u0131na uygun \u015feffaf bir y\u00fczeye sahiptir. Bu k\u00fc\u00e7\u00fck mum kab\u0131, toplam 85 ml kapasiteye sahiptir ve kokulu mumlar, hediye setleri ve perakende sat\u0131\u015fa haz\u0131r cam ambalajlar i\u00e7in kullan\u0131labilir. Metal veya bambu kapaklarla (silikon contal\u0131) uyumlu olan bu \u00fcr\u00fcn, mum kavanozlar\u0131 ve kapaklar\u0131 i\u00e7in eksiksiz bir \u00e7\u00f6z\u00fcm sunar ve toptan mum kavanozlar\u0131 ve kapakl\u0131 mum kaplar\u0131 tedarik eden markalar ve distrib\u00fct\u00f6rler taraf\u0131ndan yayg\u0131n olarak kullan\u0131l\u0131r.<\/p>\n<h2>Temel \u00d6zellikler<\/h2>\n<table style=\"border-collapse: collapse; width: 80%; margin-left: auto; margin-right: auto;\" border=\"0\" width=\"593\" cellspacing=\"0\" cellpadding=\"0\">\n<tbody>\n<tr style=\"height: 13.50pt;\">\n<td style=\"height: 13.50pt; width: 119.25pt;\" width=\"159\" height=\"18\">\u015eekil<\/td>\n<td style=\"width: 325.50pt;\" width=\"434\">Yuvarlak, geni\u015f a\u011f\u0131zl\u0131<\/td>\n<\/tr>\n<tr style=\"height: 13.50pt;\">\n<td style=\"height: 13.50pt;\" height=\"18\">Kapasite<\/td>\n<td>85 ml<\/td>\n<\/tr>\n<tr style=\"height: 13.50pt;\">\n<td style=\"height: 13.50pt;\" height=\"18\">Boyutlar<\/td>\n<td>\u00dcst \u00e7ap 65 mm \/ Alt \u00e7ap 58 mm \/ Y\u00fckseklik 60 mm<\/td>\n<\/tr>\n<tr style=\"height: 13.50pt;\">\n<td style=\"height: 13.50pt;\" height=\"18\">A\u011f\u0131rl\u0131k<\/td>\n<td>200 g<\/td>\n<\/tr>\n<tr style=\"height: 13.50pt;\">\n<td style=\"height: 13.50pt;\" height=\"18\">Malzeme<\/td>\n<td>Kal\u0131n soda-kire\u00e7 cam\u0131 (geri d\u00f6n\u00fc\u015ft\u00fcr\u00fclebilir)<\/td>\n<\/tr>\n<tr style=\"height: 13.50pt;\">\n<td style=\"height: 13.50pt;\" height=\"18\">Kapak Se\u00e7enekleri<\/td>\n<td>Silikon halkal\u0131 metal\/bambu kapak (\u00f6zel yap\u0131m)<\/td>\n<\/tr>\n<tr style=\"height: 13.50pt;\">\n<td style=\"height: 13.50pt;\" height=\"18\">Renk<\/td>\n<td>\u015eeffaf (\u00f6zel renk se\u00e7enekleri mevcuttur)<\/td>\n<\/tr>\n<tr style=\"height: 13.50pt;\">\n<td style=\"height: 13.50pt;\" height=\"18\">\u00dcretim S\u00fcreci<\/td>\n<td>Makineyle bas\u0131lm\u0131\u015f<\/td>\n<\/tr>\n<tr style=\"height: 13.50pt;\">\n<td style=\"height: 13.50pt;\" height=\"18\">Ambalajlama<\/td>\n<td>90 adet\/karton<\/td>\n<\/tr>\n<tr style=\"height: 13.50pt;\">\n<td style=\"height: 13.50pt;\" height=\"18\">Stil<\/td>\n<td>Minimalist, modern mumluk<\/td>\n<\/tr>\n<tr style=\"height: 13.50pt;\">\n<td style=\"height: 13.50pt;\" height=\"18\">\u00d6zel Se\u00e7enekler<\/td>\n<td>Logo, y\u00fczey kaplamas\u0131, renk, boyut, \u015fekil, kapasite<\/td>\n<\/tr>\n<\/tbody>\n<\/table>\n<h2>Ba\u015fl\u0131ca \u00d6zellikler<\/h2>\n<ol>\n<li><strong>Daha iyi koku yay\u0131l\u0131m\u0131 i\u00e7in geni\u015f a\u011f\u0131z<\/strong>Geni\u015f a\u011fz\u0131 sayesinde koku daha iyi yay\u0131l\u0131r ve bu da onu en iyi aromaterapi \u00fcr\u00fcnleri i\u00e7in m\u00fckemmel bir mum kab\u0131 yapar.<\/li>\n<li><strong>Sa\u011flam, Is\u0131ya Dayan\u0131kl\u0131 Cam<\/strong>Bu cam\u0131n yap\u0131s\u0131 kal\u0131nla\u015ft\u0131r\u0131lm\u0131\u015ft\u0131r, bu da m\u00fckemmel termal \u015fok direnci ve her t\u00fcrl\u00fc mumun g\u00fcvenli\u011fini garanti eder.<\/li>\n<li><strong>Yeniden Kullan\u0131labilir Tasar\u0131m ve \u00c7evre Dostu<\/strong>Bu, s\u00fcrd\u00fcr\u00fclebilir cam ambalaj trendlerine uygun, sa\u011flam ve yeniden kullan\u0131labilir, geri d\u00f6n\u00fc\u015f\u00fcme haz\u0131r bir kapt\u0131r.<\/li>\n<\/ol>\n<h2>Ba\u015far\u0131l\u0131 Vaka \u00c7al\u0131\u015fmas\u0131<\/h2>\n<p>Fransa&#039;da butik bir mum markas\u0131n\u0131n sahiplerinden biri, mevsimlik hediye serisinin bir par\u00e7as\u0131 olarak bu cam mum kavanozlar\u0131ndan 20.000 adet sat\u0131n ald\u0131. \u00dcst d\u00fczey bir ya\u015fam tarz\u0131 perakendecisi olduklar\u0131 i\u00e7in, mat buzlu kaplama, alt\u0131n bask\u0131l\u0131 logo ve bambu kapaklar gibi kendi ambalajlar\u0131na ihtiya\u00e7 duyuyorlard\u0131. Bu minimalist tarz ve \u015feffaf kap, m\u00fc\u015fterilerin mumun rengini g\u00f6rsel olarak g\u00f6rmelerini sa\u011flayarak raf \u00e7ekicili\u011fini art\u0131rd\u0131. Online ve perakende ma\u011fazalar\u0131ndaki sat\u0131\u015flar sayesinde mum serisi gelirleri artt\u0131\u011f\u0131 i\u00e7in, \u00fcr\u00fcn \u00fc\u00e7 ay i\u00e7inde t\u00fckendi. M\u00fc\u015fteri, tekrarlanan toplu sipari\u015fler verdi ve toptan ve toplu olarak uzun vadeli i\u015f birli\u011fine ge\u00e7ti.<\/p>\n<h2>B2B Al\u0131c\u0131lar\u0131na Y\u00f6nelik Ki\u015fiselle\u015ftirme \u00d6nerileri<\/h2>\n<ol>\n<li><strong>Marka Odakl\u0131 \u00d6zelle\u015ftirme<\/strong>Standart mum kavanozlar\u0131na serigrafi bask\u0131, kabartma veya etiketleme yap\u0131larak benzersiz l\u00fcks mum kavanozlar\u0131 olu\u015fturulmas\u0131.<\/li>\n<li><strong>Kapak ve ambalaj<\/strong>Bambu veya metal kapaklarla e\u015fle\u015ftirme: Satmak veya hediye etmek i\u00e7in kapakl\u0131 komple mum kaplar\u0131 olu\u015fturmak \u00fczere \u00f6zel d\u0131\u015f kutular\u0131 bambu veya metal kapaklarla e\u015fle\u015ftirin.<\/li>\n<li><strong>Renk\/Kaplama se\u00e7enekleri<\/strong>Mumluklar\u0131n\u0131z\u0131n buzlu, renkli veya p\u00fcsk\u00fcrtmeli kaplamas\u0131n\u0131 mevsime veya marka kimli\u011finize uygun \u015fekilde \u00f6zelle\u015ftirin.<\/li>\n<\/ol>\n<p>Bu \u00fcr\u00fcn, dayan\u0131kl\u0131, \u015f\u0131k ve esnek \u00f6zel ambalaj se\u00e7eneklerine sahip \u00fcr\u00fcnler isteyen markalar, distrib\u00fct\u00f6rler ve \u00fcretim ortaklar\u0131 i\u00e7in piyasadaki en iyi se\u00e7enektir.<\/p>","protected":false},"excerpt":{"rendered":"<p>Mumlar i\u00e7in kavanoz ve kapakl\u0131, birinci s\u0131n\u0131f yuvarlak mumluk. Toptan ve toplu mum sat\u0131\u015flar\u0131 i\u00e7in ideal, dayan\u0131kl\u0131 ve minimalist cam ambalaj.<\/p>","protected":false},"featured_media":4859,"template":"","meta":{"site-sidebar-layout":"default","site-content-layout":"","ast-site-content-layout":"default","site-content-style":"default","site-sidebar-style":"default","ast-global-header-display":"","ast-banner-title-visibility":"","ast-main-header-display":"","ast-hfb-above-header-display":"","ast-hfb-below-header-display":"","ast-hfb-mobile-header-display":"","site-post-title":"","ast-breadcrumbs-content":"","ast-featured-img":"","footer-sml-layout":"","theme-transparent-header-meta":"default","adv-header-id-meta":"","stick-header-meta":"","header-above-stick-meta":"","header-main-stick-meta":"","header-below-stick-meta":"","astra-migrate-meta-layouts":"set","ast-page-background-enabled":"default","ast-page-background-meta":{"desktop":{"background-color":"var(--ast-global-color-5)","background-image":"","background-repeat":"repeat","background-position":"center center","background-size":"auto","background-attachment":"scroll","background-type":"","background-media":"","overlay-type":"","overlay-color":"","overlay-opacity":"","overlay-gradient":""},"tablet":{"background-color":"","background-image":"","background-repeat":"repeat","background-position":"center center","background-size":"auto","background-attachment":"scroll","background-type":"","background-media":"","overlay-type":"","overlay-color":"","overlay-opacity":"","overlay-gradient":""},"mobile":{"background-color":"","background-image":"","background-repeat":"repeat","background-position":"center center","background-size":"auto","background-attachment":"scroll","background-type":"","background-media":"","overlay-type":"","overlay-color":"","overlay-opacity":"","overlay-gradient":""}},"ast-content-background-meta":{"desktop":{"background-color":"var(--ast-global-color-4)","background-image":"","background-repeat":"repeat","background-position":"center center","background-size":"auto","background-attachment":"scroll","background-type":"","background-media":"","overlay-type":"","overlay-color":"","overlay-opacity":"","overlay-gradient":""},"tablet":{"background-color":"var(--ast-global-color-4)","background-image":"","background-repeat":"repeat","background-position":"center center","background-size":"auto","background-attachment":"scroll","background-type":"","background-media":"","overlay-type":"","overlay-color":"","overlay-opacity":"","overlay-gradient":""},"mobile":{"background-color":"var(--ast-global-color-4)","background-image":"","background-repeat":"repeat","background-position":"center center","background-size":"auto","background-attachment":"scroll","background-type":"","background-media":"","overlay-type":"","overlay-color":"","overlay-opacity":"","overlay-gradient":""}}},"product_brand":[],"product_cat":[28,21],"product_tag":[],"class_list":{"0":"post-1032","1":"product","2":"type-product","3":"status-publish","4":"has-post-thumbnail","6":"product_cat-glass-candle-jars","7":"product_cat-product","8":"desktop-align-left","9":"tablet-align-left","10":"mobile-align-left","12":"first","13":"instock","14":"shipping-taxable","15":"product-type-simple"},"jetpack_sharing_enabled":true,"_links":{"self":[{"href":"https:\/\/mostebglass.com\/tr\/wp-json\/wp\/v2\/product\/1032","targetHints":{"allow":["GET"]}}],"collection":[{"href":"https:\/\/mostebglass.com\/tr\/wp-json\/wp\/v2\/product"}],"about":[{"href":"https:\/\/mostebglass.com\/tr\/wp-json\/wp\/v2\/types\/product"}],"wp:featuredmedia":[{"embeddable":true,"href":"https:\/\/mostebglass.com\/tr\/wp-json\/wp\/v2\/media\/4859"}],"wp:attachment":[{"href":"https:\/\/mostebglass.com\/tr\/wp-json\/wp\/v2\/media?parent=1032"}],"wp:term":[{"taxonomy":"product_brand","embeddable":true,"href":"https:\/\/mostebglass.com\/tr\/wp-json\/wp\/v2\/product_brand?post=1032"},{"taxonomy":"product_cat","embeddable":true,"href":"https:\/\/mostebglass.com\/tr\/wp-json\/wp\/v2\/product_cat?post=1032"},{"taxonomy":"product_tag","embeddable":true,"href":"https:\/\/mostebglass.com\/tr\/wp-json\/wp\/v2\/product_tag?post=1032"}],"curies":[{"name":"wp","href":"https:\/\/api.w.org\/{rel}","templated":true}]}}