{"id":1058,"date":"2025-08-28T14:48:18","date_gmt":"2025-08-28T06:48:18","guid":{"rendered":"https:\/\/mostebglass.com\/?post_type=product&#038;p=1058"},"modified":"2026-03-10T14:16:55","modified_gmt":"2026-03-10T06:16:55","slug":"reed-diffuser-glass-jar-with-octagonal-base-wholesale","status":"publish","type":"product","link":"https:\/\/mostebglass.com\/tr\/reed-diffuser-glass-jar-with-octagonal-base-wholesale\/","title":{"rendered":"200ml 500ml 1000ml Sekizgen Tabanl\u0131 Kam\u0131\u015fl\u0131 Oda Kokusu Cam Kavanozu Toptan Sat\u0131\u015f"},"content":{"rendered":"<p>Hem modern hem de profesyonel kam\u0131\u015f dif\u00fcz\u00f6r kavanozlar\u0131 m\u0131 ar\u0131yorsunuz? Bu kam\u0131\u015f dif\u00fcz\u00f6r, temiz, \u015f\u0131k \u00e7izgileri ve keskin ama yuvarlak kenarlar\u0131yla klasik alt\u0131gen bir \u015fekle sahiptir. I\u015f\u0131k ve g\u00f6lge oyunu, her mekana zarif bir dokunu\u015f katan benzersiz bir geometrik estetik yarat\u0131r.<\/p>\n<h2>\u00dcr\u00fcn \u00d6zellikleri<\/h2>\n<ul>\n<li><strong>Keskin alt\u0131gen tasar\u0131m:<\/strong> Alt\u0131 temiz y\u00fczey, s\u0131radan kam\u0131\u015f dif\u00fcz\u00f6r kavanozlar\u0131ndan s\u0131yr\u0131lan modern bir g\u00f6r\u00fcn\u00fcm yarat\u0131yor.<\/li>\n<li><strong>Dayan\u0131kl\u0131 cam yap\u0131:<\/strong> Kal\u0131n, \u015feffaf cam k\u0131r\u0131lmaya dayan\u0131kl\u0131d\u0131r ve u\u00e7ucu ya\u011flar\u0131n rengini m\u00fckemmel bir \u015fekilde yans\u0131t\u0131r, bu da onu \u00fcst d\u00fczey dif\u00fcz\u00f6rler i\u00e7in ideal hale getirir.<\/li>\n<li><strong>G\u00fcvenli bir s\u0131zd\u0131rmazl\u0131k i\u00e7in alt\u0131gen boyun:<\/strong> \u015ei\u015fe taban\u0131n\u0131n \u015fekline m\u00fckemmel uyum sa\u011flar ve t\u0131pay\u0131 g\u00fcvenli bir \u015fekilde kilitler; s\u0131z\u0131nt\u0131 olmaz, b\u00f6ylece kam\u0131\u015f dif\u00fcz\u00f6r\u00fcn montaj\u0131 zahmetsiz hale gelir.<\/li>\n<\/ul>\n<h2>Ba\u015far\u0131 \u00d6yk\u00fcs\u00fc: Sadece 10 haftada taslaktan rafa<\/h2>\n<p>Bir ev parf\u00fcm\u00fc giri\u015fimi, mimari bir his uyand\u0131ran, koku onlara ula\u015fmadan \u00f6nce bile &#034;tasarlanm\u0131\u015f&#034; hissi veren bir \u015fi\u015fe istiyordu. Onlara bu alt\u0131gen dif\u00fcz\u00f6r cam kavanozu sunduk. Etiketlemeyi kolayla\u015ft\u0131ran d\u00fcz kenarlar\u0131 ve silindirik \u015fi\u015feler aras\u0131nda \u00f6ne \u00e7\u0131kan \u015fekli \u00e7ok ho\u015flar\u0131na gitti. Standart aromaterapi kam\u0131\u015flar\u0131na uyum sa\u011flamas\u0131 i\u00e7in y\u00fcksekli\u011fini hafif\u00e7e ayarlad\u0131k ve daha yo\u011fun bir his vermek i\u00e7in cam kal\u0131nl\u0131\u011f\u0131n\u0131 ayarlad\u0131k. 10 hafta i\u00e7inde, \u00fc\u00e7 imza kokuda 8.000 kam\u0131\u015f dif\u00fcz\u00f6r piyasaya s\u00fcrd\u00fcler. M\u00fc\u015fteriler \u015feklini ve markay\u0131 hat\u0131rlad\u0131lar. Art\u0131k kam\u0131\u015f dif\u00fcz\u00f6r\u00fc t\u00fcm \u00fcr\u00fcn serilerinin amiral gemisi olarak g\u00f6r\u00fcyorlar.<\/p>\n<h2>\u00d6zel Cam Kam\u0131\u015f Dif\u00fcz\u00f6r Kavanoz Fikirleri<\/h2>\n<ul>\n<li>Alt\u0131gen a\u00e7\u0131y\u0131 de\u011fi\u015ftirin; daha yumu\u015fak, daha do\u011fal bir alt\u0131gen \u015fekli i\u00e7in kenarlar\u0131 biraz daralt\u0131n.<\/li>\n<li>F\u00fcme veya renkli camlara ge\u00e7in; daha \u00e7arp\u0131c\u0131 bir \u015fi\u015fe i\u00e7in yumu\u015fak siyah, ada\u00e7ay\u0131 ye\u015fili veya all\u0131k pembesi deneyin.<\/li>\n<li>Kenar\u0131n\u0131 buzlu camla kaplay\u0131n, \u00fcst k\u0131sm\u0131n\u0131 \u015feffaf b\u0131rak\u0131n; kontrast yarat\u0131n, ya\u011f seviyesini gizleyin ve t\u0131pay\u0131 ortaya \u00e7\u0131kar\u0131n.<\/li>\n<\/ul>\n<p>Bunlar basit ayarlamalar de\u011fil. Standart bir dif\u00fcz\u00f6r cam kavanozunu bir marka imzas\u0131na d\u00f6n\u00fc\u015ft\u00fcrmenin yollar\u0131. Toptan dif\u00fcz\u00f6r \u015fi\u015feleri sat\u0131n ald\u0131\u011f\u0131n\u0131zda, sadece bir sipari\u015fi yerine getirmekle kalm\u0131yor, ayn\u0131 zamanda marka bilinirli\u011fi de olu\u015fturuyorsunuz.<\/p>","protected":false},"excerpt":{"rendered":"<p>Kam\u0131\u015f dif\u00fcz\u00f6r kavanozlar\u0131 ve dif\u00fcz\u00f6r cam kavanozlar\u0131n\u0131n toptan tedariki, OEM hizmeti, \u00fccretsiz numuneler, h\u0131zl\u0131 teslimat, rekabet\u00e7i toptan fiyatlar sa\u011flanmaktad\u0131r.<\/p>","protected":false},"featured_media":4709,"template":"","meta":{"site-sidebar-layout":"default","site-content-layout":"","ast-site-content-layout":"default","site-content-style":"default","site-sidebar-style":"default","ast-global-header-display":"","ast-banner-title-visibility":"","ast-main-header-display":"","ast-hfb-above-header-display":"","ast-hfb-below-header-display":"","ast-hfb-mobile-header-display":"","site-post-title":"","ast-breadcrumbs-content":"","ast-featured-img":"","footer-sml-layout":"","theme-transparent-header-meta":"default","adv-header-id-meta":"","stick-header-meta":"","header-above-stick-meta":"","header-main-stick-meta":"","header-below-stick-meta":"","astra-migrate-meta-layouts":"set","ast-page-background-enabled":"default","ast-page-background-meta":{"desktop":{"background-color":"var(--ast-global-color-5)","background-image":"","background-repeat":"repeat","background-position":"center center","background-size":"auto","background-attachment":"scroll","background-type":"","background-media":"","overlay-type":"","overlay-color":"","overlay-opacity":"","overlay-gradient":""},"tablet":{"background-color":"","background-image":"","background-repeat":"repeat","background-position":"center center","background-size":"auto","background-attachment":"scroll","background-type":"","background-media":"","overlay-type":"","overlay-color":"","overlay-opacity":"","overlay-gradient":""},"mobile":{"background-color":"","background-image":"","background-repeat":"repeat","background-position":"center center","background-size":"auto","background-attachment":"scroll","background-type":"","background-media":"","overlay-type":"","overlay-color":"","overlay-opacity":"","overlay-gradient":""}},"ast-content-background-meta":{"desktop":{"background-color":"var(--ast-global-color-4)","background-image":"","background-repeat":"repeat","background-position":"center center","background-size":"auto","background-attachment":"scroll","background-type":"","background-media":"","overlay-type":"","overlay-color":"","overlay-opacity":"","overlay-gradient":""},"tablet":{"background-color":"var(--ast-global-color-4)","background-image":"","background-repeat":"repeat","background-position":"center center","background-size":"auto","background-attachment":"scroll","background-type":"","background-media":"","overlay-type":"","overlay-color":"","overlay-opacity":"","overlay-gradient":""},"mobile":{"background-color":"var(--ast-global-color-4)","background-image":"","background-repeat":"repeat","background-position":"center center","background-size":"auto","background-attachment":"scroll","background-type":"","background-media":"","overlay-type":"","overlay-color":"","overlay-opacity":"","overlay-gradient":""}}},"product_brand":[],"product_cat":[54],"product_tag":[],"class_list":{"0":"post-1058","1":"product","2":"type-product","3":"status-publish","4":"has-post-thumbnail","6":"product_cat-reed-diffuser-bottles","7":"desktop-align-left","8":"tablet-align-left","9":"mobile-align-left","11":"first","12":"instock","13":"shipping-taxable","14":"product-type-simple"},"jetpack_sharing_enabled":true,"_links":{"self":[{"href":"https:\/\/mostebglass.com\/tr\/wp-json\/wp\/v2\/product\/1058","targetHints":{"allow":["GET"]}}],"collection":[{"href":"https:\/\/mostebglass.com\/tr\/wp-json\/wp\/v2\/product"}],"about":[{"href":"https:\/\/mostebglass.com\/tr\/wp-json\/wp\/v2\/types\/product"}],"wp:featuredmedia":[{"embeddable":true,"href":"https:\/\/mostebglass.com\/tr\/wp-json\/wp\/v2\/media\/4709"}],"wp:attachment":[{"href":"https:\/\/mostebglass.com\/tr\/wp-json\/wp\/v2\/media?parent=1058"}],"wp:term":[{"taxonomy":"product_brand","embeddable":true,"href":"https:\/\/mostebglass.com\/tr\/wp-json\/wp\/v2\/product_brand?post=1058"},{"taxonomy":"product_cat","embeddable":true,"href":"https:\/\/mostebglass.com\/tr\/wp-json\/wp\/v2\/product_cat?post=1058"},{"taxonomy":"product_tag","embeddable":true,"href":"https:\/\/mostebglass.com\/tr\/wp-json\/wp\/v2\/product_tag?post=1058"}],"curies":[{"name":"wp","href":"https:\/\/api.w.org\/{rel}","templated":true}]}}