{"id":1068,"date":"2025-08-28T15:52:49","date_gmt":"2025-08-28T07:52:49","guid":{"rendered":"https:\/\/mostebglass.com\/?post_type=product&#038;p=1068"},"modified":"2026-03-17T14:16:54","modified_gmt":"2026-03-17T06:16:54","slug":"custom-empty-car-diffuser-containers-with-hanging-rope-bulk","status":"publish","type":"product","link":"https:\/\/mostebglass.com\/tr\/custom-empty-car-diffuser-containers-with-hanging-rope-bulk\/","title":{"rendered":"10 ml&#039;lik \u00d6zel Tasar\u0131m Bo\u015f Ara\u00e7 Dif\u00fcz\u00f6r Kaplar\u0131, Asma \u0130piyle Birlikte (Toptan Sat\u0131\u015f)"},"content":{"rendered":"<p>Kompakt ve cam araba dif\u00fcz\u00f6r\u00fc kaplar\u0131 m\u0131 ar\u0131yorsunuz? Bu ipli as\u0131l\u0131 araba dif\u00fcz\u00f6r\u00fc hala ki\u015fili\u011fiyle dolu. Silindirik cam \u015fi\u015fe sadece 10 ml esansiyel ya\u011f tutar ve stratejik bir yere as\u0131labilir. P\u00fcr\u00fczs\u00fcz ve simetrik \u015fi\u015fe, tamamen esansiyel ya\u011flar\u0131n canl\u0131 renklerini yans\u0131tan k\u0131sa bir performans kutusu g\u00f6revi g\u00f6r\u00fcr.<\/p>\n<h2>\u00dcr\u00fcn \u00d6zellikleri<\/h2>\n<ul>\n<li><strong>Kompakt ve Ta\u015f\u0131nabilir:<\/strong> Mini \u015fi\u015fe, ta\u015f\u0131mas\u0131 kolay ve an\u0131nda kokuyu koruyan yap\u0131s\u0131yla hareket halindeyken aromaterapi i\u00e7in idealdir.<\/li>\n<li><strong>Birinci s\u0131n\u0131f cam ve ah\u015faptan \u00fcretim:<\/strong> \u015eeffaf cam, ya\u011f\u0131n zengin ve tatl\u0131 aromas\u0131n\u0131 yayarken, ah\u015fap nokta s\u0131cak ve do\u011fal bir dokunu\u015f kat\u0131yor.<\/li>\n<li><strong>Kolay-Lataka Tasar\u0131m\u0131:<\/strong> Araban\u0131z\u0131 veya di\u011fer mekanlar\u0131n\u0131z\u0131 asmak i\u00e7in \u00f6r\u00fclm\u00fc\u015f bir ipi birle\u015ftirin, hem yerden tasarruf edin hem de mobil aromaterapi ihtiya\u00e7lar\u0131n\u0131z\u0131 kar\u015f\u0131lay\u0131n.<\/li>\n<\/ul>\n<h2>Ba\u015far\u0131 \u00d6yk\u00fcs\u00fc: Konseptten Ulusal Lansmana Sadece 6 Haftada<\/h2>\n<p>Ara\u00e7 i\u00e7i koku yay\u0131c\u0131 i\u00e7eren asma \u015fi\u015felerimizden biri, \u0130spanyol bir otomotiv aksesuar markas\u0131 taraf\u0131ndan se\u00e7ildi. \u00d6zellikle otomotiv ortam\u0131nda kullan\u0131lmak \u00fczere tasarlanm\u0131\u015f k\u00fc\u00e7\u00fck boy, 10 ml&#039;lik \u015fi\u015feyi tercih ettiler ve \u00fcr\u00fcn\u00fcn dayan\u0131kl\u0131l\u0131\u011f\u0131n\u0131 ve g\u00f6rsel \u00e7ekicili\u011fini art\u0131rmak i\u00e7in y\u00fcksek \u015feffafl\u0131kta, kal\u0131n tabanl\u0131 cam kullan\u0131lmas\u0131 gerekti\u011fini belirttiler. Ah\u015fap kapak, markan\u0131n logosunun lazerle i\u015flendi\u011fi kay\u0131n a\u011fac\u0131ndan yap\u0131ld\u0131. Asma ipi s\u00f6z konusu oldu\u011funda ise, metalik parlakl\u0131\u011fa sahip ipliklerin do\u011fal bej ile kar\u0131\u015ft\u0131r\u0131ld\u0131\u011f\u0131 iki tonlu \u00f6rg\u00fcl\u00fc bir tasar\u0131m ve kullan\u0131c\u0131n\u0131n asma ipinin uzunlu\u011funu istedi\u011fi gibi esnek bir \u015fekilde ayarlamas\u0131na olanak tan\u0131yan kayar d\u00fc\u011f\u00fcm sistemi \u00fcretilmesine karar verildi.<\/p>\n<p>\u00dcr\u00fcn\u00fcn resmi lansman\u0131ndan sonra marka, ilk \u00e7eyrekte gibi etkileyici bir sat\u0131\u015f art\u0131\u015f\u0131 elde etti. M\u00fc\u015fteri, bir y\u0131l i\u00e7inde art arda alt\u0131 kez yeniden sipari\u015f verdi.<\/p>\n<h2>Araba Dif\u00fcz\u00f6r Kaplar\u0131n\u0131 Nas\u0131l \u00d6zelle\u015ftirebilirim?<\/h2>\n<ul>\n<li>Sofistike ve l\u00fcks bir g\u00f6r\u00fcn\u00fcm i\u00e7in lazer kaz\u0131ma yoluyla logonuzu cama ekleyin.<\/li>\n<li>Parf\u00fcm koleksiyonunuzu tamamlamas\u0131 i\u00e7in yumu\u015fak bir kehribar veya cam \u015fi\u015feyi maviye boyay\u0131n (\u00f6rne\u011fin, rahatlat\u0131c\u0131 bir kar\u0131\u015f\u0131m i\u00e7in mavi).<\/li>\n<li>Ah\u015fap \u015fi\u015fe kapa\u011f\u0131n\u0131 markan\u0131z\u0131n m\u00fchr\u00fc veya benzersiz ah\u015fap doku kaplamas\u0131yla \u00f6zelle\u015ftirin.<\/li>\n<li>Minimalist markalar i\u00e7in m\u00fckemmel, mat ve modern bir estetik i\u00e7in buzlu cam kullan\u0131n.<\/li>\n<\/ul>\n<p>Bunlar sadece se\u00e7enekler de\u011fil. S\u0131radan araba dif\u00fcz\u00f6r \u015fi\u015felerini markal\u0131 hat\u0131ralara d\u00f6n\u00fc\u015ft\u00fcrmenin yollar\u0131. Toptan araba dif\u00fcz\u00f6r \u015fi\u015felerini bo\u015f olarak sat\u0131n ald\u0131\u011f\u0131n\u0131zda, sadece koku de\u011fil, stil de sat\u0131yorsunuz.<\/p>","protected":false},"excerpt":{"rendered":"<p>Toptan ara\u00e7 dif\u00fcz\u00f6r kaplar\u0131 ve ara\u00e7 dif\u00fcz\u00f6r \u015fi\u015feleri bo\u015f. Birinci s\u0131n\u0131f silindirik cam, \u015f\u0131k tasar\u0131m, rekabet\u00e7i fiyat, h\u0131zl\u0131 teslimat.<\/p>","protected":false},"featured_media":4791,"template":"","meta":{"site-sidebar-layout":"default","site-content-layout":"","ast-site-content-layout":"default","site-content-style":"default","site-sidebar-style":"default","ast-global-header-display":"","ast-banner-title-visibility":"","ast-main-header-display":"","ast-hfb-above-header-display":"","ast-hfb-below-header-display":"","ast-hfb-mobile-header-display":"","site-post-title":"","ast-breadcrumbs-content":"","ast-featured-img":"","footer-sml-layout":"","theme-transparent-header-meta":"default","adv-header-id-meta":"","stick-header-meta":"","header-above-stick-meta":"","header-main-stick-meta":"","header-below-stick-meta":"","astra-migrate-meta-layouts":"set","ast-page-background-enabled":"default","ast-page-background-meta":{"desktop":{"background-color":"var(--ast-global-color-5)","background-image":"","background-repeat":"repeat","background-position":"center center","background-size":"auto","background-attachment":"scroll","background-type":"","background-media":"","overlay-type":"","overlay-color":"","overlay-opacity":"","overlay-gradient":""},"tablet":{"background-color":"","background-image":"","background-repeat":"repeat","background-position":"center center","background-size":"auto","background-attachment":"scroll","background-type":"","background-media":"","overlay-type":"","overlay-color":"","overlay-opacity":"","overlay-gradient":""},"mobile":{"background-color":"","background-image":"","background-repeat":"repeat","background-position":"center center","background-size":"auto","background-attachment":"scroll","background-type":"","background-media":"","overlay-type":"","overlay-color":"","overlay-opacity":"","overlay-gradient":""}},"ast-content-background-meta":{"desktop":{"background-color":"var(--ast-global-color-4)","background-image":"","background-repeat":"repeat","background-position":"center center","background-size":"auto","background-attachment":"scroll","background-type":"","background-media":"","overlay-type":"","overlay-color":"","overlay-opacity":"","overlay-gradient":""},"tablet":{"background-color":"var(--ast-global-color-4)","background-image":"","background-repeat":"repeat","background-position":"center center","background-size":"auto","background-attachment":"scroll","background-type":"","background-media":"","overlay-type":"","overlay-color":"","overlay-opacity":"","overlay-gradient":""},"mobile":{"background-color":"var(--ast-global-color-4)","background-image":"","background-repeat":"repeat","background-position":"center center","background-size":"auto","background-attachment":"scroll","background-type":"","background-media":"","overlay-type":"","overlay-color":"","overlay-opacity":"","overlay-gradient":""}}},"product_brand":[],"product_cat":[54],"product_tag":[],"class_list":{"0":"post-1068","1":"product","2":"type-product","3":"status-publish","4":"has-post-thumbnail","6":"product_cat-reed-diffuser-bottles","7":"desktop-align-left","8":"tablet-align-left","9":"mobile-align-left","11":"first","12":"instock","13":"shipping-taxable","14":"product-type-simple"},"jetpack_sharing_enabled":true,"_links":{"self":[{"href":"https:\/\/mostebglass.com\/tr\/wp-json\/wp\/v2\/product\/1068","targetHints":{"allow":["GET"]}}],"collection":[{"href":"https:\/\/mostebglass.com\/tr\/wp-json\/wp\/v2\/product"}],"about":[{"href":"https:\/\/mostebglass.com\/tr\/wp-json\/wp\/v2\/types\/product"}],"wp:featuredmedia":[{"embeddable":true,"href":"https:\/\/mostebglass.com\/tr\/wp-json\/wp\/v2\/media\/4791"}],"wp:attachment":[{"href":"https:\/\/mostebglass.com\/tr\/wp-json\/wp\/v2\/media?parent=1068"}],"wp:term":[{"taxonomy":"product_brand","embeddable":true,"href":"https:\/\/mostebglass.com\/tr\/wp-json\/wp\/v2\/product_brand?post=1068"},{"taxonomy":"product_cat","embeddable":true,"href":"https:\/\/mostebglass.com\/tr\/wp-json\/wp\/v2\/product_cat?post=1068"},{"taxonomy":"product_tag","embeddable":true,"href":"https:\/\/mostebglass.com\/tr\/wp-json\/wp\/v2\/product_tag?post=1068"}],"curies":[{"name":"wp","href":"https:\/\/api.w.org\/{rel}","templated":true}]}}