{"id":1087,"date":"2025-08-29T09:39:16","date_gmt":"2025-08-29T01:39:16","guid":{"rendered":"https:\/\/mostebglass.com\/?post_type=product&#038;p=1087"},"modified":"2026-02-09T11:18:14","modified_gmt":"2026-02-09T03:18:14","slug":"unique-candle-jars-with-lids-glass-candle-stands-bulk","status":"publish","type":"product","link":"https:\/\/mostebglass.com\/tr\/unique-candle-jars-with-lids-glass-candle-stands-bulk\/","title":{"rendered":"70 ml, 220 ml, 370 ml Kapakl\u0131 Benzersiz Mum Kavanozlar\u0131 | Toplu Cam Mum Standlar\u0131"},"content":{"rendered":"<p>Parlak ve yans\u0131t\u0131c\u0131 y\u00fczeye sahip, temiz hatlara ve p\u00fcr\u00fczs\u00fcz cama sahip bu \u00f6zel silindirik sil\u00fcet, kavanozun \u00fcst k\u0131sm\u0131nda cam kapaklarla tasarlanm\u0131\u015ft\u0131r. Kapa\u011f\u0131n a\u011f\u0131rl\u0131\u011f\u0131 ve hafif\u00e7e geni\u015fleyen sa\u011flam taban, d\u00fcz dikey g\u00f6vdeye g\u00f6rsel bir denge sa\u011flar ve kavanoza istikrarl\u0131 bir profil kazand\u0131r\u0131r; bu da onu k\u00fc\u00e7\u00fck bir mumluk olarak da kullan\u0131labilir hale getirir. Yuvarlak kenarlar\u0131 b\u00fcy\u00fck \u00f6l\u00e7\u00fcde tamamlayan ve t\u00fcm sonucu b\u00fct\u00fcnle\u015fik ve bak\u0131ml\u0131 g\u00f6steren benzer bir cam kapakla tamamlanm\u0131\u015ft\u0131r. Foto\u011fraftaki yar\u0131 saydam homojen renklendirme, yumu\u015fak bir mum \u0131\u015f\u0131\u011f\u0131 sa\u011flarken, dekoratif ve kullan\u0131\u015fl\u0131 mum koleksiyonlar\u0131n\u0131 i\u00e7eren zarif, sade ve \u00e7a\u011fda\u015f tasar\u0131m\u0131n\u0131 korumay\u0131 ama\u00e7lamaktad\u0131r.<\/p>\n<p><img fetchpriority=\"high\" decoding=\"async\" class=\"wp-image-1088\" src=\"https:\/\/mostebglass.com\/wp-content\/uploads\/2025\/08\/unique-candle-jars-with-lids-candle-stand02.webp\" alt=\"kapakl\u0131 benzersiz mum kavanozlar\u0131\" width=\"500\" height=\"500\" srcset=\"https:\/\/mostebglass.com\/wp-content\/uploads\/2025\/08\/unique-candle-jars-with-lids-candle-stand02.webp 800w, https:\/\/mostebglass.com\/wp-content\/uploads\/2025\/08\/unique-candle-jars-with-lids-candle-stand02-300x300.webp 300w, https:\/\/mostebglass.com\/wp-content\/uploads\/2025\/08\/unique-candle-jars-with-lids-candle-stand02-100x100.webp 100w, https:\/\/mostebglass.com\/wp-content\/uploads\/2025\/08\/unique-candle-jars-with-lids-candle-stand02-600x600.webp 600w, https:\/\/mostebglass.com\/wp-content\/uploads\/2025\/08\/unique-candle-jars-with-lids-candle-stand02-768x768.webp 768w, https:\/\/mostebglass.com\/wp-content\/uploads\/2025\/08\/unique-candle-jars-with-lids-candle-stand02-12x12.webp 12w\" sizes=\"(max-width: 500px) 100vw, 500px\" \/><\/p>\n<h2>\u00dcr\u00fcn \u00d6zellikleri<\/h2>\n<p><strong>Denge i\u00e7in g\u00fc\u00e7lendirilmi\u015f taban ve kenar:\u00a0<\/strong>Mumluklardan ilham al\u0131narak tasarlanan bu tasar\u0131m, \u00fcst ve alt kenarlar\u0131 (83 mm \u00e7ap) daha kal\u0131n hale getirerek, mum kavanozunuzun toplu mum da\u011f\u0131t\u0131m\u0131 s\u0131ras\u0131nda veya y\u00fcksek raflarda dururken d\u00fcz kalmas\u0131n\u0131 sa\u011flar.<\/p>\n<p><strong>G\u00f6rsel Efektler i\u00e7in Kristal Cam:\u00a0<\/strong>\u015eeffaf mumluklar mum \u0131\u015f\u0131\u011f\u0131n\u0131 art\u0131r\u0131r, bu kap tarz\u0131 kavanozlar\u0131 d\u00fc\u011f\u00fcnler, butik te\u015fhirler veya l\u00fcks mum serileri i\u00e7in birer aksesuara d\u00f6n\u00fc\u015ft\u00fcr\u00fcr.<\/p>\n<p><strong>Uyarlanabilir renk se\u00e7ene\u011fi:\u00a0<\/strong>\u015eeffaf veya boyal\u0131 (f\u00fcme, kehribar, buzlu) \u00e7e\u015fitleri bulunan bu mum kavanozu, markan\u0131z\u0131n mevsimsel konular\u0131na veya \u00fcr\u00fcn hatlar\u0131na uyum sa\u011flar.<\/p>\n<h2>Temel \u00d6zellikler<\/h2>\n<table style=\"border-collapse: collapse; width: 80%; margin-left: auto; margin-right: auto;\" border=\"0\" width=\"144\" cellspacing=\"0\" cellpadding=\"0\">\n<tbody>\n<tr style=\"height: 13.50pt;\">\n<td style=\"height: 13.50pt; width: 54.00pt;\" width=\"72\" height=\"18\">\u00d6zellik<\/td>\n<td style=\"width: 54.00pt;\" width=\"72\">Detaylar<\/td>\n<\/tr>\n<tr style=\"height: 13.50pt;\">\n<td style=\"height: 13.50pt;\" height=\"18\">Kapasite<\/td>\n<td>370 ml, 220 ml, 70 ml<\/td>\n<\/tr>\n<tr style=\"height: 13.50pt;\">\n<td style=\"height: 13.50pt;\" height=\"18\">Malzeme<\/td>\n<td>Kur\u015funsuz soda-kire\u00e7 cam\u0131<\/td>\n<\/tr>\n<tr style=\"height: 13.50pt;\">\n<td style=\"height: 13.50pt;\" height=\"18\">Renk Se\u00e7enekleri<\/td>\n<td>\u015eeffaf, kehribar, beyaz, siyah, gri veya kendi renginizi \u00f6zelle\u015ftirin.<\/td>\n<\/tr>\n<tr style=\"height: 13.50pt;\">\n<td style=\"height: 13.50pt;\" height=\"18\">Kapak Uyumlulu\u011fu<\/td>\n<td>Cam kapak, bambu kapak<\/td>\n<\/tr>\n<\/tbody>\n<\/table>\n<h2>Sizin \u0130\u00e7in \u00d6zelle\u015ftirme Fikirleri<\/h2>\n<ol>\n<li><strong>Lazerle emekliye ayr\u0131lm\u0131\u015f logo:<\/strong> Toptan ve toptan al\u0131c\u0131lar i\u00e7in gizli ambalajlama isteyen mum kavanozunun i\u00e7ine mikroskobik markalama ekleyin.<\/li>\n<li><strong>Stabil toplu set:<\/strong> M\u00fchendislik mum stand\u0131 tarz\u0131 mum kavanozu, toptan mum sevkiyat\u0131 i\u00e7in depolama uyarlamas\u0131 ile birbirinin i\u00e7ine ge\u00e7er.<\/li>\n<li><strong>Degrade Tonlar:<\/strong> D\u00fc\u011f\u00fcnler veya d\u00fc\u011f\u00fcnleri ya da tatilleri hedefleyen l\u00fcks mum markalar\u0131 i\u00e7in degrade renklerde (\u00f6rne\u011fin, yukar\u0131dan a\u015fa\u011f\u0131ya g\u00fcl) kalkanl\u0131 benzersiz bir mum kavanozu sunun.<\/li>\n<\/ol>","protected":false},"excerpt":{"rendered":"<p>Dekoratif cam ve sa\u011flam tabanlar\u0131yla mumluk olarak tasarlanm\u0131\u015f, kapakl\u0131 benzersiz mum kavanozlar\u0131. Markalar, toptanc\u0131lar ve premium mum koleksiyonlar\u0131 i\u00e7in idealdir.<\/p>","protected":false},"featured_media":4383,"template":"","meta":{"site-sidebar-layout":"default","site-content-layout":"","ast-site-content-layout":"default","site-content-style":"default","site-sidebar-style":"default","ast-global-header-display":"","ast-banner-title-visibility":"","ast-main-header-display":"","ast-hfb-above-header-display":"","ast-hfb-below-header-display":"","ast-hfb-mobile-header-display":"","site-post-title":"","ast-breadcrumbs-content":"","ast-featured-img":"","footer-sml-layout":"","theme-transparent-header-meta":"default","adv-header-id-meta":"","stick-header-meta":"","header-above-stick-meta":"","header-main-stick-meta":"","header-below-stick-meta":"","astra-migrate-meta-layouts":"set","ast-page-background-enabled":"default","ast-page-background-meta":{"desktop":{"background-color":"var(--ast-global-color-5)","background-image":"","background-repeat":"repeat","background-position":"center center","background-size":"auto","background-attachment":"scroll","background-type":"","background-media":"","overlay-type":"","overlay-color":"","overlay-opacity":"","overlay-gradient":""},"tablet":{"background-color":"","background-image":"","background-repeat":"repeat","background-position":"center center","background-size":"auto","background-attachment":"scroll","background-type":"","background-media":"","overlay-type":"","overlay-color":"","overlay-opacity":"","overlay-gradient":""},"mobile":{"background-color":"","background-image":"","background-repeat":"repeat","background-position":"center center","background-size":"auto","background-attachment":"scroll","background-type":"","background-media":"","overlay-type":"","overlay-color":"","overlay-opacity":"","overlay-gradient":""}},"ast-content-background-meta":{"desktop":{"background-color":"var(--ast-global-color-4)","background-image":"","background-repeat":"repeat","background-position":"center center","background-size":"auto","background-attachment":"scroll","background-type":"","background-media":"","overlay-type":"","overlay-color":"","overlay-opacity":"","overlay-gradient":""},"tablet":{"background-color":"var(--ast-global-color-4)","background-image":"","background-repeat":"repeat","background-position":"center center","background-size":"auto","background-attachment":"scroll","background-type":"","background-media":"","overlay-type":"","overlay-color":"","overlay-opacity":"","overlay-gradient":""},"mobile":{"background-color":"var(--ast-global-color-4)","background-image":"","background-repeat":"repeat","background-position":"center center","background-size":"auto","background-attachment":"scroll","background-type":"","background-media":"","overlay-type":"","overlay-color":"","overlay-opacity":"","overlay-gradient":""}}},"product_brand":[],"product_cat":[28,21],"product_tag":[],"class_list":{"0":"post-1087","1":"product","2":"type-product","3":"status-publish","4":"has-post-thumbnail","6":"product_cat-glass-candle-jars","7":"product_cat-product","8":"desktop-align-left","9":"tablet-align-left","10":"mobile-align-left","12":"first","13":"instock","14":"shipping-taxable","15":"product-type-simple"},"jetpack_sharing_enabled":true,"_links":{"self":[{"href":"https:\/\/mostebglass.com\/tr\/wp-json\/wp\/v2\/product\/1087","targetHints":{"allow":["GET"]}}],"collection":[{"href":"https:\/\/mostebglass.com\/tr\/wp-json\/wp\/v2\/product"}],"about":[{"href":"https:\/\/mostebglass.com\/tr\/wp-json\/wp\/v2\/types\/product"}],"wp:featuredmedia":[{"embeddable":true,"href":"https:\/\/mostebglass.com\/tr\/wp-json\/wp\/v2\/media\/4383"}],"wp:attachment":[{"href":"https:\/\/mostebglass.com\/tr\/wp-json\/wp\/v2\/media?parent=1087"}],"wp:term":[{"taxonomy":"product_brand","embeddable":true,"href":"https:\/\/mostebglass.com\/tr\/wp-json\/wp\/v2\/product_brand?post=1087"},{"taxonomy":"product_cat","embeddable":true,"href":"https:\/\/mostebglass.com\/tr\/wp-json\/wp\/v2\/product_cat?post=1087"},{"taxonomy":"product_tag","embeddable":true,"href":"https:\/\/mostebglass.com\/tr\/wp-json\/wp\/v2\/product_tag?post=1087"}],"curies":[{"name":"wp","href":"https:\/\/api.w.org\/{rel}","templated":true}]}}