{"id":1093,"date":"2025-08-29T10:29:29","date_gmt":"2025-08-29T02:29:29","guid":{"rendered":"https:\/\/mostebglass.com\/?post_type=product&#038;p=1093"},"modified":"2026-05-07T16:04:12","modified_gmt":"2026-05-07T08:04:12","slug":"customizable-glass-candle-containers-wholesale","status":"publish","type":"product","link":"https:\/\/mostebglass.com\/tr\/customizable-glass-candle-containers-wholesale\/","title":{"rendered":"140ml-315ml Customizable Glass Candle Containers Wholesale"},"content":{"rendered":"<p style=\"text-align: left;\">Clear Vote, zamans\u0131z \u015f\u0131kl\u0131\u011f\u0131 modern dayan\u0131kl\u0131l\u0131kla birle\u015ftiren mumluklar m\u0131 ar\u0131yor? Cam mum kaplar\u0131m\u0131z, ev dekorasyonunu, d\u00fc\u011f\u00fcn performans\u0131n\u0131 veya l\u00fcks mum koleksiyonunu zenginle\u015ftiren mum ambalaj\u0131 se\u00e7ene\u011fi sunan y\u00fcksek kaliteli camdan \u00fcretilmi\u015ftir. 140 ml ile 315 ml aras\u0131ndaki kapasiteleri ve uyarlanabilir se\u00e7enekleriyle, toplu al\u0131mlar i\u00e7in tercih edilen mumu se\u00e7erler.<\/p>\n<h2>Products Features<\/h2>\n<ul>\n<li><strong>Round base for stability: <\/strong>\u015eeffaf mumluklar kal\u0131n bir tabana (73\u201390 mm y\u00fckseklik) ve p\u00fcr\u00fczs\u00fcz yuvarlak kenarlara sahiptir, bu sayede cam mumunuzun kap tablas\u0131nda veya toplu mum g\u00f6nderimi s\u0131ras\u0131nda d\u00fcz durmas\u0131n\u0131 sa\u011flar.<\/li>\n<li><strong>Crystal-hut transparency for visual appeal: <\/strong>\u015eeffaf mumlar kavanoz mum \u0131\u015f\u0131\u011f\u0131n\u0131 art\u0131r\u0131r ve canl\u0131 mum renkleri ortaya \u00e7\u0131kar\u0131r, bu nedenle bu kap mum kaplar\u0131 l\u00fcks mum serileri veya ev dekorasyonlar\u0131 i\u00e7in m\u00fckemmeldir.<\/li>\n<li><strong>Adaptable beauty options: <\/strong>\u015eeffaf veya renkli camlardan (f\u00fcme, kehribar, buzlu) se\u00e7im yap\u0131n ve marka kimli\u011finizle uyumlu mum ambalajlar\u0131n\u0131 se\u00e7mek i\u00e7in lazerle eskitme logo veya kalkan efekti kullan\u0131n.<\/li>\n<\/ul>\n<h2>Temel \u00d6zellikler<\/h2>\n<table style=\"border-collapse: collapse; width: 80%; margin-left: auto; margin-right: auto;\" border=\"0\" width=\"288\" cellspacing=\"0\" cellpadding=\"0\">\n<tbody>\n<tr style=\"height: 13.50pt;\">\n<td style=\"height: 13.5pt; width: 54pt; text-align: center;\" width=\"72\" height=\"18\">\u00d6zellik<\/td>\n<td class=\"et2\" style=\"width: 162pt; text-align: center;\" colspan=\"3\" width=\"216\">Detaylar<\/td>\n<\/tr>\n<tr style=\"height: 13.50pt;\">\n<td style=\"height: 13.5pt; text-align: center;\" height=\"18\">A\u011f\u0131rl\u0131k (g)<\/td>\n<td style=\"text-align: center;\">130<\/td>\n<td style=\"text-align: center;\">160<\/td>\n<td style=\"text-align: center;\">250<\/td>\n<\/tr>\n<tr style=\"height: 13.50pt;\">\n<td style=\"height: 13.5pt; text-align: center;\" height=\"18\">Kapasite (ml)<\/td>\n<td style=\"text-align: center;\">140<\/td>\n<td style=\"text-align: center;\">210<\/td>\n<td style=\"text-align: center;\">315<\/td>\n<\/tr>\n<tr style=\"height: 13.50pt;\">\n<td style=\"height: 13.5pt; text-align: center;\" height=\"18\">\u00d6l\u00e7\u00fcler (mm)<\/td>\n<td style=\"text-align: center;\">62 x 57 x 73<\/td>\n<td style=\"text-align: center;\">70 x 65 x 78<\/td>\n<td style=\"text-align: center;\">81 x 76 x 90<\/td>\n<\/tr>\n<tr style=\"height: 13.50pt;\">\n<td style=\"height: 13.5pt; text-align: center;\" height=\"18\">Renk Se\u00e7enekleri<\/td>\n<td class=\"et2\" style=\"text-align: center;\" colspan=\"3\">\u015eeffaf\/renkli<\/td>\n<\/tr>\n<tr style=\"height: 13.50pt;\">\n<td style=\"height: 13.5pt; text-align: center;\" height=\"18\">Kapak Uyumlulu\u011fu<\/td>\n<td class=\"et2\" style=\"text-align: center;\" colspan=\"3\">\u0130ste\u011fe ba\u011fl\u0131<\/td>\n<\/tr>\n<\/tbody>\n<\/table>\n<h2>Uyarlama Se\u00e7enekleri<\/h2>\n<ol>\n<li><strong>Lazer grav\u00fcr: <\/strong>Mum kavanozuna, toptan sat\u0131c\u0131lar\u0131n ve toptan al\u0131c\u0131lar\u0131n gizli ambalajlar se\u00e7mesine olanak tan\u0131yan, ak\u0131ll\u0131ca bir markalama ekleyin.<\/li>\n<li><strong>Stabil toplu set:<\/strong> \u015eeffaf mumluklar birbiri i\u00e7ine ge\u00e7ecek \u015fekilde tasarlanm\u0131\u015ft\u0131r, bu sayede toptan mumlar\u0131n depolanmas\u0131 en iyi \u015fekilde sa\u011flan\u0131r.<\/li>\n<li><strong>Kal\u0131n cam:<\/strong> Kal\u0131n taban, yanma s\u0131ras\u0131nda stabilite sa\u011flar ve kazalar\u0131 \u00f6nler.<\/li>\n<\/ol>","protected":false},"excerpt":{"rendered":"<p>Elevate your brand with glass candle containers! These clear cotive candle holders provide custom colors &amp; sizes for wholesale and bulk orders.<\/p>","protected":false},"featured_media":1097,"template":"","meta":{"site-sidebar-layout":"default","site-content-layout":"","ast-site-content-layout":"default","site-content-style":"default","site-sidebar-style":"default","ast-global-header-display":"","ast-banner-title-visibility":"","ast-main-header-display":"","ast-hfb-above-header-display":"","ast-hfb-below-header-display":"","ast-hfb-mobile-header-display":"","site-post-title":"","ast-breadcrumbs-content":"","ast-featured-img":"","footer-sml-layout":"","theme-transparent-header-meta":"default","adv-header-id-meta":"","stick-header-meta":"","header-above-stick-meta":"","header-main-stick-meta":"","header-below-stick-meta":"","astra-migrate-meta-layouts":"set","ast-page-background-enabled":"default","ast-page-background-meta":{"desktop":{"background-color":"var(--ast-global-color-5)","background-image":"","background-repeat":"repeat","background-position":"center center","background-size":"auto","background-attachment":"scroll","background-type":"","background-media":"","overlay-type":"","overlay-color":"","overlay-opacity":"","overlay-gradient":""},"tablet":{"background-color":"","background-image":"","background-repeat":"repeat","background-position":"center center","background-size":"auto","background-attachment":"scroll","background-type":"","background-media":"","overlay-type":"","overlay-color":"","overlay-opacity":"","overlay-gradient":""},"mobile":{"background-color":"","background-image":"","background-repeat":"repeat","background-position":"center center","background-size":"auto","background-attachment":"scroll","background-type":"","background-media":"","overlay-type":"","overlay-color":"","overlay-opacity":"","overlay-gradient":""}},"ast-content-background-meta":{"desktop":{"background-color":"var(--ast-global-color-4)","background-image":"","background-repeat":"repeat","background-position":"center center","background-size":"auto","background-attachment":"scroll","background-type":"","background-media":"","overlay-type":"","overlay-color":"","overlay-opacity":"","overlay-gradient":""},"tablet":{"background-color":"var(--ast-global-color-4)","background-image":"","background-repeat":"repeat","background-position":"center center","background-size":"auto","background-attachment":"scroll","background-type":"","background-media":"","overlay-type":"","overlay-color":"","overlay-opacity":"","overlay-gradient":""},"mobile":{"background-color":"var(--ast-global-color-4)","background-image":"","background-repeat":"repeat","background-position":"center center","background-size":"auto","background-attachment":"scroll","background-type":"","background-media":"","overlay-type":"","overlay-color":"","overlay-opacity":"","overlay-gradient":""}}},"product_brand":[],"product_cat":[28,21],"product_tag":[],"class_list":{"0":"post-1093","1":"product","2":"type-product","3":"status-publish","4":"has-post-thumbnail","6":"product_cat-glass-candle-jars","7":"product_cat-product","8":"desktop-align-left","9":"tablet-align-left","10":"mobile-align-left","12":"first","13":"instock","14":"shipping-taxable","15":"product-type-simple"},"jetpack_sharing_enabled":true,"_links":{"self":[{"href":"https:\/\/mostebglass.com\/tr\/wp-json\/wp\/v2\/product\/1093","targetHints":{"allow":["GET"]}}],"collection":[{"href":"https:\/\/mostebglass.com\/tr\/wp-json\/wp\/v2\/product"}],"about":[{"href":"https:\/\/mostebglass.com\/tr\/wp-json\/wp\/v2\/types\/product"}],"wp:featuredmedia":[{"embeddable":true,"href":"https:\/\/mostebglass.com\/tr\/wp-json\/wp\/v2\/media\/1097"}],"wp:attachment":[{"href":"https:\/\/mostebglass.com\/tr\/wp-json\/wp\/v2\/media?parent=1093"}],"wp:term":[{"taxonomy":"product_brand","embeddable":true,"href":"https:\/\/mostebglass.com\/tr\/wp-json\/wp\/v2\/product_brand?post=1093"},{"taxonomy":"product_cat","embeddable":true,"href":"https:\/\/mostebglass.com\/tr\/wp-json\/wp\/v2\/product_cat?post=1093"},{"taxonomy":"product_tag","embeddable":true,"href":"https:\/\/mostebglass.com\/tr\/wp-json\/wp\/v2\/product_tag?post=1093"}],"curies":[{"name":"wp","href":"https:\/\/api.w.org\/{rel}","templated":true}]}}