{"id":1123,"date":"2025-08-29T15:10:16","date_gmt":"2025-08-29T07:10:16","guid":{"rendered":"https:\/\/mostebglass.com\/?post_type=product&#038;p=1123"},"modified":"2026-03-20T14:02:22","modified_gmt":"2026-03-20T06:02:22","slug":"unique-diffuser-bottles-with-chinese-knot-design-bulk","status":"publish","type":"product","link":"https:\/\/mostebglass.com\/tr\/unique-diffuser-bottles-with-chinese-knot-design-bulk\/","title":{"rendered":"120ml 250ml \u00c7in D\u00fc\u011f\u00fcm\u00fc Tasar\u0131ml\u0131 Benzersiz Dif\u00fcz\u00f6r \u015ei\u015feleri Toptan"},"content":{"rendered":"<p>Bu s\u0131radan bir dif\u00fcz\u00f6r \u015fi\u015fesi de\u011fil, ayn\u0131 zamanda koku veren bir sanat eseri. Bunlar s\u0131radan kaplar de\u011fil; prestijli bir \u015fans sembol\u00fc olan \u00c7in d\u00fc\u011f\u00fcm\u00fc \u015feklindeki benzersiz dif\u00fcz\u00f6r \u015fi\u015feleridir.<\/p>\n<h2>\u00dcr\u00fcn \u00d6zellikleri<\/h2>\n<ul>\n<li><strong>\u00c7in d\u00fc\u011f\u00fcm\u00fc kabartmal\u0131:<\/strong> \u015ei\u015fe, geleneksel sembolleri miras alan ve \u00fcr\u00fcne k\u00fclt\u00fcrel miras ve oryantal bir estetik katan \u00c7in d\u00fc\u011f\u00fcm\u00fc deseniyle s\u00fcslenmi\u015ftir.<\/li>\n<li><strong>\u015eeffaf malzeme:<\/strong> Son derece \u015feffaf cam, i\u00e7 mekan\u0131 net bir \u015fekilde ortaya \u00e7\u0131kar\u0131rken, kabartmal\u0131 desen sanal ve ger\u00e7ek aras\u0131nda bir kontrast olu\u015fturarak zengin bir g\u00f6rsel katmanlama yarat\u0131yor.<\/li>\n<li><strong>Benzersiz ve Tan\u0131nabilir \u015eekil:<\/strong> Geleneksel \u015fi\u015fe formlar\u0131n\u0131n d\u0131\u015f\u0131na \u00e7\u0131kan \u00c7in d\u00fc\u011f\u00fcm\u00fc sil\u00fceti, dekoratif ve pratik i\u015flevleri bir araya getirerek farkl\u0131l\u0131k yarat\u0131yor.<\/li>\n<\/ul>\n<h2>Ba\u015far\u0131 \u00d6rne\u011fi<\/h2>\n<p>Avustralya&#039;daki parf\u00fcm markalar\u0131ndan biri, yeni tasarlad\u0131\u011f\u0131m\u0131z dif\u00fcz\u00f6r \u015feklini se\u00e7erek bu \u015fi\u015feyle kendi oryantal parf\u00fcm koleksiyonunu olu\u015fturdu. \u015ei\u015fe \u00fczerindeki kabartmal\u0131 desenler daha da geli\u015ftirildi ve \u00fcr\u00fcne g\u00f6rsel derinlik kazand\u0131rmak i\u00e7in \u00f6zel yar\u0131 saydam buzlu bir kaplama uyguland\u0131. Bu kaplama, mat siyah al\u00fcminyum bir \u00fcst k\u0131s\u0131m ve \u00f6zel 3,5 mm do\u011fal rattan kam\u0131\u015flarla (dif\u00fczyonun homojen olmas\u0131n\u0131 sa\u011flamak i\u00e7in tasarlanm\u0131\u015ft\u0131r) birle\u015ftirilerek, sanatsal ifade ve i\u015flevsel kullan\u0131\u015fl\u0131l\u0131\u011f\u0131n m\u00fckemmel bir dengesi sa\u011fland\u0131.<\/p>\n<p>Bu koleksiyonun sat\u0131\u015flar\u0131, piyasaya s\u00fcr\u00fclmesinden sonraki \u00fc\u00e7 ay i\u00e7inde yakla\u015f\u0131k artt\u0131. Dahas\u0131, marka ikinci \u00e7eyrekte iki kez toplu sipari\u015f vererek bu seriyi en \u00e7ok satan amiral gemisi \u00fcr\u00fcnlerinden biri haline getirdi.<\/p>\n<h2>Aromaterapi \u015ei\u015felerinin \u00d6zelle\u015ftirilmesi<\/h2>\n<p>Kendinize \u00f6zel dif\u00fcz\u00f6r \u015fi\u015feleri mi yaratmak istiyorsunuz? \u00d6nce cam\u0131n kendisiyle ba\u015flay\u0131n:<\/p>\n<ul>\n<li>Cam\u0131 renklendirin\u2014Koyu bir tabandan \u015feffaf bir \u00fcst y\u00fczeye do\u011fru azalan bir degrade renk deneyin veya \u015fenlikli veya markaya \u00f6zg\u00fc bir renk tonu i\u00e7in z\u00fcmr\u00fct ye\u015fili, yakut k\u0131rm\u0131z\u0131s\u0131 veya kehribar alt\u0131n\u0131 deneyin.<\/li>\n<li>Daha derin kabartma\u2014Daha kal\u0131n, daha dokulu bir dokunu\u015f i\u00e7in kabartmaya derinlik kat\u0131n.<\/li>\n<li>Daha k\u00fc\u00e7\u00fck veya daha b\u00fcy\u00fck d\u00fc\u011f\u00fcmler\u2014Desenin \u00f6l\u00e7e\u011fini, boynun etraf\u0131n\u0131 daha fazla veya daha az saracak \u015fekilde ayarlay\u0131n.<\/li>\n<li>Mat g\u00f6vde, parlak sap\u2014Kontrast y\u00fczeyler sanat eserinin \u00f6ne \u00e7\u0131kmas\u0131n\u0131 sa\u011fl\u0131yor.<\/li>\n<\/ul>\n<p>Bu ak\u0131ll\u0131 tasar\u0131mlar, \u015f\u0131k dif\u00fcz\u00f6r \u015fi\u015felerini imza par\u00e7as\u0131na d\u00f6n\u00fc\u015ft\u00fcr\u00fcyor. Toplu al\u0131mlarda, her par\u00e7an\u0131n \u00e7arp\u0131m\u0131 vard\u0131r.<\/p>","protected":false},"excerpt":{"rendered":"<p>\u00c7in d\u00fc\u011f\u00fcm\u00fc tasar\u0131ml\u0131 benzersiz dif\u00fcz\u00f6r \u015fi\u015feleri. Toplu sipari\u015fler i\u00e7in \u015f\u0131k dif\u00fcz\u00f6r \u015fi\u015feleri, \u00fccretsiz numuneler, h\u0131zl\u0131 teslimat ve birinci s\u0131n\u0131f aroma ambalaj\u0131.<\/p>","protected":false},"featured_media":4841,"template":"","meta":{"site-sidebar-layout":"default","site-content-layout":"","ast-site-content-layout":"default","site-content-style":"default","site-sidebar-style":"default","ast-global-header-display":"","ast-banner-title-visibility":"","ast-main-header-display":"","ast-hfb-above-header-display":"","ast-hfb-below-header-display":"","ast-hfb-mobile-header-display":"","site-post-title":"","ast-breadcrumbs-content":"","ast-featured-img":"","footer-sml-layout":"","theme-transparent-header-meta":"default","adv-header-id-meta":"","stick-header-meta":"","header-above-stick-meta":"","header-main-stick-meta":"","header-below-stick-meta":"","astra-migrate-meta-layouts":"set","ast-page-background-enabled":"default","ast-page-background-meta":{"desktop":{"background-color":"var(--ast-global-color-5)","background-image":"","background-repeat":"repeat","background-position":"center center","background-size":"auto","background-attachment":"scroll","background-type":"","background-media":"","overlay-type":"","overlay-color":"","overlay-opacity":"","overlay-gradient":""},"tablet":{"background-color":"","background-image":"","background-repeat":"repeat","background-position":"center center","background-size":"auto","background-attachment":"scroll","background-type":"","background-media":"","overlay-type":"","overlay-color":"","overlay-opacity":"","overlay-gradient":""},"mobile":{"background-color":"","background-image":"","background-repeat":"repeat","background-position":"center center","background-size":"auto","background-attachment":"scroll","background-type":"","background-media":"","overlay-type":"","overlay-color":"","overlay-opacity":"","overlay-gradient":""}},"ast-content-background-meta":{"desktop":{"background-color":"var(--ast-global-color-4)","background-image":"","background-repeat":"repeat","background-position":"center center","background-size":"auto","background-attachment":"scroll","background-type":"","background-media":"","overlay-type":"","overlay-color":"","overlay-opacity":"","overlay-gradient":""},"tablet":{"background-color":"var(--ast-global-color-4)","background-image":"","background-repeat":"repeat","background-position":"center center","background-size":"auto","background-attachment":"scroll","background-type":"","background-media":"","overlay-type":"","overlay-color":"","overlay-opacity":"","overlay-gradient":""},"mobile":{"background-color":"var(--ast-global-color-4)","background-image":"","background-repeat":"repeat","background-position":"center center","background-size":"auto","background-attachment":"scroll","background-type":"","background-media":"","overlay-type":"","overlay-color":"","overlay-opacity":"","overlay-gradient":""}}},"product_brand":[],"product_cat":[54],"product_tag":[],"class_list":{"0":"post-1123","1":"product","2":"type-product","3":"status-publish","4":"has-post-thumbnail","6":"product_cat-reed-diffuser-bottles","7":"desktop-align-left","8":"tablet-align-left","9":"mobile-align-left","11":"first","12":"instock","13":"shipping-taxable","14":"product-type-simple"},"jetpack_sharing_enabled":true,"_links":{"self":[{"href":"https:\/\/mostebglass.com\/tr\/wp-json\/wp\/v2\/product\/1123","targetHints":{"allow":["GET"]}}],"collection":[{"href":"https:\/\/mostebglass.com\/tr\/wp-json\/wp\/v2\/product"}],"about":[{"href":"https:\/\/mostebglass.com\/tr\/wp-json\/wp\/v2\/types\/product"}],"wp:featuredmedia":[{"embeddable":true,"href":"https:\/\/mostebglass.com\/tr\/wp-json\/wp\/v2\/media\/4841"}],"wp:attachment":[{"href":"https:\/\/mostebglass.com\/tr\/wp-json\/wp\/v2\/media?parent=1123"}],"wp:term":[{"taxonomy":"product_brand","embeddable":true,"href":"https:\/\/mostebglass.com\/tr\/wp-json\/wp\/v2\/product_brand?post=1123"},{"taxonomy":"product_cat","embeddable":true,"href":"https:\/\/mostebglass.com\/tr\/wp-json\/wp\/v2\/product_cat?post=1123"},{"taxonomy":"product_tag","embeddable":true,"href":"https:\/\/mostebglass.com\/tr\/wp-json\/wp\/v2\/product_tag?post=1123"}],"curies":[{"name":"wp","href":"https:\/\/api.w.org\/{rel}","templated":true}]}}