{"id":1406,"date":"2025-09-09T12:04:32","date_gmt":"2025-09-09T04:04:32","guid":{"rendered":"https:\/\/mostebglass.com\/?post_type=product&#038;p=1406"},"modified":"2026-03-10T13:54:34","modified_gmt":"2026-03-10T05:54:34","slug":"green-glass-vases-with-vertical-stripes-bulk","status":"publish","type":"product","link":"https:\/\/mostebglass.com\/tr\/green-glass-vases-with-vertical-stripes-bulk\/","title":{"rendered":"Dikey \u00c7izgili Ye\u015fil Cam Vazolar (Toptan)"},"content":{"rendered":"<p>\u0130nce \u00e7izgili desene sahip, a\u00e7\u0131k ye\u015fil renkli cam bir vazodur ve balkaba\u011f\u0131, koni ve silindir olmak \u00fczere \u00fc\u00e7 sevimli \u015fekilde mevcuttur. Vazolar\u0131n dar ve geni\u015fleyen a\u011f\u0131z k\u0131sm\u0131, \u00e7i\u00e7eklerin kolayca yerle\u015ftirilmesini sa\u011flar.<\/p>\n<h2>\u00dcr\u00fcn\u00fcn \u00f6zellikleri<\/h2>\n<ul>\n<li><strong>\u00dc\u00e7 \u015eekil Vard\u0131r:<\/strong> Dekorasyon tarz\u0131n\u0131za uygun olarak g\u00fczel bir balkaba\u011f\u0131, modern bir koni veya eski tarz bir silindir se\u00e7in.<\/li>\n<li><strong>Yumu\u015fak Ye\u015fil Ton ve Oluklu Yap\u0131:<\/strong> Yumu\u015fak, soluk ye\u015fil rengi ve dikey kenarl\u0131 ho\u015f oluklar\u0131, y\u00fczeye antik bir g\u00f6r\u00fcn\u00fcm kazand\u0131r\u0131yor.<\/li>\n<li><strong>Sa\u011flam, D\u00fcz Taban:<\/strong> Vazolar\u0131n taban\u0131 d\u00fcz olacak \u015fekilde tasarlanm\u0131\u015ft\u0131r, b\u00f6ylece her t\u00fcrl\u00fc y\u00fczeyde dengede durmalar\u0131 sa\u011flan\u0131r.<\/li>\n<\/ul>\n<h2>Temel \u00d6zellikler<\/h2>\n<table style=\"border-collapse: collapse; width: 80%; margin-left: auto; margin-right: auto;\" border=\"0\" width=\"288\" cellspacing=\"0\" cellpadding=\"0\">\n<tbody>\n<tr style=\"height: 13.50pt;\">\n<td style=\"height: 13.5pt; width: 54pt; text-align: center;\" width=\"72\" height=\"18\">Stil<\/td>\n<td style=\"width: 54pt; text-align: center;\" width=\"72\">Boyut<\/td>\n<td style=\"width: 54pt; text-align: center;\" width=\"72\">Malzeme<\/td>\n<td style=\"width: 54pt; text-align: center;\" width=\"72\">Renk Se\u00e7enekleri<\/td>\n<\/tr>\n<tr style=\"height: 13.50pt;\">\n<td style=\"height: 13.5pt; text-align: center;\" height=\"18\">Uzun Vazo<\/td>\n<td style=\"text-align: center;\">68 x 110 x 35 mm<\/td>\n<td class=\"et2\" style=\"text-align: center;\" rowspan=\"3\">Bardak<\/td>\n<td class=\"et2\" style=\"text-align: center;\" rowspan=\"3\">\u015eeffaf, Gri, Ye\u015fil, Pembe, \u00d6zel<\/td>\n<\/tr>\n<tr style=\"height: 13.50pt;\">\n<td style=\"height: 13.5pt; text-align: center;\" height=\"18\">Yuvarlak Vazo<\/td>\n<td style=\"text-align: center;\">70 x 120 x 40 mm<\/td>\n<\/tr>\n<tr style=\"height: 13.50pt;\">\n<td style=\"height: 13.5pt; text-align: center;\" height=\"18\">Oval Vazo<\/td>\n<td style=\"text-align: center;\">106 x 90 x 40 mm<\/td>\n<\/tr>\n<\/tbody>\n<\/table>\n<h2>Ba\u015far\u0131 \u00d6yk\u00fcs\u00fc<\/h2>\n<p>M\u00fc\u015fterilerimizden biri, her tasar\u0131mdan 5000 adet olmak \u00fczere ada\u00e7ay\u0131 ye\u015fili dokulu vazo setimizi sipari\u015f eden b\u00fcy\u00fck bir ev dekorasyon ma\u011fazalar\u0131 zinciridir. Bu koordineli vazo sto\u011funun ortalama sat\u0131\u015flar\u0131 oran\u0131nda artm\u0131\u015f, vazolar\u0131n alt k\u0131s\u0131mlar\u0131n\u0131n \u015fekli ma\u011faza i\u00e7i teslimatta sa\u011flam kalm\u0131\u015f, alt k\u0131s\u0131mlar\u0131 k\u0131r\u0131lmam\u0131\u015f ve te\u015fhir oran\u0131 ,9 olmu\u015ftur. Zincirin muazzam pop\u00fclaritesi, iki tatil sezonu boyunca t\u00fcm ma\u011fazalardaki talebi kar\u015f\u0131lamak i\u00e7in 1,2 milyon vazo daha g\u00f6nderilmesine yol a\u00e7m\u0131\u015ft\u0131r.<\/p>\n<h2>Sizin \u0130\u00e7in \u00d6zelle\u015ftirme Fikirleri<\/h2>\n<ol>\n<li><strong>Kabartmal\u0131 dokulu varyasyonlar:<\/strong> Modern vazo g\u00f6r\u00fcn\u00fcm\u00fc i\u00e7in pembe renkte rishi veya dikey kaburga deseni.<\/li>\n<li><strong>Mevsimsel renk seti:<\/strong> Yaz d\u00fc\u011f\u00fcnleri i\u00e7in mavi ve beyaz masa vazo setleri, bahar aylar\u0131nda ise ev dekorasyonu i\u00e7in pembe renklerini tercih edebilirsiniz.<\/li>\n<li><strong>Monograml\u0131 Inricals:<\/strong> Ki\u015fiye \u00f6zel vazo seti hediyeleri i\u00e7in cam vazo a\u011f\u0131zlar\u0131n\u0131n i\u00e7ine mikroskobik alt\u0131n folyo i\u00e7likler ekleyin. D\u00fc\u011f\u00fcnler veya kurumsal etkinlikler i\u00e7in masa, vazoyu l\u00fcks bir mantara d\u00f6n\u00fc\u015ft\u00fcr\u00fcyor; toplu \u00e7i\u00e7ek vazosu sipari\u015fleri i\u00e7in ideal.<\/li>\n<\/ol>","protected":false},"excerpt":{"rendered":"<p>Balkaba\u011f\u0131, koni ve silindir \u015fekillerinde dekoratif cam vazo koleksiyonu. Dokulu masa vazo tasar\u0131mlar\u0131 modern ev dekorasyonunu zenginle\u015ftirir. Toplu sipari\u015flerde h\u0131zl\u0131 kargo.<\/p>","protected":false},"featured_media":1416,"template":"","meta":{"site-sidebar-layout":"default","site-content-layout":"","ast-site-content-layout":"default","site-content-style":"default","site-sidebar-style":"default","ast-global-header-display":"","ast-banner-title-visibility":"","ast-main-header-display":"","ast-hfb-above-header-display":"","ast-hfb-below-header-display":"","ast-hfb-mobile-header-display":"","site-post-title":"","ast-breadcrumbs-content":"","ast-featured-img":"","footer-sml-layout":"","theme-transparent-header-meta":"default","adv-header-id-meta":"","stick-header-meta":"","header-above-stick-meta":"","header-main-stick-meta":"","header-below-stick-meta":"","astra-migrate-meta-layouts":"set","ast-page-background-enabled":"default","ast-page-background-meta":{"desktop":{"background-color":"var(--ast-global-color-5)","background-image":"","background-repeat":"repeat","background-position":"center center","background-size":"auto","background-attachment":"scroll","background-type":"","background-media":"","overlay-type":"","overlay-color":"","overlay-opacity":"","overlay-gradient":""},"tablet":{"background-color":"","background-image":"","background-repeat":"repeat","background-position":"center center","background-size":"auto","background-attachment":"scroll","background-type":"","background-media":"","overlay-type":"","overlay-color":"","overlay-opacity":"","overlay-gradient":""},"mobile":{"background-color":"","background-image":"","background-repeat":"repeat","background-position":"center center","background-size":"auto","background-attachment":"scroll","background-type":"","background-media":"","overlay-type":"","overlay-color":"","overlay-opacity":"","overlay-gradient":""}},"ast-content-background-meta":{"desktop":{"background-color":"var(--ast-global-color-4)","background-image":"","background-repeat":"repeat","background-position":"center center","background-size":"auto","background-attachment":"scroll","background-type":"","background-media":"","overlay-type":"","overlay-color":"","overlay-opacity":"","overlay-gradient":""},"tablet":{"background-color":"var(--ast-global-color-4)","background-image":"","background-repeat":"repeat","background-position":"center center","background-size":"auto","background-attachment":"scroll","background-type":"","background-media":"","overlay-type":"","overlay-color":"","overlay-opacity":"","overlay-gradient":""},"mobile":{"background-color":"var(--ast-global-color-4)","background-image":"","background-repeat":"repeat","background-position":"center center","background-size":"auto","background-attachment":"scroll","background-type":"","background-media":"","overlay-type":"","overlay-color":"","overlay-opacity":"","overlay-gradient":""}}},"product_brand":[],"product_cat":[57,21],"product_tag":[],"class_list":{"0":"post-1406","1":"product","2":"type-product","3":"status-publish","4":"has-post-thumbnail","6":"product_cat-glass-vases","7":"product_cat-product","8":"desktop-align-left","9":"tablet-align-left","10":"mobile-align-left","12":"first","13":"instock","14":"shipping-taxable","15":"product-type-simple"},"jetpack_sharing_enabled":true,"_links":{"self":[{"href":"https:\/\/mostebglass.com\/tr\/wp-json\/wp\/v2\/product\/1406","targetHints":{"allow":["GET"]}}],"collection":[{"href":"https:\/\/mostebglass.com\/tr\/wp-json\/wp\/v2\/product"}],"about":[{"href":"https:\/\/mostebglass.com\/tr\/wp-json\/wp\/v2\/types\/product"}],"wp:featuredmedia":[{"embeddable":true,"href":"https:\/\/mostebglass.com\/tr\/wp-json\/wp\/v2\/media\/1416"}],"wp:attachment":[{"href":"https:\/\/mostebglass.com\/tr\/wp-json\/wp\/v2\/media?parent=1406"}],"wp:term":[{"taxonomy":"product_brand","embeddable":true,"href":"https:\/\/mostebglass.com\/tr\/wp-json\/wp\/v2\/product_brand?post=1406"},{"taxonomy":"product_cat","embeddable":true,"href":"https:\/\/mostebglass.com\/tr\/wp-json\/wp\/v2\/product_cat?post=1406"},{"taxonomy":"product_tag","embeddable":true,"href":"https:\/\/mostebglass.com\/tr\/wp-json\/wp\/v2\/product_tag?post=1406"}],"curies":[{"name":"wp","href":"https:\/\/api.w.org\/{rel}","templated":true}]}}