{"id":1523,"date":"2025-09-09T16:20:01","date_gmt":"2025-09-09T08:20:01","guid":{"rendered":"https:\/\/mostebglass.com\/?post_type=product&#038;p=1523"},"modified":"2026-05-09T16:04:11","modified_gmt":"2026-05-09T08:04:11","slug":"glass-flower-vases-with-stylish-ripple-effect-wholeale","status":"publish","type":"product","link":"https:\/\/mostebglass.com\/tr\/glass-flower-vases-with-stylish-ripple-effect-wholeale\/","title":{"rendered":"Glass Flower Vases with Stylish Ripple Effect Wholeale"},"content":{"rendered":"<p>Bu cam \u00e7i\u00e7ek vazolar\u0131, \u00f6zel bir dalgal\u0131 \u015fekle sahip olup \u015feffaf camdan \u00fcretilmi\u015ftir. K\u0131sa ve geni\u015f g\u00f6vdesi ve ince boynu sayesinde \u00e7ok ama\u00e7l\u0131d\u0131r ve bu nedenle tek \u00e7i\u00e7ekleri veya k\u00fc\u00e7\u00fck aranjmanlar\u0131 sergilemek i\u00e7in en uygunudur.<\/p>\n<h2>\u00dcr\u00fcn \u00d6zellikleri<\/h2>\n<ul>\n<li><strong>Dalgal\u0131 Desen:<\/strong> Bo\u015fken bile dalgal\u0131 y\u00fczey \u0131\u015f\u0131\u011f\u0131 yakalayarak g\u00f6rsel derinlik kat\u0131yor.<\/li>\n<li><strong>Dar Boyun ve Dar A\u011f\u0131z:<\/strong> Tek \u00e7i\u00e7ekler veya yo\u011fun buketler i\u00e7in m\u00fckemmel olan bu \u00fcr\u00fcn, \u00e7i\u00e7ek aranjmanlar\u0131n\u0131za bir zanaat dokunu\u015fu kat\u0131yor.<\/li>\n<li><strong>Premium \u015eeffaf Cam:<\/strong> Kal\u0131n, dayan\u0131kl\u0131 cam \u00fcst d\u00fczey bir his veriyor ve k\u0131r\u0131lmaya kar\u015f\u0131 dayan\u0131kl\u0131.<\/li>\n<\/ul>\n<h2>Temel \u00d6zellikler<\/h2>\n<table style=\"border-collapse: collapse; margin-left: auto; margin-right: auto; width: 485.27pt;\" border=\"0\" width=\"647\" cellspacing=\"0\" cellpadding=\"0\">\n<tbody>\n<tr style=\"height: 13.50pt;\">\n<td style=\"height: 13.5pt; width: 107.25pt; text-align: center;\" width=\"143\" height=\"18\">\u00d6zellik<\/td>\n<td style=\"width: 378pt; text-align: center;\" width=\"504\">\u015eartname<\/td>\n<\/tr>\n<tr style=\"height: 13.50pt;\">\n<td style=\"height: 13.5pt; text-align: center;\" height=\"18\">Y\u00fckseklik<\/td>\n<td style=\"text-align: center;\">130 mm<\/td>\n<\/tr>\n<tr style=\"height: 13.50pt;\">\n<td style=\"height: 13.5pt; text-align: center;\" height=\"18\">Taban \u00c7ap\u0131<\/td>\n<td style=\"text-align: center;\">110 mm<\/td>\n<\/tr>\n<tr style=\"height: 13.50pt;\">\n<td style=\"height: 13.5pt; text-align: center;\" height=\"18\">Boyun Stili<\/td>\n<td style=\"text-align: center;\">\u0130nce, konik<\/td>\n<\/tr>\n<tr style=\"height: 13.50pt;\">\n<td style=\"height: 13.5pt; text-align: center;\" height=\"18\">A\u011f\u0131z A\u00e7\u0131kl\u0131\u011f\u0131<\/td>\n<td style=\"text-align: center;\">K\u00fc\u00e7\u00fck (tomurcuk dostu)<\/td>\n<\/tr>\n<tr style=\"height: 13.50pt;\">\n<td style=\"height: 13.5pt; text-align: center;\" height=\"18\">Malzeme<\/td>\n<td style=\"text-align: center;\">Y\u00fcksek kaliteli cam<\/td>\n<\/tr>\n<tr style=\"height: 13.50pt;\">\n<td style=\"height: 13.5pt; text-align: center;\" height=\"18\">Sona ermek<\/td>\n<td style=\"text-align: center;\">Dokulu (dalga deseni)<\/td>\n<\/tr>\n<tr style=\"height: 13.50pt;\">\n<td style=\"height: 13.5pt; text-align: center;\" height=\"18\">Renk Se\u00e7enekleri<\/td>\n<td style=\"text-align: center;\">\u015eeffaf veya \u00f6zel renk tonu<\/td>\n<\/tr>\n<tr style=\"height: 13.50pt;\">\n<td style=\"height: 13.5pt; text-align: center;\" height=\"18\">\u0130deal \u0130\u00e7in<\/td>\n<td style=\"text-align: center;\">Tomurcuk vazolar\u0131, \u00e7i\u00e7ek aranjmanlar\u0131, ev dekorasyonu, saks\u0131 te\u015fhirleri<\/td>\n<\/tr>\n<\/tbody>\n<\/table>\n<h2>Ba\u015far\u0131 \u00d6yk\u00fcs\u00fc<\/h2>\n<p>Al\u00e7ak profilli ve dokulu k\u00fc\u00e7\u00fck vazomuz, bir \u0130skandinav ya\u015fam tarz\u0131 markas\u0131n\u0131n par\u00e7as\u0131 oldu. Markan\u0131n do\u011fal g\u00f6r\u00fcn\u00fcm\u00fcne uyacak \u015fekilde \u00f6zelle\u015ftirme s\u00fcreci ger\u00e7ekle\u015ftirdik: Orijinal \u015feffaf cam malzemeyi, tek bir sap\u0131 e\u011fmeden dik tutmay\u0131 kolayla\u015ft\u0131racak, \u00e7ok daha \u015feffaf ve s\u0131cak tonlu bir malzemeyle de\u011fi\u015ftirdik; vazonun g\u00f6vdesindeki dokuyu, el yap\u0131m\u0131 bir obje g\u00f6r\u00fcn\u00fcm\u00fc sa\u011flayacak \u015fekilde, hafif d\u00fczensiz ve ince dalgal\u0131 bir desene d\u00f6n\u00fc\u015ft\u00fcrd\u00fck; ve tek bir sap\u0131 e\u011fmeden dik yerle\u015ftirmeyi kolayla\u015ft\u0131racak \u015fekilde kenar a\u00e7\u0131s\u0131n\u0131 da yeniden tasarlad\u0131k.<\/p>\n<p>\u00dcr\u00fcn piyasaya s\u00fcr\u00fcld\u00fckten alt\u0131 hafta sonra sat\u0131\u015flarda yakla\u015f\u0131k y\u00fczde 49&#039;luk bir b\u00fcy\u00fcme kaydetti. \u0130lk parti tamamen sat\u0131ld\u0131ktan sonra \u00fcr\u00fcn iki kez daha sipari\u015f edildi ve perakende sat\u0131\u015f noktalar\u0131nda d\u00fczenli olarak yenilenmesi gereken y\u00fcksek cirolu temel bir \u00fcr\u00fcn haline geldi.<\/p>\n<h2>\u00c7i\u00e7ek Vazolar\u0131n\u0131z\u0131 Nas\u0131l \u00d6zelle\u015ftirebilirsiniz?<\/h2>\n<ul>\n<li>Dalgalar\u0131n derinli\u011fini ayarlay\u0131n; daha derin dalgalar dramatik etki yarat\u0131rken, daha hafif dalgalar daha yumu\u015fak kal\u0131r.<\/li>\n<li>Cam\u0131 Boyay\u0131n- Dumanl\u0131 Gri, kasvetli bir zarafet yarat\u0131rken, yumu\u015fak ye\u015fil do\u011fal bir deneyim sunar.<\/li>\n<li>Boyun uzunlu\u011funu ayarlay\u0131n \u2013 uzun insanlar oyun alan\u0131 olu\u015ftururken, k\u0131sa insanlar k\u00fc\u00e7\u00fck mekanlar i\u00e7in daha uygundur.<\/li>\n<\/ul>\n<p>Bunlar basit dokunu\u015flar de\u011fil, basit cam kaplar\u0131 ikonik ev dekorasyonlar\u0131na d\u00f6n\u00fc\u015ft\u00fcrebilirler.<\/p>","protected":false},"excerpt":{"rendered":"<p data-pm-slice=\"1 1 []\">Y\u00fcksek berrakl\u0131kta camdan \u00fcretilmi\u015f zarif \u00e7i\u00e7ek vazolar\u0131. Dalgal\u0131 kabartmal\u0131 dokulu cam \u00e7i\u00e7ek vazolar\u0131, modern ev dekorasyonuna vintage bir \u00e7ekicilik kat\u0131yor. \u00dccretsiz \u00f6rnekler.<\/p>","protected":false},"featured_media":5431,"template":"","meta":{"site-sidebar-layout":"default","site-content-layout":"","ast-site-content-layout":"default","site-content-style":"default","site-sidebar-style":"default","ast-global-header-display":"","ast-banner-title-visibility":"","ast-main-header-display":"","ast-hfb-above-header-display":"","ast-hfb-below-header-display":"","ast-hfb-mobile-header-display":"","site-post-title":"","ast-breadcrumbs-content":"","ast-featured-img":"","footer-sml-layout":"","theme-transparent-header-meta":"default","adv-header-id-meta":"","stick-header-meta":"","header-above-stick-meta":"","header-main-stick-meta":"","header-below-stick-meta":"","astra-migrate-meta-layouts":"set","ast-page-background-enabled":"default","ast-page-background-meta":{"desktop":{"background-color":"var(--ast-global-color-5)","background-image":"","background-repeat":"repeat","background-position":"center center","background-size":"auto","background-attachment":"scroll","background-type":"","background-media":"","overlay-type":"","overlay-color":"","overlay-opacity":"","overlay-gradient":""},"tablet":{"background-color":"","background-image":"","background-repeat":"repeat","background-position":"center center","background-size":"auto","background-attachment":"scroll","background-type":"","background-media":"","overlay-type":"","overlay-color":"","overlay-opacity":"","overlay-gradient":""},"mobile":{"background-color":"","background-image":"","background-repeat":"repeat","background-position":"center center","background-size":"auto","background-attachment":"scroll","background-type":"","background-media":"","overlay-type":"","overlay-color":"","overlay-opacity":"","overlay-gradient":""}},"ast-content-background-meta":{"desktop":{"background-color":"var(--ast-global-color-4)","background-image":"","background-repeat":"repeat","background-position":"center center","background-size":"auto","background-attachment":"scroll","background-type":"","background-media":"","overlay-type":"","overlay-color":"","overlay-opacity":"","overlay-gradient":""},"tablet":{"background-color":"var(--ast-global-color-4)","background-image":"","background-repeat":"repeat","background-position":"center center","background-size":"auto","background-attachment":"scroll","background-type":"","background-media":"","overlay-type":"","overlay-color":"","overlay-opacity":"","overlay-gradient":""},"mobile":{"background-color":"var(--ast-global-color-4)","background-image":"","background-repeat":"repeat","background-position":"center center","background-size":"auto","background-attachment":"scroll","background-type":"","background-media":"","overlay-type":"","overlay-color":"","overlay-opacity":"","overlay-gradient":""}}},"product_brand":[],"product_cat":[57,21],"product_tag":[],"class_list":{"0":"post-1523","1":"product","2":"type-product","3":"status-publish","4":"has-post-thumbnail","6":"product_cat-glass-vases","7":"product_cat-product","8":"desktop-align-left","9":"tablet-align-left","10":"mobile-align-left","12":"first","13":"instock","14":"shipping-taxable","15":"product-type-simple"},"jetpack_sharing_enabled":true,"_links":{"self":[{"href":"https:\/\/mostebglass.com\/tr\/wp-json\/wp\/v2\/product\/1523","targetHints":{"allow":["GET"]}}],"collection":[{"href":"https:\/\/mostebglass.com\/tr\/wp-json\/wp\/v2\/product"}],"about":[{"href":"https:\/\/mostebglass.com\/tr\/wp-json\/wp\/v2\/types\/product"}],"wp:featuredmedia":[{"embeddable":true,"href":"https:\/\/mostebglass.com\/tr\/wp-json\/wp\/v2\/media\/5431"}],"wp:attachment":[{"href":"https:\/\/mostebglass.com\/tr\/wp-json\/wp\/v2\/media?parent=1523"}],"wp:term":[{"taxonomy":"product_brand","embeddable":true,"href":"https:\/\/mostebglass.com\/tr\/wp-json\/wp\/v2\/product_brand?post=1523"},{"taxonomy":"product_cat","embeddable":true,"href":"https:\/\/mostebglass.com\/tr\/wp-json\/wp\/v2\/product_cat?post=1523"},{"taxonomy":"product_tag","embeddable":true,"href":"https:\/\/mostebglass.com\/tr\/wp-json\/wp\/v2\/product_tag?post=1523"}],"curies":[{"name":"wp","href":"https:\/\/api.w.org\/{rel}","templated":true}]}}