{"id":1621,"date":"2025-09-11T11:39:16","date_gmt":"2025-09-11T03:39:16","guid":{"rendered":"https:\/\/mostebglass.com\/?post_type=product&#038;p=1621"},"modified":"2026-03-10T14:22:20","modified_gmt":"2026-03-10T06:22:20","slug":"clear-flower-bud-vases-with-thick-base-bulk","status":"publish","type":"product","link":"https:\/\/mostebglass.com\/tr\/clear-flower-bud-vases-with-thick-base-bulk\/","title":{"rendered":"Kal\u0131n Tabanl\u0131 \u015eeffaf \u00c7i\u00e7ek Tomurcu\u011fu Vazolar\u0131 (Toptan Sat\u0131\u015f)"},"content":{"rendered":"<p>Bu \u00e7i\u00e7ek tomurcu\u011fu vazolar\u0131, sade ve \u015f\u0131k bir tasar\u0131ma sahip olup, yuvarlak, yamuk ve k\u00fcresel olmak \u00fczere \u00fc\u00e7 farkl\u0131 \u015fekilde mevcuttur. \u015eeffaf kristal camdan \u00fcretilmi\u015f olup, sa\u011flam ve kal\u0131nla\u015ft\u0131r\u0131lm\u0131\u015f bir tabana sahiptir.<\/p>\n<h2>\u00dcr\u00fcn \u00d6zellikleri<\/h2>\n<ul>\n<li><strong>Y\u00fcksek \u015feffafl\u0131\u011fa sahip cam malzeme:<\/strong> Y\u00fcksek safl\u0131kta \u015feffaf camdan \u00fcretilmi\u015ftir; bu sayede \u00e7i\u00e7eklerin veya i\u00e7indeki s\u0131v\u0131n\u0131n g\u00f6r\u00fcnt\u00fcs\u00fc y\u00fcksek bir berrakl\u0131k seviyesine sahiptir ve hafif ve havadar bir \u015fekilde sunulur.<\/li>\n<li><strong>\u00c7e\u015fitli \u015fekiller:<\/strong> \u00dc\u00e7 farkl\u0131 \u015fekil mevcuttur: yuvarlak ve kal\u0131n, yamuk ve yuvarlak \u015fekiller. Bu \u015fekiller tek ba\u015f\u0131na veya birlikte kullan\u0131larak \u00e7ok \u00e7e\u015fitli mekan dekorasyon ihtiya\u00e7lar\u0131na uyum sa\u011flayabilir.<\/li>\n<li><strong>Kal\u0131nla\u015ft\u0131r\u0131lm\u0131\u015f taban tasar\u0131m\u0131:<\/strong> Bu iyile\u015ftirme, \u015fi\u015feye daha fazla denge sa\u011flamak amac\u0131yla yap\u0131lm\u0131\u015f olup, ayr\u0131ca \u015fi\u015fenin dokusu ve dayan\u0131kl\u0131l\u0131\u011f\u0131 da art\u0131r\u0131lm\u0131\u015ft\u0131r.<\/li>\n<\/ul>\n<h2><strong data-spm-anchor-id=\"5176.28103460.0.i16.29ab2e31arMQTt\">Temel \u00d6zellikler<\/strong><\/h2>\n<table style=\"border-collapse: collapse; width: 80%; margin-left: auto; margin-right: auto;\" border=\"0\" width=\"216\" cellspacing=\"0\" cellpadding=\"0\">\n<tbody>\n<tr style=\"height: 13.50pt;\">\n<td style=\"height: 13.5pt; width: 54pt; text-align: center;\" width=\"72\" height=\"18\">Stil<\/td>\n<td style=\"width: 54pt; text-align: center;\" width=\"72\">Boyutlar<\/td>\n<td style=\"width: 54pt; text-align: center;\" width=\"72\">Renk Se\u00e7enekleri<\/td>\n<\/tr>\n<tr style=\"height: 13.50pt;\">\n<td style=\"height: 13.5pt; text-align: center;\" height=\"18\">K\u00fc\u00e7\u00fck G\u00f6bekli Vazo<\/td>\n<td style=\"text-align: center;\">50 x 68 x 28 mm<\/td>\n<td class=\"et2\" style=\"text-align: center;\" rowspan=\"3\">Temizle veya \u00d6zel<\/td>\n<\/tr>\n<tr style=\"height: 13.50pt;\">\n<td style=\"height: 13.5pt; text-align: center;\" height=\"18\">Orta Boy Yurt Vazosu<\/td>\n<td style=\"text-align: center;\">70 x 76 x 33 mm<\/td>\n<\/tr>\n<tr style=\"height: 13.50pt;\">\n<td style=\"height: 13.5pt; text-align: center;\" height=\"18\">B\u00fcy\u00fck G\u00f6bekli Vazo<\/td>\n<td style=\"text-align: center;\">67 x 100 x 45 mm<\/td>\n<\/tr>\n<\/tbody>\n<\/table>\n<h2>Ba\u015far\u0131 \u00d6yk\u00fcs\u00fc: \u00c7okuluslu Bir Otel Zincirinin Standardizasyonu<\/h2>\n<p>Uluslararas\u0131 bir otel zinciri, \u00fc\u00e7 par\u00e7al\u0131 \u015feffaf cam vazo setimizi sipari\u015f ederek ayn\u0131 anda 20.000 adet sipari\u015f verdi. Bu b\u00fcy\u00fck taban, g\u00fcnl\u00fck temizlikte olu\u015fan tahribat\u0131 oran\u0131nda azaltt\u0131. \u015eeffaf g\u00f6vde her t\u00fcrl\u00fc dekorasyon stiline uyum sa\u011flad\u0131\u011f\u0131 i\u00e7in di\u011fer markalar\u0131n kullan\u0131m\u0131n\u0131 oran\u0131nda azaltt\u0131. Otel \u00e7ok memnun kald\u0131 ve \u00f6n\u00fcm\u00fczdeki 10 y\u0131l i\u00e7inde yap\u0131lacak tadilat ve geni\u015fletmeler i\u00e7in 500.000 adet daha vazo sipari\u015fi verdi.<\/p>\n<h2>Cam Vazolar Toplu Sipari\u015f ve \u00d6zelle\u015ftirme Alternatifleri<\/h2>\n<ul>\n<li>Taban Detaylar\u0131: A\u011f\u0131rl\u0131kl\u0131 taban\u0131n alt\u0131na hafif\u00e7e girintili bir halka veya e\u011fim eklemek, tasar\u0131ma daha estetik bir g\u00f6r\u00fcn\u00fcm kazand\u0131r\u0131r.<\/li>\n<li>Sap \u00c7e\u015fitleri: \u00c7e\u015fitli \u015fekillerdeki saplar\u0131n geni\u015fletilmi\u015f veya y\u00fcksek sap k\u0131s\u0131mlar\u0131nda yap\u0131lan k\u00fc\u00e7\u00fck de\u011fi\u015fiklikler, onlara farkl\u0131 seviyelerde g\u00f6vde deste\u011fi sa\u011flar.<\/li>\n<li>Montaj Se\u00e7enekleri: M\u00fc\u015fterilerin \u00fc\u00e7 par\u00e7al\u0131 bir seti \u00f6zelle\u015ftirebilece\u011fi daha fazla se\u00e7ene\u011fin katalo\u011fumuzda yer almas\u0131 gerekiyor.<\/li>\n<\/ul>","protected":false},"excerpt":{"rendered":"<p>Kal\u0131n tabanl\u0131, kristal berrakl\u0131\u011f\u0131nda camdan \u00fcretilmi\u015f \u015feffaf \u00e7i\u00e7ek tomurcu\u011fu vazolar\u0131. \u00c7i\u00e7ek\u00e7iler ve etkinlik dekorasyonu i\u00e7in m\u00fckemmel, dayan\u0131kl\u0131 cam vazolar. H\u0131zl\u0131 kargo.<\/p>","protected":false},"featured_media":1623,"template":"","meta":{"site-sidebar-layout":"default","site-content-layout":"","ast-site-content-layout":"default","site-content-style":"default","site-sidebar-style":"default","ast-global-header-display":"","ast-banner-title-visibility":"","ast-main-header-display":"","ast-hfb-above-header-display":"","ast-hfb-below-header-display":"","ast-hfb-mobile-header-display":"","site-post-title":"","ast-breadcrumbs-content":"","ast-featured-img":"","footer-sml-layout":"","theme-transparent-header-meta":"default","adv-header-id-meta":"","stick-header-meta":"","header-above-stick-meta":"","header-main-stick-meta":"","header-below-stick-meta":"","astra-migrate-meta-layouts":"set","ast-page-background-enabled":"default","ast-page-background-meta":{"desktop":{"background-color":"var(--ast-global-color-5)","background-image":"","background-repeat":"repeat","background-position":"center center","background-size":"auto","background-attachment":"scroll","background-type":"","background-media":"","overlay-type":"","overlay-color":"","overlay-opacity":"","overlay-gradient":""},"tablet":{"background-color":"","background-image":"","background-repeat":"repeat","background-position":"center center","background-size":"auto","background-attachment":"scroll","background-type":"","background-media":"","overlay-type":"","overlay-color":"","overlay-opacity":"","overlay-gradient":""},"mobile":{"background-color":"","background-image":"","background-repeat":"repeat","background-position":"center center","background-size":"auto","background-attachment":"scroll","background-type":"","background-media":"","overlay-type":"","overlay-color":"","overlay-opacity":"","overlay-gradient":""}},"ast-content-background-meta":{"desktop":{"background-color":"var(--ast-global-color-4)","background-image":"","background-repeat":"repeat","background-position":"center center","background-size":"auto","background-attachment":"scroll","background-type":"","background-media":"","overlay-type":"","overlay-color":"","overlay-opacity":"","overlay-gradient":""},"tablet":{"background-color":"var(--ast-global-color-4)","background-image":"","background-repeat":"repeat","background-position":"center center","background-size":"auto","background-attachment":"scroll","background-type":"","background-media":"","overlay-type":"","overlay-color":"","overlay-opacity":"","overlay-gradient":""},"mobile":{"background-color":"var(--ast-global-color-4)","background-image":"","background-repeat":"repeat","background-position":"center center","background-size":"auto","background-attachment":"scroll","background-type":"","background-media":"","overlay-type":"","overlay-color":"","overlay-opacity":"","overlay-gradient":""}}},"product_brand":[],"product_cat":[57,21],"product_tag":[],"class_list":{"0":"post-1621","1":"product","2":"type-product","3":"status-publish","4":"has-post-thumbnail","6":"product_cat-glass-vases","7":"product_cat-product","8":"desktop-align-left","9":"tablet-align-left","10":"mobile-align-left","12":"first","13":"instock","14":"shipping-taxable","15":"product-type-simple"},"jetpack_sharing_enabled":true,"_links":{"self":[{"href":"https:\/\/mostebglass.com\/tr\/wp-json\/wp\/v2\/product\/1621","targetHints":{"allow":["GET"]}}],"collection":[{"href":"https:\/\/mostebglass.com\/tr\/wp-json\/wp\/v2\/product"}],"about":[{"href":"https:\/\/mostebglass.com\/tr\/wp-json\/wp\/v2\/types\/product"}],"wp:featuredmedia":[{"embeddable":true,"href":"https:\/\/mostebglass.com\/tr\/wp-json\/wp\/v2\/media\/1623"}],"wp:attachment":[{"href":"https:\/\/mostebglass.com\/tr\/wp-json\/wp\/v2\/media?parent=1621"}],"wp:term":[{"taxonomy":"product_brand","embeddable":true,"href":"https:\/\/mostebglass.com\/tr\/wp-json\/wp\/v2\/product_brand?post=1621"},{"taxonomy":"product_cat","embeddable":true,"href":"https:\/\/mostebglass.com\/tr\/wp-json\/wp\/v2\/product_cat?post=1621"},{"taxonomy":"product_tag","embeddable":true,"href":"https:\/\/mostebglass.com\/tr\/wp-json\/wp\/v2\/product_tag?post=1621"}],"curies":[{"name":"wp","href":"https:\/\/api.w.org\/{rel}","templated":true}]}}