{"id":1761,"date":"2025-09-12T18:06:26","date_gmt":"2025-09-12T10:06:26","guid":{"rendered":"https:\/\/mostebglass.com\/?post_type=product&#038;p=1761"},"modified":"2026-03-03T16:42:27","modified_gmt":"2026-03-03T08:42:27","slug":"clear-apothecary-style-glass-vases-bulk","status":"publish","type":"product","link":"https:\/\/mostebglass.com\/tr\/clear-apothecary-style-glass-vases-bulk\/","title":{"rendered":"\u015eeffaf Eczac\u0131 Tarz\u0131 Cam Vazolar (Toptan)"},"content":{"rendered":"<p>Bu eczac\u0131 tarz\u0131 k\u00fc\u00e7\u00fck vazolar, sa\u011flam bir tabana ve p\u00fcr\u00fczs\u00fcz, geni\u015f bir boyuna sahip, ultra \u015feffaf kal\u0131nla\u015ft\u0131r\u0131lm\u0131\u015f camdan yap\u0131lm\u0131\u015ft\u0131r.<\/p>\n<h2>\u00dcr\u00fcn \u00d6zellikleri<\/h2>\n<ul>\n<li><strong>Y\u00fcksek Hassasiyetli Kal\u0131nla\u015ft\u0131r\u0131lm\u0131\u015f Cam:<\/strong> Bu tip vazolar, m\u00fckemmel \u015feffafl\u0131k ve dayan\u0131kl\u0131l\u0131k sa\u011flamak amac\u0131yla y\u00fcksek saydaml\u0131kta ve kal\u0131nla\u015ft\u0131r\u0131lm\u0131\u015f camdan \u00fcretilir.<\/li>\n<li><strong>\u00c7ift Boyutlu Tasar\u0131m:<\/strong> \u0130ki farkl\u0131 boyutta sunulmas\u0131, mevcut \u00e7i\u00e7ek malzemelerine ve alan gereksinimlerine ba\u011fl\u0131 olarak farkl\u0131 \u015fekillerde d\u00fczenlenmesine ve sergilenmesine olanak tan\u0131r.<\/li>\n<li><strong>\u00c7ok Ama\u00e7l\u0131 Uyarlanabilirlik:<\/strong> Bu vazolar, \u00e7i\u00e7ek buketlerini veya s\u0131v\u0131lar\u0131 sergilemek i\u00e7in tasarland\u0131klar\u0131 i\u00e7in evde, ofiste ve vitrin ortam\u0131nda kullan\u0131labilirler.<\/li>\n<\/ul>\n<h3><strong data-spm-anchor-id=\"5176.28103460.0.i15.29ab2e31VyCSpX\">Temel \u00d6zellikler<\/strong><\/h3>\n<table style=\"border-collapse: collapse; width: 80%; margin-left: auto; margin-right: auto;\" border=\"0\" width=\"216\" cellspacing=\"0\" cellpadding=\"0\">\n<tbody>\n<tr style=\"height: 13.50pt;\">\n<td style=\"height: 13.50pt; width: 54.00pt;\" width=\"72\" height=\"18\">\n<p style=\"text-align: center;\">Stil<\/p>\n<\/td>\n<td style=\"width: 54pt; text-align: center;\" width=\"72\">Boyutlar<\/td>\n<td style=\"width: 54pt; text-align: center;\" width=\"72\">Renk Se\u00e7enekleri<\/td>\n<\/tr>\n<tr style=\"height: 13.50pt;\">\n<td style=\"height: 13.5pt; text-align: center;\" height=\"18\">K\u0131sa G\u00f6bekli Vazo<\/td>\n<td style=\"text-align: center;\">51 x 70 x 28 mm<\/td>\n<td class=\"et2\" style=\"text-align: center;\" rowspan=\"2\">Temizle, \u00d6zel<\/td>\n<\/tr>\n<tr style=\"height: 13.50pt;\">\n<td style=\"height: 13.5pt; text-align: center;\" height=\"18\">Uzun G\u00f6bekli Vazo<\/td>\n<td style=\"text-align: center;\">60 x 132 x 38 mm<\/td>\n<\/tr>\n<\/tbody>\n<\/table>\n<h2>Ba\u015far\u0131 \u00d6yk\u00fcs\u00fc<\/h2>\n<p>\u0130sve\u00e7&#039;in tan\u0131nm\u0131\u015f ev dekorasyon markalar\u0131ndan biri, kal\u0131n ve d\u00fcz a\u011f\u0131zl\u0131 tasar\u0131m\u0131yla eczac\u0131 vazolar\u0131 olarak tasarlanan cam eczac\u0131 vazolar\u0131m\u0131z\u0131 sipari\u015f etti. Sade \u00e7izgiler, te\u015fhir etkisini oran\u0131nda art\u0131r\u0131rken, tek sapl\u0131 \u00e7i\u00e7ekler, kuru \u00e7i\u00e7ekler ve s\u0131v\u0131lar\u0131 sergilemek i\u00e7in kullan\u0131lan vazolar\u0131n \u00e7ok y\u00f6nl\u00fcl\u00fc\u011f\u00fc, m\u00fc\u015fterilerin sat\u0131n al\u0131mlar\u0131n\u0131 oran\u0131nda art\u0131rd\u0131. Piyasadaki bu performans\u0131 g\u00f6z \u00f6n\u00fcnde bulunduran marka, k\u00fcresel toptan pazardaki arz\u0131n\u0131 art\u0131rmak i\u00e7in 370.000 adet daha vazo sipari\u015fi verdi.<\/p>\n<h2><a href=\"https:\/\/mostebglass.com\/tr\/cam-mum-kavanozlari\/\"><img fetchpriority=\"high\" decoding=\"async\" class=\"wp-image-4184 aligncenter\" src=\"https:\/\/mostebglass.com\/wp-content\/uploads\/2025\/09\/glass-vases-bulk-with-reed.webp\" alt=\"cam vazolar toplu\" width=\"500\" height=\"386\" srcset=\"https:\/\/mostebglass.com\/wp-content\/uploads\/2025\/09\/glass-vases-bulk-with-reed.webp 1024w, https:\/\/mostebglass.com\/wp-content\/uploads\/2025\/09\/glass-vases-bulk-with-reed-768x593.webp 768w, https:\/\/mostebglass.com\/wp-content\/uploads\/2025\/09\/glass-vases-bulk-with-reed-16x12.webp 16w, https:\/\/mostebglass.com\/wp-content\/uploads\/2025\/09\/glass-vases-bulk-with-reed-600x463.webp 600w\" sizes=\"(max-width: 500px) 100vw, 500px\" \/><\/a>Toplu Cam Vazo Sipari\u015finde Ki\u015fiselle\u015ftirme<\/h2>\n<ol>\n<li><strong>Bloom&#039;a \u00f6zel vazo seti: <\/strong>\u00c7i\u00e7ek t\u00fcrlerine g\u00f6re cam malzemeleri e\u015fle\u015ftirin: \u00c7i\u00e7ek tomurcuklar\u0131 i\u00e7in tomurcuk vazo, \u00e7i\u00e7ek-k\u00f6k \u00e7i\u00e7ek aranjmanlar\u0131 i\u00e7in uzun g\u00f6bek. \u00d6rnek: D\u00fc\u011f\u00fcn tak\u0131mlar\u0131 i\u00e7in zambakl\u0131 \u00e7ift mavi ve beyaz cam vazolar toptan.<\/li>\n<li><strong>Tatil s\u0131n\u0131rl\u0131 say\u0131da \u00fcretim: <\/strong>Noel i\u00e7in mevsimlik cam vazolar, \u015f\u00fckran g\u00fcn\u00fc i\u00e7in beyaz, ada\u00e7ay\u0131 tonlar\u0131nda b\u00fcy\u00fck vazolar olu\u015fturur.<\/li>\n<\/ol>","protected":false},"excerpt":{"rendered":"<p>Kal\u0131n tabanl\u0131 ve geni\u015f a\u011f\u0131zl\u0131, eczac\u0131 tarz\u0131 cam vazolar. \u00c7i\u00e7ek veya s\u0131v\u0131 sergilemek i\u00e7in kristal berrakl\u0131\u011f\u0131nda cam vazolar. H\u0131zl\u0131 kargo deste\u011fi.<\/p>","protected":false},"featured_media":2721,"template":"","meta":{"site-sidebar-layout":"default","site-content-layout":"","ast-site-content-layout":"default","site-content-style":"default","site-sidebar-style":"default","ast-global-header-display":"","ast-banner-title-visibility":"","ast-main-header-display":"","ast-hfb-above-header-display":"","ast-hfb-below-header-display":"","ast-hfb-mobile-header-display":"","site-post-title":"","ast-breadcrumbs-content":"","ast-featured-img":"","footer-sml-layout":"","theme-transparent-header-meta":"default","adv-header-id-meta":"","stick-header-meta":"","header-above-stick-meta":"","header-main-stick-meta":"","header-below-stick-meta":"","astra-migrate-meta-layouts":"set","ast-page-background-enabled":"default","ast-page-background-meta":{"desktop":{"background-color":"var(--ast-global-color-5)","background-image":"","background-repeat":"repeat","background-position":"center center","background-size":"auto","background-attachment":"scroll","background-type":"","background-media":"","overlay-type":"","overlay-color":"","overlay-opacity":"","overlay-gradient":""},"tablet":{"background-color":"","background-image":"","background-repeat":"repeat","background-position":"center center","background-size":"auto","background-attachment":"scroll","background-type":"","background-media":"","overlay-type":"","overlay-color":"","overlay-opacity":"","overlay-gradient":""},"mobile":{"background-color":"","background-image":"","background-repeat":"repeat","background-position":"center center","background-size":"auto","background-attachment":"scroll","background-type":"","background-media":"","overlay-type":"","overlay-color":"","overlay-opacity":"","overlay-gradient":""}},"ast-content-background-meta":{"desktop":{"background-color":"var(--ast-global-color-4)","background-image":"","background-repeat":"repeat","background-position":"center center","background-size":"auto","background-attachment":"scroll","background-type":"","background-media":"","overlay-type":"","overlay-color":"","overlay-opacity":"","overlay-gradient":""},"tablet":{"background-color":"var(--ast-global-color-4)","background-image":"","background-repeat":"repeat","background-position":"center center","background-size":"auto","background-attachment":"scroll","background-type":"","background-media":"","overlay-type":"","overlay-color":"","overlay-opacity":"","overlay-gradient":""},"mobile":{"background-color":"var(--ast-global-color-4)","background-image":"","background-repeat":"repeat","background-position":"center center","background-size":"auto","background-attachment":"scroll","background-type":"","background-media":"","overlay-type":"","overlay-color":"","overlay-opacity":"","overlay-gradient":""}}},"product_brand":[],"product_cat":[21,57],"product_tag":[],"class_list":{"0":"post-1761","1":"product","2":"type-product","3":"status-publish","4":"has-post-thumbnail","6":"product_cat-product","7":"product_cat-glass-vases","8":"desktop-align-left","9":"tablet-align-left","10":"mobile-align-left","12":"first","13":"instock","14":"shipping-taxable","15":"product-type-simple"},"jetpack_sharing_enabled":true,"_links":{"self":[{"href":"https:\/\/mostebglass.com\/tr\/wp-json\/wp\/v2\/product\/1761","targetHints":{"allow":["GET"]}}],"collection":[{"href":"https:\/\/mostebglass.com\/tr\/wp-json\/wp\/v2\/product"}],"about":[{"href":"https:\/\/mostebglass.com\/tr\/wp-json\/wp\/v2\/types\/product"}],"wp:featuredmedia":[{"embeddable":true,"href":"https:\/\/mostebglass.com\/tr\/wp-json\/wp\/v2\/media\/2721"}],"wp:attachment":[{"href":"https:\/\/mostebglass.com\/tr\/wp-json\/wp\/v2\/media?parent=1761"}],"wp:term":[{"taxonomy":"product_brand","embeddable":true,"href":"https:\/\/mostebglass.com\/tr\/wp-json\/wp\/v2\/product_brand?post=1761"},{"taxonomy":"product_cat","embeddable":true,"href":"https:\/\/mostebglass.com\/tr\/wp-json\/wp\/v2\/product_cat?post=1761"},{"taxonomy":"product_tag","embeddable":true,"href":"https:\/\/mostebglass.com\/tr\/wp-json\/wp\/v2\/product_tag?post=1761"}],"curies":[{"name":"wp","href":"https:\/\/api.w.org\/{rel}","templated":true}]}}