{"id":1839,"date":"2025-09-16T17:21:12","date_gmt":"2025-09-16T09:21:12","guid":{"rendered":"https:\/\/mostebglass.com\/?post_type=product&#038;p=1839"},"modified":"2026-03-10T15:14:15","modified_gmt":"2026-03-10T07:14:15","slug":"clear-embossed-glass-bud-vases-bulk","status":"publish","type":"product","link":"https:\/\/mostebglass.com\/tr\/clear-embossed-glass-bud-vases-bulk\/","title":{"rendered":"\u015eeffaf Kabartmal\u0131 Cam K\u00fc\u00e7\u00fck \u00c7i\u00e7ek Vazolar\u0131 (Toptan)"},"content":{"rendered":"<p>Bu cam k\u00fc\u00e7\u00fck vazolar, elmas desenli ve dikey oluklar gibi cesur geometrik kabartma tasar\u0131mlar\u0131yla s\u00fcslenmi\u015ftir ve \u00fc\u00e7 farkl\u0131 stilde mevcuttur, bu da muhte\u015fem bir etki yarat\u0131r.<\/p>\n<h2>\u00dcr\u00fcn \u00f6zellikleri<\/h2>\n<ul>\n<li><strong>\u00d6zenle El \u0130\u015f\u00e7ili\u011fiyle Haz\u0131rlanm\u0131\u015f Tasar\u0131mlar:<\/strong> \u00dc\u00e7 farkl\u0131 kabartma deseni, \u00e7i\u00e7eklere g\u00fc\u00e7l\u00fc bir doku, \u0131\u015f\u0131k ve g\u00f6lge efekti ve eski zamanlara ait bir hava kat\u0131yor.<\/li>\n<li><strong>G\u00fc\u00e7l\u00fc ve istikrarl\u0131 temel:<\/strong> Vazolar\u0131n hepsinin a\u011f\u0131r ve d\u00fcz bir taban\u0131 var; bu sayede tabana asimetrik \u00e7i\u00e7ekler konuldu\u011funda bile devrilmeleri \u00f6nleniyor.<\/li>\n<li><strong>\u015e\u0131k Trompet \u015eeklinde Sap:<\/strong> Boyun k\u0131sm\u0131n\u0131n yap\u0131s\u0131, \u00e7i\u00e7eklerin saplar\u0131n\u0131 desteklemek ve ayn\u0131 zamanda muhte\u015fem bir g\u00f6r\u00fcn\u00fcm yaratmak i\u00e7in kullan\u0131\u015fl\u0131d\u0131r.<\/li>\n<\/ul>\n<h3><strong data-spm-anchor-id=\"5176.28103460.0.i12.2fc72e31pE2N38\">Temel \u00d6zellikler<\/strong><\/h3>\n<table style=\"border-collapse: collapse; width: 80%; margin-left: auto; margin-right: auto;\" border=\"0\" width=\"288\" cellspacing=\"0\" cellpadding=\"0\">\n<tbody>\n<tr style=\"height: 13.50pt;\">\n<td style=\"height: 13.5pt; width: 54pt; text-align: center;\" width=\"72\" height=\"18\">Stil<\/td>\n<td style=\"width: 54pt; text-align: center;\" width=\"72\">Boyutlar<\/td>\n<td style=\"width: 54pt; text-align: center;\" width=\"72\">Malzeme<\/td>\n<td style=\"width: 54pt; text-align: center;\" width=\"72\">Renk Se\u00e7enekleri<\/td>\n<\/tr>\n<tr style=\"height: 13.50pt;\">\n<td style=\"height: 13.5pt; text-align: center;\" height=\"18\">Kabartmal\u0131<\/td>\n<td style=\"text-align: center;\">55 x 100 x 35 mm<\/td>\n<td class=\"et2\" style=\"text-align: center;\" rowspan=\"3\">Bardak<\/td>\n<td class=\"et2\" style=\"text-align: center;\" rowspan=\"3\">Temizle, \u00d6zel<\/td>\n<\/tr>\n<tr style=\"height: 13.50pt;\">\n<td style=\"height: 13.5pt; text-align: center;\" height=\"18\">Petek<\/td>\n<td style=\"text-align: center;\">60 x 100 x 45 mm<\/td>\n<\/tr>\n<tr style=\"height: 13.50pt;\">\n<td style=\"height: 13.5pt; text-align: center;\" height=\"18\">\u0130nce Kaburga<\/td>\n<td style=\"text-align: center;\">55 x 130 x 35 mm<\/td>\n<\/tr>\n<\/tbody>\n<\/table>\n<h2>Ba\u015far\u0131 \u00d6yk\u00fcs\u00fc: L\u00fcks Otel Grubunun Toplu Sipari\u015fi<\/h2>\n<p>Uzun ve elmas desenli cam k\u00fc\u00e7\u00fck vazolar\u0131m\u0131z, tan\u0131nm\u0131\u015f bir uluslararas\u0131 otel zinciri taraf\u0131ndan tercih edildi. Bu vazolar ola\u011fan\u00fcst\u00fc bir de\u011fer sa\u011flad\u0131: Konuklar\u0131n oda g\u00f6r\u00fcn\u00fcm\u00fcnden duyduklar\u0131 memnuniyet d\u00fczeyinin artt\u0131\u011f\u0131 belirtildi. Tekd\u00fcze ve zarif g\u00f6r\u00fcn\u00fcm, t\u00fcm markalar\u0131nda \u00e7i\u00e7ek d\u00fczenlemelerini homojenle\u015ftirmelerini ve tedarik\u00e7i giderlerini oran\u0131nda azaltmalar\u0131n\u0131 sa\u011flad\u0131. Otel grubu etkilendi ve bu nedenle yeni otelleri s\u00fcslemek ve stoklar\u0131n\u0131 yenilemek i\u00e7in 75.000 vazo daha sipari\u015f etti.<\/p>\n<h2>Cam Tomurcuk Vazolar\u0131 Ki\u015fiselle\u015ftirme<\/h2>\n<ul>\n<li>Metalik Parlakl\u0131k: Detaylar\u0131 ortaya \u00e7\u0131karmak i\u00e7in kabartmal\u0131 oluklara \u00e7ok ince bir metalik parlakl\u0131k tabakas\u0131 (alt\u0131n, bak\u0131r) ekleyin.<\/li>\n<li>Boyut ve Oran: Ayn\u0131 dokulu tasar\u0131m\u0131 daha b\u00fcy\u00fck ve dikkat \u00e7ekici vazolar veya daha k\u00fc\u00e7\u00fck mini mumluk vazolar i\u00e7in kullanabilirsiniz.<\/li>\n<li>Boyun ve A\u011f\u0131z Tasar\u0131m\u0131: A\u011f\u0131z a\u00e7\u0131s\u0131n\u0131 de\u011fi\u015ftirin; daha hafif buketler a\u00e7\u0131k a\u011f\u0131zl\u0131 olmal\u0131, daha s\u0131k\u0131 a\u011f\u0131zl\u0131 buketler de a\u00e7\u0131k a\u011f\u0131zl\u0131 olmal\u0131d\u0131r.<\/li>\n<\/ul>","protected":false},"excerpt":{"rendered":"<p>Kabartma detayl\u0131 ve sa\u011flam tabanl\u0131 klasik cam k\u00fc\u00e7\u00fck vazo seti. \u00c7i\u00e7ekler, kuru saplar veya dekoratif aksesuarlar i\u00e7in uygun, \u00e7ok y\u00f6nl\u00fc k\u00fc\u00e7\u00fck vazo seti. \u00d6zel sipari\u015f se\u00e7enekleri mevcuttur.<\/p>","protected":false},"featured_media":1840,"template":"","meta":{"site-sidebar-layout":"default","site-content-layout":"","ast-site-content-layout":"default","site-content-style":"default","site-sidebar-style":"default","ast-global-header-display":"","ast-banner-title-visibility":"","ast-main-header-display":"","ast-hfb-above-header-display":"","ast-hfb-below-header-display":"","ast-hfb-mobile-header-display":"","site-post-title":"","ast-breadcrumbs-content":"","ast-featured-img":"","footer-sml-layout":"","theme-transparent-header-meta":"default","adv-header-id-meta":"","stick-header-meta":"","header-above-stick-meta":"","header-main-stick-meta":"","header-below-stick-meta":"","astra-migrate-meta-layouts":"set","ast-page-background-enabled":"default","ast-page-background-meta":{"desktop":{"background-color":"var(--ast-global-color-5)","background-image":"","background-repeat":"repeat","background-position":"center center","background-size":"auto","background-attachment":"scroll","background-type":"","background-media":"","overlay-type":"","overlay-color":"","overlay-opacity":"","overlay-gradient":""},"tablet":{"background-color":"","background-image":"","background-repeat":"repeat","background-position":"center center","background-size":"auto","background-attachment":"scroll","background-type":"","background-media":"","overlay-type":"","overlay-color":"","overlay-opacity":"","overlay-gradient":""},"mobile":{"background-color":"","background-image":"","background-repeat":"repeat","background-position":"center center","background-size":"auto","background-attachment":"scroll","background-type":"","background-media":"","overlay-type":"","overlay-color":"","overlay-opacity":"","overlay-gradient":""}},"ast-content-background-meta":{"desktop":{"background-color":"var(--ast-global-color-4)","background-image":"","background-repeat":"repeat","background-position":"center center","background-size":"auto","background-attachment":"scroll","background-type":"","background-media":"","overlay-type":"","overlay-color":"","overlay-opacity":"","overlay-gradient":""},"tablet":{"background-color":"var(--ast-global-color-4)","background-image":"","background-repeat":"repeat","background-position":"center center","background-size":"auto","background-attachment":"scroll","background-type":"","background-media":"","overlay-type":"","overlay-color":"","overlay-opacity":"","overlay-gradient":""},"mobile":{"background-color":"var(--ast-global-color-4)","background-image":"","background-repeat":"repeat","background-position":"center center","background-size":"auto","background-attachment":"scroll","background-type":"","background-media":"","overlay-type":"","overlay-color":"","overlay-opacity":"","overlay-gradient":""}}},"product_brand":[],"product_cat":[57,21],"product_tag":[],"class_list":{"0":"post-1839","1":"product","2":"type-product","3":"status-publish","4":"has-post-thumbnail","6":"product_cat-glass-vases","7":"product_cat-product","8":"desktop-align-left","9":"tablet-align-left","10":"mobile-align-left","12":"first","13":"instock","14":"shipping-taxable","15":"product-type-simple"},"jetpack_sharing_enabled":true,"_links":{"self":[{"href":"https:\/\/mostebglass.com\/tr\/wp-json\/wp\/v2\/product\/1839","targetHints":{"allow":["GET"]}}],"collection":[{"href":"https:\/\/mostebglass.com\/tr\/wp-json\/wp\/v2\/product"}],"about":[{"href":"https:\/\/mostebglass.com\/tr\/wp-json\/wp\/v2\/types\/product"}],"wp:featuredmedia":[{"embeddable":true,"href":"https:\/\/mostebglass.com\/tr\/wp-json\/wp\/v2\/media\/1840"}],"wp:attachment":[{"href":"https:\/\/mostebglass.com\/tr\/wp-json\/wp\/v2\/media?parent=1839"}],"wp:term":[{"taxonomy":"product_brand","embeddable":true,"href":"https:\/\/mostebglass.com\/tr\/wp-json\/wp\/v2\/product_brand?post=1839"},{"taxonomy":"product_cat","embeddable":true,"href":"https:\/\/mostebglass.com\/tr\/wp-json\/wp\/v2\/product_cat?post=1839"},{"taxonomy":"product_tag","embeddable":true,"href":"https:\/\/mostebglass.com\/tr\/wp-json\/wp\/v2\/product_tag?post=1839"}],"curies":[{"name":"wp","href":"https:\/\/api.w.org\/{rel}","templated":true}]}}