{"id":1963,"date":"2025-09-17T15:40:15","date_gmt":"2025-09-17T07:40:15","guid":{"rendered":"https:\/\/mostebglass.com\/?post_type=product&#038;p=1963"},"modified":"2026-01-27T14:32:53","modified_gmt":"2026-01-27T06:32:53","slug":"wholesale-cylinder-bud-vases-hurricane-glass-candle-holder-set-of-3","status":"publish","type":"product","link":"https:\/\/mostebglass.com\/tr\/wholesale-cylinder-bud-vases-hurricane-glass-candle-holder-set-of-3\/","title":{"rendered":"Toptan Silindir \u015eeklinde K\u00fc\u00e7\u00fck \u00c7i\u00e7ek Vazolar\u0131 \u2013 Kas\u0131rga Cam Mumluk Seti (3 Adet)"},"content":{"rendered":"<p>Bunlar, y\u00fcksek borosilikat camdan yap\u0131lm\u0131\u015f ve mini vazo veya mumluk olarak kullan\u0131lan \u00fc\u00e7 adet \u015feffaf cam tomurcuk vazosudur. \u00dc\u00e7 eser de ayn\u0131 \u015fekle sahip, silindirik olup 5 cm \u00e7ap\u0131nda ve 7 cm, 10 cm ve 15 cm y\u00fcksekliklerindedir ve kademeli bir g\u00f6rsel kompozisyon olu\u015ftururlar.<\/p>\n<p>\u015eeffaf ve renksiz, p\u00fcr\u00fczs\u00fcz ve d\u00fcz kenarl\u0131, d\u00fcz ve sa\u011flam bir taban y\u00fczeyine sahip bir cam t\u00fcr\u00fcd\u00fcr. Kenarlar\u0131 \u015feffaf ve d\u00fczg\u00fcnce cilalanm\u0131\u015ft\u0131r, bu da minimalist ve modern bir g\u00f6r\u00fcn\u00fcm kazand\u0131r\u0131r. Kaplar ayr\u0131ca \u00e7ok \u015feffaf ve hafiftir ve camdaki y\u00fcksek silika i\u00e7eri\u011fi sayesinde \u0131s\u0131ya ve termal \u015foka kar\u015f\u0131 \u00e7ok iyi diren\u00e7 g\u00f6sterir; bu da onlar\u0131 mumlar ve taze veya kuru \u00e7i\u00e7ek aranjmanlar\u0131nda kullan\u0131ma uygun hale getirir.<\/p>\n<figure id=\"attachment_4198\" aria-describedby=\"caption-attachment-4198\" style=\"width: 500px\" class=\"wp-caption aligncenter\"><img fetchpriority=\"high\" decoding=\"async\" class=\"wp-image-4198\" src=\"https:\/\/mostebglass.com\/wp-content\/uploads\/2025\/09\/Borosilicate-GlassBud-Vases-and-Candle-Holders.webp\" alt=\"Borosilikat Camdan Tomurcuk Vazolar ve Mumluklar\" width=\"500\" height=\"500\" srcset=\"https:\/\/mostebglass.com\/wp-content\/uploads\/2025\/09\/Borosilicate-GlassBud-Vases-and-Candle-Holders.webp 1024w, https:\/\/mostebglass.com\/wp-content\/uploads\/2025\/09\/Borosilicate-GlassBud-Vases-and-Candle-Holders-768x768.webp 768w, https:\/\/mostebglass.com\/wp-content\/uploads\/2025\/09\/Borosilicate-GlassBud-Vases-and-Candle-Holders-12x12.webp 12w, https:\/\/mostebglass.com\/wp-content\/uploads\/2025\/09\/Borosilicate-GlassBud-Vases-and-Candle-Holders-300x300.webp 300w, https:\/\/mostebglass.com\/wp-content\/uploads\/2025\/09\/Borosilicate-GlassBud-Vases-and-Candle-Holders-600x600.webp 600w, https:\/\/mostebglass.com\/wp-content\/uploads\/2025\/09\/Borosilicate-GlassBud-Vases-and-Candle-Holders-100x100.webp 100w\" sizes=\"(max-width: 500px) 100vw, 500px\" \/><figcaption id=\"caption-attachment-4198\" class=\"wp-caption-text\">Borosilikat Camdan Tomurcuk Vazolar ve Mumluklar<\/figcaption><\/figure>\n<h2>Temel \u00d6zellikler<\/h2>\n<table style=\"border-collapse: collapse; margin-left: auto; margin-right: auto; width: 80%;\" border=\"0\" width=\"80%\" cellspacing=\"0\" cellpadding=\"0\">\n<tbody>\n<tr style=\"height: 13.50pt;\">\n<td style=\"height: 13.50pt; width: 69.75pt;\" width=\"93\" height=\"18\">\u00d6zellik<\/td>\n<td style=\"width: 190.50pt;\" width=\"254\">Detay<\/td>\n<\/tr>\n<tr style=\"height: 13.50pt;\">\n<td style=\"height: 13.50pt;\" height=\"18\">\u015eekil<\/td>\n<td>D\u00fcz silindir<\/td>\n<\/tr>\n<tr style=\"height: 13.50pt;\">\n<td style=\"height: 13.50pt;\" height=\"18\">Malzeme<\/td>\n<td>Borosilikat cam<\/td>\n<\/tr>\n<tr style=\"height: 13.50pt;\">\n<td style=\"height: 13.50pt;\" height=\"18\">\u00c7ap<\/td>\n<td>5 cm (\u00fc\u00e7\u00fcn\u00fcn hepsi)<\/td>\n<\/tr>\n<tr style=\"height: 13.50pt;\">\n<td style=\"height: 13.50pt;\" height=\"18\">Y\u00fckseklikler<\/td>\n<td>7 cm, 10 cm, 15 cm<\/td>\n<\/tr>\n<tr style=\"height: 13.50pt;\">\n<td style=\"height: 13.50pt;\" height=\"18\">Kapasiteler<\/td>\n<td>135 ml, 195 ml, 295 ml<\/td>\n<\/tr>\n<tr style=\"height: 13.50pt;\">\n<td style=\"height: 13.50pt;\" height=\"18\">Tip<\/td>\n<td>Tomurcuk vazosu, \u00e7i\u00e7ek vazosu<\/td>\n<\/tr>\n<tr style=\"height: 13.50pt;\">\n<td style=\"height: 13.50pt;\" height=\"18\">Stil<\/td>\n<td>Modern, minimalist<\/td>\n<\/tr>\n<tr style=\"height: 13.50pt;\">\n<td style=\"height: 13.50pt;\" height=\"18\">Kullanmak<\/td>\n<td>Tek g\u00f6vde, k\u00fc\u00e7\u00fck d\u00fczenleme<\/td>\n<\/tr>\n<\/tbody>\n<\/table>\n<h2>Ger\u00e7ek D\u00fcnya Ba\u015far\u0131s\u0131: Butik Otel Tasar\u0131m\u0131<\/h2>\n<p>Bir ya\u015fam tarz\u0131 oteli, konuk odalar\u0131n\u0131 yenilemek istiyordu. D\u00fc\u015f\u00fck maliyetli ama etkileyici bir \u015feye ihtiya\u00e7lar\u0131 vard\u0131. Vazo setini komodinlerin \u00fczerine yerle\u015ftirmeyi \u00f6nerdik; her biri farkl\u0131 bir yapay sapa sahipti: okalipt\u00fcs, lavanta ve zeytin. Sonu\u00e7? Konuklar \u00f6zenle se\u00e7ilmi\u015f hissiyat\u0131 \u00e7ok be\u011fendi. Kat hizmetleri, vazolar\u0131n bak\u0131m\u0131n\u0131n kolay oldu\u011funu fark etti. Otel daha sonra vazolar\u0131 hediyelik e\u015fya d\u00fckkan\u0131na ekledi ve sat\u0131\u015flar alt\u0131 haftada artt\u0131.<\/p>\n<h2>\u00d6zelle\u015ftirme Fikirleri<\/h2>\n<p>Bu tasar\u0131m\u0131n \u00f6ne \u00e7\u0131kmas\u0131n\u0131 m\u0131 istiyorsunuz? Ambalaj gerektirmeyen \u015fu ince ayarlar\u0131 deneyin:<\/p>\n<ul>\n<li>Yumu\u015fak bir e\u011fri ekleyin \u2013 D\u00fcz duvarlar\u0131 hafif kum saati \u015fekliyle de\u011fi\u015ftirin.<\/li>\n<li>Kaburga dokusu ekleyin \u2013 Dikey kaburgalar \u0131\u015f\u0131\u011f\u0131 yakalar ve tutu\u015fu art\u0131r\u0131r.<\/li>\n<li>Cam\u0131 renklendirin \u2013 Yumu\u015fak kehribar, gri veya mavi s\u0131cakl\u0131k veya derinlik katar.<\/li>\n<li>K\u00fc\u00e7\u00fck bir desen kaz\u0131y\u0131n \u2013 Alt k\u0131sma yak\u0131n bir nokta \u0131zgaras\u0131 veya dalga, ince ayr\u0131nt\u0131lar ekler.<\/li>\n<\/ul>\n<p>\u00d6zetle, bu k\u00fc\u00e7\u00fck vazolar\u0131n genel g\u00f6r\u00fcn\u00fcm\u00fc, hem dayan\u0131kl\u0131l\u0131klar\u0131 a\u00e7\u0131s\u0131ndan i\u015flevsel hem de dekoratif bir obje veya pratik bir ara\u00e7 olarak kullan\u0131labilecek temiz ve \u00e7ok y\u00f6nl\u00fc bir esteti\u011fe sahip nesnelerin geleneksel oranlar\u0131yla sade ve sofistike bir tarz\u0131n birle\u015fimidir.<\/p>","protected":false},"excerpt":{"rendered":"<p data-pm-slice=\"1 1 []\">\u00c7ap\u0131 d\u00fczg\u00fcn, y\u00fcksekli\u011fi de\u011fi\u015fken borosilikat camdan \u00fcretilmi\u015f k\u00fc\u00e7\u00fck vazo. Ayr\u0131ca mumluk olarak da kullan\u0131labilen bu vazolar, markalar, toptanc\u0131lar ve \u00f6zel projeler i\u00e7in sade bir tasar\u0131ma sahiptir.<\/p>","protected":false},"featured_media":1995,"template":"","meta":{"site-sidebar-layout":"default","site-content-layout":"","ast-site-content-layout":"default","site-content-style":"default","site-sidebar-style":"default","ast-global-header-display":"","ast-banner-title-visibility":"","ast-main-header-display":"","ast-hfb-above-header-display":"","ast-hfb-below-header-display":"","ast-hfb-mobile-header-display":"","site-post-title":"","ast-breadcrumbs-content":"","ast-featured-img":"","footer-sml-layout":"","theme-transparent-header-meta":"default","adv-header-id-meta":"","stick-header-meta":"","header-above-stick-meta":"","header-main-stick-meta":"","header-below-stick-meta":"","astra-migrate-meta-layouts":"set","ast-page-background-enabled":"default","ast-page-background-meta":{"desktop":{"background-color":"var(--ast-global-color-5)","background-image":"","background-repeat":"repeat","background-position":"center center","background-size":"auto","background-attachment":"scroll","background-type":"","background-media":"","overlay-type":"","overlay-color":"","overlay-opacity":"","overlay-gradient":""},"tablet":{"background-color":"","background-image":"","background-repeat":"repeat","background-position":"center center","background-size":"auto","background-attachment":"scroll","background-type":"","background-media":"","overlay-type":"","overlay-color":"","overlay-opacity":"","overlay-gradient":""},"mobile":{"background-color":"","background-image":"","background-repeat":"repeat","background-position":"center center","background-size":"auto","background-attachment":"scroll","background-type":"","background-media":"","overlay-type":"","overlay-color":"","overlay-opacity":"","overlay-gradient":""}},"ast-content-background-meta":{"desktop":{"background-color":"var(--ast-global-color-4)","background-image":"","background-repeat":"repeat","background-position":"center center","background-size":"auto","background-attachment":"scroll","background-type":"","background-media":"","overlay-type":"","overlay-color":"","overlay-opacity":"","overlay-gradient":""},"tablet":{"background-color":"var(--ast-global-color-4)","background-image":"","background-repeat":"repeat","background-position":"center center","background-size":"auto","background-attachment":"scroll","background-type":"","background-media":"","overlay-type":"","overlay-color":"","overlay-opacity":"","overlay-gradient":""},"mobile":{"background-color":"var(--ast-global-color-4)","background-image":"","background-repeat":"repeat","background-position":"center center","background-size":"auto","background-attachment":"scroll","background-type":"","background-media":"","overlay-type":"","overlay-color":"","overlay-opacity":"","overlay-gradient":""}}},"product_brand":[],"product_cat":[57,21],"product_tag":[],"class_list":{"0":"post-1963","1":"product","2":"type-product","3":"status-publish","4":"has-post-thumbnail","6":"product_cat-glass-vases","7":"product_cat-product","8":"desktop-align-left","9":"tablet-align-left","10":"mobile-align-left","12":"first","13":"instock","14":"shipping-taxable","15":"product-type-simple"},"jetpack_sharing_enabled":true,"_links":{"self":[{"href":"https:\/\/mostebglass.com\/tr\/wp-json\/wp\/v2\/product\/1963","targetHints":{"allow":["GET"]}}],"collection":[{"href":"https:\/\/mostebglass.com\/tr\/wp-json\/wp\/v2\/product"}],"about":[{"href":"https:\/\/mostebglass.com\/tr\/wp-json\/wp\/v2\/types\/product"}],"wp:featuredmedia":[{"embeddable":true,"href":"https:\/\/mostebglass.com\/tr\/wp-json\/wp\/v2\/media\/1995"}],"wp:attachment":[{"href":"https:\/\/mostebglass.com\/tr\/wp-json\/wp\/v2\/media?parent=1963"}],"wp:term":[{"taxonomy":"product_brand","embeddable":true,"href":"https:\/\/mostebglass.com\/tr\/wp-json\/wp\/v2\/product_brand?post=1963"},{"taxonomy":"product_cat","embeddable":true,"href":"https:\/\/mostebglass.com\/tr\/wp-json\/wp\/v2\/product_cat?post=1963"},{"taxonomy":"product_tag","embeddable":true,"href":"https:\/\/mostebglass.com\/tr\/wp-json\/wp\/v2\/product_tag?post=1963"}],"curies":[{"name":"wp","href":"https:\/\/api.w.org\/{rel}","templated":true}]}}