{"id":2037,"date":"2025-09-18T15:53:19","date_gmt":"2025-09-18T07:53:19","guid":{"rendered":"https:\/\/mostebglass.com\/?post_type=product&#038;p=2037"},"modified":"2026-03-04T17:07:28","modified_gmt":"2026-03-04T09:07:28","slug":"toptan-kavisli-ust-kismi-olan-silindirik-seffaf-cam-tomurcuk-vazo","status":"publish","type":"product","link":"https:\/\/mostebglass.com\/tr\/wholesale-cylindrical-clear-glass-bud-vase-with-curved-top\/","title":{"rendered":"Kavisli \u00dcst K\u0131s\u0131ml\u0131 Toptan Silindirik \u015eeffaf Cam Tomurcuk Vazolar\u0131"},"content":{"rendered":"<p>Bunlar, sade ve \u015f\u0131k kaps\u00fcl tasar\u0131mlar\u0131yla \u00fcretilmi\u015f, \u00e7ok \u015feffaf malzemelerden yap\u0131lm\u0131\u015f \u015feffaf vazolard\u0131r. Hafif\u00e7e kavisli kenar\u0131, tek sapl\u0131 \u00e7i\u00e7ekler veya k\u00fc\u00e7\u00fck buketler i\u00e7in m\u00fckemmel bir uyum sa\u011flar.<\/p>\n<h2><strong>\u00dcr\u00fcn \u00d6zellikleri<\/strong><\/h2>\n<ul>\n<li><strong>Minimalist Kaps\u00fcl \u015eekli:<\/strong> Kaps\u00fcl\u00fcn kavisli \u015fekli, yuvarlak hatlara ve p\u00fcr\u00fczs\u00fcz, k\u00f6\u015feli hatlara sahip olup, modern anlamda minimalist bir g\u00f6r\u00fcn\u00fcm sunarken ayn\u0131 zamanda yumu\u015fak bir estetik de sa\u011fl\u0131yor.<\/li>\n<li><strong>Y\u00fcksek \u015eeffafl\u0131kta Renksiz Cam:<\/strong> Bu vazolar son derece \u015feffaf camdan yap\u0131lm\u0131\u015ft\u0131r; tamamen renksizdirler, b\u00f6ylece \u00e7i\u00e7eklerin g\u00fczelli\u011fini ve vazonun dokusunun safl\u0131\u011f\u0131n\u0131 ortaya \u00e7\u0131kar\u0131rlar.<\/li>\n<li><strong>\u00dc\u00e7 Boyutlu Kombinasyon Tasar\u0131m\u0131:<\/strong> Bu vazolar, farkl\u0131 mekanlara ve \u00e7i\u00e7ek aranjmanlar\u0131na uyacak \u015fekilde kolayca \u00fcst \u00fcste istiflenebilen \u00fc\u00e7 farkl\u0131 boyutta mevcuttur.<\/li>\n<\/ul>\n<h2>Temel \u00d6zellikler<\/h2>\n<table style=\"border-collapse: collapse; margin-left: auto; margin-right: auto; width: 522.02pt;\" border=\"0\" width=\"696\" cellspacing=\"0\" cellpadding=\"0\">\n<tbody>\n<tr style=\"height: 13.50pt;\">\n<td style=\"height: 13.50pt; width: 114.00pt;\" width=\"152\" height=\"18\">\u00d6zellik<\/td>\n<td style=\"width: 408.00pt;\" width=\"544\">\u015eartname<\/td>\n<\/tr>\n<tr style=\"height: 13.50pt;\">\n<td style=\"height: 13.50pt;\" height=\"18\">Malzeme<\/td>\n<td>Borosilikat cam<\/td>\n<\/tr>\n<tr style=\"height: 13.50pt;\">\n<td style=\"height: 13.50pt;\" height=\"18\">\u015eekil<\/td>\n<td>Kavisli dudakl\u0131 silindirik<\/td>\n<\/tr>\n<tr style=\"height: 13.50pt;\">\n<td style=\"height: 13.50pt;\" height=\"18\">Y\u00fckseklikler<\/td>\n<td>10 cm, 15 cm, 20 cm<\/td>\n<\/tr>\n<tr style=\"height: 13.50pt;\">\n<td style=\"height: 13.50pt;\" height=\"18\">Taban \u00c7ap\u0131<\/td>\n<td>9 cm (t\u00fcm boyutlar)<\/td>\n<\/tr>\n<tr style=\"height: 13.50pt;\">\n<td style=\"height: 13.50pt;\" height=\"18\">Sona ermek<\/td>\n<td>P\u00fcr\u00fczs\u00fcz, \u015feffaf<\/td>\n<\/tr>\n<tr style=\"height: 13.50pt;\">\n<td style=\"height: 13.50pt;\" height=\"18\">Stil<\/td>\n<td>Minimalist, modern<\/td>\n<\/tr>\n<tr style=\"height: 13.50pt;\">\n<td style=\"height: 13.50pt;\" height=\"18\">En \u0130yisi \u0130\u00e7in<\/td>\n<td>Tek g\u00f6vdeler, k\u00fc\u00e7\u00fck aranjmanlar, yapay \u00e7i\u00e7ekler, ev dekorasyonu sergileri<\/td>\n<\/tr>\n<\/tbody>\n<\/table>\n<h2>Ba\u015far\u0131 \u00d6yk\u00fcs\u00fc<\/h2>\n<p>Kopenhag&#039;da tan\u0131nm\u0131\u015f bir ev dekorasyon markas\u0131 taraf\u0131ndan se\u00e7ilen vazomuz, ki\u015fiselle\u015ftirilmi\u015f mat buzlu bir y\u00fczeye sahipti. \u00dcr\u00fcn b\u00fcy\u00fck bir ba\u015far\u0131 elde etti; m\u00fc\u015fteri sade tarz\u0131ndan etkilendi ve bu da \u00e7evrimi\u00e7i d\u00f6n\u00fc\u015f\u00fcmlerde , tekrar sat\u0131n al\u0131mlarda ise &#039;lik bir art\u0131\u015fa yol a\u00e7t\u0131. M\u00fc\u015fteri bu performanstan memnun kald\u0131 ve bu nedenle k\u00fcresel olarak da\u011f\u0131t\u0131lmak \u00fczere 500.000 adet \u015feffaf vazo sipari\u015fi daha verdi.<\/p>\n<h2>Cam Vazo \u00d6zelle\u015ftirme Fikirleri<\/h2>\n<ul>\n<li>Degrade renk tonu \u2013 Tabanda yukar\u0131ya do\u011fru solan a\u00e7\u0131k mavi veya kehribar rengi \u2013 opakl\u0131k yaratmadan derinlik katar.<\/li>\n<li>Balmumu diren\u00e7li desen \u2013 Modern bir his veren el yap\u0131m\u0131 bir doku i\u00e7in spiral veya nokta desenini kullan\u0131n.<\/li>\n<li>Asit kaz\u0131nm\u0131\u015f logo b\u00f6lgesi \u2013 Markalama i\u00e7in bir tarafta k\u00fc\u00e7\u00fck, buzlu bir alan yarat\u0131n (\u00e7\u0131kartma olmadan).<\/li>\n<\/ul>","protected":false},"excerpt":{"rendered":"<p data-pm-slice=\"1 1 []\">Zarif, \u015feffaf cam tomurcuk vazo, sade silindirik tasar\u0131m ve p\u00fcr\u00fczs\u00fcz kavisli \u00fcst k\u0131s\u0131m. Tek sapl\u0131 \u00e7i\u00e7ekler veya masa dekorasyonu i\u00e7in m\u00fckemmel modern \u015feffaf vazolar. H\u0131zl\u0131 kargo.<\/p>","protected":false},"featured_media":2059,"template":"","meta":{"site-sidebar-layout":"default","site-content-layout":"","ast-site-content-layout":"default","site-content-style":"default","site-sidebar-style":"default","ast-global-header-display":"","ast-banner-title-visibility":"","ast-main-header-display":"","ast-hfb-above-header-display":"","ast-hfb-below-header-display":"","ast-hfb-mobile-header-display":"","site-post-title":"","ast-breadcrumbs-content":"","ast-featured-img":"","footer-sml-layout":"","theme-transparent-header-meta":"default","adv-header-id-meta":"","stick-header-meta":"","header-above-stick-meta":"","header-main-stick-meta":"","header-below-stick-meta":"","astra-migrate-meta-layouts":"set","ast-page-background-enabled":"default","ast-page-background-meta":{"desktop":{"background-color":"var(--ast-global-color-5)","background-image":"","background-repeat":"repeat","background-position":"center center","background-size":"auto","background-attachment":"scroll","background-type":"","background-media":"","overlay-type":"","overlay-color":"","overlay-opacity":"","overlay-gradient":""},"tablet":{"background-color":"","background-image":"","background-repeat":"repeat","background-position":"center center","background-size":"auto","background-attachment":"scroll","background-type":"","background-media":"","overlay-type":"","overlay-color":"","overlay-opacity":"","overlay-gradient":""},"mobile":{"background-color":"","background-image":"","background-repeat":"repeat","background-position":"center center","background-size":"auto","background-attachment":"scroll","background-type":"","background-media":"","overlay-type":"","overlay-color":"","overlay-opacity":"","overlay-gradient":""}},"ast-content-background-meta":{"desktop":{"background-color":"var(--ast-global-color-4)","background-image":"","background-repeat":"repeat","background-position":"center center","background-size":"auto","background-attachment":"scroll","background-type":"","background-media":"","overlay-type":"","overlay-color":"","overlay-opacity":"","overlay-gradient":""},"tablet":{"background-color":"var(--ast-global-color-4)","background-image":"","background-repeat":"repeat","background-position":"center center","background-size":"auto","background-attachment":"scroll","background-type":"","background-media":"","overlay-type":"","overlay-color":"","overlay-opacity":"","overlay-gradient":""},"mobile":{"background-color":"var(--ast-global-color-4)","background-image":"","background-repeat":"repeat","background-position":"center center","background-size":"auto","background-attachment":"scroll","background-type":"","background-media":"","overlay-type":"","overlay-color":"","overlay-opacity":"","overlay-gradient":""}}},"product_brand":[],"product_cat":[57,21],"product_tag":[],"class_list":{"0":"post-2037","1":"product","2":"type-product","3":"status-publish","4":"has-post-thumbnail","6":"product_cat-glass-vases","7":"product_cat-product","8":"desktop-align-left","9":"tablet-align-left","10":"mobile-align-left","12":"first","13":"instock","14":"shipping-taxable","15":"product-type-simple"},"jetpack_sharing_enabled":true,"_links":{"self":[{"href":"https:\/\/mostebglass.com\/tr\/wp-json\/wp\/v2\/product\/2037","targetHints":{"allow":["GET"]}}],"collection":[{"href":"https:\/\/mostebglass.com\/tr\/wp-json\/wp\/v2\/product"}],"about":[{"href":"https:\/\/mostebglass.com\/tr\/wp-json\/wp\/v2\/types\/product"}],"wp:featuredmedia":[{"embeddable":true,"href":"https:\/\/mostebglass.com\/tr\/wp-json\/wp\/v2\/media\/2059"}],"wp:attachment":[{"href":"https:\/\/mostebglass.com\/tr\/wp-json\/wp\/v2\/media?parent=2037"}],"wp:term":[{"taxonomy":"product_brand","embeddable":true,"href":"https:\/\/mostebglass.com\/tr\/wp-json\/wp\/v2\/product_brand?post=2037"},{"taxonomy":"product_cat","embeddable":true,"href":"https:\/\/mostebglass.com\/tr\/wp-json\/wp\/v2\/product_cat?post=2037"},{"taxonomy":"product_tag","embeddable":true,"href":"https:\/\/mostebglass.com\/tr\/wp-json\/wp\/v2\/product_tag?post=2037"}],"curies":[{"name":"wp","href":"https:\/\/api.w.org\/{rel}","templated":true}]}}