{"id":2334,"date":"2025-09-22T16:54:35","date_gmt":"2025-09-22T08:54:35","guid":{"rendered":"https:\/\/mostebglass.com\/?post_type=product&#038;p=2334"},"modified":"2026-01-26T18:04:44","modified_gmt":"2026-01-26T10:04:44","slug":"large-glass-vases-hurricane-candle-holders-wholesale","status":"publish","type":"product","link":"https:\/\/mostebglass.com\/tr\/large-glass-vases-hurricane-candle-holders-wholesale\/","title":{"rendered":"4800\/5600\/6500 ml B\u00fcy\u00fck Cam Vazolar \u2013 F\u0131rt\u0131na Tipi Mumluklar Toptan Sat\u0131\u015f"},"content":{"rendered":"<p>Borosilikat b\u00fcy\u00fck cam vazo setimiz, farkl\u0131 y\u00fckseklik ve \u00e7aplarda \u00e7e\u015fitli boyutlarda 3 adet \u00fcr\u00fcn i\u00e7ermektedir. Hem g\u00fcnl\u00fck kullan\u0131ma uygun vazolar hem de mumluk (f\u0131rt\u0131na tipi mumluk) olarak kullan\u0131labilir.<\/p>\n<h2>Ba\u015fl\u0131ca \u00d6zellikler:<\/h2>\n<ul>\n<li><strong>\u00c7ok Ama\u00e7l\u0131 Kullan\u0131m<\/strong>Bu cam kaplar sadece \u00e7i\u00e7ek aranjmanlar\u0131, y\u00fczen mumlar ve s\u00fctun mum d\u00fczenekleri, dolgu s\u00fcslemeleri i\u00e7in de\u011fil, ayn\u0131 zamanda mini peyzaj bitki saks\u0131lar\u0131 olarak da kullan\u0131lmaktad\u0131r.<\/li>\n<li><strong>Ebedi Tasar\u0131m<\/strong>Bu set, minimalist silindirik \u015fekli ve kristal berrakl\u0131\u011f\u0131ndaki \u015feffafl\u0131\u011f\u0131yla \u00f6ne \u00e7\u0131kar ve d\u00fc\u011f\u00fcn, parti ve g\u00fcnl\u00fck ev dekorasyonu gibi her t\u00fcrl\u00fc ev dekorasyon stili veya etkinlik temas\u0131na m\u00fckemmel uyum sa\u011flar.<\/li>\n<li><strong>\u00dcst\u00fcn Kalite Malzeme<\/strong>Y\u00fcksek kaliteli borosilikat camdan \u00fcretilmi\u015f olup, p\u00fcr\u00fczs\u00fcz y\u00fczeyi ve m\u00fckemmel \u015feffafl\u0131\u011f\u0131 sayesinde \u0131s\u0131ya dayan\u0131kl\u0131 ve y\u00fcksek dayan\u0131kl\u0131l\u0131\u011fa sahiptir.<\/li>\n<li><strong>\u00c7ok Ama\u00e7l\u0131 Boyutland\u0131rma<\/strong>Dekoratif gereksinimlere g\u00f6re 4800 ml, 5600 ml ve 6500 ml olmak \u00fczere \u00fc\u00e7 farkl\u0131 kapasitede ve 3 par\u00e7al\u0131 set halinde sunulmaktad\u0131r.<\/li>\n<\/ul>\n<h2>Teknik \u00d6zellikler<\/h2>\n<table style=\"border-collapse: collapse; margin-left: auto; margin-right: auto; width: 477.02pt;\" border=\"0\" width=\"636\" cellspacing=\"0\" cellpadding=\"0\">\n<tbody>\n<tr style=\"height: 13.50pt;\">\n<td style=\"height: 13.50pt; width: 105.00pt;\" width=\"140\" height=\"18\">Ba\u011flanmak<\/td>\n<td style=\"width: 372.00pt;\" width=\"496\">Detay<\/td>\n<\/tr>\n<tr style=\"height: 13.50pt;\">\n<td style=\"height: 13.50pt;\" height=\"18\">\u015eekil<\/td>\n<td>Silindirik<\/td>\n<\/tr>\n<tr style=\"height: 13.50pt;\">\n<td style=\"height: 13.50pt;\" height=\"18\">Malzeme<\/td>\n<td>\u015eeffaf cam<\/td>\n<\/tr>\n<tr style=\"height: 13.50pt;\">\n<td style=\"height: 13.50pt;\" height=\"18\">Y\u00fckseklikler<\/td>\n<td>30 cm, 35 cm, 40 cm<\/td>\n<\/tr>\n<tr style=\"height: 13.50pt;\">\n<td style=\"height: 13.50pt;\" height=\"18\">\u00c7ap<\/td>\n<td>15 cm (t\u00fcm boyutlar)<\/td>\n<\/tr>\n<tr style=\"height: 13.50pt;\">\n<td style=\"height: 13.50pt;\" height=\"18\">Kapasite<\/td>\n<td>4800ml, 5600ml, 6500ml<\/td>\n<\/tr>\n<tr style=\"height: 13.50pt;\">\n<td style=\"height: 13.50pt;\" height=\"18\">Y\u00fczey<\/td>\n<td>P\u00fcr\u00fczs\u00fcz, cilal\u0131<\/td>\n<\/tr>\n<tr style=\"height: 13.50pt;\">\n<td style=\"height: 13.50pt;\" height=\"18\">Stil<\/td>\n<td>Modern, minimalist<\/td>\n<\/tr>\n<tr style=\"height: 13.50pt;\">\n<td style=\"height: 13.50pt;\" height=\"18\">\u0130deal \u0130\u00e7in<\/td>\n<td>Zemin d\u00fczenlemeleri, lobiler, d\u00fc\u011f\u00fcn dekoru, perakende te\u015fhirleri<\/td>\n<\/tr>\n<\/tbody>\n<\/table>\n<h2>Ger\u00e7ek kullan\u0131m \u00f6rne\u011fi: L\u00fcks perakende zinciri<\/h2>\n<p>L\u00fcks bir moda perakendecisi, ma\u011fazas\u0131n\u0131n atmosferini iyile\u015ftirmek ve karma\u015fay\u0131 azaltmak istedi. Giri\u015fe ve prova odas\u0131n\u0131n k\u00f6\u015felerine bu b\u00fcy\u00fck cam vazolar\u0131 yerle\u015ftirdi. Her b\u00fcy\u00fck, \u015feffaf vazo, benzersiz \u015fekilli bir dal taklidi i\u00e7eriyor; \u00e7i\u00e7ek yok, sadece \u015fekli. \u015eeffaf cam, te\u015fhir alan\u0131na hafiflik kat\u0131yor. Dahas\u0131, vazonun sade tasar\u0131m\u0131 k\u0131yafetlerin \u00fczerinden dikkat da\u011f\u0131tm\u0131yor. Sonu\u00e7 olarak, bu hamle ma\u011fazada ge\u00e7irilen ortalama zaman\u0131 art\u0131rd\u0131. \u00c7al\u0131\u015fanlar da ma\u011fazadaki &#034;sakin ve zarif&#034; atmosferden \u00f6vg\u00fcyle bahsediyor. Hatta bir y\u00f6netici, &#034;Bu sadece bir dekorasyondan fazlas\u0131; mekan\u0131n bir uzant\u0131s\u0131,&#034; dedi.<\/p>\n<h2>B\u00fcy\u00fck \u015eeffaf Vazolar\u0131 \u00d6zelle\u015ftirmeye Y\u00f6nelik \u0130pu\u00e7lar\u0131<\/h2>\n<ul>\n<li>Renkli Camlar \u2013 Yo\u011fun trafikli alanlarda, ambiyans yaratmak ve suyun g\u00f6r\u00fcn\u00fcrl\u00fc\u011f\u00fcn\u00fc azaltmak i\u00e7in yumu\u015fak gri veya bronz tonlar\u0131 kullan\u0131n.<\/li>\n<li>Kal\u0131nla\u015ft\u0131r\u0131lm\u0131\u015f Taban \u2013 Daha iyi stabilite i\u00e7in taban\u0131, uzun sahte d\u00fczenlemelerle daha a\u011f\u0131r hale getirin.<\/li>\n<li>Kumlanm\u0131\u015f Bant \u2013 Markalama i\u00e7in tabana ince bir yatay \u015ferit ekleyin \u2013 daha sonra lazer kaz\u0131ma i\u00e7in m\u00fckemmeldir.<\/li>\n<\/ul>\n<p>Bu b\u00fcy\u00fck cam vazolar sadece birer se\u00e7enek de\u011fil. B\u00fcy\u00fck ve \u015feffaf bir vazoyu iddial\u0131 bir par\u00e7aya d\u00f6n\u00fc\u015ft\u00fcr\u00fcyorlar.<\/p>","protected":false},"excerpt":{"rendered":"<p data-pm-slice=\"1 1 []\">B\u00fcy\u00fck cam vazo seti: \u00c7i\u00e7ekler, mumlar ve dekorasyon i\u00e7in 3 adet \u00e7ok y\u00f6nl\u00fc borosilikat cam silindir. Is\u0131ya dayan\u0131kl\u0131, zarif ve d\u00fc\u011f\u00fcnler veya ev dekorasyonu i\u00e7in m\u00fckemmel.<\/p>","protected":false},"featured_media":2440,"template":"","meta":{"site-sidebar-layout":"default","site-content-layout":"","ast-site-content-layout":"default","site-content-style":"default","site-sidebar-style":"default","ast-global-header-display":"","ast-banner-title-visibility":"","ast-main-header-display":"","ast-hfb-above-header-display":"","ast-hfb-below-header-display":"","ast-hfb-mobile-header-display":"","site-post-title":"","ast-breadcrumbs-content":"","ast-featured-img":"","footer-sml-layout":"","theme-transparent-header-meta":"default","adv-header-id-meta":"","stick-header-meta":"","header-above-stick-meta":"","header-main-stick-meta":"","header-below-stick-meta":"","astra-migrate-meta-layouts":"set","ast-page-background-enabled":"default","ast-page-background-meta":{"desktop":{"background-color":"var(--ast-global-color-5)","background-image":"","background-repeat":"repeat","background-position":"center center","background-size":"auto","background-attachment":"scroll","background-type":"","background-media":"","overlay-type":"","overlay-color":"","overlay-opacity":"","overlay-gradient":""},"tablet":{"background-color":"","background-image":"","background-repeat":"repeat","background-position":"center center","background-size":"auto","background-attachment":"scroll","background-type":"","background-media":"","overlay-type":"","overlay-color":"","overlay-opacity":"","overlay-gradient":""},"mobile":{"background-color":"","background-image":"","background-repeat":"repeat","background-position":"center center","background-size":"auto","background-attachment":"scroll","background-type":"","background-media":"","overlay-type":"","overlay-color":"","overlay-opacity":"","overlay-gradient":""}},"ast-content-background-meta":{"desktop":{"background-color":"var(--ast-global-color-4)","background-image":"","background-repeat":"repeat","background-position":"center center","background-size":"auto","background-attachment":"scroll","background-type":"","background-media":"","overlay-type":"","overlay-color":"","overlay-opacity":"","overlay-gradient":""},"tablet":{"background-color":"var(--ast-global-color-4)","background-image":"","background-repeat":"repeat","background-position":"center center","background-size":"auto","background-attachment":"scroll","background-type":"","background-media":"","overlay-type":"","overlay-color":"","overlay-opacity":"","overlay-gradient":""},"mobile":{"background-color":"var(--ast-global-color-4)","background-image":"","background-repeat":"repeat","background-position":"center center","background-size":"auto","background-attachment":"scroll","background-type":"","background-media":"","overlay-type":"","overlay-color":"","overlay-opacity":"","overlay-gradient":""}}},"product_brand":[],"product_cat":[57,21],"product_tag":[],"class_list":{"0":"post-2334","1":"product","2":"type-product","3":"status-publish","4":"has-post-thumbnail","6":"product_cat-glass-vases","7":"product_cat-product","8":"desktop-align-left","9":"tablet-align-left","10":"mobile-align-left","12":"first","13":"instock","14":"shipping-taxable","15":"product-type-simple"},"jetpack_sharing_enabled":true,"_links":{"self":[{"href":"https:\/\/mostebglass.com\/tr\/wp-json\/wp\/v2\/product\/2334","targetHints":{"allow":["GET"]}}],"collection":[{"href":"https:\/\/mostebglass.com\/tr\/wp-json\/wp\/v2\/product"}],"about":[{"href":"https:\/\/mostebglass.com\/tr\/wp-json\/wp\/v2\/types\/product"}],"wp:featuredmedia":[{"embeddable":true,"href":"https:\/\/mostebglass.com\/tr\/wp-json\/wp\/v2\/media\/2440"}],"wp:attachment":[{"href":"https:\/\/mostebglass.com\/tr\/wp-json\/wp\/v2\/media?parent=2334"}],"wp:term":[{"taxonomy":"product_brand","embeddable":true,"href":"https:\/\/mostebglass.com\/tr\/wp-json\/wp\/v2\/product_brand?post=2334"},{"taxonomy":"product_cat","embeddable":true,"href":"https:\/\/mostebglass.com\/tr\/wp-json\/wp\/v2\/product_cat?post=2334"},{"taxonomy":"product_tag","embeddable":true,"href":"https:\/\/mostebglass.com\/tr\/wp-json\/wp\/v2\/product_tag?post=2334"}],"curies":[{"name":"wp","href":"https:\/\/api.w.org\/{rel}","templated":true}]}}