{"id":2504,"date":"2025-09-23T16:34:04","date_gmt":"2025-09-23T08:34:04","guid":{"rendered":"https:\/\/mostebglass.com\/?post_type=product&#038;p=2504"},"modified":"2026-04-10T13:53:32","modified_gmt":"2026-04-10T05:53:32","slug":"clear-cylinder-table-vases-with-cork-top-wholesale","status":"publish","type":"product","link":"https:\/\/mostebglass.com\/tr\/clear-cylinder-table-vases-with-cork-top-wholesale\/","title":{"rendered":"250 ml, 300 ml, 400 ml \u015eeffaf Silindir Masa Vazolar\u0131, Mantar Kapakl\u0131, Toptan Sat\u0131\u015f"},"content":{"rendered":"<p>Bu, g\u00f6vdesi \u015feffaf kristal camdan yap\u0131lm\u0131\u015f, sade, yuvarlak \u015fekilli ve ortas\u0131nda delik bulunan do\u011fal mantar kapakl\u0131 bir masa vazosu serisidir. Katmanl\u0131 \u00e7i\u00e7ek aranjmanlar\u0131 yapmak i\u00e7in kullan\u0131labilecek \u00fc\u00e7 farkl\u0131 y\u00fckseklikte mevcuttur.<\/p>\n<h2><strong>\u00dcr\u00fcn \u00d6zellikleri<\/strong><\/h2>\n<ul>\n<li><strong>Y\u00fcksek \u015eeffafl\u0131kta Cam:<\/strong> Bu \u00fcr\u00fcn, son derece \u015feffaf bir cam g\u00f6vdeden yap\u0131lm\u0131\u015ft\u0131r ve \u00e7i\u00e7eklerinizin veya s\u00fcslemelerinizin g\u00f6rsel odak noktas\u0131 olaca\u011f\u0131 g\u00f6r\u00fcnmez bir \u00e7er\u00e7eve g\u00f6revi g\u00f6r\u00fcr.<\/li>\n<li><strong>Do\u011fal Mantar T\u0131pa:<\/strong> Bu vazo, do\u011fal mantar t\u0131pas\u0131yla rustik bir hava katt\u0131\u011f\u0131 i\u00e7in bir sanat eseri niteli\u011finde.<\/li>\n<li><strong>P\u00fcr\u00fczs\u00fcz Silindirik Form:<\/strong> Sade ve g\u00f6steri\u015fsiz silindirik \u015fekli, minimalist tarz ve hatta \u0130skandinav tarz\u0131 gibi ev dekorasyon stillerine m\u00fckemmel uyum sa\u011fl\u0131yor.<\/li>\n<\/ul>\n<h2>Temel \u00d6zellikler<\/h2>\n<table style=\"border-collapse: collapse; margin-left: auto; margin-right: auto; width: 477.02pt;\" border=\"0\" width=\"636\" cellspacing=\"0\" cellpadding=\"0\">\n<tbody>\n<tr style=\"height: 13.50pt;\">\n<td style=\"height: 13.5pt; width: 105pt; text-align: center;\" width=\"140\" height=\"18\">Ba\u011flanmak<\/td>\n<td style=\"width: 372pt; text-align: center;\" width=\"496\">Detay<\/td>\n<\/tr>\n<tr style=\"height: 13.50pt;\">\n<td style=\"height: 13.5pt; text-align: center;\" height=\"18\">\u015eekil<\/td>\n<td style=\"text-align: center;\">Silindirik<\/td>\n<\/tr>\n<tr style=\"height: 13.50pt;\">\n<td style=\"height: 13.5pt; text-align: center;\" height=\"18\">Malzeme<\/td>\n<td style=\"text-align: center;\">Borosilikat cam + do\u011fal mantar<\/td>\n<\/tr>\n<tr style=\"height: 13.50pt;\">\n<td style=\"height: 13.5pt; text-align: center;\" height=\"18\">Y\u00fckseklikler (cm)<\/td>\n<td style=\"text-align: center;\">10 , 12 , 15<\/td>\n<\/tr>\n<tr style=\"height: 13.50pt;\">\n<td style=\"height: 13.5pt; text-align: center;\" height=\"18\">\u00c7ap<\/td>\n<td style=\"text-align: center;\">6,5 cm (t\u00fcm boyutlar)<\/td>\n<\/tr>\n<tr style=\"height: 13.50pt;\">\n<td style=\"height: 13.5pt; text-align: center;\" height=\"18\">Kapasite (ml)<\/td>\n<td style=\"text-align: center;\">250, 300, 400<\/td>\n<\/tr>\n<tr style=\"height: 13.50pt;\">\n<td style=\"height: 13.5pt; text-align: center;\" height=\"18\">\u015eapka<\/td>\n<td style=\"text-align: center;\">Tek delikli sa\u011flam mantar<\/td>\n<\/tr>\n<tr style=\"height: 13.50pt;\">\n<td style=\"height: 13.50pt;\" height=\"18\">Stil<\/td>\n<td style=\"text-align: center;\">Organik modern<\/td>\n<\/tr>\n<tr style=\"height: 13.50pt;\">\n<td style=\"height: 13.5pt; text-align: center;\" height=\"18\">\u0130deal \u0130\u00e7in<\/td>\n<td style=\"text-align: center;\">Tomurcuk aranjmanlar\u0131, masa dekoru, d\u00fc\u011f\u00fcn hediyeleri, spa i\u00e7 mekanlar\u0131<\/td>\n<\/tr>\n<\/tbody>\n<\/table>\n<h2>Ba\u015far\u0131 \u00d6yk\u00fcs\u00fc<\/h2>\n<p>\u0130skandinav bir ev dekorasyon markas\u0131, silindirik cam masa vazosunu \u00f6zel olarak cilal\u0131 bir y\u00fczey ve ortas\u0131nda delik bulunan do\u011fal mantar t\u0131pa ile sipari\u015f etti. Kullan\u0131lan cam\u0131n inan\u0131lmaz berrakl\u0131\u011f\u0131, i\u00e7indeki \u00e7i\u00e7eklerin net bir \u015fekilde g\u00f6r\u00fcnmesini sa\u011flad\u0131 ve bu da ilgili ev dekorasyon \u00fcr\u00fcnlerinin sat\u0131\u015flar\u0131nda &#039;lik bir art\u0131\u015fa yol a\u00e7t\u0131. \u0130kinci olarak, vazonun sa\u011flam d\u00fcz taban\u0131 ve mantar malzemesinin kullan\u0131m\u0131, \u00fcr\u00fcn\u00fcn nakliyesi ve g\u00fcnl\u00fck kullan\u0131m\u0131nda k\u0131r\u0131lma oran\u0131n\u0131 oran\u0131nda azaltarak, sat\u0131\u015f sonras\u0131 bak\u0131m maliyetini b\u00fcy\u00fck \u00f6l\u00e7\u00fcde d\u00fc\u015f\u00fcrd\u00fc. Gelen tepkiler o kadar olumlu oldu ki, marka da \u00e7ok memnun kald\u0131 ve daha sonra ayn\u0131 cam vazodan 500.000 adet daha sipari\u015f ederek bizimle uzun vadeli bir tedarik ili\u015fkisi kurdu.<\/p>\n<h2>Mantar Vazonuz \u0130\u00e7in \u00d6zelle\u015ftirme Fikirleri<\/h2>\n<ul>\n<li>\u00c7ift Delikli Mantar \u2013 Mini bir d\u00fczenleme i\u00e7in farkl\u0131 y\u00fcksekliklerde iki sap\u0131 tutacak ikinci bir delik ekleyin.<\/li>\n<li>Kaz\u0131nm\u0131\u015f Mantar \u00dcst \u2013 M\u00fc\u015fterinizin logosunu veya k\u0131sa bir mesaj\u0131 do\u011frudan mantar y\u00fczeye lazerle i\u015fleyin.<\/li>\n<li>Dokulu Cam G\u00f6vde \u2013 Ekstra tutu\u015f ve hafif hareket i\u00e7in cama yumu\u015fak dikey kaburga \u00e7izgileri ekleyin.<\/li>\n<li>Renkli Mantar \u2013 Daha cesur bir stil ifadesi i\u00e7in siyah, beyaz veya pi\u015fmi\u015f toprak tonlar\u0131nda do\u011fal boyal\u0131 mantar kullan\u0131n.<\/li>\n<\/ul>\n<p>Bu de\u011fi\u015fiklikler, basit dekoratif \u00e7i\u00e7ek vazolar\u0131n\u0131n \u00f6tesinde bir \u015feyler sunman\u0131za olanak tan\u0131r. Bir hikaye sat\u0131yorsunuz: do\u011fa, el sanatlar\u0131 ve bak\u0131m.<\/p>","protected":false},"excerpt":{"rendered":"<p data-pm-slice=\"1 1 []\">Do\u011fal mantar kapakl\u0131, sade silindir tasar\u0131ml\u0131 zarif masa vazosu. \u00c7i\u00e7ekler, dallar veya masa dekorasyonu i\u00e7in m\u00fckemmel, \u015feffaf cam mantar vazo. H\u0131zl\u0131 kargo.<\/p>","protected":false},"featured_media":2523,"template":"","meta":{"site-sidebar-layout":"default","site-content-layout":"","ast-site-content-layout":"default","site-content-style":"default","site-sidebar-style":"default","ast-global-header-display":"","ast-banner-title-visibility":"","ast-main-header-display":"","ast-hfb-above-header-display":"","ast-hfb-below-header-display":"","ast-hfb-mobile-header-display":"","site-post-title":"","ast-breadcrumbs-content":"","ast-featured-img":"","footer-sml-layout":"","theme-transparent-header-meta":"default","adv-header-id-meta":"","stick-header-meta":"","header-above-stick-meta":"","header-main-stick-meta":"","header-below-stick-meta":"","astra-migrate-meta-layouts":"set","ast-page-background-enabled":"default","ast-page-background-meta":{"desktop":{"background-color":"var(--ast-global-color-5)","background-image":"","background-repeat":"repeat","background-position":"center center","background-size":"auto","background-attachment":"scroll","background-type":"","background-media":"","overlay-type":"","overlay-color":"","overlay-opacity":"","overlay-gradient":""},"tablet":{"background-color":"","background-image":"","background-repeat":"repeat","background-position":"center center","background-size":"auto","background-attachment":"scroll","background-type":"","background-media":"","overlay-type":"","overlay-color":"","overlay-opacity":"","overlay-gradient":""},"mobile":{"background-color":"","background-image":"","background-repeat":"repeat","background-position":"center center","background-size":"auto","background-attachment":"scroll","background-type":"","background-media":"","overlay-type":"","overlay-color":"","overlay-opacity":"","overlay-gradient":""}},"ast-content-background-meta":{"desktop":{"background-color":"var(--ast-global-color-4)","background-image":"","background-repeat":"repeat","background-position":"center center","background-size":"auto","background-attachment":"scroll","background-type":"","background-media":"","overlay-type":"","overlay-color":"","overlay-opacity":"","overlay-gradient":""},"tablet":{"background-color":"var(--ast-global-color-4)","background-image":"","background-repeat":"repeat","background-position":"center center","background-size":"auto","background-attachment":"scroll","background-type":"","background-media":"","overlay-type":"","overlay-color":"","overlay-opacity":"","overlay-gradient":""},"mobile":{"background-color":"var(--ast-global-color-4)","background-image":"","background-repeat":"repeat","background-position":"center center","background-size":"auto","background-attachment":"scroll","background-type":"","background-media":"","overlay-type":"","overlay-color":"","overlay-opacity":"","overlay-gradient":""}}},"product_brand":[],"product_cat":[57,21],"product_tag":[],"class_list":{"0":"post-2504","1":"product","2":"type-product","3":"status-publish","4":"has-post-thumbnail","6":"product_cat-glass-vases","7":"product_cat-product","8":"desktop-align-left","9":"tablet-align-left","10":"mobile-align-left","12":"first","13":"instock","14":"shipping-taxable","15":"product-type-simple"},"jetpack_sharing_enabled":true,"_links":{"self":[{"href":"https:\/\/mostebglass.com\/tr\/wp-json\/wp\/v2\/product\/2504","targetHints":{"allow":["GET"]}}],"collection":[{"href":"https:\/\/mostebglass.com\/tr\/wp-json\/wp\/v2\/product"}],"about":[{"href":"https:\/\/mostebglass.com\/tr\/wp-json\/wp\/v2\/types\/product"}],"wp:featuredmedia":[{"embeddable":true,"href":"https:\/\/mostebglass.com\/tr\/wp-json\/wp\/v2\/media\/2523"}],"wp:attachment":[{"href":"https:\/\/mostebglass.com\/tr\/wp-json\/wp\/v2\/media?parent=2504"}],"wp:term":[{"taxonomy":"product_brand","embeddable":true,"href":"https:\/\/mostebglass.com\/tr\/wp-json\/wp\/v2\/product_brand?post=2504"},{"taxonomy":"product_cat","embeddable":true,"href":"https:\/\/mostebglass.com\/tr\/wp-json\/wp\/v2\/product_cat?post=2504"},{"taxonomy":"product_tag","embeddable":true,"href":"https:\/\/mostebglass.com\/tr\/wp-json\/wp\/v2\/product_tag?post=2504"}],"curies":[{"name":"wp","href":"https:\/\/api.w.org\/{rel}","templated":true}]}}