{"id":2718,"date":"2025-09-25T09:17:05","date_gmt":"2025-09-25T01:17:05","guid":{"rendered":"https:\/\/mostebglass.com\/?post_type=product&#038;p=2718"},"modified":"2026-03-23T13:29:33","modified_gmt":"2026-03-23T05:29:33","slug":"gradient-glass-vase-set-in-different-shape-bulk","status":"publish","type":"product","link":"https:\/\/mostebglass.com\/tr\/gradient-glass-vase-set-in-different-shape-bulk\/","title":{"rendered":"Farkl\u0131 \u015eekillerde Gradyan Cam Vazo Seti (Toptan)"},"content":{"rendered":"<p>Bu be\u015f par\u00e7al\u0131k cam vazo koleksiyonu, mavi ve sar\u0131 aras\u0131nda ge\u00e7i\u015fli renklere sahip olup, farkl\u0131 \u015fekillerde mevcuttur ve kabartmal\u0131 \u00e7i\u00e7ek desenleri, elmas kesimler, nerv\u00fcrl\u00fc ve spiral desenler de dahil olmak \u00fczere ince dokularla s\u00fcslenmi\u015ftir; her biri kendine \u00f6zg\u00fc g\u00fczelli\u011fini sergiler.<\/p>\n<h2><strong>\u00dcr\u00fcn \u00d6zellikleri<\/strong><\/h2>\n<ul>\n<li><strong>\u00c7e\u015fitli \u015fekiller<\/strong>:Bu 5 cam vazo, ince, spiral vb. olmak \u00fczere farkl\u0131 \u015fekillere sahiptir ve farkl\u0131 \u00e7i\u00e7ek \u015fekillerine ve dekorasyon sahnelerine uyarlanabilir.<\/li>\n<li><strong>Renk gradyan\u0131<\/strong>:Mavi ve sar\u0131 tonlar\u0131ndaki degrade renk kombinasyonu taze ve katmanl\u0131 olup, \u00e7i\u00e7ek aranjman\u0131na g\u00f6rsel g\u00fczellik katmaktad\u0131r.<\/li>\n<li><strong>Zengin Y\u00fczey Dokusu<\/strong>: Elmas, spiral, nerv\u00fcrl\u00fc ve \u00e7i\u00e7ek desenli detaylar her cam vazoda el yap\u0131m\u0131 hissi yarat\u0131yor.<\/li>\n<\/ul>\n<h2>Temel \u00d6zellikler<\/h2>\n<table style=\"border-collapse: collapse; margin-left: auto; margin-right: auto; width: 468.77pt;\" border=\"0\" width=\"625\" cellspacing=\"0\" cellpadding=\"0\">\n<tbody>\n<tr style=\"height: 13.50pt;\">\n<td style=\"height: 13.5pt; width: 105pt; text-align: center;\" width=\"140\" height=\"18\">\u00d6zellik<\/td>\n<td style=\"width: 363.75pt; text-align: center;\" width=\"485\">Detaylar<\/td>\n<\/tr>\n<tr style=\"height: 13.50pt;\">\n<td style=\"height: 13.5pt; text-align: center;\" height=\"18\">Set Boyutu<\/td>\n<td style=\"text-align: center;\">5 par\u00e7a<\/td>\n<\/tr>\n<tr style=\"height: 13.50pt;\">\n<td style=\"height: 13.5pt; text-align: center;\" height=\"18\">Malzeme<\/td>\n<td style=\"text-align: center;\">Soda-kire\u00e7 cam\u0131<\/td>\n<\/tr>\n<tr style=\"height: 13.50pt;\">\n<td style=\"height: 13.5pt; text-align: center;\" height=\"18\">Renk<\/td>\n<td style=\"text-align: center;\">Mavi-sar\u0131 degrade (\u00f6zelle\u015ftirilebilir)<\/td>\n<\/tr>\n<tr style=\"height: 13.50pt;\">\n<td style=\"height: 13.5pt; text-align: center;\" height=\"18\">Tasar\u0131m \u00c7e\u015fitlili\u011fi<\/td>\n<td style=\"text-align: center;\">Uzun, dar, spiral, nerv\u00fcrl\u00fc, geni\u015fletilmi\u015f, dokulu<\/td>\n<\/tr>\n<tr style=\"height: 13.50pt;\">\n<td style=\"height: 13.5pt; text-align: center;\" height=\"18\">Y\u00fczey Detaylar\u0131<\/td>\n<td style=\"text-align: center;\">Elmas desen, spiral oluk, \u00e7i\u00e7ek kabartmas\u0131<\/td>\n<\/tr>\n<tr style=\"height: 13.50pt;\">\n<td style=\"height: 13.5pt; text-align: center;\" height=\"18\">En \u0130yisi \u0130\u00e7in<\/td>\n<td style=\"text-align: center;\">Vazo tomurcu\u011fu, \u00e7i\u00e7ek vazosu, yapay sap, saks\u0131<\/td>\n<\/tr>\n<tr style=\"height: 13.50pt;\">\n<td style=\"height: 13.5pt; text-align: center;\" height=\"18\">Stil<\/td>\n<td style=\"text-align: center;\">Modern vazolar, zarif dekoratif vazolar<\/td>\n<\/tr>\n<\/tbody>\n<\/table>\n<h2>Ba\u015far\u0131 \u00d6yk\u00fcs\u00fc<\/h2>\n<p>K\u00fc\u00e7\u00fck masa\u00fcst\u00fc vazo koleksiyonumuz, \u0130talyan bir ev dekorasyon markas\u0131 taraf\u0131ndan se\u00e7ildi. \u00d6zellikle g\u00f6rsel olarak etkileyici te\u015fhirler istedikleri i\u00e7in, farkl\u0131la\u015ft\u0131r\u0131lm\u0131\u015f bir \u00f6zelle\u015ftirme stratejisi kulland\u0131k: \u00c7e\u015fitli dokulara (elmas kabartma, dikey \u00e7izgiler ve dalgalanmalar) daha fazla y\u00fczey parlakl\u0131\u011f\u0131 ekleyerek, t\u00fcm \u00fcr\u00fcn setinin \u0131\u015f\u0131k alt\u0131nda farkl\u0131 \u0131\u015f\u0131k yans\u0131ma katmanlar\u0131na sahip olmas\u0131n\u0131 sa\u011flad\u0131k. Ayr\u0131ca, vazolar\u0131n a\u011f\u0131zlar\u0131n\u0131, tek tek saplar\u0131n veya kuru \u00e7i\u00e7ek aranjmanlar\u0131n\u0131n yerle\u015ftirilmesine daha uygun, daha b\u00fcy\u00fck oranlara standartla\u015ft\u0131rd\u0131k. Son olarak, vazolar\u0131n g\u00f6r\u00fcn\u00fcm\u00fcne estetik olarak benzeyen ve b\u00f6ylece markan\u0131n genel g\u00f6r\u00fcn\u00fcm\u00fcyle uyumlu \u00f6zel hediye kutusu ambalajlar\u0131 olu\u015fturduk.<\/p>\n<p>Bu serinin piyasaya s\u00fcr\u00fclmesiyle birlikte, ilk \u00e7eyrekte sat\u0131\u015flar\u0131 yakla\u015f\u0131k y\u00fczde 58 artt\u0131. \u0130kinci \u00e7eyrekte ise marka, t\u00fcm set i\u00e7in toplu sipari\u015fler vererek, bu \u00fcr\u00fcn\u00fc vitrinlerindeki en \u00f6nemli \u00fcr\u00fcnlerden biri haline getirdi.<\/p>\n<h2>\u00d6zel Cam Vazo Seti<\/h2>\n<ul>\n<li>\u0130mza motifini lazerle kaz\u0131y\u0131n \u2013 Taban\u0131n yak\u0131n\u0131nda k\u00fc\u00e7\u00fck bir yaprak, g\u00fcne\u015f veya soyut bir \u015fekil \u2013 yaln\u0131zca yak\u0131ndan g\u00f6r\u00fclebiliyor.<\/li>\n<li>Boynu dokulu hale getirin \u2013 Yivli veya yivli a\u011f\u0131z, dokunsal bir l\u00fcks katar ve parmak izlerini gizler.<\/li>\n<li>\u015eeffaf cam\u0131 hafif\u00e7e renklendirin \u2013 &#034;\u015eeffaf&#034; versiyonlar bile ince bir \u00e7e\u015fitlilik i\u00e7in bir miktar s\u0131cakl\u0131k veya so\u011fukluk i\u00e7erebilir.<\/li>\n<\/ul>\n<p>Bunlar sadece kozmetik de\u011fi\u015fiklikler de\u011fil. G\u00fczel bir cam vazoyu imza niteli\u011finde bir \u00fcr\u00fcne d\u00f6n\u00fc\u015ft\u00fcr\u00fcyorlar.<\/p>","protected":false},"excerpt":{"rendered":"<p data-pm-slice=\"1 1 []\">Kabartma detaylar ve zarif \u015fekillere sahip toptan vazo ve cam vazo seti. Kabartma ve spiral dokular vintage bir \u00e7ekicilik kat\u0131yor. \u00dccretsiz \u00f6rnekler mevcuttur.<\/p>","protected":false},"featured_media":2741,"template":"","meta":{"site-sidebar-layout":"default","site-content-layout":"","ast-site-content-layout":"default","site-content-style":"default","site-sidebar-style":"default","ast-global-header-display":"","ast-banner-title-visibility":"","ast-main-header-display":"","ast-hfb-above-header-display":"","ast-hfb-below-header-display":"","ast-hfb-mobile-header-display":"","site-post-title":"","ast-breadcrumbs-content":"","ast-featured-img":"","footer-sml-layout":"","theme-transparent-header-meta":"default","adv-header-id-meta":"","stick-header-meta":"","header-above-stick-meta":"","header-main-stick-meta":"","header-below-stick-meta":"","astra-migrate-meta-layouts":"set","ast-page-background-enabled":"default","ast-page-background-meta":{"desktop":{"background-color":"var(--ast-global-color-5)","background-image":"","background-repeat":"repeat","background-position":"center center","background-size":"auto","background-attachment":"scroll","background-type":"","background-media":"","overlay-type":"","overlay-color":"","overlay-opacity":"","overlay-gradient":""},"tablet":{"background-color":"","background-image":"","background-repeat":"repeat","background-position":"center center","background-size":"auto","background-attachment":"scroll","background-type":"","background-media":"","overlay-type":"","overlay-color":"","overlay-opacity":"","overlay-gradient":""},"mobile":{"background-color":"","background-image":"","background-repeat":"repeat","background-position":"center center","background-size":"auto","background-attachment":"scroll","background-type":"","background-media":"","overlay-type":"","overlay-color":"","overlay-opacity":"","overlay-gradient":""}},"ast-content-background-meta":{"desktop":{"background-color":"var(--ast-global-color-4)","background-image":"","background-repeat":"repeat","background-position":"center center","background-size":"auto","background-attachment":"scroll","background-type":"","background-media":"","overlay-type":"","overlay-color":"","overlay-opacity":"","overlay-gradient":""},"tablet":{"background-color":"var(--ast-global-color-4)","background-image":"","background-repeat":"repeat","background-position":"center center","background-size":"auto","background-attachment":"scroll","background-type":"","background-media":"","overlay-type":"","overlay-color":"","overlay-opacity":"","overlay-gradient":""},"mobile":{"background-color":"var(--ast-global-color-4)","background-image":"","background-repeat":"repeat","background-position":"center center","background-size":"auto","background-attachment":"scroll","background-type":"","background-media":"","overlay-type":"","overlay-color":"","overlay-opacity":"","overlay-gradient":""}}},"product_brand":[],"product_cat":[57,21],"product_tag":[],"class_list":{"0":"post-2718","1":"product","2":"type-product","3":"status-publish","4":"has-post-thumbnail","6":"product_cat-glass-vases","7":"product_cat-product","8":"desktop-align-left","9":"tablet-align-left","10":"mobile-align-left","12":"first","13":"instock","14":"shipping-taxable","15":"product-type-simple"},"jetpack_sharing_enabled":true,"_links":{"self":[{"href":"https:\/\/mostebglass.com\/tr\/wp-json\/wp\/v2\/product\/2718","targetHints":{"allow":["GET"]}}],"collection":[{"href":"https:\/\/mostebglass.com\/tr\/wp-json\/wp\/v2\/product"}],"about":[{"href":"https:\/\/mostebglass.com\/tr\/wp-json\/wp\/v2\/types\/product"}],"wp:featuredmedia":[{"embeddable":true,"href":"https:\/\/mostebglass.com\/tr\/wp-json\/wp\/v2\/media\/2741"}],"wp:attachment":[{"href":"https:\/\/mostebglass.com\/tr\/wp-json\/wp\/v2\/media?parent=2718"}],"wp:term":[{"taxonomy":"product_brand","embeddable":true,"href":"https:\/\/mostebglass.com\/tr\/wp-json\/wp\/v2\/product_brand?post=2718"},{"taxonomy":"product_cat","embeddable":true,"href":"https:\/\/mostebglass.com\/tr\/wp-json\/wp\/v2\/product_cat?post=2718"},{"taxonomy":"product_tag","embeddable":true,"href":"https:\/\/mostebglass.com\/tr\/wp-json\/wp\/v2\/product_tag?post=2718"}],"curies":[{"name":"wp","href":"https:\/\/api.w.org\/{rel}","templated":true}]}}