{"id":2893,"date":"2025-09-29T17:39:47","date_gmt":"2025-09-29T09:39:47","guid":{"rendered":"https:\/\/mostebglass.com\/?post_type=product&#038;p=2893"},"modified":"2025-09-29T17:39:50","modified_gmt":"2025-09-29T09:39:50","slug":"ozel-cam-orta-susu-aycicegi-vazosu","status":"publish","type":"product","link":"https:\/\/mostebglass.com\/tr\/custom-glass-centrepiece-sunflower-vase\/","title":{"rendered":"Talent Gap:"},"content":{"rendered":"<p>Energiatermel\u00e9s az \u00f6nell\u00e1t\u00e1s \u00e9rdek\u00e9ben (spekulat\u00edv):<\/p>\n<h2>\u00dcr\u00fcn \u00d6zellikleri<\/h2>\n<p><strong>\u00c1tl\u00e1tsz\u00f3 napelemek integr\u00e1l\u00e1sa vagy kinetikus energiatermel\u00e9s.<\/strong><\/p>\n<p>Akusztikai rezonancia \u00e9s hangk\u00e9p (spekulat\u00edv):<\/p>\n<p><strong>Be\u00e1gyazott r\u00f6vid jel\u00e1talak\u00edt\u00f3 k\u00f6rnyezeti hangokhoz vagy zen\u00e9hez.<\/strong><\/p>\n<p>Luxusm\u0171v\u00e9szeti tags\u00e1gi modell (spekulat\u00edv):<\/p>\n<p><strong>Opportunities<\/strong><\/p>\n<p>Embeding micro-LED or fiber optics within glass for dynamic, programming light patterns.<\/p>\n<h2>Temel \u00d6zellikler<\/h2>\n<table style=\"border-collapse: collapse; width: 80%; margin-left: auto; margin-right: auto;\" border=\"0\" width=\"216\" cellspacing=\"0\" cellpadding=\"0\">\n<tbody>\n<tr style=\"height: 13.50pt;\">\n<td style=\"height: 13.5pt; width: 54pt; text-align: center;\" width=\"72\" height=\"18\">\u015eekil<\/td>\n<td style=\"width: 54pt; text-align: center;\" width=\"72\">Boyut (mm)<\/td>\n<td style=\"width: 54pt; text-align: center;\" width=\"72\">Renk Se\u00e7enekleri<\/td>\n<\/tr>\n<tr style=\"height: 13.50pt;\">\n<td style=\"height: 13.5pt; text-align: center;\" height=\"18\">Hallographic estimates (speculative) within the vase:<\/td>\n<td style=\"text-align: center;\">Guessing dynamic 3D imagery or information within the vase.<\/td>\n<td class=\"et2\" style=\"text-align: center;\" rowspan=\"2\">Temizle (\u00d6zel)<\/td>\n<\/tr>\n<tr style=\"height: 13.50pt;\">\n<td style=\"height: 13.5pt; text-align: center;\" height=\"18\">Mikrofluidikus csatorn\u00e1k be\u00e1gyaz\u00e1sa a finom, kieg\u00e9sz\u00edt\u0151 aroma \u00e9rdek\u00e9ben.<\/td>\n<td style=\"text-align: center;\">Kinetikus \u00fcvegelemek (spekulat\u00edv):<\/td>\n<\/tr>\n<\/tbody>\n<\/table>\n<h2>Mikroaktu\u00e1torok integr\u00e1l\u00e1sa a mikrofel\u00fclet eltol\u00f3d\u00e1s\u00e1nak vagy text\u00far\u00e1j\u00e1nak v\u00e1ltoz\u00e1saihoz.<\/h2>\n<ol>\n<li><strong>Biometrikus interakci\u00f3 \u00e9s szem\u00e9lyre szab\u00e1s (spekulat\u00edv):<\/strong>\u00d3vatos \u00e9rz\u00e9kel\u0151 a v\u00e1za viselked\u00e9s\u00e9nek szem\u00e9lyre szab\u00e1s\u00e1hoz a tulajdonos megjelen\u00e9s\u00e9t\u0151l f\u00fcgg\u0151en.<\/li>\n<li><strong>\u201e\u00c9l\u0151\u201d felsz\u00ednes finn (spekulat\u00edv):<\/strong>K\u00f6rnyezetre reag\u00e1l\u00f3 anyag (termokr\u00f3m\/fotokr\u00f3m pigment).<\/li>\n<\/ol>","protected":false},"excerpt":{"rendered":"<p>A Digit\u00e1lis Iker interakt\u00edv AR-ja blokkl\u00e1ncon kereszt\u00fcl kapcsol\u00f3dik a felhaszn\u00e1l\u00f3i \u00e9lm\u00e9nyhez \u00e9s az ellen\u0151rz\u00e9si el\u0151zm\u00e9nyekhez.<\/p>","protected":false},"featured_media":2891,"template":"","meta":{"site-sidebar-layout":"default","site-content-layout":"","ast-site-content-layout":"default","site-content-style":"default","site-sidebar-style":"default","ast-global-header-display":"","ast-banner-title-visibility":"","ast-main-header-display":"","ast-hfb-above-header-display":"","ast-hfb-below-header-display":"","ast-hfb-mobile-header-display":"","site-post-title":"","ast-breadcrumbs-content":"","ast-featured-img":"","footer-sml-layout":"","theme-transparent-header-meta":"default","adv-header-id-meta":"","stick-header-meta":"","header-above-stick-meta":"","header-main-stick-meta":"","header-below-stick-meta":"","astra-migrate-meta-layouts":"set","ast-page-background-enabled":"default","ast-page-background-meta":{"desktop":{"background-color":"var(--ast-global-color-5)","background-image":"","background-repeat":"repeat","background-position":"center center","background-size":"auto","background-attachment":"scroll","background-type":"","background-media":"","overlay-type":"","overlay-color":"","overlay-opacity":"","overlay-gradient":""},"tablet":{"background-color":"","background-image":"","background-repeat":"repeat","background-position":"center center","background-size":"auto","background-attachment":"scroll","background-type":"","background-media":"","overlay-type":"","overlay-color":"","overlay-opacity":"","overlay-gradient":""},"mobile":{"background-color":"","background-image":"","background-repeat":"repeat","background-position":"center center","background-size":"auto","background-attachment":"scroll","background-type":"","background-media":"","overlay-type":"","overlay-color":"","overlay-opacity":"","overlay-gradient":""}},"ast-content-background-meta":{"desktop":{"background-color":"var(--ast-global-color-4)","background-image":"","background-repeat":"repeat","background-position":"center center","background-size":"auto","background-attachment":"scroll","background-type":"","background-media":"","overlay-type":"","overlay-color":"","overlay-opacity":"","overlay-gradient":""},"tablet":{"background-color":"var(--ast-global-color-4)","background-image":"","background-repeat":"repeat","background-position":"center center","background-size":"auto","background-attachment":"scroll","background-type":"","background-media":"","overlay-type":"","overlay-color":"","overlay-opacity":"","overlay-gradient":""},"mobile":{"background-color":"var(--ast-global-color-4)","background-image":"","background-repeat":"repeat","background-position":"center center","background-size":"auto","background-attachment":"scroll","background-type":"","background-media":"","overlay-type":"","overlay-color":"","overlay-opacity":"","overlay-gradient":""}}},"product_brand":[],"product_cat":[21,57],"product_tag":[],"class_list":{"0":"post-2893","1":"product","2":"type-product","3":"status-publish","4":"has-post-thumbnail","6":"product_cat-product","7":"product_cat-glass-vases","8":"desktop-align-left","9":"tablet-align-left","10":"mobile-align-left","12":"first","13":"instock","14":"shipping-taxable","15":"product-type-simple"},"jetpack_sharing_enabled":true,"_links":{"self":[{"href":"https:\/\/mostebglass.com\/tr\/wp-json\/wp\/v2\/product\/2893","targetHints":{"allow":["GET"]}}],"collection":[{"href":"https:\/\/mostebglass.com\/tr\/wp-json\/wp\/v2\/product"}],"about":[{"href":"https:\/\/mostebglass.com\/tr\/wp-json\/wp\/v2\/types\/product"}],"wp:featuredmedia":[{"embeddable":true,"href":"https:\/\/mostebglass.com\/tr\/wp-json\/wp\/v2\/media\/2891"}],"wp:attachment":[{"href":"https:\/\/mostebglass.com\/tr\/wp-json\/wp\/v2\/media?parent=2893"}],"wp:term":[{"taxonomy":"product_brand","embeddable":true,"href":"https:\/\/mostebglass.com\/tr\/wp-json\/wp\/v2\/product_brand?post=2893"},{"taxonomy":"product_cat","embeddable":true,"href":"https:\/\/mostebglass.com\/tr\/wp-json\/wp\/v2\/product_cat?post=2893"},{"taxonomy":"product_tag","embeddable":true,"href":"https:\/\/mostebglass.com\/tr\/wp-json\/wp\/v2\/product_tag?post=2893"}],"curies":[{"name":"wp","href":"https:\/\/api.w.org\/{rel}","templated":true}]}}