{"id":2927,"date":"2025-09-30T17:54:59","date_gmt":"2025-09-30T09:54:59","guid":{"rendered":"https:\/\/mostebglass.com\/?post_type=product&#038;p=2927"},"modified":"2025-09-30T17:55:02","modified_gmt":"2025-09-30T09:55:02","slug":"cam-vintage-vazo-seti-cesitli-cicek-kisa-vazo","status":"publish","type":"product","link":"https:\/\/mostebglass.com\/tr\/glass-vintage-vases-set-assorted-flower-short-vase\/","title":{"rendered":"\u015eeffaf Cam Vintage Vazo Seti - Etkinlik Dekoru \u0130\u00e7in \u00c7e\u015fitli \u00c7i\u00e7ek Desenli K\u0131sa Vazo"},"content":{"rendered":"<p>Arka planla b\u00fct\u00fcnle\u015fen vazo setlerinden s\u0131k\u0131ld\u0131n\u0131z m\u0131? \u00c7i\u00e7ek desenli vintage cam vazolar \u00fcretiyoruz; sahte saplara gerek yok. Bu k\u0131sa cam vazolar, ev dekorunu an\u0131nda sanata d\u00f6n\u00fc\u015ft\u00fcr\u00fcyor. Toplu sipari\u015flerde, markan\u0131z\u0131n ruhuna uygun \u00f6zel renk se\u00e7enekleri de sunuluyor.<\/p>\n<h2>\u00dcr\u00fcn \u00d6zellikleri<\/h2>\n<p><strong>\u00c7i\u00e7ek dokusu zarafeti<\/strong><\/p>\n<p>\u015eeffaf cam \u00fczerindeki elle preslenmi\u015f \u00e7i\u00e7ek desenleri sanatsal derinlik kat\u0131yor; cam vintage vazolar\u0131n\u0131z sanki bir y\u0131\u011f\u0131n halinde de\u011fil, el yap\u0131m\u0131ym\u0131\u015f gibi hissettiriyor.<\/p>\n<p><strong>Camdan yap\u0131lm\u0131\u015f eski bir cazibe merkezi<\/strong><\/p>\n<p>Petek ve balkaba\u011f\u0131 \u015fi\u015feleri gibi vintage esintili \u015fekiller, ba\u011f\u0131rmadan &#034;klasik&#034; - Rishi ev dekorasyonlar\u0131 kesinlikle a\u015f\u0131klar i\u00e7in.<\/p>\n<p><strong>Cam k\u0131sa vazo \u00e7ok y\u00f6nl\u00fcl\u00fc\u011f\u00fc<\/strong><\/p>\n<p>Kompakt boyutu sayesinde tek tek veya kirli saplara masumca uyum sa\u011flar \u2013 masa veya raflarda modern vazo d\u00fczenlemeleri i\u00e7in idealdir.<\/p>\n<p><strong>\u00d6zel renk uyumu<\/strong><\/p>\n<p>Markan\u0131z\u0131n esteti\u011fini mavi ve beyaz tonlarla e\u015fle\u015ftirin; cam vintage vazolar\u0131n\u0131z hikayenizin bir uzant\u0131s\u0131 gibi hissettirecek.<\/p>\n<h2><strong data-spm-anchor-id=\"5176.28103460.0.i13.29ab2e31jUfGco\">Temel \u00d6zellikler<\/strong><\/h2>\n<table style=\"border-collapse: collapse; width: 80%; margin-left: auto; margin-right: auto;\" border=\"0\" width=\"144\" cellspacing=\"0\" cellpadding=\"0\">\n<tbody>\n<tr style=\"height: 13.50pt;\">\n<td style=\"height: 13.5pt; width: 54pt; text-align: center;\" width=\"72\" height=\"18\">\u00d6zellik<\/td>\n<td style=\"width: 54pt; text-align: center;\" width=\"72\">Detaylar<\/td>\n<\/tr>\n<tr style=\"height: 13.50pt;\">\n<td style=\"height: 13.5pt; text-align: center;\" height=\"18\">Set \u0130\u00e7eri\u011fi<\/td>\n<td style=\"text-align: center;\">Cam k\u0131sa vazo<\/td>\n<\/tr>\n<tr style=\"height: 13.50pt;\">\n<td style=\"height: 13.5pt; text-align: center;\" height=\"18\">Malzeme<\/td>\n<td style=\"text-align: center;\">Bardak<\/td>\n<\/tr>\n<tr style=\"height: 13.50pt;\">\n<td style=\"height: 13.5pt; text-align: center;\" height=\"18\">Mevcut Renkler<\/td>\n<td style=\"text-align: center;\">\u015eeffaf, Turuncu, Kehribar veya \u00d6zel<\/td>\n<\/tr>\n<tr style=\"height: 13.50pt;\">\n<td style=\"height: 13.5pt; text-align: center;\" height=\"18\">\u0130deal \u0130\u00e7in<\/td>\n<td style=\"text-align: center;\">Tomurcuk d\u00fczenlemeleri, yapay saplar, mini \u00e7i\u00e7ekler<\/td>\n<\/tr>\n<\/tbody>\n<\/table>\n<h2>\u00d6zelle\u015ftirme K\u0131lavuzu<\/h2>\n<ol>\n<li><strong>Farkl\u0131 kabartma tasar\u0131mlar\u0131ndan birini se\u00e7in:<\/strong>D\u00fc\u011f\u00fcnlerden ev dekorasyonlar\u0131na kadar pek \u00e7ok farkl\u0131 ortam i\u00e7in ideal olan 20&#039;den fazla vintage kabartma vazo bulunmaktad\u0131r.<\/li>\n<li><strong>Kompakt vazo seti:<\/strong>&#034;Masa\u00fcst\u00fc \u00e7i\u00e7ek tak\u0131m\u0131&#034; olu\u015fturmak i\u00e7in \u00f6nceden zenginle\u015ftirilmi\u015f yapay \u00e7i\u00e7ek saplar\u0131yla cam k\u0131sa vazoyu e\u015fle\u015ftirin.<\/li>\n<\/ol>","protected":false},"excerpt":{"rendered":"<p>El yap\u0131m\u0131 kabartmal\u0131 cam vazolar ve cam k\u0131sa vazo seti. \u00d6zel renk se\u00e7enekleri. D\u00fc\u011f\u00fcnler ve ev dekorasyonu i\u00e7in toptan sat\u0131\u015f. M\u00fckemmel \u00e7i\u00e7ek aranjmanlar\u0131, zahmetsiz. Hemen sat\u0131n al\u0131n!<\/p>","protected":false},"featured_media":2931,"template":"","meta":{"site-sidebar-layout":"default","site-content-layout":"","ast-site-content-layout":"default","site-content-style":"default","site-sidebar-style":"default","ast-global-header-display":"","ast-banner-title-visibility":"","ast-main-header-display":"","ast-hfb-above-header-display":"","ast-hfb-below-header-display":"","ast-hfb-mobile-header-display":"","site-post-title":"","ast-breadcrumbs-content":"","ast-featured-img":"","footer-sml-layout":"","theme-transparent-header-meta":"default","adv-header-id-meta":"","stick-header-meta":"","header-above-stick-meta":"","header-main-stick-meta":"","header-below-stick-meta":"","astra-migrate-meta-layouts":"set","ast-page-background-enabled":"default","ast-page-background-meta":{"desktop":{"background-color":"var(--ast-global-color-5)","background-image":"","background-repeat":"repeat","background-position":"center center","background-size":"auto","background-attachment":"scroll","background-type":"","background-media":"","overlay-type":"","overlay-color":"","overlay-opacity":"","overlay-gradient":""},"tablet":{"background-color":"","background-image":"","background-repeat":"repeat","background-position":"center center","background-size":"auto","background-attachment":"scroll","background-type":"","background-media":"","overlay-type":"","overlay-color":"","overlay-opacity":"","overlay-gradient":""},"mobile":{"background-color":"","background-image":"","background-repeat":"repeat","background-position":"center center","background-size":"auto","background-attachment":"scroll","background-type":"","background-media":"","overlay-type":"","overlay-color":"","overlay-opacity":"","overlay-gradient":""}},"ast-content-background-meta":{"desktop":{"background-color":"var(--ast-global-color-4)","background-image":"","background-repeat":"repeat","background-position":"center center","background-size":"auto","background-attachment":"scroll","background-type":"","background-media":"","overlay-type":"","overlay-color":"","overlay-opacity":"","overlay-gradient":""},"tablet":{"background-color":"var(--ast-global-color-4)","background-image":"","background-repeat":"repeat","background-position":"center center","background-size":"auto","background-attachment":"scroll","background-type":"","background-media":"","overlay-type":"","overlay-color":"","overlay-opacity":"","overlay-gradient":""},"mobile":{"background-color":"var(--ast-global-color-4)","background-image":"","background-repeat":"repeat","background-position":"center center","background-size":"auto","background-attachment":"scroll","background-type":"","background-media":"","overlay-type":"","overlay-color":"","overlay-opacity":"","overlay-gradient":""}}},"product_brand":[],"product_cat":[21,57],"product_tag":[],"class_list":{"0":"post-2927","1":"product","2":"type-product","3":"status-publish","4":"has-post-thumbnail","6":"product_cat-product","7":"product_cat-glass-vases","8":"desktop-align-left","9":"tablet-align-left","10":"mobile-align-left","12":"first","13":"instock","14":"shipping-taxable","15":"product-type-simple"},"jetpack_sharing_enabled":true,"_links":{"self":[{"href":"https:\/\/mostebglass.com\/tr\/wp-json\/wp\/v2\/product\/2927","targetHints":{"allow":["GET"]}}],"collection":[{"href":"https:\/\/mostebglass.com\/tr\/wp-json\/wp\/v2\/product"}],"about":[{"href":"https:\/\/mostebglass.com\/tr\/wp-json\/wp\/v2\/types\/product"}],"wp:featuredmedia":[{"embeddable":true,"href":"https:\/\/mostebglass.com\/tr\/wp-json\/wp\/v2\/media\/2931"}],"wp:attachment":[{"href":"https:\/\/mostebglass.com\/tr\/wp-json\/wp\/v2\/media?parent=2927"}],"wp:term":[{"taxonomy":"product_brand","embeddable":true,"href":"https:\/\/mostebglass.com\/tr\/wp-json\/wp\/v2\/product_brand?post=2927"},{"taxonomy":"product_cat","embeddable":true,"href":"https:\/\/mostebglass.com\/tr\/wp-json\/wp\/v2\/product_cat?post=2927"},{"taxonomy":"product_tag","embeddable":true,"href":"https:\/\/mostebglass.com\/tr\/wp-json\/wp\/v2\/product_tag?post=2927"}],"curies":[{"name":"wp","href":"https:\/\/api.w.org\/{rel}","templated":true}]}}