{"id":3208,"date":"2025-10-29T14:47:45","date_gmt":"2025-10-29T06:47:45","guid":{"rendered":"https:\/\/mostebglass.com\/?post_type=product&#038;p=3208"},"modified":"2025-10-29T17:50:28","modified_gmt":"2025-10-29T09:50:28","slug":"toptan-kisa-cam-vazo-tomurcuk-vazolar-tedarikcisi","status":"publish","type":"product","link":"https:\/\/mostebglass.com\/tr\/wholesale-short-glass-vase-bud-vases-supplier\/","title":{"rendered":"Minimalist \u00c7i\u00e7ek D\u00fczenlemeleri i\u00e7in Koni \u015eeklinde K\u0131sa Cam Vazo"},"content":{"rendered":"<p>\u00c7i\u00e7e\u011finizin havas\u0131n\u0131 \u00f6ld\u00fcren s\u0131k\u0131c\u0131 vazo camlar\u0131-dekoratif par\u00e7alar\u0131 kullanmay\u0131 b\u0131rak\u0131n. Geometrik dokulu k\u0131sa tomurcuk vazolar \u00fcretiyoruz - art\u0131k d\u00fcz dekor yok. Bu k\u0131sa cam vazo setleri mekan\u0131n\u0131z\u0131 \u00e7i\u00e7ekli bir r\u00fcyaya d\u00f6n\u00fc\u015ft\u00fcr\u00fcr. Toplu sipari\u015fler, markan\u0131z\u0131n ruhuna uygun \u00f6zel cam vazolar al\u0131r.<\/p>\n<h2>\u00dcr\u00fcn \u00d6zellikleri<\/h2>\n<p><strong>Geometrik\u200d\u200d\u200d\u200d\u200d\u200d Doku<\/strong><\/p>\n<p>Kuma\u015f \u00fczerindeki kaburgalar kuma\u015f\u0131n daha fazla derinlik kazanmas\u0131na yard\u0131mc\u0131 olur, ancak ayn\u0131 zamanda a\u015f\u0131r\u0131 g\u00fc\u00e7l\u00fc olmayacakt\u0131r - minimalist vazonuz her alanda \u015f\u0131k ve g\u00fcncel g\u00f6r\u00fcnecektir.<\/p>\n<p><strong>Kristal berrakl\u0131\u011f\u0131nda<\/strong><\/p>\n<p>\u0130deal bir \u015feffaf kap, her \u00e7i\u00e7e\u011fin g\u00f6sterilebilece\u011fi bir kap olacakt\u0131r; m\u00fc\u015fteriler daha en ba\u015f\u0131ndan berrak ve \u015feffaf do\u011fas\u0131na hayran kalacakt\u0131r.<\/p>\n<p><strong>Farkl\u0131 Boyutlar<\/strong><\/p>\n<p>Alanlar\u0131n farkl\u0131 ihtiya\u00e7lar\u0131n\u0131 kar\u015f\u0131lamak i\u00e7in k\u00fc\u00e7\u00fck, orta ve b\u00fcy\u00fck olmak \u00fczere \u00fc\u00e7 farkl\u0131 boyut - vazo koleksiyonunuz bir sehpa, bir kitapl\u0131k veya bir d\u00fc\u011f\u00fcn \u200d\u200d\u200d\u200d\u200d\u200d masas\u0131nda olabilir.<\/p>\n<h2>Temel \u00d6zellikler<\/h2>\n<table style=\"border-collapse: collapse; width: 80%; margin-left: auto; margin-right: auto;\" border=\"0\" width=\"288\" cellspacing=\"0\" cellpadding=\"0\">\n<tbody>\n<tr style=\"height: 13.50pt;\">\n<td style=\"height: 13.5pt; width: 54pt; text-align: center;\" width=\"72\" height=\"18\">Stil<\/td>\n<td style=\"width: 54pt; text-align: center;\" width=\"72\">Boyut (cm)<\/td>\n<td style=\"width: 54pt; text-align: center;\" width=\"72\">Malzeme<\/td>\n<td style=\"width: 54pt; text-align: center;\" width=\"72\">Renk<\/td>\n<\/tr>\n<tr style=\"height: 13.50pt;\">\n<td style=\"height: 13.5pt; text-align: center;\" height=\"18\">K\u00fc\u00e7\u00fck<\/td>\n<td style=\"text-align: center;\">5.0&#215;11.5&#215;2.9<\/td>\n<td class=\"et2\" style=\"text-align: center;\" rowspan=\"3\">Bardak<\/td>\n<td class=\"et2\" style=\"text-align: center;\" rowspan=\"3\">Temizle veya \u00f6zel<\/td>\n<\/tr>\n<tr style=\"height: 13.50pt;\">\n<td style=\"height: 13.5pt; text-align: center;\" height=\"18\">Orta<\/td>\n<td style=\"text-align: center;\">6.6\u00d713.0x3.7<\/td>\n<\/tr>\n<tr style=\"height: 13.50pt;\">\n<td style=\"height: 13.5pt; text-align: center;\" height=\"18\">B\u00fcy\u00fck<\/td>\n<td style=\"text-align: center;\">7.0&#215;14.6&#215;3.5<\/td>\n<\/tr>\n<\/tbody>\n<\/table>\n<h2>Ba\u015far\u0131 \u00d6rne\u011fi<\/h2>\n<p>Avustralya'n\u0131n Melbourne kentinden butik bir \u00e7i\u00e7ek st\u00fcdyosuyla yeni serileri i\u00e7in bir dizi \u00f6zel tasar\u0131m minimal cam vazo \u00fcretmek \u00fczere harika bir i\u015fbirli\u011fi yapt\u0131k. Marka, her biri farkl\u0131 kal\u0131rken vazolar\u0131 g\u00f6rsel olarak birle\u015ftiren elmas desenli \u00fc\u00e7 farkl\u0131 boyutta vazo yaratt\u0131. Bunun yan\u0131 s\u0131ra, vazolar mat bir y\u00fczeye sahip ve her bir vazonun taban\u0131na \u00f6zel bir logo kaz\u0131nmas\u0131 m\u00fcmk\u00fcn.<\/p>\n<p>Vazo koleksiyonu piyasaya s\u00fcr\u00fcld\u00fckten sonra d\u00fc\u011f\u00fcn hediyeleri ve ev dekorasyonu i\u00e7in en cazip se\u00e7enek haline geldi. St\u00fcdyonun vazo sat\u0131\u015flar\u0131 sadece iki ay i\u00e7inde 40% artt\u0131.<\/p>\n<h2>\u00d6zelle\u015ftirme K\u0131lavuzunuz<\/h2>\n<ol>\n<li><strong>\u00d6zelle\u015ftirme\u200d\u200d\u200d\u200d\u200d\u200d\u200d par\u00e7alar\u0131:<\/strong> Vazoya daha zarif ve karma\u015f\u0131k bir g\u00f6r\u00fcn\u00fcm kazand\u0131rmak i\u00e7in sprey boyama (kehribar, dumanl\u0131 gri, mat s\u00fct beyaz\u0131, vb.) veya alt\u0131n kenarl\u0131 elektrokaplama gibi birka\u00e7 se\u00e7enek mevcuttur.<\/li>\n<li><strong>Logo uygulamas\u0131:<\/strong> Vazonun markas\u0131, \u200d\u200d\u200d\u200d\u200d\u200d\u200dvazonun alt veya boyun k\u0131sm\u0131ndaki logonun serigrafi, s\u0131cak damga veya kabartma yoluyla ince ve etkili bir \u015fekilde tan\u0131nabilir.<\/li>\n<\/ol>","protected":false},"excerpt":{"rendered":"<p>Minimalist dekor i\u00e7in tasarlanm\u0131\u015f zarif k\u0131sa cam vazo seti. Bu k\u0131sa tomurcuk vazolar, d\u00fc\u011f\u00fcnler, masalar veya hediyeler i\u00e7in m\u00fckemmel olan tek \u00e7i\u00e7ekleri g\u00fczel bir \u015fekilde vurgular.<\/p>","protected":false},"featured_media":3209,"template":"","meta":{"site-sidebar-layout":"default","site-content-layout":"","ast-site-content-layout":"default","site-content-style":"default","site-sidebar-style":"default","ast-global-header-display":"","ast-banner-title-visibility":"","ast-main-header-display":"","ast-hfb-above-header-display":"","ast-hfb-below-header-display":"","ast-hfb-mobile-header-display":"","site-post-title":"","ast-breadcrumbs-content":"","ast-featured-img":"","footer-sml-layout":"","theme-transparent-header-meta":"default","adv-header-id-meta":"","stick-header-meta":"","header-above-stick-meta":"","header-main-stick-meta":"","header-below-stick-meta":"","astra-migrate-meta-layouts":"set","ast-page-background-enabled":"default","ast-page-background-meta":{"desktop":{"background-color":"var(--ast-global-color-5)","background-image":"","background-repeat":"repeat","background-position":"center center","background-size":"auto","background-attachment":"scroll","background-type":"","background-media":"","overlay-type":"","overlay-color":"","overlay-opacity":"","overlay-gradient":""},"tablet":{"background-color":"","background-image":"","background-repeat":"repeat","background-position":"center center","background-size":"auto","background-attachment":"scroll","background-type":"","background-media":"","overlay-type":"","overlay-color":"","overlay-opacity":"","overlay-gradient":""},"mobile":{"background-color":"","background-image":"","background-repeat":"repeat","background-position":"center center","background-size":"auto","background-attachment":"scroll","background-type":"","background-media":"","overlay-type":"","overlay-color":"","overlay-opacity":"","overlay-gradient":""}},"ast-content-background-meta":{"desktop":{"background-color":"var(--ast-global-color-4)","background-image":"","background-repeat":"repeat","background-position":"center center","background-size":"auto","background-attachment":"scroll","background-type":"","background-media":"","overlay-type":"","overlay-color":"","overlay-opacity":"","overlay-gradient":""},"tablet":{"background-color":"var(--ast-global-color-4)","background-image":"","background-repeat":"repeat","background-position":"center center","background-size":"auto","background-attachment":"scroll","background-type":"","background-media":"","overlay-type":"","overlay-color":"","overlay-opacity":"","overlay-gradient":""},"mobile":{"background-color":"var(--ast-global-color-4)","background-image":"","background-repeat":"repeat","background-position":"center center","background-size":"auto","background-attachment":"scroll","background-type":"","background-media":"","overlay-type":"","overlay-color":"","overlay-opacity":"","overlay-gradient":""}}},"product_brand":[],"product_cat":[21,57],"product_tag":[],"class_list":{"0":"post-3208","1":"product","2":"type-product","3":"status-publish","4":"has-post-thumbnail","6":"product_cat-product","7":"product_cat-glass-vases","8":"desktop-align-left","9":"tablet-align-left","10":"mobile-align-left","12":"first","13":"instock","14":"shipping-taxable","15":"product-type-simple"},"jetpack_sharing_enabled":true,"_links":{"self":[{"href":"https:\/\/mostebglass.com\/tr\/wp-json\/wp\/v2\/product\/3208","targetHints":{"allow":["GET"]}}],"collection":[{"href":"https:\/\/mostebglass.com\/tr\/wp-json\/wp\/v2\/product"}],"about":[{"href":"https:\/\/mostebglass.com\/tr\/wp-json\/wp\/v2\/types\/product"}],"wp:featuredmedia":[{"embeddable":true,"href":"https:\/\/mostebglass.com\/tr\/wp-json\/wp\/v2\/media\/3209"}],"wp:attachment":[{"href":"https:\/\/mostebglass.com\/tr\/wp-json\/wp\/v2\/media?parent=3208"}],"wp:term":[{"taxonomy":"product_brand","embeddable":true,"href":"https:\/\/mostebglass.com\/tr\/wp-json\/wp\/v2\/product_brand?post=3208"},{"taxonomy":"product_cat","embeddable":true,"href":"https:\/\/mostebglass.com\/tr\/wp-json\/wp\/v2\/product_cat?post=3208"},{"taxonomy":"product_tag","embeddable":true,"href":"https:\/\/mostebglass.com\/tr\/wp-json\/wp\/v2\/product_tag?post=3208"}],"curies":[{"name":"wp","href":"https:\/\/api.w.org\/{rel}","templated":true}]}}