{"id":404,"date":"2025-08-13T17:48:15","date_gmt":"2025-08-13T09:48:15","guid":{"rendered":"https:\/\/mostebglass.com\/?post_type=product&#038;p=404"},"modified":"2026-03-19T18:02:29","modified_gmt":"2026-03-19T10:02:29","slug":"candle-jar-wholesale-16oz-candle-jars-bulk-supply","status":"publish","type":"product","link":"https:\/\/mostebglass.com\/tr\/candle-jar-wholesale-16oz-candle-jars-bulk-supply\/","title":{"rendered":"Mum Kavanozu Toptan Sat\u0131\u015f\u0131 16oz | Toplu Mum Kavanozu Tedari\u011fi"},"content":{"rendered":"<p>Geni\u015f, yuvarlak bir \u00fcst k\u0131sm\u0131 ve sa\u011flam bir taban\u0131 olan, estetik ve pratik bir tasar\u0131ma sahip kabartmal\u0131 cam mumluklar, toplu olarak sat\u0131lmaktad\u0131r. Mumlar\u0131n kendine \u00f6zg\u00fc dokulu tasar\u0131mlar\u0131, \u0131\u015f\u0131\u011f\u0131 daha etkili bir \u015fekilde yaymalar\u0131n\u0131 sa\u011flar; bu sayede mumluklar, \u00fcst d\u00fczey mumluklara en uygun, y\u00fcksek kaliteli bir estetik g\u00f6r\u00fcn\u00fcm sunar. Bu mumluklar 460 ml (16 oz) kapasiteye sahiptir ve genellikle soya mumlar\u0131, kokulu mumlar ve l\u00fcks perakende koleksiyonlar\u0131n\u0131 saklamak i\u00e7in kullan\u0131l\u0131r. Profesyonel bir cam ambalaj \u00fcreticisi taraf\u0131ndan \u00fcretilen bu geri d\u00f6n\u00fc\u015ft\u00fcr\u00fclm\u00fc\u015f cam kavanozlar, dayan\u0131kl\u0131l\u0131\u011f\u0131 zarif stille birle\u015ftirerek toptan ve toplu mumluk tedariki i\u00e7in uygun hale gelir.<\/p>\n<h2>Temel \u00d6zellikler<\/h2>\n<table style=\"border-collapse: collapse; width: 80%; margin-left: auto; margin-right: auto;\" border=\"0\" width=\"637\" cellspacing=\"0\" cellpadding=\"0\">\n<tbody>\n<tr style=\"height: 13.50pt;\">\n<td style=\"height: 13.50pt; width: 153.00pt;\" width=\"204\" height=\"18\">\u00dcr\u00fcn Ad\u0131<\/td>\n<td style=\"width: 324.75pt;\" width=\"433\">Kabartmal\u0131 Cam Mum Kavanozu<\/td>\n<\/tr>\n<tr style=\"height: 13.50pt;\">\n<td style=\"height: 13.50pt;\" height=\"18\">Kapasite<\/td>\n<td>460 ml \/ 16 oz<\/td>\n<\/tr>\n<tr style=\"height: 13.50pt;\">\n<td style=\"height: 13.50pt;\" height=\"18\">Malzeme<\/td>\n<td>Kur\u015funsuz soda-kire\u00e7 (geri d\u00f6n\u00fc\u015ft\u00fcr\u00fclm\u00fc\u015f) cam<\/td>\n<\/tr>\n<tr style=\"height: 13.50pt;\">\n<td style=\"height: 13.50pt;\" height=\"18\">\u015eekil<\/td>\n<td>Yuvarlak, geni\u015f a\u011f\u0131zl\u0131 ve tabanl\u0131<\/td>\n<\/tr>\n<tr style=\"height: 13.50pt;\">\n<td style=\"height: 13.50pt;\" height=\"18\">\u00c7ap (\u00dcst \/ Alt)<\/td>\n<td>85 mm \/ 67 mm<\/td>\n<\/tr>\n<tr style=\"height: 13.50pt;\">\n<td style=\"height: 13.50pt;\" height=\"18\">Y\u00fckseklik<\/td>\n<td>130 mm<\/td>\n<\/tr>\n<tr style=\"height: 13.50pt;\">\n<td style=\"height: 13.50pt;\" height=\"18\">Renk<\/td>\n<td>Temizle (\u00f6zelle\u015ftirme se\u00e7ene\u011fi mevcut)<\/td>\n<\/tr>\n<tr style=\"height: 13.50pt;\">\n<td style=\"height: 13.50pt;\" height=\"18\">\u0130\u015flem<\/td>\n<td>Makineyle bas\u0131lm\u0131\u015f<\/td>\n<\/tr>\n<tr style=\"height: 13.50pt;\">\n<td style=\"height: 13.50pt;\" height=\"18\">Kapak Se\u00e7ene\u011fi<\/td>\n<td>\u00d6zelle\u015ftirilebilir<\/td>\n<\/tr>\n<tr style=\"height: 13.50pt;\">\n<td style=\"height: 13.50pt;\" height=\"18\">Ba\u015fvuru<\/td>\n<td>Soya mumu, kokulu mum, toplu mum \u00fcretimi<\/td>\n<\/tr>\n<tr style=\"height: 13.50pt;\">\n<td style=\"height: 13.50pt;\" height=\"18\">Ambalaj T\u00fcr\u00fc<\/td>\n<td>Toptan ve toplu<\/td>\n<\/tr>\n<\/tbody>\n<\/table>\n<h2>Ba\u015fl\u0131ca \u00d6zellikler<\/h2>\n<ol>\n<li><strong>Zarif Kabartmal\u0131 Dekorasyon<\/strong>Y\u00fczey dekorasyonu, y\u00fczeyi farkl\u0131la\u015ft\u0131rarak \u00fcst d\u00fczey marka kimli\u011finde kullan\u0131lmak \u00fczere y\u00fcksek kaliteli l\u00fcks mumluklar \u00fcretir.<\/li>\n<li><strong>Mum Yap\u0131m\u0131 \u0130\u00e7in En \u0130yi Y\u00f6ntem:<\/strong> Kal\u0131n cam yap\u0131s\u0131, e\u015fit \u015fekilde so\u011fumas\u0131n\u0131 ve toplu mum yap\u0131m\u0131nda istikrarl\u0131 bir \u015fekilde d\u00f6k\u00fclmesini sa\u011flar.<\/li>\n<li><strong>Toptanc\u0131ya verimli tedarik<\/strong>Homojen \u015fekli ve sa\u011flam kap yap\u0131s\u0131, otomatik doldurma, etiketleme ve \u00f6l\u00e7eklenebilir toptan mum kavanozu i\u015flemlerini kolayla\u015ft\u0131r\u0131r.<\/li>\n<\/ol>\n<h2>Ba\u015far\u0131l\u0131 Vaka \u00c7al\u0131\u015fmas\u0131<\/h2>\n<p>Amerika Birle\u015fik Devletleri merkezli, \u00fcst d\u00fczey bir ev kokusu markas\u0131, mum kavanozu toptan sat\u0131\u015f program\u0131m\u0131z arac\u0131l\u0131\u011f\u0131yla bu 16 oz&#039;luk mum kavanozlar\u0131ndan 80.000 adet tedarik etti. M\u00fc\u015fteri, \u00e7evre dostu mum \u00fcr\u00fcnleri satan, do\u011frudan t\u00fcketiciye sat\u0131\u015f yapan hibrit bir perakende \u015firketidir.<\/p>\n<p>\u015eeffaf, geri d\u00f6n\u00fc\u015ft\u00fcr\u00fclm\u00fc\u015f cam kavanozlar se\u00e7tiler, altlar\u0131na kendi logolar\u0131n\u0131 i\u015flediler ve her kavanoza mat siyah ah\u015fap bir kapak takt\u0131lar. Bu kavanozlar, \u00e7evrimi\u00e7i platformlarda ve butik ma\u011fazalarda sat\u0131lan mevsimlik aromaterapi koleksiyonunda kullan\u0131ld\u0131.<\/p>\n<p>\u00dcr\u00fcn yelpazesi, benzersiz mumluk tasar\u0131mlar\u0131 ve \u00fcst\u00fcn ambalaj \u00e7ekicili\u011fi sayesinde bir \u00e7eyrek i\u00e7inde &#039;lik bir sat\u0131\u015f art\u0131\u015f\u0131 kaydetti. O zamandan beri m\u00fc\u015fteri, y\u0131lda 200.000 adetten fazla olmak \u00fczere birka\u00e7 kez toplu sipari\u015f verdi.<\/p>\n<h2>B2B Al\u0131c\u0131lar\u0131na Y\u00f6nelik Bireyselle\u015ftirme \u00d6nerileri<\/h2>\n<ul>\n<li><strong>Y\u00fczey Dekorasyonu ve Markalama<\/strong>Mumluklar\u0131n\u0131z\u0131 buzlu cam g\u00f6r\u00fcn\u00fcm\u00fcne, elektroliz kaplamaya veya serigrafi bask\u0131ya tabi tutarak, i\u015fletmenizin kimli\u011fini yans\u0131tan \u00f6zel bir ambalaj olu\u015fturabilirsiniz.<\/li>\n<li><strong>Kapak E\u015fle\u015ftirme<\/strong>Toptan ve toplu sat\u0131\u015f ortamlar\u0131nda kavanozu ah\u015fap, metal veya cam kapak se\u00e7enekleriyle birle\u015ftirerek alg\u0131lanan de\u011feri daha sofistike bir \u015fekilde art\u0131r\u0131n.<\/li>\n<li><strong>Renk Stratejisi\/Koleksiyon Stratejisi<\/strong>: Raf g\u00f6r\u00fcn\u00fcm\u00fcn\u00fc ve marka imaj\u0131n\u0131 g\u00fc\u00e7lendirecek mevsimlik veya parf\u00fcm \u00fcr\u00fcn serileri i\u00e7in koordineli renk varyasyonlar\u0131 tasarlay\u0131n.<\/li>\n<\/ul>\n<p>Bu toplu mum kavanozu \u00e7\u00f6z\u00fcmleri, modern mum pazarlar\u0131 i\u00e7in g\u00fcvenilir, \u00f6l\u00e7eklenebilir ve g\u00f6rsel olarak ay\u0131rt edici cam ambalaj arayan markalar i\u00e7in tasarlanm\u0131\u015ft\u0131r.<\/p>","protected":false},"excerpt":{"rendered":"<p>16 oz&#039;luk mum kavanozlar\u0131n\u0131n toptan sat\u0131\u015f\u0131. L\u00fcks ambalaj ve toplu tedarik i\u00e7in birinci s\u0131n\u0131f geri d\u00f6n\u00fc\u015ft\u00fcr\u00fclm\u00fc\u015f cam mum kaplar\u0131.<\/p>","protected":false},"featured_media":4832,"template":"","meta":{"site-sidebar-layout":"default","site-content-layout":"","ast-site-content-layout":"default","site-content-style":"default","site-sidebar-style":"default","ast-global-header-display":"","ast-banner-title-visibility":"","ast-main-header-display":"","ast-hfb-above-header-display":"","ast-hfb-below-header-display":"","ast-hfb-mobile-header-display":"","site-post-title":"","ast-breadcrumbs-content":"","ast-featured-img":"","footer-sml-layout":"","theme-transparent-header-meta":"default","adv-header-id-meta":"","stick-header-meta":"","header-above-stick-meta":"","header-main-stick-meta":"","header-below-stick-meta":"","astra-migrate-meta-layouts":"set","ast-page-background-enabled":"default","ast-page-background-meta":{"desktop":{"background-color":"var(--ast-global-color-5)","background-image":"","background-repeat":"repeat","background-position":"center center","background-size":"auto","background-attachment":"scroll","background-type":"","background-media":"","overlay-type":"","overlay-color":"","overlay-opacity":"","overlay-gradient":""},"tablet":{"background-color":"","background-image":"","background-repeat":"repeat","background-position":"center center","background-size":"auto","background-attachment":"scroll","background-type":"","background-media":"","overlay-type":"","overlay-color":"","overlay-opacity":"","overlay-gradient":""},"mobile":{"background-color":"","background-image":"","background-repeat":"repeat","background-position":"center center","background-size":"auto","background-attachment":"scroll","background-type":"","background-media":"","overlay-type":"","overlay-color":"","overlay-opacity":"","overlay-gradient":""}},"ast-content-background-meta":{"desktop":{"background-color":"var(--ast-global-color-4)","background-image":"","background-repeat":"repeat","background-position":"center center","background-size":"auto","background-attachment":"scroll","background-type":"","background-media":"","overlay-type":"","overlay-color":"","overlay-opacity":"","overlay-gradient":""},"tablet":{"background-color":"var(--ast-global-color-4)","background-image":"","background-repeat":"repeat","background-position":"center center","background-size":"auto","background-attachment":"scroll","background-type":"","background-media":"","overlay-type":"","overlay-color":"","overlay-opacity":"","overlay-gradient":""},"mobile":{"background-color":"var(--ast-global-color-4)","background-image":"","background-repeat":"repeat","background-position":"center center","background-size":"auto","background-attachment":"scroll","background-type":"","background-media":"","overlay-type":"","overlay-color":"","overlay-opacity":"","overlay-gradient":""}}},"product_brand":[],"product_cat":[28,21],"product_tag":[36,35],"class_list":{"0":"post-404","1":"product","2":"type-product","3":"status-publish","4":"has-post-thumbnail","6":"product_cat-glass-candle-jars","7":"product_cat-product","8":"product_tag-candle-jars-bulk","9":"product_tag-glass-jar-candles","10":"desktop-align-left","11":"tablet-align-left","12":"mobile-align-left","14":"first","15":"instock","16":"shipping-taxable","17":"product-type-simple"},"jetpack_sharing_enabled":true,"_links":{"self":[{"href":"https:\/\/mostebglass.com\/tr\/wp-json\/wp\/v2\/product\/404","targetHints":{"allow":["GET"]}}],"collection":[{"href":"https:\/\/mostebglass.com\/tr\/wp-json\/wp\/v2\/product"}],"about":[{"href":"https:\/\/mostebglass.com\/tr\/wp-json\/wp\/v2\/types\/product"}],"wp:featuredmedia":[{"embeddable":true,"href":"https:\/\/mostebglass.com\/tr\/wp-json\/wp\/v2\/media\/4832"}],"wp:attachment":[{"href":"https:\/\/mostebglass.com\/tr\/wp-json\/wp\/v2\/media?parent=404"}],"wp:term":[{"taxonomy":"product_brand","embeddable":true,"href":"https:\/\/mostebglass.com\/tr\/wp-json\/wp\/v2\/product_brand?post=404"},{"taxonomy":"product_cat","embeddable":true,"href":"https:\/\/mostebglass.com\/tr\/wp-json\/wp\/v2\/product_cat?post=404"},{"taxonomy":"product_tag","embeddable":true,"href":"https:\/\/mostebglass.com\/tr\/wp-json\/wp\/v2\/product_tag?post=404"}],"curies":[{"name":"wp","href":"https:\/\/api.w.org\/{rel}","templated":true}]}}