{"id":409,"date":"2025-08-14T17:30:04","date_gmt":"2025-08-14T09:30:04","guid":{"rendered":"https:\/\/mostebglass.com\/?post_type=product&#038;p=409"},"modified":"2026-01-26T14:15:32","modified_gmt":"2026-01-26T06:15:32","slug":"360ml-clear-candle-glass-jars-unique-geometric-embossed-design","status":"publish","type":"product","link":"https:\/\/mostebglass.com\/tr\/360ml-clear-candle-glass-jars-unique-geometric-embossed-design\/","title":{"rendered":"360 ml \u015eeffaf Cam Mum Kavanozlar\u0131 \u2013 E\u015fsiz Geometrik Kabartmal\u0131 Tasar\u0131m"},"content":{"rendered":"<p>Bu silindirik \u015fekilli mumluklar, d\u00fcz dikey kenarlara sahip olup \u015feffaf camdan \u00fcretilmi\u015ftir. Y\u00fczeyi, tekrarlayan elmas ve y\u0131ld\u0131z benzeri fasetlerden olu\u015fan geometrik kabartmalarla kapl\u0131d\u0131r ve bu da g\u00f6vdeye dokulu, kesme cam g\u00f6r\u00fcn\u00fcm\u00fc verir. Cam renksiz ve kristal berrakl\u0131\u011f\u0131ndad\u0131r, \u0131\u015f\u0131k camdan ge\u00e7er ve olu\u015fturulan desendeki dokudan yans\u0131r. Kenar\u0131 d\u00fcz ve p\u00fcr\u00fczs\u00fczd\u00fcr, ne kapa\u011f\u0131 ne de dekorasyonu vard\u0131r. Genel olarak tasar\u0131m simetrik, yap\u0131land\u0131r\u0131lm\u0131\u015f ve dekoratiftir; bu da mum yak\u0131ld\u0131\u011f\u0131nda \u0131\u015f\u0131\u011f\u0131n yay\u0131lmas\u0131n\u0131 sa\u011flamak i\u00e7in uygundur.<\/p>\n<h2>\u00dcr\u00fcn \u00d6zellikleri<\/h2>\n<p><strong>G\u00f6rsel Etki Yaratmak \u0130\u00e7in 3D Y\u0131ld\u0131z Patlamas\u0131 Desenleri:\u00a0<\/strong>Elmas \u015feklindeki dokular, mega y\u0131ld\u0131z benzeri desenler olu\u015fturarak, el yap\u0131m\u0131 ve \u00fcst d\u00fczey bir his veren bir mum kab\u0131 yarat\u0131yor.<\/p>\n<p><strong>Estetik G\u00f6r\u00fcn\u00fcm \u0130\u00e7in I\u015f\u0131k K\u0131r\u0131lmas\u0131 Tasar\u0131m\u0131:\u00a0<\/strong>Kal\u0131n cam ve geometrik i\u015flemeler, hafif bir hareketlilik sa\u011flayarak kab\u0131n\u0131z\u0131 bo\u015fken bile dekoratif bir par\u00e7aya d\u00f6n\u00fc\u015ft\u00fcr\u00fcr.<\/p>\n<p><strong>\u00c7ok Ama\u00e7l\u0131 Esneklik:\u00a0<\/strong>Mum kavanozu, mum stand\u0131 veya garaj kab\u0131 olarak kullan\u0131labilir; \u00e7ok y\u00f6nl\u00fcl\u00fc\u011f\u00fc, amaca y\u00f6nelik sanat eseri arayan mum markalar\u0131 i\u00e7in onu cazip bir se\u00e7enek haline getiriyor.<\/p>\n<h2>Temel \u00d6zellikler<\/h2>\n<table style=\"border-collapse: collapse; width: 80%; margin-left: auto; margin-right: auto;\" border=\"0\" width=\"144\" cellspacing=\"0\" cellpadding=\"0\">\n<tbody>\n<tr style=\"height: 13.50pt;\">\n<td style=\"height: 13.50pt; width: 54.00pt;\" width=\"72\" height=\"18\">\u00d6zellik<\/td>\n<td style=\"width: 54.00pt;\" width=\"72\">Detaylar<\/td>\n<\/tr>\n<tr style=\"height: 13.50pt;\">\n<td style=\"height: 13.50pt;\" height=\"18\">Kapasite<\/td>\n<td>360 ml<\/td>\n<\/tr>\n<tr style=\"height: 13.50pt;\">\n<td style=\"height: 13.50pt;\" height=\"18\">A\u011f\u0131rl\u0131k<\/td>\n<td>500 g<\/td>\n<\/tr>\n<tr style=\"height: 13.50pt;\">\n<td style=\"height: 13.50pt;\" height=\"18\">Desenler<\/td>\n<td>Pirin\u00e7 Noktal\u0131, Noktal\u0131, Elmas, Dikey, Su Damlas\u0131, Y\u0131ld\u0131z Patlamas\u0131<\/td>\n<\/tr>\n<tr style=\"height: 13.50pt;\">\n<td style=\"height: 13.50pt;\" height=\"18\">Boyutlar<\/td>\n<td>95 * 95 * 87 mm<\/td>\n<\/tr>\n<tr style=\"height: 13.50pt;\">\n<td style=\"height: 13.50pt;\" height=\"18\">Malzeme<\/td>\n<td>Kristal Cam<\/td>\n<\/tr>\n<tr style=\"height: 13.50pt;\">\n<td style=\"height: 13.50pt;\" height=\"18\">Renk<\/td>\n<td>Temizlemek<\/td>\n<\/tr>\n<\/tbody>\n<\/table>\n<h2>\u00d6zel Tasar\u0131m Fikirleri<\/h2>\n<ol>\n<li><strong>Mevsimsel Tasar\u0131mlar:<\/strong>Yaz modas\u0131nda su damlas\u0131 deseni, k\u0131\u015f modas\u0131nda ise elmas deseni \u00f6ne \u00e7\u0131k\u0131yor; bu da tatiller ve \u00f6zel g\u00fcnler i\u00e7in ideal, mevsime uygun kokulu mum koleksiyonunu ortaya \u00e7\u0131kar\u0131yor.<\/li>\n<li><strong>\u00c7evre Dostu Ambalaj \u00c7\u00f6z\u00fcmleri:<\/strong>Yeniden kullan\u0131labilir cam mumluklar\u0131n, saks\u0131 veya mutfak e\u015fyas\u0131 olarak da kullan\u0131labilecek \u015fekilde yeniden kullan\u0131m\u0131na dair \u00f6nerilerle birlikte tan\u0131t\u0131lmas\u0131, de\u011feri art\u0131r\u0131r ve s\u00fcrd\u00fcr\u00fclebilirlik \u00f6zellikleriyle uyumludur.<\/li>\n<\/ol>\n<p>&nbsp;<\/p>\n<p>&nbsp;<\/p>","protected":false},"excerpt":{"rendered":"<p>L\u00fcks mum markalar\u0131, y\u00fcksek kaliteli mum kavanozlar\u0131 ve toplu mum sipari\u015fleri i\u00e7in m\u00fckemmel olan toptan fiyatlarla, cam mum kavanozlar\u0131n\u0131 ve benzersiz mum kavanozlar\u0131n\u0131 ke\u015ffedin.<\/p>","protected":false},"featured_media":413,"template":"","meta":{"site-sidebar-layout":"default","site-content-layout":"","ast-site-content-layout":"default","site-content-style":"default","site-sidebar-style":"default","ast-global-header-display":"","ast-banner-title-visibility":"","ast-main-header-display":"","ast-hfb-above-header-display":"","ast-hfb-below-header-display":"","ast-hfb-mobile-header-display":"","site-post-title":"","ast-breadcrumbs-content":"","ast-featured-img":"","footer-sml-layout":"","theme-transparent-header-meta":"default","adv-header-id-meta":"","stick-header-meta":"","header-above-stick-meta":"","header-main-stick-meta":"","header-below-stick-meta":"","astra-migrate-meta-layouts":"set","ast-page-background-enabled":"default","ast-page-background-meta":{"desktop":{"background-color":"var(--ast-global-color-5)","background-image":"","background-repeat":"repeat","background-position":"center center","background-size":"auto","background-attachment":"scroll","background-type":"","background-media":"","overlay-type":"","overlay-color":"","overlay-opacity":"","overlay-gradient":""},"tablet":{"background-color":"","background-image":"","background-repeat":"repeat","background-position":"center center","background-size":"auto","background-attachment":"scroll","background-type":"","background-media":"","overlay-type":"","overlay-color":"","overlay-opacity":"","overlay-gradient":""},"mobile":{"background-color":"","background-image":"","background-repeat":"repeat","background-position":"center center","background-size":"auto","background-attachment":"scroll","background-type":"","background-media":"","overlay-type":"","overlay-color":"","overlay-opacity":"","overlay-gradient":""}},"ast-content-background-meta":{"desktop":{"background-color":"var(--ast-global-color-4)","background-image":"","background-repeat":"repeat","background-position":"center center","background-size":"auto","background-attachment":"scroll","background-type":"","background-media":"","overlay-type":"","overlay-color":"","overlay-opacity":"","overlay-gradient":""},"tablet":{"background-color":"var(--ast-global-color-4)","background-image":"","background-repeat":"repeat","background-position":"center center","background-size":"auto","background-attachment":"scroll","background-type":"","background-media":"","overlay-type":"","overlay-color":"","overlay-opacity":"","overlay-gradient":""},"mobile":{"background-color":"var(--ast-global-color-4)","background-image":"","background-repeat":"repeat","background-position":"center center","background-size":"auto","background-attachment":"scroll","background-type":"","background-media":"","overlay-type":"","overlay-color":"","overlay-opacity":"","overlay-gradient":""}}},"product_brand":[],"product_cat":[28],"product_tag":[37,38],"class_list":{"0":"post-409","1":"product","2":"type-product","3":"status-publish","4":"has-post-thumbnail","6":"product_cat-glass-candle-jars","7":"product_tag-candle-glass-jars","8":"product_tag-unique-candle-jars","9":"desktop-align-left","10":"tablet-align-left","11":"mobile-align-left","13":"first","14":"instock","15":"shipping-taxable","16":"product-type-simple"},"jetpack_sharing_enabled":true,"_links":{"self":[{"href":"https:\/\/mostebglass.com\/tr\/wp-json\/wp\/v2\/product\/409","targetHints":{"allow":["GET"]}}],"collection":[{"href":"https:\/\/mostebglass.com\/tr\/wp-json\/wp\/v2\/product"}],"about":[{"href":"https:\/\/mostebglass.com\/tr\/wp-json\/wp\/v2\/types\/product"}],"wp:featuredmedia":[{"embeddable":true,"href":"https:\/\/mostebglass.com\/tr\/wp-json\/wp\/v2\/media\/413"}],"wp:attachment":[{"href":"https:\/\/mostebglass.com\/tr\/wp-json\/wp\/v2\/media?parent=409"}],"wp:term":[{"taxonomy":"product_brand","embeddable":true,"href":"https:\/\/mostebglass.com\/tr\/wp-json\/wp\/v2\/product_brand?post=409"},{"taxonomy":"product_cat","embeddable":true,"href":"https:\/\/mostebglass.com\/tr\/wp-json\/wp\/v2\/product_cat?post=409"},{"taxonomy":"product_tag","embeddable":true,"href":"https:\/\/mostebglass.com\/tr\/wp-json\/wp\/v2\/product_tag?post=409"}],"curies":[{"name":"wp","href":"https:\/\/api.w.org\/{rel}","templated":true}]}}