{"id":414,"date":"2025-08-18T17:54:30","date_gmt":"2025-08-18T09:54:30","guid":{"rendered":"https:\/\/mostebglass.com\/?post_type=product&#038;p=414"},"modified":"2026-03-23T17:51:35","modified_gmt":"2026-03-23T09:51:35","slug":"wholesale-small-candle-containers-embossed-glass-candle-jars","status":"publish","type":"product","link":"https:\/\/mostebglass.com\/tr\/wholesale-small-candle-containers-embossed-glass-candle-jars\/","title":{"rendered":"Toptan K\u00fc\u00e7\u00fck Mum Kaplar\u0131 \u2013 90 ml Kabartmal\u0131 Cam Mum Kavanozlar\u0131"},"content":{"rendered":"<p>K\u00fc\u00e7\u00fck mumluklar\u0131m\u0131z, 90 ml&#039;lik d\u00fc\u015f\u00fck hacimli silindirik seri halinde olup y\u00fczeyine bir\u00e7ok kabartma desen i\u015flenmi\u015ftir. T\u00fcm kavanozlar, geometrik elmaslar, dikey yivler, daireler i\u00e7indeki \u00e7e\u015fitli kabarc\u0131k formlar\u0131 veya antik tarz desenler gibi \u00f6zel tasar\u0131mlara sahip y\u00fcksek kaliteli \u015feffaf camdan \u00fcretilmi\u015ftir. Cam duvarlar ayr\u0131ca daha dayan\u0131kl\u0131 olmalar\u0131 ve duvarlara \u00fcst d\u00fczey bir g\u00f6r\u00fcn\u00fcm kazand\u0131rmalar\u0131 i\u00e7in son derece kal\u0131nd\u0131r. \u015eeffaf y\u00fczey, mum \u0131\u015f\u0131\u011f\u0131n\u0131n g\u00fczel bir \u015fekilde yay\u0131lmas\u0131n\u0131 sa\u011flar ve s\u0131cak ve dekoratif bir g\u00f6r\u00fcn\u00fcm sunar.<\/p>\n<h2>Ba\u015fvuru<\/h2>\n<p>Bu bo\u015f cam mumluklar, kokulu mumlar, k\u00fc\u00e7\u00fck mumlar, numune \u00fcr\u00fcnler ve di\u011fer k\u00fc\u00e7\u00fck \u00fcr\u00fcnler i\u00e7in uygundur. \u0130\u00e7 dekorasyon ve etkinlik stilinde, hediye setlerinde ve dekoratif temalar\u0131 olan a\u011f\u0131rlama hizmetlerinde kullan\u0131labilirler. Bu 90 ml&#039;lik boyut, \u00f6zellikle markalar ve toptanc\u0131lar taraf\u0131ndan deneme paketlerinde, promosyon serilerinde veya perakende ma\u011fazalar\u0131nda y\u00fcksek ciroya sahip koleksiyonlarda kullan\u0131labilir.<\/p>\n<h2>Temel \u00d6zellikler<\/h2>\n<p>&nbsp;<\/p>\n<table style=\"border-collapse: collapse; width: 80%; margin-left: auto; margin-right: auto;\" border=\"0\" width=\"144\" cellspacing=\"0\" cellpadding=\"0\">\n<tbody>\n<tr style=\"height: 13.50pt;\">\n<td style=\"height: 13.50pt; width: 54.00pt;\" width=\"72\" height=\"18\">\u00d6zellik<\/td>\n<td style=\"width: 54.00pt;\" width=\"72\">Detaylar<\/td>\n<\/tr>\n<tr style=\"height: 13.50pt;\">\n<td style=\"height: 13.50pt;\" height=\"18\">Kapasite<\/td>\n<td>90 ml (55 mm \u00c7ap, 52 mm Taban \u00c7ap\u0131, 65 mm Y\u00fckseklik)<\/td>\n<\/tr>\n<tr style=\"height: 13.50pt;\">\n<td style=\"height: 13.50pt;\" height=\"18\">A\u011f\u0131rl\u0131k<\/td>\n<td>120 gr<\/td>\n<\/tr>\n<tr style=\"height: 13.50pt;\">\n<td style=\"height: 13.50pt;\" height=\"18\">Desenler<\/td>\n<td>Salyangoz, Noktal\u0131, Elmas, Dikey, Karahindiba, Spiral, Ay\u00e7i\u00e7e\u011fi, Dikd\u00f6rtgen Noktalar, Yelpaze \u015eeklinde, Dikey Noktalar<\/td>\n<\/tr>\n<tr style=\"height: 13.50pt;\">\n<td style=\"height: 13.50pt;\" height=\"18\">Malzeme<\/td>\n<td>Soda-kire\u00e7 cam\u0131<\/td>\n<\/tr>\n<tr style=\"height: 13.50pt;\">\n<td style=\"height: 13.50pt;\" height=\"18\">\u00d6zelle\u015ftirme Se\u00e7enekleri<\/td>\n<td>Renk, Logo, Kapak, \u015eekil, Boyut, Ambalaj Kutusu<\/td>\n<\/tr>\n<\/tbody>\n<\/table>\n<h2>\u00dcr\u00fcn \u00d6zellikleri<\/h2>\n<ul>\n<li data-section-id=\"15qnsrz\" data-start=\"867\" data-end=\"932\">Farkl\u0131 \u00fcr\u00fcn gruplar\u0131 i\u00e7in \u00e7e\u015fitli kabartma desenleri.<\/li>\n<li data-section-id=\"1itew8e\" data-start=\"933\" data-end=\"1000\">90 ml&#039;lik kompakt kapasitesiyle seyahat boyu ve numune mumlar i\u00e7in idealdir.<\/li>\n<li data-section-id=\"12u51z5\" data-start=\"1001\" data-end=\"1056\">Kal\u0131n, dayan\u0131kl\u0131 ve m\u00fckemmel \u0131\u015f\u0131k da\u011f\u0131l\u0131m\u0131 sa\u011flayan cam.<\/li>\n<\/ul>\n<h2>\u00d6zelle\u015ftirme \u0130pu\u00e7lar\u0131<\/h2>\n<ol>\n<li><strong>Kapak\/Ambalaj\/Etiketleme<\/strong>\u00dcr\u00fcne uygun aksesuarlar ve ambalaj se\u00e7enekleri sunarak de\u011fer kat\u0131n \u2013 \u00d6zel kapaklar (metal, bambu, ah\u015fap, mantar), \u0130\u00e7 ambalaj (k\u00f6p\u00fck yast\u0131klar, kraft kutular, hediye setleri), \u00c7oklu kavanoz setleri (perakende veya promosyon ama\u00e7l\u0131).<\/li>\n<li><strong>Mum kavanozu toptanc\u0131lar\u0131 i\u00e7in etkile\u015fimli ambalaj:<\/strong>Mum kutunuza, i\u015fletmenizin marka hikayesine veya e\u011fitici bir mum ba\u011flant\u0131s\u0131na sahip bir QR kodu ekleyin. Bu, yaln\u0131zca t\u00fcketicileri bilgilendirmekle kalmaz, ayn\u0131 zamanda size olan g\u00fcveni de art\u0131r\u0131r.<\/li>\n<\/ol>","protected":false},"excerpt":{"rendered":"<p>Kabartmal\u0131 tasar\u0131mlara sahip 90 ml&#039;lik k\u00fc\u00e7\u00fck mum kaplar\u0131n\u0131 ke\u015ffedin. Bu bo\u015f mum kavanozu se\u00e7enekleri, kokulu mumlar, hediye setleri ve markalar i\u00e7in toptan \u00f6zelle\u015ftirme i\u00e7in idealdir.<\/p>","protected":false},"featured_media":4878,"template":"","meta":{"site-sidebar-layout":"default","site-content-layout":"","ast-site-content-layout":"default","site-content-style":"default","site-sidebar-style":"default","ast-global-header-display":"","ast-banner-title-visibility":"","ast-main-header-display":"","ast-hfb-above-header-display":"","ast-hfb-below-header-display":"","ast-hfb-mobile-header-display":"","site-post-title":"","ast-breadcrumbs-content":"","ast-featured-img":"","footer-sml-layout":"","theme-transparent-header-meta":"default","adv-header-id-meta":"","stick-header-meta":"","header-above-stick-meta":"","header-main-stick-meta":"","header-below-stick-meta":"","astra-migrate-meta-layouts":"set","ast-page-background-enabled":"default","ast-page-background-meta":{"desktop":{"background-color":"var(--ast-global-color-5)","background-image":"","background-repeat":"repeat","background-position":"center center","background-size":"auto","background-attachment":"scroll","background-type":"","background-media":"","overlay-type":"","overlay-color":"","overlay-opacity":"","overlay-gradient":""},"tablet":{"background-color":"","background-image":"","background-repeat":"repeat","background-position":"center center","background-size":"auto","background-attachment":"scroll","background-type":"","background-media":"","overlay-type":"","overlay-color":"","overlay-opacity":"","overlay-gradient":""},"mobile":{"background-color":"","background-image":"","background-repeat":"repeat","background-position":"center center","background-size":"auto","background-attachment":"scroll","background-type":"","background-media":"","overlay-type":"","overlay-color":"","overlay-opacity":"","overlay-gradient":""}},"ast-content-background-meta":{"desktop":{"background-color":"var(--ast-global-color-4)","background-image":"","background-repeat":"repeat","background-position":"center center","background-size":"auto","background-attachment":"scroll","background-type":"","background-media":"","overlay-type":"","overlay-color":"","overlay-opacity":"","overlay-gradient":""},"tablet":{"background-color":"var(--ast-global-color-4)","background-image":"","background-repeat":"repeat","background-position":"center center","background-size":"auto","background-attachment":"scroll","background-type":"","background-media":"","overlay-type":"","overlay-color":"","overlay-opacity":"","overlay-gradient":""},"mobile":{"background-color":"var(--ast-global-color-4)","background-image":"","background-repeat":"repeat","background-position":"center center","background-size":"auto","background-attachment":"scroll","background-type":"","background-media":"","overlay-type":"","overlay-color":"","overlay-opacity":"","overlay-gradient":""}}},"product_brand":[],"product_cat":[28,21],"product_tag":[39,40],"class_list":{"0":"post-414","1":"product","2":"type-product","3":"status-publish","4":"has-post-thumbnail","6":"product_cat-glass-candle-jars","7":"product_cat-product","8":"product_tag-candle-jar","9":"product_tag-empty-candle-jar","10":"desktop-align-left","11":"tablet-align-left","12":"mobile-align-left","14":"first","15":"instock","16":"shipping-taxable","17":"product-type-simple"},"jetpack_sharing_enabled":true,"_links":{"self":[{"href":"https:\/\/mostebglass.com\/tr\/wp-json\/wp\/v2\/product\/414","targetHints":{"allow":["GET"]}}],"collection":[{"href":"https:\/\/mostebglass.com\/tr\/wp-json\/wp\/v2\/product"}],"about":[{"href":"https:\/\/mostebglass.com\/tr\/wp-json\/wp\/v2\/types\/product"}],"wp:featuredmedia":[{"embeddable":true,"href":"https:\/\/mostebglass.com\/tr\/wp-json\/wp\/v2\/media\/4878"}],"wp:attachment":[{"href":"https:\/\/mostebglass.com\/tr\/wp-json\/wp\/v2\/media?parent=414"}],"wp:term":[{"taxonomy":"product_brand","embeddable":true,"href":"https:\/\/mostebglass.com\/tr\/wp-json\/wp\/v2\/product_brand?post=414"},{"taxonomy":"product_cat","embeddable":true,"href":"https:\/\/mostebglass.com\/tr\/wp-json\/wp\/v2\/product_cat?post=414"},{"taxonomy":"product_tag","embeddable":true,"href":"https:\/\/mostebglass.com\/tr\/wp-json\/wp\/v2\/product_tag?post=414"}],"curies":[{"name":"wp","href":"https:\/\/api.w.org\/{rel}","templated":true}]}}