{"id":424,"date":"2025-08-14T17:38:02","date_gmt":"2025-08-14T09:38:02","guid":{"rendered":"https:\/\/mostebglass.com\/?post_type=product&#038;p=424"},"modified":"2026-02-09T12:02:29","modified_gmt":"2026-02-09T04:02:29","slug":"190ml-diamond-cut-glass-vessels-candle-drinkware-solution","status":"publish","type":"product","link":"https:\/\/mostebglass.com\/tr\/190ml-diamond-cut-glass-vessels-candle-drinkware-solution\/","title":{"rendered":"190 ml Elmas Kesimli Cam Kaplar | Mum ve \u0130\u00e7ecek Gere\u00e7leri \u00c7\u00f6z\u00fcm\u00fc"},"content":{"rendered":"<p>Bu 190 ml&#039;lik cam kap, silindirik bir \u015fekle ve d\u00fcz kenarlara sahip, \u00e7ok kal\u0131n ve sa\u011flam bir tabana sahip, kur\u015funsuz soda-kire\u00e7 cam\u0131ndan \u00fcretilmi\u015ftir. D\u0131\u015f y\u00fczeyi, m\u00fckemmel bir tutu\u015f hissi ve \u0131\u015f\u0131k yans\u0131mas\u0131 g\u00f6r\u00fcn\u00fcm\u00fc veren elmas kesimli dokulu bir y\u00fczeye sahiptir. \u015eeffaf cam g\u00f6vde, mumluk olarak kullan\u0131ld\u0131\u011f\u0131nda mum \u0131\u015f\u0131\u011f\u0131n\u0131n i\u00e7inden ge\u00e7ebilmesini sa\u011flayarak tasar\u0131ma ek bir derinlik ve ilgi katacak \u015fekilde konumland\u0131r\u0131lm\u0131\u015ft\u0131r.<\/p>\n<h2>Ba\u015fvuru<\/h2>\n<p>Malzemesi g\u0131da g\u00fcvenli\u011fine uygun ve kur\u015funsuz olup, \u015fekli de rahatt\u0131r; uygun \u015fekilde temizlendikten sonra viski veya kokteyl barda\u011f\u0131 olarak tekrar kullan\u0131labilir, bu nedenle s\u00fcrd\u00fcr\u00fclebilir ve \u00e7ok ama\u00e7l\u0131 bir kullan\u0131m sunar. Kokulu mumlar, dekoratif mumlar, hediye setleri, ev dekorasyonu, otelcilik ve hem bi\u00e7ime hem de i\u015flevselli\u011fe \u00f6nem veren \u00e7evre bilincine sahip marka koleksiyonlar\u0131 i\u00e7in uygundur.<\/p>\n<h2>\u00dcr\u00fcn \u00d6zellikleri<\/h2>\n<p><strong>Dokunma hissi i\u00e7in petek dokusu:\u00a0<\/strong>\u00dc\u00e7 boyutlu alt\u0131gen \u0131zgara, g\u00f6rsel bir ilgi \u00e7ekicilik katarken ayn\u0131 zamanda mum kab\u0131n\u0131n dengede durmas\u0131 i\u00e7in kaymaz bir y\u00fczey sunar.<\/p>\n<p><strong>Esneklik \u0130\u00e7in \u00c7ok Ama\u00e7l\u0131 Tasar\u0131m:\u00a0<\/strong>Mumlar, u\u00e7ucu ya\u011flar veya dekoratif saklama kaplar\u0131 olarak kullan\u0131labilir; \u00e7ok y\u00f6nl\u00fcl\u00fc\u011f\u00fc, i\u015flevsel sanat eserleri arayan mum \u00fcreticileri i\u00e7in onu cazip bir se\u00e7enek haline getiriyor.<\/p>\n<h2>Temel \u00d6zellikler<\/h2>\n<table style=\"border-collapse: collapse; width: 80%; margin-left: auto; margin-right: auto;\" border=\"0\" width=\"144\" cellspacing=\"0\" cellpadding=\"0\">\n<tbody>\n<tr style=\"height: 13.50pt;\">\n<td style=\"height: 13.50pt; width: 54.00pt;\" width=\"72\" height=\"18\">\u00d6zellik<\/td>\n<td style=\"width: 54.00pt;\" width=\"72\">Detaylar<\/td>\n<\/tr>\n<tr style=\"height: 13.50pt;\">\n<td style=\"height: 13.50pt;\" height=\"18\">Kapasite<\/td>\n<td>190 ml<\/td>\n<\/tr>\n<tr style=\"height: 13.50pt;\">\n<td style=\"height: 13.50pt;\" height=\"18\">Model<\/td>\n<td>Petek Izgara (3B Doku)<\/td>\n<\/tr>\n<tr style=\"height: 13.50pt;\">\n<td style=\"height: 13.50pt;\" height=\"18\">Boyutlar<\/td>\n<td>70*70*75 mm<\/td>\n<\/tr>\n<tr style=\"height: 13.50pt;\">\n<td style=\"height: 13.50pt;\" height=\"18\">Malzeme<\/td>\n<td>Kur\u015funsuz soda-kire\u00e7 cam\u0131<\/td>\n<\/tr>\n<tr style=\"height: 13.50pt;\">\n<td style=\"height: 13.50pt;\" height=\"18\">Renk<\/td>\n<td>\u015eeffaf ve istedi\u011finiz renk<\/td>\n<\/tr>\n<\/tbody>\n<\/table>\n<h2>Geli\u015fmi\u015f \u00d6zelle\u015ftirme \u0130pu\u00e7lar\u0131<\/h2>\n<ol>\n<li><strong>Petek Yap\u0131l\u0131 \u0130stiflenebilir Sistemler:<\/strong>Mum kavanozlar\u0131n\u0131n dikey olarak \u00fcst \u00fcste istiflenebilmesi i\u00e7in kenarlar\u0131 birbirine kenetlenen mum kavanozu kapaklar\u0131 tasarlay\u0131n. Bu yerden tasarruf sa\u011flayan y\u00f6ntem, \u015f\u0131kl\u0131\u011f\u0131 feda etmeden garajda yer kaplamayan mum kutular\u0131na ihtiya\u00e7 duyan toptan mum t\u00fcketicileri i\u00e7in idealdir.<\/li>\n<li><strong>Etkile\u015fimli Ambalaj:<\/strong>Mum kavanozlar\u0131n\u0131n kapa\u011f\u0131na, mum kavanozlar\u0131n\u0131n nas\u0131l doldurulup tekrar kullan\u0131laca\u011f\u0131na dair bir e\u011fitim videosuna ba\u011flant\u0131 veren bir QR kodu ekleyin. Bu, m\u00fc\u015fterileri bilgilendirir ve muhte\u015fem mum kavanozlar\u0131n\u0131za olan g\u00fcveni art\u0131r\u0131r.<\/li>\n<\/ol>","protected":false},"excerpt":{"rendered":"<p>Toptan sat\u0131\u015f i\u00e7in premium 190 ml kur\u015funsuz, elmas kesim dokulu cam kap. Mumlar, kokteyller, dekorasyon ve hediye setleri i\u00e7in idealdir. Yeniden kullan\u0131labilir, \u015f\u0131k ve \u00e7evre dostudur.<\/p>","protected":false},"featured_media":426,"template":"","meta":{"site-sidebar-layout":"default","site-content-layout":"","ast-site-content-layout":"default","site-content-style":"default","site-sidebar-style":"default","ast-global-header-display":"","ast-banner-title-visibility":"","ast-main-header-display":"","ast-hfb-above-header-display":"","ast-hfb-below-header-display":"","ast-hfb-mobile-header-display":"","site-post-title":"","ast-breadcrumbs-content":"","ast-featured-img":"","footer-sml-layout":"","theme-transparent-header-meta":"default","adv-header-id-meta":"","stick-header-meta":"","header-above-stick-meta":"","header-main-stick-meta":"","header-below-stick-meta":"","astra-migrate-meta-layouts":"set","ast-page-background-enabled":"default","ast-page-background-meta":{"desktop":{"background-color":"var(--ast-global-color-5)","background-image":"","background-repeat":"repeat","background-position":"center center","background-size":"auto","background-attachment":"scroll","background-type":"","background-media":"","overlay-type":"","overlay-color":"","overlay-opacity":"","overlay-gradient":""},"tablet":{"background-color":"","background-image":"","background-repeat":"repeat","background-position":"center center","background-size":"auto","background-attachment":"scroll","background-type":"","background-media":"","overlay-type":"","overlay-color":"","overlay-opacity":"","overlay-gradient":""},"mobile":{"background-color":"","background-image":"","background-repeat":"repeat","background-position":"center center","background-size":"auto","background-attachment":"scroll","background-type":"","background-media":"","overlay-type":"","overlay-color":"","overlay-opacity":"","overlay-gradient":""}},"ast-content-background-meta":{"desktop":{"background-color":"var(--ast-global-color-4)","background-image":"","background-repeat":"repeat","background-position":"center center","background-size":"auto","background-attachment":"scroll","background-type":"","background-media":"","overlay-type":"","overlay-color":"","overlay-opacity":"","overlay-gradient":""},"tablet":{"background-color":"var(--ast-global-color-4)","background-image":"","background-repeat":"repeat","background-position":"center center","background-size":"auto","background-attachment":"scroll","background-type":"","background-media":"","overlay-type":"","overlay-color":"","overlay-opacity":"","overlay-gradient":""},"mobile":{"background-color":"var(--ast-global-color-4)","background-image":"","background-repeat":"repeat","background-position":"center center","background-size":"auto","background-attachment":"scroll","background-type":"","background-media":"","overlay-type":"","overlay-color":"","overlay-opacity":"","overlay-gradient":""}}},"product_brand":[],"product_cat":[28,21],"product_tag":[43,45],"class_list":{"0":"post-424","1":"product","2":"type-product","3":"status-publish","4":"has-post-thumbnail","6":"product_cat-glass-candle-jars","7":"product_cat-product","8":"product_tag-candles-jars","9":"product_tag-unique-jar-candles","10":"desktop-align-left","11":"tablet-align-left","12":"mobile-align-left","14":"first","15":"instock","16":"shipping-taxable","17":"product-type-simple"},"jetpack_sharing_enabled":true,"_links":{"self":[{"href":"https:\/\/mostebglass.com\/tr\/wp-json\/wp\/v2\/product\/424","targetHints":{"allow":["GET"]}}],"collection":[{"href":"https:\/\/mostebglass.com\/tr\/wp-json\/wp\/v2\/product"}],"about":[{"href":"https:\/\/mostebglass.com\/tr\/wp-json\/wp\/v2\/types\/product"}],"wp:featuredmedia":[{"embeddable":true,"href":"https:\/\/mostebglass.com\/tr\/wp-json\/wp\/v2\/media\/426"}],"wp:attachment":[{"href":"https:\/\/mostebglass.com\/tr\/wp-json\/wp\/v2\/media?parent=424"}],"wp:term":[{"taxonomy":"product_brand","embeddable":true,"href":"https:\/\/mostebglass.com\/tr\/wp-json\/wp\/v2\/product_brand?post=424"},{"taxonomy":"product_cat","embeddable":true,"href":"https:\/\/mostebglass.com\/tr\/wp-json\/wp\/v2\/product_cat?post=424"},{"taxonomy":"product_tag","embeddable":true,"href":"https:\/\/mostebglass.com\/tr\/wp-json\/wp\/v2\/product_tag?post=424"}],"curies":[{"name":"wp","href":"https:\/\/api.w.org\/{rel}","templated":true}]}}