{"id":4521,"date":"2026-02-28T15:44:08","date_gmt":"2026-02-28T07:44:08","guid":{"rendered":"https:\/\/mostebglass.com\/?post_type=product&#038;p=4521"},"modified":"2026-02-28T15:51:22","modified_gmt":"2026-02-28T07:51:22","slug":"dual-use-colored-glass-candle-stand-holders-bulk","status":"publish","type":"product","link":"https:\/\/mostebglass.com\/tr\/dual-use-colored-glass-candle-stand-holders-bulk\/","title":{"rendered":"\u00c7ift Kullan\u0131ml\u0131 Renkli Cam Mumluk Stand\u0131 (Toptan)"},"content":{"rendered":"<p>Bu seri, heykelsi, nerv\u00fcrl\u00fc ve sert a\u011f\u0131rl\u0131kl\u0131 bir tabana ve kab\u0131n \u00fcst taraf\u0131nda dikey oluklara sahip, \u00e7ift kullan\u0131ml\u0131 bir cam mumluk (mumluk ve mum kavanozu) serisidir. Bir araya getirilmi\u015f \u00fcr\u00fcn yelpazesi, \u00e7e\u015fitli yap\u0131sal varyasyonlardan ve kademeli, silindirik, hafif\u00e7e geni\u015fleyen \u015fekillerden olu\u015fur ve t\u00fcm\u00fc uyumlu bir geometrik \u015fekle sahiptir. Y\u00fczey, \u0131\u015f\u0131\u011f\u0131n k\u0131r\u0131lmas\u0131na katk\u0131da bulunan ve mumlar yanarken ince bir par\u0131lt\u0131 veren do\u011frusal kabartmal\u0131 dokularla tamamlanm\u0131\u015ft\u0131r.<\/p>\n<figure id=\"attachment_4526\" aria-describedby=\"caption-attachment-4526\" style=\"width: 500px\" class=\"wp-caption aligncenter\"><img fetchpriority=\"high\" decoding=\"async\" class=\"wp-image-4526\" title=\"cam Mumluk\" src=\"https:\/\/mostebglass.com\/wp-content\/uploads\/2026\/02\/glass-Candle-Stand-Holders.webp\" alt=\"cam Mumluk\" width=\"500\" height=\"500\" srcset=\"https:\/\/mostebglass.com\/wp-content\/uploads\/2026\/02\/glass-Candle-Stand-Holders.webp 1024w, https:\/\/mostebglass.com\/wp-content\/uploads\/2026\/02\/glass-Candle-Stand-Holders-768x768.webp 768w, https:\/\/mostebglass.com\/wp-content\/uploads\/2026\/02\/glass-Candle-Stand-Holders-12x12.webp 12w, https:\/\/mostebglass.com\/wp-content\/uploads\/2026\/02\/glass-Candle-Stand-Holders-300x300.webp 300w, https:\/\/mostebglass.com\/wp-content\/uploads\/2026\/02\/glass-Candle-Stand-Holders-600x600.webp 600w, https:\/\/mostebglass.com\/wp-content\/uploads\/2026\/02\/glass-Candle-Stand-Holders-100x100.webp 100w\" sizes=\"(max-width: 500px) 100vw, 500px\" \/><figcaption id=\"caption-attachment-4526\" class=\"wp-caption-text\">kehribar cam mumluklar<\/figcaption><\/figure>\n<p>Renk se\u00e7enekleri aras\u0131nda \u015feffaf ve parlak, s\u0131cak ve atmosferik tonlar bulunur ve bunlar \u015feffaf, pembe, kehribar, ye\u015fil ve gri cam se\u00e7enekleriyle sunulmaktad\u0131r. Kal\u0131n cam yap\u0131s\u0131, onu sa\u011flam ve uzun \u00f6m\u00fcrl\u00fc k\u0131lar.<\/p>\n<h2>Temel \u00d6zellikler<\/h2>\n<table style=\"border-collapse: collapse; width: 80%; margin-left: auto; margin-right: auto;\" border=\"0\" width=\"80%\" cellspacing=\"0\" cellpadding=\"0\">\n<tbody>\n<tr style=\"height: 13.50pt;\">\n<td style=\"height: 13.50pt; width: 137.25pt;\" width=\"183\" height=\"18\">\u00d6zellikler<\/td>\n<td style=\"width: 270.00pt;\" width=\"360\">Her iki u\u00e7ta da mevcuttur.<\/td>\n<\/tr>\n<tr style=\"height: 13.50pt;\">\n<td style=\"height: 13.50pt;\" height=\"18\">\u015eekil<\/td>\n<td>Yuvarlak<\/td>\n<\/tr>\n<tr style=\"height: 13.50pt;\">\n<td style=\"height: 13.50pt;\" height=\"18\">Malzeme<\/td>\n<td>Sodyum-kalsiyum kur\u015funsuz cam<\/td>\n<\/tr>\n<tr style=\"height: 13.50pt;\">\n<td style=\"height: 13.50pt;\" height=\"18\">Stil<\/td>\n<td>modern<\/td>\n<\/tr>\n<tr style=\"height: 13.50pt;\">\n<td style=\"height: 13.50pt;\" height=\"18\">Boyut<\/td>\n<td>Yukar\u0131daki g\u00f6rsel etiketlenmi\u015ftir.<\/td>\n<\/tr>\n<tr style=\"height: 13.50pt;\">\n<td style=\"height: 13.50pt;\" height=\"18\">Y\u00fczey i\u015flemi<\/td>\n<td>Kabartmal\u0131<\/td>\n<\/tr>\n<tr style=\"height: 13.50pt;\">\n<td style=\"height: 13.50pt;\" height=\"18\">Renkler<\/td>\n<td>\u015eeffaf, Kehribar, Ye\u015fil, Pembe, Gri<\/td>\n<\/tr>\n<tr style=\"height: 13.50pt;\">\n<td style=\"height: 13.50pt;\" height=\"18\">\u00d6zelle\u015ftirme se\u00e7enekleri<\/td>\n<td>Renk, Boyut, Logo, Aksesuarlar, Ambalaj<\/td>\n<\/tr>\n<\/tbody>\n<\/table>\n<h2>Uygulamalar<\/h2>\n<p>Bu televizyon program\u0131 iki amaca y\u00f6neliktir. Bir tarafta s\u00fctun mumlar veya k\u00fc\u00e7\u00fck kap mumlar, di\u011fer tarafta ise ev dekorasyonunda, otelcilikte, d\u00fc\u011f\u00fcnlerde ve mevsimlik sergilerde esnek stil ihtiya\u00e7lar\u0131n\u0131 kar\u015f\u0131lamak i\u00e7in kullan\u0131labilecek konik mumlar yer almaktad\u0131r. S\u00fcsleyici doku ve renk \u00e7e\u015fitlili\u011fi, \u00fcr\u00fcnleri perakende mum markas\u0131nda, ya\u015fam tarz\u0131 perakende sat\u0131\u015f noktalar\u0131nda, hediye koleksiyonlar\u0131nda ve etkinlikleri i\u00e7eren dekorasyon projelerinde i\u015flevsel hale getirmektedir.<\/p>\n<h2>B2B Al\u0131c\u0131 \u00d6nerileri: \u00d6zelle\u015ftirme<\/h2>\n<ul>\n<li>Logo grav\u00fcr\u00fc, kabartma veya serigrafi bask\u0131.<\/li>\n<li>Markal\u0131 karton kutular, \u00f6zel ambalajlar (hediye kutusu, i\u00e7 ambalaj, kutu) ve hediye kutular\u0131, \u00f6zel ambalajlar (hediye kutusu, i\u00e7 ambalaj, kutu).<\/li>\n<li>Talep b\u00fcy\u00fckl\u00fc\u011f\u00fc, belirli mum \u00e7ubuklar\u0131n\u0131n boyutlar\u0131na ba\u011fl\u0131 olarak de\u011fi\u015fir.<\/li>\n<li>Perakende koleksiyonlar\u0131. \u00d6zel markalar\u0131n geli\u015ftirilmesi.<\/li>\n<\/ul>\n<p>Bu seri, mumluklar\u0131n hem estetik perakende yerle\u015fimini hem de i\u015flevsel uygulamalar\u0131n\u0131 destekleyerek marka sahipleri ve toptanc\u0131lar i\u00e7in m\u00fckemmel g\u00f6rsel marka farkl\u0131l\u0131\u011f\u0131 sa\u011fl\u0131yor.<\/p>","protected":false},"excerpt":{"rendered":"<p>\u015eeffaf, pembe, kehribar, ye\u015fil ve gri renklerde, \u00e7ift kullan\u0131ml\u0131 cam mumluklar. S\u00fctun ve konik mumlar i\u00e7in uygundur. Perakende, dekorasyon ve \u00f6zel etiket projeleri i\u00e7in idealdir.<\/p>","protected":false},"featured_media":4522,"template":"","meta":{"site-sidebar-layout":"default","site-content-layout":"","ast-site-content-layout":"default","site-content-style":"default","site-sidebar-style":"default","ast-global-header-display":"","ast-banner-title-visibility":"","ast-main-header-display":"","ast-hfb-above-header-display":"","ast-hfb-below-header-display":"","ast-hfb-mobile-header-display":"","site-post-title":"","ast-breadcrumbs-content":"","ast-featured-img":"","footer-sml-layout":"","theme-transparent-header-meta":"default","adv-header-id-meta":"","stick-header-meta":"","header-above-stick-meta":"","header-main-stick-meta":"","header-below-stick-meta":"","astra-migrate-meta-layouts":"set","ast-page-background-enabled":"default","ast-page-background-meta":{"desktop":{"background-color":"var(--ast-global-color-5)","background-image":"","background-repeat":"repeat","background-position":"center center","background-size":"auto","background-attachment":"scroll","background-type":"","background-media":"","overlay-type":"","overlay-color":"","overlay-opacity":"","overlay-gradient":""},"tablet":{"background-color":"","background-image":"","background-repeat":"repeat","background-position":"center center","background-size":"auto","background-attachment":"scroll","background-type":"","background-media":"","overlay-type":"","overlay-color":"","overlay-opacity":"","overlay-gradient":""},"mobile":{"background-color":"","background-image":"","background-repeat":"repeat","background-position":"center center","background-size":"auto","background-attachment":"scroll","background-type":"","background-media":"","overlay-type":"","overlay-color":"","overlay-opacity":"","overlay-gradient":""}},"ast-content-background-meta":{"desktop":{"background-color":"var(--ast-global-color-4)","background-image":"","background-repeat":"repeat","background-position":"center center","background-size":"auto","background-attachment":"scroll","background-type":"","background-media":"","overlay-type":"","overlay-color":"","overlay-opacity":"","overlay-gradient":""},"tablet":{"background-color":"var(--ast-global-color-4)","background-image":"","background-repeat":"repeat","background-position":"center center","background-size":"auto","background-attachment":"scroll","background-type":"","background-media":"","overlay-type":"","overlay-color":"","overlay-opacity":"","overlay-gradient":""},"mobile":{"background-color":"var(--ast-global-color-4)","background-image":"","background-repeat":"repeat","background-position":"center center","background-size":"auto","background-attachment":"scroll","background-type":"","background-media":"","overlay-type":"","overlay-color":"","overlay-opacity":"","overlay-gradient":""}}},"product_brand":[],"product_cat":[28,21],"product_tag":[],"class_list":{"0":"post-4521","1":"product","2":"type-product","3":"status-publish","4":"has-post-thumbnail","6":"product_cat-glass-candle-jars","7":"product_cat-product","8":"desktop-align-left","9":"tablet-align-left","10":"mobile-align-left","12":"first","13":"instock","14":"shipping-taxable","15":"product-type-simple"},"jetpack_sharing_enabled":true,"_links":{"self":[{"href":"https:\/\/mostebglass.com\/tr\/wp-json\/wp\/v2\/product\/4521","targetHints":{"allow":["GET"]}}],"collection":[{"href":"https:\/\/mostebglass.com\/tr\/wp-json\/wp\/v2\/product"}],"about":[{"href":"https:\/\/mostebglass.com\/tr\/wp-json\/wp\/v2\/types\/product"}],"wp:featuredmedia":[{"embeddable":true,"href":"https:\/\/mostebglass.com\/tr\/wp-json\/wp\/v2\/media\/4522"}],"wp:attachment":[{"href":"https:\/\/mostebglass.com\/tr\/wp-json\/wp\/v2\/media?parent=4521"}],"wp:term":[{"taxonomy":"product_brand","embeddable":true,"href":"https:\/\/mostebglass.com\/tr\/wp-json\/wp\/v2\/product_brand?post=4521"},{"taxonomy":"product_cat","embeddable":true,"href":"https:\/\/mostebglass.com\/tr\/wp-json\/wp\/v2\/product_cat?post=4521"},{"taxonomy":"product_tag","embeddable":true,"href":"https:\/\/mostebglass.com\/tr\/wp-json\/wp\/v2\/product_tag?post=4521"}],"curies":[{"name":"wp","href":"https:\/\/api.w.org\/{rel}","templated":true}]}}