{"id":458,"date":"2025-08-15T17:53:33","date_gmt":"2025-08-15T09:53:33","guid":{"rendered":"https:\/\/mostebglass.com\/?post_type=product&#038;p=458"},"modified":"2026-02-26T13:48:48","modified_gmt":"2026-02-26T05:48:48","slug":"wholesale-embossed-glass-candle-containers-whiskey-glass","status":"publish","type":"product","link":"https:\/\/mostebglass.com\/tr\/wholesale-embossed-glass-candle-containers-whiskey-glass\/","title":{"rendered":"Toptan 410 ml Kabartmal\u0131 Cam Mum Kaplar\u0131 | Viski Barda\u011f\u0131"},"content":{"rendered":"<p>Bu 410 ml&#039;lik kabartmal\u0131 cam mumluk serisi, kal\u0131n ve sa\u011flam taban\u0131 ve kolay doldurma ve yakma i\u00e7in geni\u015f a\u011fz\u0131 olan d\u00fcz silindirik bir sil\u00fcete sahiptir. Koleksiyon, dikey nerv\u00fcrl\u00fc \u00e7izgiler, \u00e7i\u00e7eklerden ilham alan kabartma desenleri, yuvarlak noktalar ve elmas kesimli fasetli y\u00fczeyler gibi \u00e7e\u015fitli kabartmal\u0131 y\u00fczey desenleri i\u00e7erir. \u015eeffaf camdan \u00fcretilen her bir kavanoz, \u0131\u015f\u0131\u011f\u0131n yay\u0131l\u0131m\u0131n\u0131 art\u0131r\u0131r ve mum yak\u0131ld\u0131\u011f\u0131nda zengin, dekoratif bir \u0131\u015f\u0131lt\u0131 sa\u011flar. Yap\u0131lar\u0131n olu\u015fturulmas\u0131ndaki temel prensipler, dengeli ve simetrik bir formu korurken derinlik ve dokunsal sertlik kazand\u0131r\u0131r.<\/p>\n<h2>Temel \u00d6zellikler<\/h2>\n<table style=\"border-collapse: collapse; width: 80%; margin-left: auto; margin-right: auto;\" border=\"0\" width=\"80%\" cellspacing=\"0\" cellpadding=\"0\">\n<tbody>\n<tr style=\"height: 13.50pt;\">\n<td style=\"height: 13.50pt; width: 54.00pt;\" width=\"72\" height=\"18\">\u00d6zellik<\/td>\n<td style=\"width: 54.00pt;\" width=\"72\">Detaylar<\/td>\n<\/tr>\n<tr style=\"height: 13.50pt;\">\n<td style=\"height: 13.50pt;\" height=\"18\">Boyutlar<\/td>\n<td>410 ml (88 * 100 mm)<\/td>\n<\/tr>\n<tr style=\"height: 13.50pt;\">\n<td style=\"height: 13.50pt;\" height=\"18\">Malzeme<\/td>\n<td>Kur\u015funsuz soda-kire\u00e7 cam\u0131<\/td>\n<\/tr>\n<tr style=\"height: 13.50pt;\">\n<td style=\"height: 13.50pt;\" height=\"18\">Desenler<\/td>\n<td>Noktalar, Izgaralar, Ay\u00e7i\u00e7ekleri, Yatay\/Dikey \u00c7izgiler<\/td>\n<\/tr>\n<tr style=\"height: 13.50pt;\">\n<td style=\"height: 13.50pt;\" height=\"18\">\u00d6zelle\u015ftirme se\u00e7enekleri<\/td>\n<td>Renk, boyut, kapak, aksesuarlar, ambalaj<\/td>\n<\/tr>\n<\/tbody>\n<\/table>\n<h2>Ba\u015fvuru<\/h2>\n<p>410 ml&#039;lik y\u00fcksek kapasitesiyle bu kap, 3 fitilli mumlar, iddial\u0131 kokulu mumlar, l\u00fcks mum serileri ve dekoratif ev kokular\u0131 i\u00e7in idealdir. Bardak tarz\u0131ndaki geni\u015f taban\u0131 sayesinde, uygun \u015fekilde temizlendikten sonra viski barda\u011f\u0131 veya dekoratif i\u00e7ecek barda\u011f\u0131 olarak da yeniden kullan\u0131labilir; bu da s\u00fcrd\u00fcr\u00fclebilir ve \u00e7ok ama\u00e7l\u0131 ambalaj konseptlerini destekler. Perakende markalar\u0131, otelcilik ortamlar\u0131 ve premium hediye setleri i\u00e7in uygundur.<\/p>","protected":false},"excerpt":{"rendered":"<p>L\u00fcks kokulu mumlar veya tekrar kullan\u0131labilir bardak uygulamalar\u0131 i\u00e7in kal\u0131n tabanl\u0131, kabartmal\u0131 410 ml cam mum kaplar\u0131. Ki\u015fiselle\u015ftirme ve toplu sipari\u015f se\u00e7enekleri mevcuttur.<\/p>","protected":false},"featured_media":4488,"template":"","meta":{"site-sidebar-layout":"default","site-content-layout":"","ast-site-content-layout":"default","site-content-style":"default","site-sidebar-style":"default","ast-global-header-display":"","ast-banner-title-visibility":"","ast-main-header-display":"","ast-hfb-above-header-display":"","ast-hfb-below-header-display":"","ast-hfb-mobile-header-display":"","site-post-title":"","ast-breadcrumbs-content":"","ast-featured-img":"","footer-sml-layout":"","theme-transparent-header-meta":"default","adv-header-id-meta":"","stick-header-meta":"","header-above-stick-meta":"","header-main-stick-meta":"","header-below-stick-meta":"","astra-migrate-meta-layouts":"set","ast-page-background-enabled":"default","ast-page-background-meta":{"desktop":{"background-color":"var(--ast-global-color-5)","background-image":"","background-repeat":"repeat","background-position":"center center","background-size":"auto","background-attachment":"scroll","background-type":"","background-media":"","overlay-type":"","overlay-color":"","overlay-opacity":"","overlay-gradient":""},"tablet":{"background-color":"","background-image":"","background-repeat":"repeat","background-position":"center center","background-size":"auto","background-attachment":"scroll","background-type":"","background-media":"","overlay-type":"","overlay-color":"","overlay-opacity":"","overlay-gradient":""},"mobile":{"background-color":"","background-image":"","background-repeat":"repeat","background-position":"center center","background-size":"auto","background-attachment":"scroll","background-type":"","background-media":"","overlay-type":"","overlay-color":"","overlay-opacity":"","overlay-gradient":""}},"ast-content-background-meta":{"desktop":{"background-color":"var(--ast-global-color-4)","background-image":"","background-repeat":"repeat","background-position":"center center","background-size":"auto","background-attachment":"scroll","background-type":"","background-media":"","overlay-type":"","overlay-color":"","overlay-opacity":"","overlay-gradient":""},"tablet":{"background-color":"var(--ast-global-color-4)","background-image":"","background-repeat":"repeat","background-position":"center center","background-size":"auto","background-attachment":"scroll","background-type":"","background-media":"","overlay-type":"","overlay-color":"","overlay-opacity":"","overlay-gradient":""},"mobile":{"background-color":"var(--ast-global-color-4)","background-image":"","background-repeat":"repeat","background-position":"center center","background-size":"auto","background-attachment":"scroll","background-type":"","background-media":"","overlay-type":"","overlay-color":"","overlay-opacity":"","overlay-gradient":""}}},"product_brand":[],"product_cat":[28,21],"product_tag":[48,49],"class_list":{"0":"post-458","1":"product","2":"type-product","3":"status-publish","4":"has-post-thumbnail","6":"product_cat-glass-candle-jars","7":"product_cat-product","8":"product_tag-candles-jar","9":"product_tag-glass-candle-jar","10":"desktop-align-left","11":"tablet-align-left","12":"mobile-align-left","14":"first","15":"instock","16":"shipping-taxable","17":"product-type-simple"},"jetpack_sharing_enabled":true,"_links":{"self":[{"href":"https:\/\/mostebglass.com\/tr\/wp-json\/wp\/v2\/product\/458","targetHints":{"allow":["GET"]}}],"collection":[{"href":"https:\/\/mostebglass.com\/tr\/wp-json\/wp\/v2\/product"}],"about":[{"href":"https:\/\/mostebglass.com\/tr\/wp-json\/wp\/v2\/types\/product"}],"wp:featuredmedia":[{"embeddable":true,"href":"https:\/\/mostebglass.com\/tr\/wp-json\/wp\/v2\/media\/4488"}],"wp:attachment":[{"href":"https:\/\/mostebglass.com\/tr\/wp-json\/wp\/v2\/media?parent=458"}],"wp:term":[{"taxonomy":"product_brand","embeddable":true,"href":"https:\/\/mostebglass.com\/tr\/wp-json\/wp\/v2\/product_brand?post=458"},{"taxonomy":"product_cat","embeddable":true,"href":"https:\/\/mostebglass.com\/tr\/wp-json\/wp\/v2\/product_cat?post=458"},{"taxonomy":"product_tag","embeddable":true,"href":"https:\/\/mostebglass.com\/tr\/wp-json\/wp\/v2\/product_tag?post=458"}],"curies":[{"name":"wp","href":"https:\/\/api.w.org\/{rel}","templated":true}]}}