{"id":463,"date":"2025-08-15T17:57:03","date_gmt":"2025-08-15T09:57:03","guid":{"rendered":"https:\/\/mostebglass.com\/?post_type=product&#038;p=463"},"modified":"2026-03-24T17:19:24","modified_gmt":"2026-03-24T09:19:24","slug":"wholesale-embossed-glass-candle-jars-custom-candle-vessel-supplier","status":"publish","type":"product","link":"https:\/\/mostebglass.com\/tr\/wholesale-embossed-glass-candle-jars-custom-candle-vessel-supplier\/","title":{"rendered":"Toptan Kabartmal\u0131 Cam Mum Kavanozlar\u0131 | \u00d6zel Mum Kab\u0131 Tedarik\u00e7isi"},"content":{"rendered":"<p>Odan\u0131z\u0131 y\u00fcksek kaliteli kabartmal\u0131 cam mumluklar\u0131m\u0131zla dekore edin. Bu koleksiyon, 145 ml ve 225 ml olmak \u00fczere 2 farkl\u0131 boyutta ve d\u00f6rt farkl\u0131 i\u00e7 i\u00e7e ge\u00e7mi\u015f desende mevcuttur: Ay\u00e7i\u00e7e\u011fi, Oryantal Bulut, Zarif \u00c7i\u00e7ek ve Klasik Dantel. Her bir kavanozun kenar\u0131na, ortama vintage bir tarz katan karakteristik dalgal\u0131 bir kenar yerle\u015ftirilmi\u015ftir.<\/p>\n<h2>\u00d6zellikler<\/h2>\n<ol>\n<li><strong>Y\u00fcksek \u015eeffafl\u0131kta Cam<\/strong>Bu kabartmal\u0131 cam mumluklar, mum alevinin s\u0131cak do\u011fas\u0131n\u0131 yans\u0131tmak i\u00e7in en \u00fcst\u00fcn kalitede, kur\u015funsuz ve \u015feffaf camdan \u00fcretilmi\u015ftir.<\/li>\n<li><strong>Karma\u015f\u0131k Dokular<\/strong>Desenler yo\u011fun bir \u015fekilde kabart\u0131lm\u0131\u015ft\u0131r, bu da \u00fcr\u00fcne kaymaz bir tutu\u015f sa\u011flar ve ayd\u0131nlat\u0131ld\u0131\u011f\u0131nda muhte\u015fem bir \u0131\u015f\u0131k-g\u00f6lge efekti yarat\u0131r.<\/li>\n<li><strong>Estetik Detaylar<\/strong>Dalgal\u0131, t\u0131rt\u0131kl\u0131 kenar, normal d\u00fcz kenarl\u0131 kavanozlara k\u0131yasla belirgin bir g\u00f6r\u00fcn\u00fcm olu\u015fturuyor.<\/li>\n<\/ol>\n<h2>Temel \u00d6zellikler<\/h2>\n<table style=\"border-collapse: collapse; width: 80%; margin-left: auto; margin-right: auto;\" border=\"0\" width=\"144\" cellspacing=\"0\" cellpadding=\"0\">\n<tbody>\n<tr style=\"height: 13.50pt;\">\n<td style=\"height: 13.50pt; width: 30%;\" width=\"72\" height=\"18\">\u00d6zellik<\/td>\n<td style=\"width: 54.00pt;\" width=\"72\">Detaylar<\/td>\n<\/tr>\n<tr style=\"height: 13.50pt;\">\n<td style=\"height: 13.50pt;\" height=\"18\">145 ml<\/td>\n<td>Jant \u00e7ap\u0131 65 mm, taban \u00e7ap\u0131 60 mm, y\u00fckseklik 75 mm.<\/td>\n<\/tr>\n<tr style=\"height: 13.50pt;\">\n<td style=\"height: 13.50pt;\" height=\"18\">225 ml<\/td>\n<td>Jant \u00e7ap\u0131 75 mm, taban \u00e7ap\u0131 72 mm, y\u00fckseklik 90 mm.<\/td>\n<\/tr>\n<tr style=\"height: 13.50pt;\">\n<td style=\"height: 13.50pt;\" height=\"18\">Desenler<\/td>\n<td>Ay\u00e7i\u00e7e\u011fi Kenar\u0131, G\u00fcne\u015f I\u015f\u0131n\u0131 Kenar\u0131<\/td>\n<\/tr>\n<tr style=\"height: 13.50pt;\">\n<td style=\"height: 13.50pt;\" height=\"18\">Y\u00fczey Kaplamas\u0131<\/td>\n<td>Rahatlama<\/td>\n<\/tr>\n<tr style=\"height: 13.50pt;\">\n<td style=\"height: 13.50pt;\" height=\"18\">Malzeme<\/td>\n<td>Soda-kire\u00e7 cam\u0131<\/td>\n<\/tr>\n<tr style=\"height: 13.50pt;\">\n<td style=\"height: 13.50pt;\" height=\"18\">\u00d6zelle\u015ftirme Se\u00e7enekleri<\/td>\n<td>Renk, Kapak, Boyut, Ambalaj Kutusu, Logo vb.<\/td>\n<\/tr>\n<\/tbody>\n<\/table>\n<h2>Uygulamalar ve \u00c7ok Y\u00f6nl\u00fcl\u00fck<\/h2>\n<ul>\n<li><strong>Profesyonel Mum Yap\u0131m\u0131<\/strong>Evde kendin yap soya mumu, balmumu veya parafin mum projeleri i\u00e7in idealdir.<\/li>\n<li><strong>Ev Dekorasyonu<\/strong>\u015e\u00f6mine raflar\u0131nda, sehpalarda ve komodinlerde tek ba\u015f\u0131na dekoratif bir par\u00e7a olarak kullan\u0131lmak \u00fczere \u00f6zenle \u00fcretilmi\u015ftir.<\/li>\n<li><strong>\u00c7ok ama\u00e7l\u0131 depolama<\/strong>Mum bittikten sonra, bu kabartmal\u0131 cam mumluklar ofiste \u015f\u0131k makyaj f\u0131r\u00e7as\u0131, tak\u0131 veya k\u0131rtasiye malzemesi kutusu olarak kullan\u0131labilir.<\/li>\n<li><strong>Hediye ve Etkinlikler<\/strong>: En iyi d\u00fc\u011f\u00fcn, spa veya bayram masa s\u00fcsleri.<\/li>\n<\/ul>\n<figure id=\"attachment_4899\" aria-describedby=\"caption-attachment-4899\" style=\"width: 500px\" class=\"wp-caption aligncenter\"><img fetchpriority=\"high\" decoding=\"async\" class=\"wp-image-4899\" src=\"https:\/\/mostebglass.com\/wp-content\/uploads\/2025\/08\/glass-Vintage-Scalloped-Votives.webp\" alt=\"camdan yap\u0131lm\u0131\u015f, vintage tarz\u0131, kenarlar\u0131 dalgal\u0131 mumluklar\" width=\"500\" height=\"500\" srcset=\"https:\/\/mostebglass.com\/wp-content\/uploads\/2025\/08\/glass-Vintage-Scalloped-Votives.webp 1024w, https:\/\/mostebglass.com\/wp-content\/uploads\/2025\/08\/glass-Vintage-Scalloped-Votives-768x768.webp 768w, https:\/\/mostebglass.com\/wp-content\/uploads\/2025\/08\/glass-Vintage-Scalloped-Votives-12x12.webp 12w, https:\/\/mostebglass.com\/wp-content\/uploads\/2025\/08\/glass-Vintage-Scalloped-Votives-300x300.webp 300w, https:\/\/mostebglass.com\/wp-content\/uploads\/2025\/08\/glass-Vintage-Scalloped-Votives-600x600.webp 600w, https:\/\/mostebglass.com\/wp-content\/uploads\/2025\/08\/glass-Vintage-Scalloped-Votives-100x100.webp 100w\" sizes=\"(max-width: 500px) 100vw, 500px\" \/><figcaption id=\"caption-attachment-4899\" class=\"wp-caption-text\">Ki\u015fiselle\u015ftirilebilir Vintage Dalgal\u0131 Kenarl\u0131 Mumluklar<\/figcaption><\/figure>\n<h2>\u0130\u015fletmeler \u0130\u00e7in \u00d6zelle\u015ftirme \u0130pu\u00e7lar\u0131<\/h2>\n<p>B2B m\u00fc\u015fterileri s\u00f6z konusu oldu\u011funda, \u00f6zelle\u015ftirme, jenerik bir g\u00f6nderiyi markal\u0131 bir \u00fcr\u00fcne d\u00f6n\u00fc\u015ft\u00fcr\u00fcr. Bunlar, m\u00fc\u015fterilerinizin pazarlar\u0131na daha fazla de\u011fer katmalar\u0131na yard\u0131mc\u0131 olmak i\u00e7in cam mumluk serinizin (145 ml ve 225 ml) iki profesyonel \u00f6zelle\u015ftirme plan\u0131d\u0131r.<\/p>\n<h3>Functional Elegance \u00d6zel Kapak ve Markalama \u00c7\u00f6z\u00fcmleri (Functional Elegance):<\/h3>\n<p>Bu eski tarz, kenarlar\u0131 dalgal\u0131 mumluklar\u0131n kendine \u00f6zg\u00fc dalgal\u0131 bir kenar\u0131 oldu\u011fu i\u00e7in, kapa\u011f\u0131n da \u00f6zel olarak tasarlan\u0131p bu kenara uyacak \u015fekilde ve eski tarz bir g\u00f6r\u00fcn\u00fcm katacak \u015fekilde yap\u0131lmas\u0131 gerekir.<\/p>\n<ol>\n<li><strong>Malzeme \u00c7e\u015fitlili\u011fi<\/strong>\u00c7evre Dostu Ah\u015fap: Silikon contal\u0131 bambu, akasya veya kay\u0131n a\u011fac\u0131ndan yap\u0131lm\u0131\u015f kapaklar sat\u0131n. Bunlar temiz g\u00fczellik ve organik mum pazar\u0131nda \u00e7ok ra\u011fbet g\u00f6r\u00fcyor.<\/li>\n<li><strong>Metalik Kaplamalar<\/strong>Metal kapaklar, \u00fcst d\u00fczey, l\u00fcks bir butik g\u00f6r\u00fcn\u00fcm\u00fc vermek i\u00e7in elektrolizle kaplanm\u0131\u015f alt\u0131n, pembe alt\u0131n veya mat siyah renk se\u00e7enekleriyle sunulmaktad\u0131r.<\/li>\n<li><strong>Markalama: Lazer Grav\u00fcr<\/strong>Ah\u015fap kapaklara kal\u0131c\u0131, y\u00fcksek hassasiyetli logo i\u015faretleme.<\/li>\n<li><strong>Kabartmal\u0131\/\u00c7ukur Logolar<\/strong>Bu metal kapaklar \u00f6zel olarak kal\u0131planm\u0131\u015ft\u0131r ve m\u00fc\u015fterinin marka logosunu do\u011frudan metal \u00fczerine i\u015flemi\u015ftir.<\/li>\n<li><strong>B2B De\u011feri<\/strong>Kapaklar, gerekli koku muhafazas\u0131n\u0131 sa\u011flayacak ve mum bitti\u011finde kab\u0131n yeniden kullan\u0131labilir bir saklama \u00fcnitesi olmas\u0131n\u0131 m\u00fcmk\u00fcn k\u0131lacakt\u0131r.<\/li>\n<\/ol>\n<h3>Geli\u015fmi\u015f Kaplama S\u00f6kme \u0130\u015flemleri:<\/h3>\n<ol>\n<li><strong>\u0130\u00e7\/D\u0131\u015f Spreyleme<\/strong>Mum alevinin kabartmal\u0131 dokulardan daha derin bir \u015fekilde parlamas\u0131n\u0131 sa\u011flayan yar\u0131 saydam degrade p\u00fcsk\u00fcrtme (\u00f6rne\u011fin kehribar veya f\u00fcme gri) uygulay\u0131n.<\/li>\n<li><strong>Yanard\u00f6ner\/\u0130yon Kaplama<\/strong>Cam\u0131n 3 boyutlu dokusunun aynas\u0131 niteli\u011finde, inci veya g\u00f6kku\u015fa\u011f\u0131 g\u00f6r\u00fcn\u00fcm\u00fcnde vurgular i\u00e7eren bir y\u00fczey kaplamas\u0131; d\u00fc\u011f\u00fcn ve hediye pazarlar\u0131 i\u00e7in idealdir.<\/li>\n<\/ol>\n<h3>\u00d6zel Tasar\u0131m Ambalaj Setleri:<\/h3>\n<ol>\n<li><strong>Perakende Sat\u0131\u015fa Haz\u0131r Sert Kutular<\/strong>: Toplu ta\u015f\u0131ma ve uluslararas\u0131 teslimat s\u0131ras\u0131nda k\u0131r\u0131lma riskini ortadan kald\u0131rmak i\u00e7in EVA veya EPE k\u00f6p\u00fckten \u00f6zel olarak \u00fcretilmi\u015f, \u00e7e\u015fitli boyutlarda sert karton hediye kutular\u0131.<\/li>\n<li><strong>\u00d6zel Etiketleme<\/strong>\u00d6zelle\u015ftirme Etiketi (OEM) i\u00e7eren bir \u00e7\u00f6z\u00fcm olu\u015fturmak i\u00e7in cam kavanozun d\u00fcz dikd\u00f6rtgen k\u0131sm\u0131na b\u00fcy\u00fck miktarlarda folyo bask\u0131l\u0131 veya serigrafi bask\u0131l\u0131 etiketler uygulan\u0131r.<\/li>\n<li><strong>B2B De\u011feri<\/strong>\u00c7\u00f6z\u00fcmlerden biri, \u00fcr\u00fcnlerinin ve ambalajlar\u0131n\u0131n paketlenmesini de i\u00e7eren anahtar teslim bir \u00e7\u00f6z\u00fcm olu\u015fturmak olabilir; bu da m\u00fc\u015fterinin tedarik zincirini basitle\u015ftirir ve pazara sunma s\u00fcresini h\u0131zland\u0131r\u0131r.<\/li>\n<\/ol>","protected":false},"excerpt":{"rendered":"<p>Toptan kabartmal\u0131 cam mumluklar. Dalgal\u0131 kenarl\u0131 vintage desenler. Mum \u00fcreticileri, \u00f6zel etiketli \u00fcr\u00fcnler ve etkinlik dekorasyonu toptanc\u0131lar\u0131 i\u00e7in birinci s\u0131n\u0131f tedarik.<\/p>","protected":false},"featured_media":4897,"template":"","meta":{"site-sidebar-layout":"default","site-content-layout":"","ast-site-content-layout":"default","site-content-style":"default","site-sidebar-style":"default","ast-global-header-display":"","ast-banner-title-visibility":"","ast-main-header-display":"","ast-hfb-above-header-display":"","ast-hfb-below-header-display":"","ast-hfb-mobile-header-display":"","site-post-title":"","ast-breadcrumbs-content":"","ast-featured-img":"","footer-sml-layout":"","theme-transparent-header-meta":"default","adv-header-id-meta":"","stick-header-meta":"","header-above-stick-meta":"","header-main-stick-meta":"","header-below-stick-meta":"","astra-migrate-meta-layouts":"set","ast-page-background-enabled":"default","ast-page-background-meta":{"desktop":{"background-color":"var(--ast-global-color-5)","background-image":"","background-repeat":"repeat","background-position":"center center","background-size":"auto","background-attachment":"scroll","background-type":"","background-media":"","overlay-type":"","overlay-color":"","overlay-opacity":"","overlay-gradient":""},"tablet":{"background-color":"","background-image":"","background-repeat":"repeat","background-position":"center center","background-size":"auto","background-attachment":"scroll","background-type":"","background-media":"","overlay-type":"","overlay-color":"","overlay-opacity":"","overlay-gradient":""},"mobile":{"background-color":"","background-image":"","background-repeat":"repeat","background-position":"center center","background-size":"auto","background-attachment":"scroll","background-type":"","background-media":"","overlay-type":"","overlay-color":"","overlay-opacity":"","overlay-gradient":""}},"ast-content-background-meta":{"desktop":{"background-color":"var(--ast-global-color-4)","background-image":"","background-repeat":"repeat","background-position":"center center","background-size":"auto","background-attachment":"scroll","background-type":"","background-media":"","overlay-type":"","overlay-color":"","overlay-opacity":"","overlay-gradient":""},"tablet":{"background-color":"var(--ast-global-color-4)","background-image":"","background-repeat":"repeat","background-position":"center center","background-size":"auto","background-attachment":"scroll","background-type":"","background-media":"","overlay-type":"","overlay-color":"","overlay-opacity":"","overlay-gradient":""},"mobile":{"background-color":"var(--ast-global-color-4)","background-image":"","background-repeat":"repeat","background-position":"center center","background-size":"auto","background-attachment":"scroll","background-type":"","background-media":"","overlay-type":"","overlay-color":"","overlay-opacity":"","overlay-gradient":""}}},"product_brand":[],"product_cat":[28,21],"product_tag":[51,50],"class_list":{"0":"post-463","1":"product","2":"type-product","3":"status-publish","4":"has-post-thumbnail","6":"product_cat-glass-candle-jars","7":"product_cat-product","8":"product_tag-custom-candle-jars","9":"product_tag-frosted-candle-jars","10":"desktop-align-left","11":"tablet-align-left","12":"mobile-align-left","14":"first","15":"instock","16":"shipping-taxable","17":"product-type-simple"},"jetpack_sharing_enabled":true,"_links":{"self":[{"href":"https:\/\/mostebglass.com\/tr\/wp-json\/wp\/v2\/product\/463","targetHints":{"allow":["GET"]}}],"collection":[{"href":"https:\/\/mostebglass.com\/tr\/wp-json\/wp\/v2\/product"}],"about":[{"href":"https:\/\/mostebglass.com\/tr\/wp-json\/wp\/v2\/types\/product"}],"wp:featuredmedia":[{"embeddable":true,"href":"https:\/\/mostebglass.com\/tr\/wp-json\/wp\/v2\/media\/4897"}],"wp:attachment":[{"href":"https:\/\/mostebglass.com\/tr\/wp-json\/wp\/v2\/media?parent=463"}],"wp:term":[{"taxonomy":"product_brand","embeddable":true,"href":"https:\/\/mostebglass.com\/tr\/wp-json\/wp\/v2\/product_brand?post=463"},{"taxonomy":"product_cat","embeddable":true,"href":"https:\/\/mostebglass.com\/tr\/wp-json\/wp\/v2\/product_cat?post=463"},{"taxonomy":"product_tag","embeddable":true,"href":"https:\/\/mostebglass.com\/tr\/wp-json\/wp\/v2\/product_tag?post=463"}],"curies":[{"name":"wp","href":"https:\/\/api.w.org\/{rel}","templated":true}]}}