{"id":468,"date":"2025-08-15T17:54:59","date_gmt":"2025-08-15T09:54:59","guid":{"rendered":"https:\/\/mostebglass.com\/?post_type=product&#038;p=468"},"modified":"2026-03-02T16:21:47","modified_gmt":"2026-03-02T08:21:47","slug":"clear-reusable-candle-jars-for-home-decoration-bulk","status":"publish","type":"product","link":"https:\/\/mostebglass.com\/tr\/clear-reusable-candle-jars-for-home-decoration-bulk\/","title":{"rendered":"Ev Dekorasyonu \u0130\u00e7in 250 ml \u015eeffaf Yeniden Kullan\u0131labilir Mum Kavanozlar\u0131 (Toptan Sat\u0131\u015f)"},"content":{"rendered":"<p>Bu yeniden kullan\u0131labilir mumluk serisinin tasar\u0131m\u0131, serinin stabilitesini art\u0131rmak i\u00e7in kal\u0131nla\u015ft\u0131r\u0131lm\u0131\u015f bir tabana sahip, k\u0131sa ve geni\u015f silindirik bir \u015fekildedir. Seri, \u00fcr\u00fcne sofistike bir yap\u0131sal g\u00f6r\u00fcn\u00fcm kazand\u0131ran dikey oluklu nerv\u00fcrlere ve vintage dekoratif bir hava veren y\u00fckseltilmi\u015f dairesel kabarc\u0131klara sahip iki benzersiz kabartmal\u0131 desenden olu\u015fmaktad\u0131r.<\/p>\n<h2>\u00dcr\u00fcn \u00d6zellikleri<\/h2>\n<ul>\n<li><strong>G\u00f6rsel Derinlik \u0130\u00e7in \u00c7ift Doku: <\/strong>3 boyutlu dikey \u00e7izgiler ve nokta stilleri, \u0131\u015f\u0131\u011f\u0131 k\u0131rarak l\u00fcks mumunuzun bir sanat eseri gibi g\u00f6r\u00fcnmesini sa\u011flayan \u00e7a\u011fda\u015f bir mum alan\u0131 olu\u015fturur.<\/li>\n<li><strong>Sa\u011flam D\u00fcz Taban:<\/strong> Masa, raf veya tezgah \u00fczerine g\u00fcvenli bir \u015fekilde yerle\u015ftirilmesini sa\u011flar.<\/li>\n<\/ul>\n<h2>Temel \u00d6zellikler<\/h2>\n<table style=\"border-collapse: collapse; width: 80%; margin-left: auto; margin-right: auto;\" border=\"0\" width=\"144\" cellspacing=\"0\" cellpadding=\"0\">\n<tbody>\n<tr style=\"height: 13.50pt;\">\n<td style=\"height: 13.50pt; width: 54.00pt;\" width=\"72\" height=\"18\">\u00d6zellik<\/td>\n<td style=\"width: 54.00pt;\" width=\"72\">Detaylar<\/td>\n<\/tr>\n<tr style=\"height: 13.50pt;\">\n<td style=\"height: 13.50pt;\" height=\"18\">Kapasite<\/td>\n<td>250 ml<\/td>\n<\/tr>\n<tr style=\"height: 13.50pt;\">\n<td style=\"height: 13.50pt;\" height=\"18\">A\u011f\u0131rl\u0131k<\/td>\n<td>340 gr<\/td>\n<\/tr>\n<tr style=\"height: 13.50pt;\">\n<td style=\"height: 13.50pt;\" height=\"18\">Desenler<\/td>\n<td>Dikey \u00c7er\u00e7eve, Noktal\u0131 \u00c7er\u00e7eve<\/td>\n<\/tr>\n<tr style=\"height: 13.50pt;\">\n<td style=\"height: 13.50pt;\" height=\"18\">Boyutlar<\/td>\n<td>80*80*88mm<\/td>\n<\/tr>\n<\/tbody>\n<\/table>\n<h2>Uygulamalar<\/h2>\n<ul>\n<li><strong>Mumluk:<\/strong> Kokulu mumlar, soya mumlar\u0131 veya \u015f\u0131k tealight mumlar i\u00e7in m\u00fckemmeldir.<\/li>\n<li><strong>Ev Dekorasyon Aksesuar\u0131:<\/strong> Bu, ta\u015flar, kurutulmu\u015f \u00e7i\u00e7ekler veya peri \u0131\u015f\u0131klar\u0131 \u015feklinde masa \u00fczerine dekorasyon olarak yerle\u015ftirilebilir.<\/li>\n<li><strong>Depolama Kab\u0131:<\/strong> Tak\u0131, pamuk ped veya ofis malzemeleri gibi k\u00fc\u00e7\u00fck e\u015fyalar\u0131 saklamak i\u00e7in kullan\u0131labilir.<\/li>\n<li><strong>Saks\u0131:<\/strong> Sukulentler veya k\u00fc\u00e7\u00fck i\u00e7 mekan bitkileri i\u00e7in kullan\u0131labilecek m\u00fckemmel bir mini saks\u0131d\u0131r.<\/li>\n<li><strong>Tatl\u0131 Kasesi:<\/strong> Kafelerde veya partilerde katmanl\u0131 tatl\u0131lar\u0131n, pudinglerin veya parfe \u00e7e\u015fitlerinin servisinde kullan\u0131labilir.<\/li>\n<li><strong>Banyo D\u00fczenleyici:<\/strong> Bu, makyaj f\u0131r\u00e7alar\u0131, pamuklu \u00e7ubuklar veya banyo tuzlar\u0131n\u0131 saklamak i\u00e7in idealdir.<\/li>\n<\/ul>\n<h2>En \u0130yi \u00d6zelle\u015ftirme \u00d6nerileri<\/h2>\n<ol>\n<li><strong>Renk Sprey Boya Kaplama:<\/strong> Mevsimsel veya marka g\u00f6r\u00fcn\u00fcm\u00fcne uygun olarak d\u00fcz, degrade veya \u015feffaf renk tonlar\u0131 ekleyin.<\/li>\n<li><strong>Elektrokaplama Jant S\u00fcslemesi:<\/strong> \u015e\u0131k bir g\u00f6r\u00fcn\u00fcm yaratmak i\u00e7in jant\u0131n kenar\u0131na alt\u0131n, g\u00fcm\u00fc\u015f veya mat metalik kaplama eklenebilir.<\/li>\n<li><strong>Rakip Kapak \u00c7\u00f6z\u00fcmleri:<\/strong> Kapak \u00c7\u00f6z\u00fcmleri: Silikon s\u0131zd\u0131rmazl\u0131k halkal\u0131 ah\u015fap, bambu, metal veya cam kapaklar tedarik edin.<\/li>\n<\/ol>","protected":false},"excerpt":{"rendered":"<p>250 ml&#039;lik, oluklu veya kabarc\u0131kl\u0131 dokulu, tekrar kullan\u0131labilir cam mumluklar. Kokulu ve dekoratif kullan\u0131m i\u00e7in ideal, \u015feffaf ve sevimli mumluk tasar\u0131m\u0131. \u00dccretsiz numune, h\u0131zl\u0131 kargo.<\/p>","protected":false},"featured_media":4545,"template":"","meta":{"site-sidebar-layout":"default","site-content-layout":"","ast-site-content-layout":"default","site-content-style":"default","site-sidebar-style":"default","ast-global-header-display":"","ast-banner-title-visibility":"","ast-main-header-display":"","ast-hfb-above-header-display":"","ast-hfb-below-header-display":"","ast-hfb-mobile-header-display":"","site-post-title":"","ast-breadcrumbs-content":"","ast-featured-img":"","footer-sml-layout":"","theme-transparent-header-meta":"default","adv-header-id-meta":"","stick-header-meta":"","header-above-stick-meta":"","header-main-stick-meta":"","header-below-stick-meta":"","astra-migrate-meta-layouts":"set","ast-page-background-enabled":"default","ast-page-background-meta":{"desktop":{"background-color":"var(--ast-global-color-5)","background-image":"","background-repeat":"repeat","background-position":"center center","background-size":"auto","background-attachment":"scroll","background-type":"","background-media":"","overlay-type":"","overlay-color":"","overlay-opacity":"","overlay-gradient":""},"tablet":{"background-color":"","background-image":"","background-repeat":"repeat","background-position":"center center","background-size":"auto","background-attachment":"scroll","background-type":"","background-media":"","overlay-type":"","overlay-color":"","overlay-opacity":"","overlay-gradient":""},"mobile":{"background-color":"","background-image":"","background-repeat":"repeat","background-position":"center center","background-size":"auto","background-attachment":"scroll","background-type":"","background-media":"","overlay-type":"","overlay-color":"","overlay-opacity":"","overlay-gradient":""}},"ast-content-background-meta":{"desktop":{"background-color":"var(--ast-global-color-4)","background-image":"","background-repeat":"repeat","background-position":"center center","background-size":"auto","background-attachment":"scroll","background-type":"","background-media":"","overlay-type":"","overlay-color":"","overlay-opacity":"","overlay-gradient":""},"tablet":{"background-color":"var(--ast-global-color-4)","background-image":"","background-repeat":"repeat","background-position":"center center","background-size":"auto","background-attachment":"scroll","background-type":"","background-media":"","overlay-type":"","overlay-color":"","overlay-opacity":"","overlay-gradient":""},"mobile":{"background-color":"var(--ast-global-color-4)","background-image":"","background-repeat":"repeat","background-position":"center center","background-size":"auto","background-attachment":"scroll","background-type":"","background-media":"","overlay-type":"","overlay-color":"","overlay-opacity":"","overlay-gradient":""}}},"product_brand":[],"product_cat":[28,21],"product_tag":[53,52],"class_list":{"0":"post-468","1":"product","2":"type-product","3":"status-publish","4":"has-post-thumbnail","6":"product_cat-glass-candle-jars","7":"product_cat-product","8":"product_tag-cute-candle-jars","9":"product_tag-reusable-candle-jar","10":"desktop-align-left","11":"tablet-align-left","12":"mobile-align-left","14":"first","15":"instock","16":"shipping-taxable","17":"product-type-simple"},"jetpack_sharing_enabled":true,"_links":{"self":[{"href":"https:\/\/mostebglass.com\/tr\/wp-json\/wp\/v2\/product\/468","targetHints":{"allow":["GET"]}}],"collection":[{"href":"https:\/\/mostebglass.com\/tr\/wp-json\/wp\/v2\/product"}],"about":[{"href":"https:\/\/mostebglass.com\/tr\/wp-json\/wp\/v2\/types\/product"}],"wp:featuredmedia":[{"embeddable":true,"href":"https:\/\/mostebglass.com\/tr\/wp-json\/wp\/v2\/media\/4545"}],"wp:attachment":[{"href":"https:\/\/mostebglass.com\/tr\/wp-json\/wp\/v2\/media?parent=468"}],"wp:term":[{"taxonomy":"product_brand","embeddable":true,"href":"https:\/\/mostebglass.com\/tr\/wp-json\/wp\/v2\/product_brand?post=468"},{"taxonomy":"product_cat","embeddable":true,"href":"https:\/\/mostebglass.com\/tr\/wp-json\/wp\/v2\/product_cat?post=468"},{"taxonomy":"product_tag","embeddable":true,"href":"https:\/\/mostebglass.com\/tr\/wp-json\/wp\/v2\/product_tag?post=468"}],"curies":[{"name":"wp","href":"https:\/\/api.w.org\/{rel}","templated":true}]}}