{"id":490,"date":"2025-08-18T18:13:52","date_gmt":"2025-08-18T10:13:52","guid":{"rendered":"https:\/\/mostebglass.com\/?post_type=product&#038;p=490"},"modified":"2026-02-26T16:38:51","modified_gmt":"2026-02-26T08:38:51","slug":"185ml-ribbed-glass-jar-candle-holders-with-base","status":"publish","type":"product","link":"https:\/\/mostebglass.com\/tr\/185ml-ribbed-glass-jar-candle-holders-with-base\/","title":{"rendered":"185 ml Hacimli, Tabanl\u0131, Oluklu Cam Kavanoz Mumluklar"},"content":{"rendered":"<p>This 185ml glass jar candle holders feature a clear, thick-walled construction with elegant vertical ribbed detailing around the body. The cylindrical shape is slightly elevated by a solid round base, giving it a balanced and stable silhouette. The transparent glass allows candlelight to shine through beautifully, while the fluted texture adds depth and subtle visual interest. Its compact size makes it suitable for both tabletop display and decorative arrangements.<\/p>\n<h2>Temel \u00d6zellikler<\/h2>\n<table style=\"border-collapse: collapse; width: 80%; margin-left: auto; margin-right: auto;\" border=\"0\" width=\"80%\" cellspacing=\"0\" cellpadding=\"0\">\n<tbody>\n<tr style=\"height: 13.50pt;\">\n<td style=\"height: 13.50pt;\" height=\"18\">Boyut<\/td>\n<td>185 ml (70 * 60 * 80 mm)<\/td>\n<\/tr>\n<tr style=\"height: 13.50pt;\">\n<td style=\"height: 13.50pt;\" height=\"18\">Malzeme<\/td>\n<td>Kur\u015funsuz soda-kire\u00e7 cam\u0131<\/td>\n<\/tr>\n<tr style=\"height: 13.50pt;\">\n<td style=\"height: 13.50pt;\" height=\"18\">\u00d6zelle\u015ftirme se\u00e7enekleri<\/td>\n<td>Renk, etiket, y\u00fczey i\u015flemi, kapak, aksesuarlar, ambalaj<\/td>\n<\/tr>\n<\/tbody>\n<\/table>\n<h2>Ba\u015fvuru<\/h2>\n<p>\u00c7ok y\u00f6nl\u00fc kullan\u0131m i\u00e7in tasarlanan bu cam kavanoz mumluk, mumlar, kokulu mumlar ve kendin yap mum yap\u0131m projeleri i\u00e7in idealdir. Oturma odalar\u0131, yatak odalar\u0131, banyolar ve yemek masalar\u0131 gibi ev dekorasyonunda kullan\u0131labilece\u011fi gibi d\u00fc\u011f\u00fcnler, partiler ve etkinliklerde masa s\u00fcslemelerinde de kullan\u0131labilir. Dayan\u0131kl\u0131 cam malzeme, mumun \u0131s\u0131s\u0131na dayan\u0131kl\u0131d\u0131r, bu da onu hem pratik hem de dekoratif k\u0131lar.<\/p>\n<h2>Geli\u015fmi\u015f \u00d6zelle\u015ftirme \u0130pu\u00e7lar\u0131<\/h2>\n<ul>\n<li><strong>Toptan Mum Markalar\u0131 i\u00e7in \u00c7evre Dostu Etiket:\u00a0<\/strong>Kavanoz kapa\u011f\u0131ndaki \u00e7\u0131kar\u0131labilir bir &#034;eko&#034; ibaresi, etiket mumunun geri d\u00f6n\u00fc\u015f\u00fcm\u00fcn\u00fc a\u00e7\u0131\u011fa \u00e7\u0131karabilir veya biyolojik olarak par\u00e7alanabilen Vik se\u00e7enekleri sunabilir. Bu, markan\u0131n y\u00fcksek kaliteli ve \u00e7evre dostu bir mum olarak g\u00fcvenilirli\u011fini art\u0131rmakla kalmaz, ayn\u0131 zamanda markan\u0131n premium de\u011ferini de daha rekabet\u00e7i hale getirir.<\/li>\n<li><strong>Farkl\u0131 dokular\u0131n bir araya gelmesiyle \u00e7ok \u00e7e\u015fitli mum kaplar\u0131 \u00fcretilebilir:\u00a0<\/strong>Dikey \u00e7izgiler gibi kar\u0131\u015f\u0131k doku se\u00e7enekleri, \u00e7e\u015fitli mum tasar\u0131mlar\u0131 olu\u015fturur. Bu toptan kavanoz, mumlar\u0131n rekabet\u00e7i pazarda \u00f6ne \u00e7\u0131kmas\u0131na yard\u0131mc\u0131 olabilir.<\/li>\n<\/ul>\n<p>&nbsp;<\/p>","protected":false},"excerpt":{"rendered":"<p>Bulk 185ml ribbed glass jar candle holders for manufacturers and wholesalers. Durable thick base, ideal for private label, OEM, and custom candle production.<\/p>","protected":false},"featured_media":493,"template":"","meta":{"site-sidebar-layout":"default","site-content-layout":"","ast-site-content-layout":"default","site-content-style":"default","site-sidebar-style":"default","ast-global-header-display":"","ast-banner-title-visibility":"","ast-main-header-display":"","ast-hfb-above-header-display":"","ast-hfb-below-header-display":"","ast-hfb-mobile-header-display":"","site-post-title":"","ast-breadcrumbs-content":"","ast-featured-img":"","footer-sml-layout":"","theme-transparent-header-meta":"default","adv-header-id-meta":"","stick-header-meta":"","header-above-stick-meta":"","header-main-stick-meta":"","header-below-stick-meta":"","astra-migrate-meta-layouts":"set","ast-page-background-enabled":"default","ast-page-background-meta":{"desktop":{"background-color":"var(--ast-global-color-5)","background-image":"","background-repeat":"repeat","background-position":"center center","background-size":"auto","background-attachment":"scroll","background-type":"","background-media":"","overlay-type":"","overlay-color":"","overlay-opacity":"","overlay-gradient":""},"tablet":{"background-color":"","background-image":"","background-repeat":"repeat","background-position":"center center","background-size":"auto","background-attachment":"scroll","background-type":"","background-media":"","overlay-type":"","overlay-color":"","overlay-opacity":"","overlay-gradient":""},"mobile":{"background-color":"","background-image":"","background-repeat":"repeat","background-position":"center center","background-size":"auto","background-attachment":"scroll","background-type":"","background-media":"","overlay-type":"","overlay-color":"","overlay-opacity":"","overlay-gradient":""}},"ast-content-background-meta":{"desktop":{"background-color":"var(--ast-global-color-4)","background-image":"","background-repeat":"repeat","background-position":"center center","background-size":"auto","background-attachment":"scroll","background-type":"","background-media":"","overlay-type":"","overlay-color":"","overlay-opacity":"","overlay-gradient":""},"tablet":{"background-color":"var(--ast-global-color-4)","background-image":"","background-repeat":"repeat","background-position":"center center","background-size":"auto","background-attachment":"scroll","background-type":"","background-media":"","overlay-type":"","overlay-color":"","overlay-opacity":"","overlay-gradient":""},"mobile":{"background-color":"var(--ast-global-color-4)","background-image":"","background-repeat":"repeat","background-position":"center center","background-size":"auto","background-attachment":"scroll","background-type":"","background-media":"","overlay-type":"","overlay-color":"","overlay-opacity":"","overlay-gradient":""}}},"product_brand":[],"product_cat":[28,21],"product_tag":[],"class_list":{"0":"post-490","1":"product","2":"type-product","3":"status-publish","4":"has-post-thumbnail","6":"product_cat-glass-candle-jars","7":"product_cat-product","8":"desktop-align-left","9":"tablet-align-left","10":"mobile-align-left","12":"first","13":"instock","14":"shipping-taxable","15":"product-type-simple"},"jetpack_sharing_enabled":true,"_links":{"self":[{"href":"https:\/\/mostebglass.com\/tr\/wp-json\/wp\/v2\/product\/490","targetHints":{"allow":["GET"]}}],"collection":[{"href":"https:\/\/mostebglass.com\/tr\/wp-json\/wp\/v2\/product"}],"about":[{"href":"https:\/\/mostebglass.com\/tr\/wp-json\/wp\/v2\/types\/product"}],"wp:featuredmedia":[{"embeddable":true,"href":"https:\/\/mostebglass.com\/tr\/wp-json\/wp\/v2\/media\/493"}],"wp:attachment":[{"href":"https:\/\/mostebglass.com\/tr\/wp-json\/wp\/v2\/media?parent=490"}],"wp:term":[{"taxonomy":"product_brand","embeddable":true,"href":"https:\/\/mostebglass.com\/tr\/wp-json\/wp\/v2\/product_brand?post=490"},{"taxonomy":"product_cat","embeddable":true,"href":"https:\/\/mostebglass.com\/tr\/wp-json\/wp\/v2\/product_cat?post=490"},{"taxonomy":"product_tag","embeddable":true,"href":"https:\/\/mostebglass.com\/tr\/wp-json\/wp\/v2\/product_tag?post=490"}],"curies":[{"name":"wp","href":"https:\/\/api.w.org\/{rel}","templated":true}]}}