{"id":516,"date":"2025-08-18T18:02:10","date_gmt":"2025-08-18T10:02:10","guid":{"rendered":"https:\/\/mostebglass.com\/?post_type=product&#038;p=516"},"modified":"2026-03-18T13:56:58","modified_gmt":"2026-03-18T05:56:58","slug":"reed-diffuser-bottles-polygon-bottom-style-wholesale","status":"publish","type":"product","link":"https:\/\/mostebglass.com\/tr\/reed-diffuser-bottles-polygon-bottom-style-wholesale\/","title":{"rendered":"120 ml Kam\u0131\u015fl\u0131 Oda Kokusu \u015ei\u015feleri, \u00c7okgen Tabanl\u0131, Toptan Sat\u0131\u015f"},"content":{"rendered":"<h2>\u00dcr\u00fcn Tan\u0131t\u0131m\u0131<\/h2>\n<p>Sadece esansiyel ya\u011flar\u0131 muhafaza etmekle kalmay\u0131p, markan\u0131z\u0131 da yans\u0131tan bir cam dif\u00fcz\u00f6re ihtiyac\u0131n\u0131z var. Bu kam\u0131\u015f dif\u00fcz\u00f6r, \u0131\u015f\u0131\u011f\u0131 yans\u0131tan \u015f\u0131k bir tasar\u0131ma sahip olup, zarif ve dinamik bir deneyim sunar. Kam\u0131\u015f dif\u00fcz\u00f6rle esansiyel ya\u011f depolama ihtiya\u00e7lar\u0131n\u0131z i\u00e7in m\u00fckemmel bir \u00e7\u00f6z\u00fcmd\u00fcr.<\/p>\n<h2>\u00dcr\u00fcn \u00d6zellikleri<\/h2>\n<ul>\n<li>Y\u00fcksek Kaliteli Cam: Dayan\u0131kl\u0131l\u0131k ve kristal berrakl\u0131\u011f\u0131nda olmas\u0131 i\u00e7in y\u00fcksek kaliteli cam kullan\u0131yoruz; u\u00e7ucu ya\u011flar\u0131n\u0131z ve kokular\u0131n\u0131z saf kal\u0131r ve her rafta harika g\u00f6r\u00fcn\u00fcr.<\/li>\n<li>Reed Depute i\u00e7in \u00f6zelle\u015ftirilmi\u015f: Dar a\u011f\u0131z, kam\u0131\u015f\u0131n d\u00fcz kalmas\u0131n\u0131 sa\u011flayarak buharla\u015fmay\u0131 azalt\u0131r ve kokunuzun daha uzun s\u00fcre kalmas\u0131n\u0131 sa\u011flar.<\/li>\n<li>Geometrik \u015eekil: \u015ei\u015fenin \u00e7okgen \u015fekli benzersiz, \u015f\u0131k ve sanatsald\u0131r, her mekana uyum sa\u011flar.<\/li>\n<\/ul>\n<h2>Ba\u015far\u0131 \u00d6rne\u011fi<\/h2>\n<p>120 ml&#039;lik \u015feffaf cam dif\u00fcz\u00f6r \u015fi\u015felerimiz, Hollanda merkezli uluslararas\u0131 bir ev dekorasyon \u015firketi taraf\u0131ndan tercih edildi. \u00d6zelle\u015ftirme detaylar\u0131ndan bahsetmek gerekirse, m\u00fc\u015fteri standart \u015fi\u015fe kapaklar\u0131 kullanmak istemedi ve bunun yerine, \u015fi\u015fenin boynuna ustaca gizlenmi\u015f \u00f6zel yap\u0131m silikon bir t\u0131pa tercih etti; bu, kam\u0131\u015flar\u0131n yerinde kalmas\u0131na yard\u0131mc\u0131 olmakla kalmayacak, ayn\u0131 zamanda \u015fi\u015fenin minimalist ve temiz g\u00f6r\u00fcn\u00fcm\u00fcn\u00fc de koruyacakt\u0131. Hatta kam\u0131\u015flar\u0131n kendileri bile, \u00fcr\u00fcne g\u00f6rsel zenginlik ve doku katmak i\u00e7in, d\u00fcz kam\u0131\u015flar ve s\u00fcs \u00e7i\u00e7ekli u\u00e7lardan olu\u015fan hibrit bir formata d\u00f6n\u00fc\u015ft\u00fcr\u00fcld\u00fc.<\/p>\n<p>Seri, piyasaya s\u00fcr\u00fcld\u00fckten sonraki ilk \u00e7eyrekte perakende sat\u0131\u015flar\u0131nda &#039;luk bir b\u00fcy\u00fcme kaydetti. Pazarda bu kadar olumlu bir tepkiyle kar\u015f\u0131la\u015fan m\u00fc\u015fteri, sonraki yedi ay i\u00e7inde d\u00f6rt kez \u00fcst \u00fcste yeniden sipari\u015f verdi.<\/p>\n<h2>Bu kam\u0131\u015f dif\u00fcz\u00f6r \u015fi\u015fesini ki\u015fiselle\u015ftirmek ister misiniz?<\/h2>\n<p>Se\u00e7enekleriniz var - ger\u00e7ek se\u00e7enekler. Mat siyah eloksal kaplama ve alt\u0131n rengi s\u0131cak damgal\u0131 logo mu istiyorsunuz? Sorun de\u011fil. \u00d6zel plakal\u0131 ve renkli etiketli yumu\u015fak servis sedan m\u0131 istiyorsunuz? Kolay. \u00d6zel renkli cam m\u0131? Sorun de\u011fil! Bu, kam\u0131\u015f dif\u00fcz\u00f6r \u015fi\u015fe koleksiyonunuzu ki\u015fiselle\u015ftirmenin bir yolu. T\u0131pa bile ah\u015fap, metal veya plastik gibi istedi\u011finiz renkle \u00f6zelle\u015ftirilebilir.<\/p>\n<p>S\u0131radan bir kavanoz veya kaptan \u00e7ok daha fazlas\u0131; markan\u0131z\u0131n imzas\u0131 niteli\u011findeki cam \u015fi\u015fe. Denemeye veya toplu sipari\u015f vermeye haz\u0131r m\u0131s\u0131n\u0131z? Bir sonraki \u00fcr\u00fcn lansman\u0131n\u0131z\u0131 unutulmaz k\u0131lal\u0131m.<\/p>","protected":false},"excerpt":{"rendered":"<p>Y\u00fcksek kaliteli toptan kam\u0131\u015f aromaterapi \u015fi\u015feleri, dif\u00fcz\u00f6r \u015fi\u015feleri ve ev dekorasyon markalar\u0131. Toplu sipari\u015fler i\u00e7in \u00f6zelle\u015ftirilebilir cam \u015fi\u015feler mevcuttur. \u00dccretsiz numuneler mevcuttur.<\/p>","protected":false},"featured_media":4803,"template":"","meta":{"site-sidebar-layout":"default","site-content-layout":"","ast-site-content-layout":"default","site-content-style":"default","site-sidebar-style":"default","ast-global-header-display":"","ast-banner-title-visibility":"","ast-main-header-display":"","ast-hfb-above-header-display":"","ast-hfb-below-header-display":"","ast-hfb-mobile-header-display":"","site-post-title":"","ast-breadcrumbs-content":"","ast-featured-img":"","footer-sml-layout":"","theme-transparent-header-meta":"default","adv-header-id-meta":"","stick-header-meta":"","header-above-stick-meta":"","header-main-stick-meta":"","header-below-stick-meta":"","astra-migrate-meta-layouts":"set","ast-page-background-enabled":"default","ast-page-background-meta":{"desktop":{"background-color":"var(--ast-global-color-5)","background-image":"","background-repeat":"repeat","background-position":"center center","background-size":"auto","background-attachment":"scroll","background-type":"","background-media":"","overlay-type":"","overlay-color":"","overlay-opacity":"","overlay-gradient":""},"tablet":{"background-color":"","background-image":"","background-repeat":"repeat","background-position":"center center","background-size":"auto","background-attachment":"scroll","background-type":"","background-media":"","overlay-type":"","overlay-color":"","overlay-opacity":"","overlay-gradient":""},"mobile":{"background-color":"","background-image":"","background-repeat":"repeat","background-position":"center center","background-size":"auto","background-attachment":"scroll","background-type":"","background-media":"","overlay-type":"","overlay-color":"","overlay-opacity":"","overlay-gradient":""}},"ast-content-background-meta":{"desktop":{"background-color":"var(--ast-global-color-4)","background-image":"","background-repeat":"repeat","background-position":"center center","background-size":"auto","background-attachment":"scroll","background-type":"","background-media":"","overlay-type":"","overlay-color":"","overlay-opacity":"","overlay-gradient":""},"tablet":{"background-color":"var(--ast-global-color-4)","background-image":"","background-repeat":"repeat","background-position":"center center","background-size":"auto","background-attachment":"scroll","background-type":"","background-media":"","overlay-type":"","overlay-color":"","overlay-opacity":"","overlay-gradient":""},"mobile":{"background-color":"var(--ast-global-color-4)","background-image":"","background-repeat":"repeat","background-position":"center center","background-size":"auto","background-attachment":"scroll","background-type":"","background-media":"","overlay-type":"","overlay-color":"","overlay-opacity":"","overlay-gradient":""}}},"product_brand":[],"product_cat":[54],"product_tag":[],"class_list":{"0":"post-516","1":"product","2":"type-product","3":"status-publish","4":"has-post-thumbnail","6":"product_cat-reed-diffuser-bottles","7":"desktop-align-left","8":"tablet-align-left","9":"mobile-align-left","11":"first","12":"instock","13":"shipping-taxable","14":"product-type-simple"},"jetpack_sharing_enabled":true,"_links":{"self":[{"href":"https:\/\/mostebglass.com\/tr\/wp-json\/wp\/v2\/product\/516","targetHints":{"allow":["GET"]}}],"collection":[{"href":"https:\/\/mostebglass.com\/tr\/wp-json\/wp\/v2\/product"}],"about":[{"href":"https:\/\/mostebglass.com\/tr\/wp-json\/wp\/v2\/types\/product"}],"wp:featuredmedia":[{"embeddable":true,"href":"https:\/\/mostebglass.com\/tr\/wp-json\/wp\/v2\/media\/4803"}],"wp:attachment":[{"href":"https:\/\/mostebglass.com\/tr\/wp-json\/wp\/v2\/media?parent=516"}],"wp:term":[{"taxonomy":"product_brand","embeddable":true,"href":"https:\/\/mostebglass.com\/tr\/wp-json\/wp\/v2\/product_brand?post=516"},{"taxonomy":"product_cat","embeddable":true,"href":"https:\/\/mostebglass.com\/tr\/wp-json\/wp\/v2\/product_cat?post=516"},{"taxonomy":"product_tag","embeddable":true,"href":"https:\/\/mostebglass.com\/tr\/wp-json\/wp\/v2\/product_tag?post=516"}],"curies":[{"name":"wp","href":"https:\/\/api.w.org\/{rel}","templated":true}]}}