{"id":531,"date":"2025-08-18T18:02:22","date_gmt":"2025-08-18T10:02:22","guid":{"rendered":"https:\/\/mostebglass.com\/?post_type=product&#038;p=531"},"modified":"2026-03-16T15:30:23","modified_gmt":"2026-03-16T07:30:23","slug":"reed-diffuser-bottles-with-patterned-glass-bulk","status":"publish","type":"product","link":"https:\/\/mostebglass.com\/tr\/reed-diffuser-bottles-with-patterned-glass-bulk\/","title":{"rendered":"Desenli Caml\u0131 120 ml \u015eeffaf Kam\u0131\u015fl\u0131 Oda Kokusu \u015ei\u015feleri (Toptan Sat\u0131\u015f)"},"content":{"rendered":"<p>Sadece bir \u015fi\u015fe dif\u00fcz\u00f6r sat\u0131n alm\u0131yorsunuz, bir marka yarat\u0131yorsunuz. Cam\u0131n derinli\u011finden kokunun kam\u0131\u015ftan nas\u0131l yay\u0131ld\u0131\u011f\u0131 gibi her detay \u00f6nemlidir. Bu nedenle bu kam\u0131\u015f dif\u00fcz\u00f6r \u015fi\u015feleri yumu\u015fak, yuvarlak bir \u015fekle, hafif\u00e7e geni\u015f bir g\u00f6vdeye ve ince bir boyuna sahiptir. \u015eeffaf \u015fi\u015fe, mant\u0131kl\u0131 ancak \u00e7arp\u0131c\u0131 etkiler yaratan sofistike bir y\u00fczey desenine sahiptir. Standart dif\u00fcz\u00f6rlerin kalabal\u0131\u011f\u0131ndan s\u0131yr\u0131l\u0131r.<\/p>\n<h2>\u00dcr\u00fcn \u00d6zellikleri<\/h2>\n<ul>\n<li><strong>\u015eeffaf malzeme:<\/strong> \u015eeffaf camdan \u00fcretilen dif\u00fcz\u00f6r s\u0131v\u0131s\u0131 net bir \u015fekilde g\u00f6r\u00fclebiliyor, temiz ve berrak bir g\u00f6rsel deneyim yarat\u0131yor.<\/li>\n<li><strong>Zarif dokulu y\u00fczey:<\/strong> Camdaki dekoratif desen derinlik ve l\u00fcks katar; kam\u0131\u015f dif\u00fcz\u00f6rl\u00fc esansiyel ya\u011f\u0131n\u0131z a\u015f\u0131r\u0131 dramatik g\u00f6r\u00fcnmeden en \u00fcst seviyeye ula\u015f\u0131r.<\/li>\n<li><strong>Kararl\u0131 ve pratik tasar\u0131m:<\/strong> Geni\u015f taban\u0131 devrilmeyi \u00f6nler. Dar a\u011f\u0131z, dif\u00fcz\u00f6r \u00e7ubu\u011funu sabitler ve buharla\u015fmay\u0131 azaltarak aroma yay\u0131l\u0131m\u0131n\u0131 art\u0131r\u0131r ve d\u00f6k\u00fclmeyi en aza indirir.<\/li>\n<\/ul>\n<h2>Bir Marka \u00dcr\u00fcn Serisini Nas\u0131l Yeniden Tasarlad\u0131?<\/h2>\n<p>120 ml&#039;lik kabartmal\u0131 cam dif\u00fcz\u00f6r \u015fi\u015felerimiz, \u0130talyan bir ev kokular\u0131 markas\u0131 taraf\u0131ndan tercih edildi. Marka, \u00e7i\u00e7ek motifli kabartma deseninin derin boyutlu oldu\u011fu, y\u00fcksek \u015feffafl\u0131kta cam kullan\u0131lmas\u0131n\u0131 istedi. Tasar\u0131mda, \u015fi\u015fenin omuz k\u0131sm\u0131nda alt\u0131n yald\u0131zl\u0131 marka logosu, do\u011fal rattan dif\u00fcz\u00f6r \u00e7ubuklar\u0131 ve mat alt\u0131n al\u00fcminyum yaka yer al\u0131yor.<br \/>\nBu yeni dif\u00fcz\u00f6r serisinin piyasaya s\u00fcr\u00fclmesiyle birlikte, sezonluk sat\u0131\u015flar ilk d\u00f6rt ayl\u0131k sat\u0131\u015f d\u00f6ng\u00fcs\u00fcnde etkileyici bir \u015fekilde oran\u0131nda b\u00fcy\u00fcme kaydetti. \u00dcr\u00fcn\u00fcn piyasaya s\u00fcr\u00fclmesinin ilk y\u0131l\u0131nda bile m\u00fc\u015fteri, art arda d\u00f6rt kez b\u00fcy\u00fck miktarda yeniden sipari\u015f verdi.<\/p>\n<h2>Ki\u015fiselle\u015ftirme mi ar\u0131yorsunuz? \u0130\u015fte burada parlayabilirsiniz.<\/h2>\n<p>Bu \u015fi\u015fe ki\u015fiselle\u015ftirilebilir. Dokulu y\u00fczeyi, belirli y\u00fczeyleri ger\u00e7ekten g\u00fczelle\u015ftirebilir. \u015eunlar\u0131 deneyin:<\/p>\n<p>\u00d6zelle\u015ftirilebilir se\u00e7enekler aras\u0131nda s\u0131cak damgalama (zarif logolar i\u00e7in harika), etiketler\/delikli bask\u0131lar (s\u0131n\u0131rl\u0131 say\u0131da \u00fcretilenler i\u00e7in ideal) ve geli\u015fmi\u015f t\u0131palar (ah\u015fap, bambu veya metal) bulunur. Tasar\u0131m, geni\u015fletilmi\u015f bir koku deneyimi i\u00e7in yava\u015f ve dengeli bir koku sal\u0131n\u0131m\u0131 sa\u011flar. Yeni \u00fcr\u00fcnler veya mevcut \u015fi\u015fe dif\u00fcz\u00f6r ambalajlar\u0131n\u0131 g\u00fcncellemek i\u00e7in m\u00fckemmeldir.<\/p>","protected":false},"excerpt":{"rendered":"<p>Toptan \u00d6zel Kam\u0131\u015f Dif\u00fcz\u00f6r \u015ei\u015feleri \u2013 Aroma \u00fcr\u00fcnleri ve ev dekorasyonu sekt\u00f6rleri i\u00e7in tasarlanm\u0131\u015f y\u00fcksek kaliteli ve dayan\u0131kl\u0131 tasar\u0131mlar. \u00dccretsiz numuneler.<\/p>","protected":false},"featured_media":4784,"template":"","meta":{"site-sidebar-layout":"default","site-content-layout":"","ast-site-content-layout":"default","site-content-style":"default","site-sidebar-style":"default","ast-global-header-display":"","ast-banner-title-visibility":"","ast-main-header-display":"","ast-hfb-above-header-display":"","ast-hfb-below-header-display":"","ast-hfb-mobile-header-display":"","site-post-title":"","ast-breadcrumbs-content":"","ast-featured-img":"","footer-sml-layout":"","theme-transparent-header-meta":"default","adv-header-id-meta":"","stick-header-meta":"","header-above-stick-meta":"","header-main-stick-meta":"","header-below-stick-meta":"","astra-migrate-meta-layouts":"set","ast-page-background-enabled":"default","ast-page-background-meta":{"desktop":{"background-color":"var(--ast-global-color-5)","background-image":"","background-repeat":"repeat","background-position":"center center","background-size":"auto","background-attachment":"scroll","background-type":"","background-media":"","overlay-type":"","overlay-color":"","overlay-opacity":"","overlay-gradient":""},"tablet":{"background-color":"","background-image":"","background-repeat":"repeat","background-position":"center center","background-size":"auto","background-attachment":"scroll","background-type":"","background-media":"","overlay-type":"","overlay-color":"","overlay-opacity":"","overlay-gradient":""},"mobile":{"background-color":"","background-image":"","background-repeat":"repeat","background-position":"center center","background-size":"auto","background-attachment":"scroll","background-type":"","background-media":"","overlay-type":"","overlay-color":"","overlay-opacity":"","overlay-gradient":""}},"ast-content-background-meta":{"desktop":{"background-color":"var(--ast-global-color-4)","background-image":"","background-repeat":"repeat","background-position":"center center","background-size":"auto","background-attachment":"scroll","background-type":"","background-media":"","overlay-type":"","overlay-color":"","overlay-opacity":"","overlay-gradient":""},"tablet":{"background-color":"var(--ast-global-color-4)","background-image":"","background-repeat":"repeat","background-position":"center center","background-size":"auto","background-attachment":"scroll","background-type":"","background-media":"","overlay-type":"","overlay-color":"","overlay-opacity":"","overlay-gradient":""},"mobile":{"background-color":"var(--ast-global-color-4)","background-image":"","background-repeat":"repeat","background-position":"center center","background-size":"auto","background-attachment":"scroll","background-type":"","background-media":"","overlay-type":"","overlay-color":"","overlay-opacity":"","overlay-gradient":""}}},"product_brand":[],"product_cat":[54],"product_tag":[],"class_list":{"0":"post-531","1":"product","2":"type-product","3":"status-publish","4":"has-post-thumbnail","6":"product_cat-reed-diffuser-bottles","7":"desktop-align-left","8":"tablet-align-left","9":"mobile-align-left","11":"first","12":"instock","13":"shipping-taxable","14":"product-type-simple"},"jetpack_sharing_enabled":true,"_links":{"self":[{"href":"https:\/\/mostebglass.com\/tr\/wp-json\/wp\/v2\/product\/531","targetHints":{"allow":["GET"]}}],"collection":[{"href":"https:\/\/mostebglass.com\/tr\/wp-json\/wp\/v2\/product"}],"about":[{"href":"https:\/\/mostebglass.com\/tr\/wp-json\/wp\/v2\/types\/product"}],"wp:featuredmedia":[{"embeddable":true,"href":"https:\/\/mostebglass.com\/tr\/wp-json\/wp\/v2\/media\/4784"}],"wp:attachment":[{"href":"https:\/\/mostebglass.com\/tr\/wp-json\/wp\/v2\/media?parent=531"}],"wp:term":[{"taxonomy":"product_brand","embeddable":true,"href":"https:\/\/mostebglass.com\/tr\/wp-json\/wp\/v2\/product_brand?post=531"},{"taxonomy":"product_cat","embeddable":true,"href":"https:\/\/mostebglass.com\/tr\/wp-json\/wp\/v2\/product_cat?post=531"},{"taxonomy":"product_tag","embeddable":true,"href":"https:\/\/mostebglass.com\/tr\/wp-json\/wp\/v2\/product_tag?post=531"}],"curies":[{"name":"wp","href":"https:\/\/api.w.org\/{rel}","templated":true}]}}