{"id":535,"date":"2025-08-18T18:02:55","date_gmt":"2025-08-18T10:02:55","guid":{"rendered":"https:\/\/mostebglass.com\/?post_type=product&#038;p=535"},"modified":"2026-04-24T10:54:19","modified_gmt":"2026-04-24T02:54:19","slug":"diffuser-bottles-empty-christmas-tree-shape-wholesale","status":"publish","type":"product","link":"https:\/\/mostebglass.com\/tr\/diffuser-bottles-empty-christmas-tree-shape-wholesale\/","title":{"rendered":"100ml 200ml Dif\u00fcz\u00f6r \u015ei\u015feleri Bo\u015f Noel A\u011fac\u0131 \u015eeklinde Toptan Sat\u0131\u015f"},"content":{"rendered":"<h2>\u00dcr\u00fcn Tan\u0131t\u0131m\u0131<\/h2>\n<p>Sadece toptan kam\u0131\u015f dif\u00fcz\u00f6r \u015fi\u015feleri stoklam\u0131yorsunuz; \u015fenlikli bir atmosfer yarat\u0131yorsunuz. M\u00fc\u015fteriniz rafta hemen tan\u0131nabilen Noel a\u011fac\u0131 \u015feklindeki dif\u00fcz\u00f6r\u00fc g\u00f6rd\u00fc\u011f\u00fcnde - a\u011fac\u0131n dallar\u0131n\u0131 taklit eden hafif tapardl\u0131, yumu\u015fak hatlara sahip - sadece kokudan fazlas\u0131n\u0131 deneyimleyecek; havan\u0131n hissini hissedecek.<\/p>\n<h2>\u00dcr\u00fcn \u00d6zellikleri<\/h2>\n<ul>\n<li><strong>\u015eeffaf:<\/strong> \u015eeffaf camdan \u00fcretilen bu \u00fcr\u00fcn, i\u00e7indeki aroma s\u0131v\u0131s\u0131n\u0131 net bir \u015fekilde g\u00f6rmenizi sa\u011flayarak temiz ve ferah bir g\u00f6rsel deneyim sunar.<\/li>\n<li><strong>Kompakt ve Uygun:<\/strong> Kompakt tasar\u0131m\u0131 sayesinde fazla yer kaplamaz, bu sayede sofistike bir masa\u00fcst\u00fc dekorasyonu olu\u015fturur.<\/li>\n<li><strong>Y\u0131la G\u00f6re Noel A\u011fac\u0131 \u015eekli:<\/strong> Mevsimsel olarak g\u00f6z al\u0131c\u0131 bir performans sergiliyor ve esansiyel ya\u011flar kulland\u0131ktan sonra dekorasyon olarak tekrar kullanabilirsiniz. M\u00fc\u015fteriler bu \u00fcr\u00fcne bay\u0131l\u0131yor.<\/li>\n<\/ul>\n<h2>Bir Marka Tatil Sezonunu Nas\u0131l Ba\u015fard\u0131?<\/h2>\n<p>Kanadal\u0131 mevsimlik hediye markalar\u0131ndan biri, benzersiz ve bayram havas\u0131 yaratan bir marka imaj\u0131 olu\u015fturmak i\u00e7in a\u011fa\u00e7 \u015feklindeki cam \u015fi\u015felerimizi kap olarak kullanarak Noel temal\u0131 kam\u0131\u015fl\u0131 oda kokular\u0131 serisi piyasaya s\u00fcrd\u00fc. M\u00fc\u015fteri 100 ml kapasite se\u00e7ti ve a\u011fa\u00e7 sil\u00fcetinin hatlar\u0131n\u0131 daha iyi belirlemek i\u00e7in kal\u0131nla\u015ft\u0131r\u0131lm\u0131\u015f kenarlara sahip y\u00fcksek \u015feffafl\u0131kta cam malzeme talep etti. \u015ei\u015feler, kam\u0131\u015flar\u0131n yerinde kalmas\u0131n\u0131 sa\u011flarken ayn\u0131 zamanda koku ya\u011f\u0131n\u0131n buharla\u015fma h\u0131z\u0131n\u0131 etkili bir \u015fekilde kontrol etmek i\u00e7in i\u00e7 k\u0131sma k\u0131s\u0131tlay\u0131c\u0131 t\u0131ka\u00e7lar yerle\u015ftirilmi\u015f parlak siyah vidal\u0131 kapaklarla birlikte geldi. Daha \u00fcst d\u00fczey ve dekoratif bir bayram g\u00f6r\u00fcn\u00fcm\u00fc geli\u015ftirmek i\u00e7in m\u00fc\u015fteri, \u015fi\u015felerin y\u00fczeyine do\u011frudan bask\u0131 yap\u0131lmas\u0131n\u0131 istemedi, bu nedenle \u015fi\u015fe boyunlar\u0131na alt\u0131n yald\u0131z bask\u0131l\u0131 \u00f6zel kesim etiketler tak\u0131lmas\u0131n\u0131 sipari\u015f etti.<\/p>\n<p>Bu yeni mevsimlik \u00fcr\u00fcnlerin piyasaya s\u00fcr\u00fclmesiyle, marka eski ambalaj tasar\u0131m\u0131n\u0131 kulland\u0131\u011f\u0131 \u00f6nceki y\u0131la k\u0131yasla tatil sezonundaki sat\u0131\u015flar oran\u0131nda artt\u0131. M\u00fc\u015fteri, sonraki alt\u0131 ay i\u00e7inde art arda bir\u00e7ok sipari\u015f daha verdi.<\/p>\n<h2>\u00d6zelle\u015ftirmek mi \u0130stiyorsunuz? Kendinize \u00d6zel Hale Getirin<\/h2>\n<p>Bu \u015fenlikli \u015fi\u015fe adeta bir tuval. P\u00fcr\u00fczs\u00fcz y\u00fczeyleri ve net \u00e7izgileri neredeyse her t\u00fcrl\u00fc y\u00fczeyle uyum sa\u011fl\u0131yor. \u015eunlar\u0131 deneyin:<\/p>\n<ul>\n<li><strong>S\u0131cak damgalama:<\/strong> \u00d6n tarafa alt\u0131n veya g\u00fcm\u00fc\u015f kar taneleri, y\u0131ld\u0131zlar veya logonuzu parlat\u0131n.<\/li>\n<li><strong>Serigrafi bask\u0131:<\/strong> A\u011fac\u0131n etraf\u0131n\u0131 saran kar manzaralar\u0131 veya \u00e7am dallar\u0131 gibi narin desenler ekleyin.<\/li>\n<li><strong>Etiketler ve \u00e7\u0131kartmalar:<\/strong> E\u011flenceli bir dokunu\u015f i\u00e7in \u015fekilli etiketler (y\u0131ld\u0131z, s\u00fcs) kullan\u0131n.<\/li>\n<li><strong>Stoper y\u00fckseltmeleri:<\/strong> K\u0131rm\u0131z\u0131, ye\u015fil, alt\u0131n veya ah\u015fap; markan\u0131z\u0131n tatil havas\u0131na uyum sa\u011flay\u0131n.<\/li>\n<\/ul>","protected":false},"excerpt":{"rendered":"<p>Premium dif\u00fcz\u00f6r \u015fi\u015feleri bo\u015f ve kam\u0131\u015f dif\u00fcz\u00f6r \u015fi\u015feleri toptan. Aroma, spa ve ev kokusu markalar\u0131 i\u00e7in toplu cam \u00e7\u00f6z\u00fcmleri.<\/p>","protected":false},"featured_media":5307,"template":"","meta":{"site-sidebar-layout":"default","site-content-layout":"","ast-site-content-layout":"default","site-content-style":"default","site-sidebar-style":"default","ast-global-header-display":"","ast-banner-title-visibility":"","ast-main-header-display":"","ast-hfb-above-header-display":"","ast-hfb-below-header-display":"","ast-hfb-mobile-header-display":"","site-post-title":"","ast-breadcrumbs-content":"","ast-featured-img":"","footer-sml-layout":"","theme-transparent-header-meta":"default","adv-header-id-meta":"","stick-header-meta":"","header-above-stick-meta":"","header-main-stick-meta":"","header-below-stick-meta":"","astra-migrate-meta-layouts":"set","ast-page-background-enabled":"default","ast-page-background-meta":{"desktop":{"background-color":"var(--ast-global-color-5)","background-image":"","background-repeat":"repeat","background-position":"center center","background-size":"auto","background-attachment":"scroll","background-type":"","background-media":"","overlay-type":"","overlay-color":"","overlay-opacity":"","overlay-gradient":""},"tablet":{"background-color":"","background-image":"","background-repeat":"repeat","background-position":"center center","background-size":"auto","background-attachment":"scroll","background-type":"","background-media":"","overlay-type":"","overlay-color":"","overlay-opacity":"","overlay-gradient":""},"mobile":{"background-color":"","background-image":"","background-repeat":"repeat","background-position":"center center","background-size":"auto","background-attachment":"scroll","background-type":"","background-media":"","overlay-type":"","overlay-color":"","overlay-opacity":"","overlay-gradient":""}},"ast-content-background-meta":{"desktop":{"background-color":"var(--ast-global-color-4)","background-image":"","background-repeat":"repeat","background-position":"center center","background-size":"auto","background-attachment":"scroll","background-type":"","background-media":"","overlay-type":"","overlay-color":"","overlay-opacity":"","overlay-gradient":""},"tablet":{"background-color":"var(--ast-global-color-4)","background-image":"","background-repeat":"repeat","background-position":"center center","background-size":"auto","background-attachment":"scroll","background-type":"","background-media":"","overlay-type":"","overlay-color":"","overlay-opacity":"","overlay-gradient":""},"mobile":{"background-color":"var(--ast-global-color-4)","background-image":"","background-repeat":"repeat","background-position":"center center","background-size":"auto","background-attachment":"scroll","background-type":"","background-media":"","overlay-type":"","overlay-color":"","overlay-opacity":"","overlay-gradient":""}}},"product_brand":[],"product_cat":[54,21],"product_tag":[],"class_list":{"0":"post-535","1":"product","2":"type-product","3":"status-publish","4":"has-post-thumbnail","6":"product_cat-reed-diffuser-bottles","7":"product_cat-product","8":"desktop-align-left","9":"tablet-align-left","10":"mobile-align-left","12":"first","13":"instock","14":"shipping-taxable","15":"product-type-simple"},"jetpack_sharing_enabled":true,"_links":{"self":[{"href":"https:\/\/mostebglass.com\/tr\/wp-json\/wp\/v2\/product\/535","targetHints":{"allow":["GET"]}}],"collection":[{"href":"https:\/\/mostebglass.com\/tr\/wp-json\/wp\/v2\/product"}],"about":[{"href":"https:\/\/mostebglass.com\/tr\/wp-json\/wp\/v2\/types\/product"}],"wp:featuredmedia":[{"embeddable":true,"href":"https:\/\/mostebglass.com\/tr\/wp-json\/wp\/v2\/media\/5307"}],"wp:attachment":[{"href":"https:\/\/mostebglass.com\/tr\/wp-json\/wp\/v2\/media?parent=535"}],"wp:term":[{"taxonomy":"product_brand","embeddable":true,"href":"https:\/\/mostebglass.com\/tr\/wp-json\/wp\/v2\/product_brand?post=535"},{"taxonomy":"product_cat","embeddable":true,"href":"https:\/\/mostebglass.com\/tr\/wp-json\/wp\/v2\/product_cat?post=535"},{"taxonomy":"product_tag","embeddable":true,"href":"https:\/\/mostebglass.com\/tr\/wp-json\/wp\/v2\/product_tag?post=535"}],"curies":[{"name":"wp","href":"https:\/\/api.w.org\/{rel}","templated":true}]}}