{"id":539,"date":"2025-08-18T18:02:43","date_gmt":"2025-08-18T10:02:43","guid":{"rendered":"https:\/\/mostebglass.com\/?post_type=product&#038;p=539"},"modified":"2026-03-13T14:04:46","modified_gmt":"2026-03-13T06:04:46","slug":"clear-glass-diffuser-bottle-with-ribbed-texture-wholesale","status":"publish","type":"product","link":"https:\/\/mostebglass.com\/tr\/clear-glass-diffuser-bottle-with-ribbed-texture-wholesale\/","title":{"rendered":"120 ml \u015eeffaf Cam Dif\u00fcz\u00f6r \u015ei\u015fesi, Oluklu Dokulu, Toptan"},"content":{"rendered":"<p>\u0130ster yeni bir \u00fcr\u00fcn serisi piyasaya s\u00fcr\u00fcyor olun, ister dif\u00fcz\u00f6r \u015fi\u015fenizin ambalaj\u0131n\u0131 yeniliyor olun, bu dif\u00fcz\u00f6r, yukar\u0131dan a\u015fa\u011f\u0131ya do\u011fru uzanan ve ayr\u0131 dikey oluklara sahip yumu\u015fak, d\u00fcz ve yuvarlak bir yap\u0131ya sahiptir. Dokulu y\u00fczeyi, \u0131\u015f\u0131\u011f\u0131 pencereye vuran bir sabah k\u0131ra\u011f\u0131s\u0131 gibi tutarak \u00f6ne \u00e7\u0131kmas\u0131n\u0131 sa\u011flar.<\/p>\n<h2>\u00dcr\u00fcn \u00d6zellikleri<\/h2>\n<ul>\n<li><span aria-haspopup=\"dialog\" aria-expanded=\"false\" aria-controls=\"radix-_r_3k_\" data-state=\"closed\" data-slot=\"popover-trigger\"><strong>Cam Rengi \u00d6zelle\u015ftirme:<\/strong> \u015ei\u015felerin g\u00f6vdesi kehribar, f\u00fcme gri, \u015feffaf, zeytin ye\u015fili veya mat siyah gibi farkl\u0131 renklerde \u00fcretilebilir.<\/span> <span aria-haspopup=\"dialog\" aria-expanded=\"false\" aria-controls=\"radix-_r_3l_\" data-state=\"closed\" data-slot=\"popover-trigger\">Marka imaj\u0131na veya mevsimlik parf\u00fcm koleksiyonlar\u0131na uygun \u00f6zel renkler olu\u015fturmak da m\u00fcmk\u00fcnd\u00fcr.<\/span><\/li>\n<li><span aria-haspopup=\"dialog\" aria-expanded=\"false\" aria-controls=\"radix-_r_3m_\" data-state=\"closed\" data-slot=\"popover-trigger\"><strong>Kapaklar\u0131n Son \u0130\u015flemi:<\/strong> Boyun halkas\u0131 veya kapa\u011f\u0131, koku temas\u0131na daha uygun olmas\u0131 i\u00e7in alt\u0131n, pembe alt\u0131n, mat siyah, f\u0131r\u00e7alanm\u0131\u015f g\u00fcm\u00fc\u015f veya ah\u015fap g\u00f6r\u00fcn\u00fcml\u00fc al\u00fcminyum se\u00e7eneklerinden birinde sipari\u015f edilebilir.<\/span><\/li>\n<li><span aria-haspopup=\"dialog\" aria-expanded=\"false\" aria-controls=\"radix-_r_3n_\" data-state=\"closed\" data-slot=\"popover-trigger\"><strong>Bask\u0131:<\/strong> Markan\u0131n logosu veya parf\u00fcm\u00fcn ad\u0131, serigrafi bask\u0131, s\u0131cak damgalama, UV bask\u0131 veya kabartmal\u0131 cam kal\u0131p tasar\u0131m\u0131yla birle\u015ftirilerek markan\u0131n daha da benzersiz g\u00f6r\u00fcnmesi sa\u011flanabilir.<\/span><\/li>\n<\/ul>\n<h2>Bir Marka Koku Serisini Nas\u0131l Geli\u015ftirdi<\/h2>\n<p>Orta s\u0131n\u0131f bir \u015fi\u015fe kam\u0131\u015f dif\u00fcz\u00f6r \u015firketi, daha \u015f\u0131k rakiplerine kar\u015f\u0131 raf alan\u0131n\u0131 kaybediyordu. Eski dif\u00fcz\u00f6r \u015fi\u015feleri, i\u00e7ine kam\u0131\u015flar tak\u0131lm\u0131\u015f geri d\u00f6n\u00fc\u015ft\u00fcr\u00fclm\u00fc\u015f meyve suyu \u015fi\u015feleri gibi yass\u0131 g\u00f6r\u00fcn\u00fcyordu. Bu nerv\u00fcrl\u00fc cam dif\u00fcz\u00f6r \u015fi\u015felerine ge\u00e7tiler. Yumu\u015fak siyah ipek bask\u0131 logosu ve mat siyah t\u0131pa eklediler. Alt\u0131n \u015fi\u015fe kam\u0131\u015f dif\u00fcz\u00f6r ya\u011flar\u0131n\u0131 sergilemek i\u00e7in \u015fi\u015feyi \u015feffaf tuttular. Sonu\u00e7? Perakendeciler \u015fi\u015fenin &#034;pahal\u0131 hissettirdi\u011fini&#034; s\u00f6yledi. M\u00fc\u015fteriler ona dokunmak i\u00e7in durdular. Bu k\u00fc\u00e7\u00fck ba\u011flant\u0131 an\u0131, d\u00f6n\u00fc\u015f\u00fcm oranlar\u0131n\u0131 neredeyse art\u0131rd\u0131.<\/p>\n<h2>\u00d6zelle\u015ftirmek mi \u0130stiyorsunuz? Ba\u015flamak \u0130\u00e7in Buraya T\u0131klay\u0131n<\/h2>\n<ol>\n<li><strong>Serigrafi bask\u0131:<\/strong> Temiz, dayan\u0131kl\u0131 marka kimli\u011fi. Minimalist metinler veya karma\u015f\u0131k desenler i\u00e7in kullan\u0131n.<\/li>\n<li><strong>Buzlu veya kaplamal\u0131 y\u00fczeyler:<\/strong> \u015eeffaf cam \u00fczerine mat sprey mi? Dumanl\u0131 bir zarafet. Alternatif olarak, koku koleksiyonunuza uymas\u0131 i\u00e7in \u015fi\u015fenin tamam\u0131n\u0131 gri, alt\u0131n veya \u015feffaf gibi en sevdi\u011finiz renkle boyayabilirsiniz.<\/li>\n<li><span aria-haspopup=\"dialog\" aria-expanded=\"false\" aria-controls=\"radix-_r_3o_\" data-state=\"closed\" data-slot=\"popover-trigger\"><strong>Kam\u0131\u015f \u00c7ubuk Tipi Se\u00e7imi:<\/strong> Burada, \u00e7e\u015fitli koku planlar\u0131na uygun olarak do\u011fal rattan kam\u0131\u015flar, siyah elyaf kam\u0131\u015flar, spiral metal kam\u0131\u015flar veya \u00e7i\u00e7ek \u015feklinde koku kam\u0131\u015flar\u0131 gibi farkl\u0131 t\u00fcrde koku yay\u0131c\u0131lar sunulmaktad\u0131r.<\/span><\/li>\n<\/ol>","protected":false},"excerpt":{"rendered":"<p>Aroma, spa ve kam\u0131\u015f dif\u00fcz\u00f6r \u015fi\u015fesi toptanc\u0131lar\u0131 i\u00e7in birinci s\u0131n\u0131f kalitede dif\u00fcz\u00f6r \u015fi\u015feleri ve kam\u0131\u015flar\u0131, \u015fi\u015felerde \u00f6zelle\u015ftirilebilir kam\u0131\u015f dif\u00fcz\u00f6r ambalajlar\u0131. \u00dccretsiz numuneler.<\/p>","protected":false},"featured_media":4749,"template":"","meta":{"site-sidebar-layout":"default","site-content-layout":"","ast-site-content-layout":"default","site-content-style":"default","site-sidebar-style":"default","ast-global-header-display":"","ast-banner-title-visibility":"","ast-main-header-display":"","ast-hfb-above-header-display":"","ast-hfb-below-header-display":"","ast-hfb-mobile-header-display":"","site-post-title":"","ast-breadcrumbs-content":"","ast-featured-img":"","footer-sml-layout":"","theme-transparent-header-meta":"default","adv-header-id-meta":"","stick-header-meta":"","header-above-stick-meta":"","header-main-stick-meta":"","header-below-stick-meta":"","astra-migrate-meta-layouts":"set","ast-page-background-enabled":"default","ast-page-background-meta":{"desktop":{"background-color":"var(--ast-global-color-5)","background-image":"","background-repeat":"repeat","background-position":"center center","background-size":"auto","background-attachment":"scroll","background-type":"","background-media":"","overlay-type":"","overlay-color":"","overlay-opacity":"","overlay-gradient":""},"tablet":{"background-color":"","background-image":"","background-repeat":"repeat","background-position":"center center","background-size":"auto","background-attachment":"scroll","background-type":"","background-media":"","overlay-type":"","overlay-color":"","overlay-opacity":"","overlay-gradient":""},"mobile":{"background-color":"","background-image":"","background-repeat":"repeat","background-position":"center center","background-size":"auto","background-attachment":"scroll","background-type":"","background-media":"","overlay-type":"","overlay-color":"","overlay-opacity":"","overlay-gradient":""}},"ast-content-background-meta":{"desktop":{"background-color":"var(--ast-global-color-4)","background-image":"","background-repeat":"repeat","background-position":"center center","background-size":"auto","background-attachment":"scroll","background-type":"","background-media":"","overlay-type":"","overlay-color":"","overlay-opacity":"","overlay-gradient":""},"tablet":{"background-color":"var(--ast-global-color-4)","background-image":"","background-repeat":"repeat","background-position":"center center","background-size":"auto","background-attachment":"scroll","background-type":"","background-media":"","overlay-type":"","overlay-color":"","overlay-opacity":"","overlay-gradient":""},"mobile":{"background-color":"var(--ast-global-color-4)","background-image":"","background-repeat":"repeat","background-position":"center center","background-size":"auto","background-attachment":"scroll","background-type":"","background-media":"","overlay-type":"","overlay-color":"","overlay-opacity":"","overlay-gradient":""}}},"product_brand":[],"product_cat":[54],"product_tag":[],"class_list":{"0":"post-539","1":"product","2":"type-product","3":"status-publish","4":"has-post-thumbnail","6":"product_cat-reed-diffuser-bottles","7":"desktop-align-left","8":"tablet-align-left","9":"mobile-align-left","11":"first","12":"instock","13":"shipping-taxable","14":"product-type-simple"},"jetpack_sharing_enabled":true,"_links":{"self":[{"href":"https:\/\/mostebglass.com\/tr\/wp-json\/wp\/v2\/product\/539","targetHints":{"allow":["GET"]}}],"collection":[{"href":"https:\/\/mostebglass.com\/tr\/wp-json\/wp\/v2\/product"}],"about":[{"href":"https:\/\/mostebglass.com\/tr\/wp-json\/wp\/v2\/types\/product"}],"wp:featuredmedia":[{"embeddable":true,"href":"https:\/\/mostebglass.com\/tr\/wp-json\/wp\/v2\/media\/4749"}],"wp:attachment":[{"href":"https:\/\/mostebglass.com\/tr\/wp-json\/wp\/v2\/media?parent=539"}],"wp:term":[{"taxonomy":"product_brand","embeddable":true,"href":"https:\/\/mostebglass.com\/tr\/wp-json\/wp\/v2\/product_brand?post=539"},{"taxonomy":"product_cat","embeddable":true,"href":"https:\/\/mostebglass.com\/tr\/wp-json\/wp\/v2\/product_cat?post=539"},{"taxonomy":"product_tag","embeddable":true,"href":"https:\/\/mostebglass.com\/tr\/wp-json\/wp\/v2\/product_tag?post=539"}],"curies":[{"name":"wp","href":"https:\/\/api.w.org\/{rel}","templated":true}]}}