{"id":543,"date":"2025-08-18T17:55:37","date_gmt":"2025-08-18T09:55:37","guid":{"rendered":"https:\/\/mostebglass.com\/?post_type=product&#038;p=543"},"modified":"2025-08-19T09:12:37","modified_gmt":"2025-08-19T01:12:37","slug":"cukurlu-dokuya-sahip-seffaf-kucuk-mum-kavanozlari-toptan-satis","status":"publish","type":"product","link":"https:\/\/mostebglass.com\/tr\/clear-small-candle-jars-containers-with-dimpled-texture-wholesale\/","title":{"rendered":"\u015eeffaf K\u00fc\u00e7\u00fck Mum Kavanozlar\u0131 - \u00c7ukurlu Dokulu 80 ml Kaplar Toptan Sat\u0131\u015f"},"content":{"rendered":"<p>Hem modern hem de zamans\u0131z bir his veren kavanoz mum ambalajlar\u0131 m\u0131 ar\u0131yorsunuz? K\u00fc\u00e7\u00fck mum kavanozlar\u0131m\u0131z, \u00e7ukurlu dokusu ve sa\u011flam taban\u0131yla toptan mum markalar\u0131 veya y\u00fcksek kaliteli mum kavanozu koleksiyonlar\u0131 i\u00e7in m\u00fckemmeldir.<\/p>\n<h2>\u00dcr\u00fcn \u00d6zellikleri<\/h2>\n<p><strong>Dokunma hissi i\u00e7in \u00e7ukurlu doku<\/strong><\/p>\n<p>Bu mum kab\u0131n\u0131n \u00fczerinde bulunan dairesel desenler benzersiz bir 3 boyutlu efekt katarak kavanoz mumunuzun engelli hissi vermesini sa\u011flar.<\/p>\n<p><strong>Toptan mum g\u00fcvenli\u011fi i\u00e7in sa\u011flam taban<\/strong><\/p>\n<p>120 gram a\u011f\u0131rl\u0131\u011f\u0131ndaki kal\u0131n d\u00fcz taban, bu k\u00fc\u00e7\u00fck mum kavanozlar\u0131n\u0131n toplu mum g\u00f6nderimi veya perakende istifleme s\u0131ras\u0131nda devrilmemesini sa\u011flar.<\/p>\n<h2>Temel \u00d6zellikler<\/h2>\n<table style=\"border-collapse: collapse; width: 80%; margin-left: auto; margin-right: auto;\" border=\"0\" width=\"144\" cellspacing=\"0\" cellpadding=\"0\">\n<tbody>\n<tr style=\"height: 13.50pt;\">\n<td style=\"height: 13.50pt; width: 54.00pt;\" width=\"72\" height=\"18\">\u00d6zellik<\/td>\n<td style=\"width: 54.00pt;\" width=\"72\">Detaylar<\/td>\n<\/tr>\n<tr style=\"height: 13.50pt;\">\n<td style=\"height: 13.50pt;\" height=\"18\">Kapasite<\/td>\n<td>80 ml<\/td>\n<\/tr>\n<tr style=\"height: 13.50pt;\">\n<td style=\"height: 13.50pt;\" height=\"18\">A\u011f\u0131rl\u0131k<\/td>\n<td>120 gr<\/td>\n<\/tr>\n<tr style=\"height: 13.50pt;\">\n<td style=\"height: 13.50pt;\" height=\"18\">Desenler<\/td>\n<td>\u00c7ukurlu Doku<\/td>\n<\/tr>\n<tr style=\"height: 13.50pt;\">\n<td style=\"height: 13.50pt;\" height=\"18\">Boyutlar<\/td>\n<td>55*45*64mm<\/td>\n<\/tr>\n<\/tbody>\n<\/table>\n<h2>\u00d6zelle\u015ftirme i\u00e7in Profesyonel \u0130pu\u00e7lar\u0131<\/h2>\n<ol>\n<li><strong>Doku Oyunu:<\/strong> Rustik kavanoz mum \u00e7izgileri i\u00e7in Dimple Desenini veya b\u00fcy\u00fck mum kavanozlar\u0131 i\u00e7in p\u00fcr\u00fczs\u00fcz dokuyu kullan\u0131n.<\/li>\n<li><strong>S\u0131k\u00e7a sorulan sorular:<\/strong> Se\u00e7im konusunda yard\u0131ma m\u0131 ihtiyac\u0131n\u0131z var? Mum rehberlerimiz veya toptan mum kavanozu paketlerimiz hakk\u0131nda bize dan\u0131\u015f\u0131n.<\/li>\n<\/ol>","protected":false},"excerpt":{"rendered":"<p>Dokulu kap tasar\u0131m\u0131yla k\u00fc\u00e7\u00fck mum kavanozu serinizi bir \u00fcst seviyeye ta\u015f\u0131y\u0131n. Toptan ve toplu sipari\u015fler i\u00e7in rekabet\u00e7i fiyatlarla y\u00fcksek kaliteli mum kavanozlar\u0131.<\/p>","protected":false},"featured_media":544,"template":"","meta":{"site-sidebar-layout":"default","site-content-layout":"","ast-site-content-layout":"default","site-content-style":"default","site-sidebar-style":"default","ast-global-header-display":"","ast-banner-title-visibility":"","ast-main-header-display":"","ast-hfb-above-header-display":"","ast-hfb-below-header-display":"","ast-hfb-mobile-header-display":"","site-post-title":"","ast-breadcrumbs-content":"","ast-featured-img":"","footer-sml-layout":"","theme-transparent-header-meta":"default","adv-header-id-meta":"","stick-header-meta":"","header-above-stick-meta":"","header-main-stick-meta":"","header-below-stick-meta":"","astra-migrate-meta-layouts":"set","ast-page-background-enabled":"default","ast-page-background-meta":{"desktop":{"background-color":"var(--ast-global-color-5)","background-image":"","background-repeat":"repeat","background-position":"center center","background-size":"auto","background-attachment":"scroll","background-type":"","background-media":"","overlay-type":"","overlay-color":"","overlay-opacity":"","overlay-gradient":""},"tablet":{"background-color":"","background-image":"","background-repeat":"repeat","background-position":"center center","background-size":"auto","background-attachment":"scroll","background-type":"","background-media":"","overlay-type":"","overlay-color":"","overlay-opacity":"","overlay-gradient":""},"mobile":{"background-color":"","background-image":"","background-repeat":"repeat","background-position":"center center","background-size":"auto","background-attachment":"scroll","background-type":"","background-media":"","overlay-type":"","overlay-color":"","overlay-opacity":"","overlay-gradient":""}},"ast-content-background-meta":{"desktop":{"background-color":"var(--ast-global-color-4)","background-image":"","background-repeat":"repeat","background-position":"center center","background-size":"auto","background-attachment":"scroll","background-type":"","background-media":"","overlay-type":"","overlay-color":"","overlay-opacity":"","overlay-gradient":""},"tablet":{"background-color":"var(--ast-global-color-4)","background-image":"","background-repeat":"repeat","background-position":"center center","background-size":"auto","background-attachment":"scroll","background-type":"","background-media":"","overlay-type":"","overlay-color":"","overlay-opacity":"","overlay-gradient":""},"mobile":{"background-color":"var(--ast-global-color-4)","background-image":"","background-repeat":"repeat","background-position":"center center","background-size":"auto","background-attachment":"scroll","background-type":"","background-media":"","overlay-type":"","overlay-color":"","overlay-opacity":"","overlay-gradient":""}}},"product_brand":[],"product_cat":[28],"product_tag":[],"class_list":{"0":"post-543","1":"product","2":"type-product","3":"status-publish","4":"has-post-thumbnail","6":"product_cat-glass-candle-jars","7":"desktop-align-left","8":"tablet-align-left","9":"mobile-align-left","11":"first","12":"instock","13":"shipping-taxable","14":"product-type-simple"},"jetpack_sharing_enabled":true,"_links":{"self":[{"href":"https:\/\/mostebglass.com\/tr\/wp-json\/wp\/v2\/product\/543","targetHints":{"allow":["GET"]}}],"collection":[{"href":"https:\/\/mostebglass.com\/tr\/wp-json\/wp\/v2\/product"}],"about":[{"href":"https:\/\/mostebglass.com\/tr\/wp-json\/wp\/v2\/types\/product"}],"wp:featuredmedia":[{"embeddable":true,"href":"https:\/\/mostebglass.com\/tr\/wp-json\/wp\/v2\/media\/544"}],"wp:attachment":[{"href":"https:\/\/mostebglass.com\/tr\/wp-json\/wp\/v2\/media?parent=543"}],"wp:term":[{"taxonomy":"product_brand","embeddable":true,"href":"https:\/\/mostebglass.com\/tr\/wp-json\/wp\/v2\/product_brand?post=543"},{"taxonomy":"product_cat","embeddable":true,"href":"https:\/\/mostebglass.com\/tr\/wp-json\/wp\/v2\/product_cat?post=543"},{"taxonomy":"product_tag","embeddable":true,"href":"https:\/\/mostebglass.com\/tr\/wp-json\/wp\/v2\/product_tag?post=543"}],"curies":[{"name":"wp","href":"https:\/\/api.w.org\/{rel}","templated":true}]}}