{"id":565,"date":"2025-08-19T13:48:58","date_gmt":"2025-08-19T05:48:58","guid":{"rendered":"https:\/\/mostebglass.com\/?post_type=product&#038;p=565"},"modified":"2026-01-29T13:37:43","modified_gmt":"2026-01-29T05:37:43","slug":"135ml-empty-candle-jars-with-lids-custom-glass-candle-jar-manufacturer","status":"publish","type":"product","link":"https:\/\/mostebglass.com\/tr\/135ml-empty-candle-jars-with-lids-custom-glass-candle-jar-manufacturer\/","title":{"rendered":"135 ml Kapakl\u0131 Bo\u015f Mum Kavanozlar\u0131 | \u00d6zel Cam Mum Kavanozu \u00dcreticisi"},"content":{"rendered":"<p>\u015e\u0131k ve modern bir tasar\u0131ma sahip olan 135 ml&#039;lik kapakl\u0131 bo\u015f mumluklar\u0131m\u0131z, y\u00fcksek kaliteli mum markalar\u0131\/ev kokular\u0131 i\u00e7in ideal bir kullan\u0131m sunar. Bu kavanoz, d\u00fcz silindirik bir profile, p\u00fcr\u00fczs\u00fcz bir kenara ve kal\u0131nla\u015ft\u0131r\u0131lm\u0131\u015f sa\u011flam bir tabana sahiptir. \u015eeffaf cam g\u00f6vde tasar\u0131m\u0131, mumun rengini ve alevini vurgulayarak hem minimalist hem de dekoratif koleksiyonlarda yer almas\u0131n\u0131 sa\u011flar.<\/p>\n<div style=\"text-align: center;\"><img fetchpriority=\"high\" decoding=\"async\" class=\"\" src=\"https:\/\/mostebglass.com\/wp-content\/uploads\/2025\/08\/colored-empty-candle-jars-with-lids.webp\" alt=\"kapakl\u0131 renkli bo\u015f mum kavanozlar\u0131\" width=\"434\" height=\"434\" \/><\/div>\n<h2>Ek Kullan\u0131mlar<\/h2>\n<p>Mumlar\u0131n yan\u0131 s\u0131ra, bu kap \u015fu ama\u00e7larla da kullan\u0131labilir:<\/p>\n<ul>\n<li>K\u00fc\u00e7\u00fck dekoratif bir saklama kavanozu<\/li>\n<li>mini bir \u00e7i\u00e7ek vazosu<\/li>\n<li>Ev dekorasyonu i\u00e7in dekoratif bir kap.<\/li>\n<\/ul>\n<p>Bu \u00e7ok y\u00f6nl\u00fcl\u00fck, ya\u015fam tarz\u0131 veya hediye pazarlar\u0131n\u0131 hedefleyen markalar i\u00e7in ek de\u011fer katmaktad\u0131r.<\/p>\n<h2>Temel \u00d6zellikler<\/h2>\n<table style=\"border-collapse: collapse; width: 80%; margin-left: auto; margin-right: auto;\" border=\"0\" width=\"80%\" cellspacing=\"0\" cellpadding=\"0\">\n<tbody>\n<tr style=\"height: 13.50pt;\">\n<td style=\"height: 13.50pt; width: 183.00pt;\" width=\"244\" height=\"18\"><strong>\u00d6zellik<\/strong><\/td>\n<td style=\"width: 414.00pt;\" width=\"552\"><strong>Detaylar<\/strong><\/td>\n<\/tr>\n<tr style=\"height: 13.50pt;\">\n<td style=\"height: 13.50pt;\" height=\"18\">Kapasite<\/td>\n<td>135 ml<\/td>\n<\/tr>\n<tr style=\"height: 13.50pt;\">\n<td style=\"height: 13.50pt;\" height=\"18\">A\u011f\u0131z \u00e7ap\u0131<\/td>\n<td>60 mm<\/td>\n<\/tr>\n<tr style=\"height: 13.50pt;\">\n<td style=\"height: 13.50pt;\" height=\"18\">Y\u00fckseklik<\/td>\n<td>85 mm<\/td>\n<\/tr>\n<tr style=\"height: 13.50pt;\">\n<td style=\"height: 13.50pt;\" height=\"18\">Alt \u00e7ap<\/td>\n<td>46 mm<\/td>\n<\/tr>\n<tr style=\"height: 12.00pt;\">\n<td style=\"height: 12.00pt;\" height=\"16\">nakliye kutusu<\/td>\n<td>120&#039;li paket<\/td>\n<\/tr>\n<tr style=\"height: 12.00pt;\">\n<td style=\"height: 12.00pt;\" height=\"16\">Kapak Uyumlulu\u011fu<\/td>\n<td>Metal kapaklar (alt\u0131n, g\u00fcm\u00fc\u015f, siyah, bak\u0131r vb.)<br \/>\nDo\u011fal mantar t\u0131palar<br \/>\nBambu kapaklar<\/td>\n<\/tr>\n<tr style=\"height: 13.50pt;\">\n<td style=\"height: 13.50pt;\" height=\"18\">Cam \u00d6zelle\u015ftirme Se\u00e7enekleri<\/td>\n<td>D\u0131\u015f cephe sprey kaplama (d\u00fcz veya degrade renkler)<br \/>\nBuzlu veya mat y\u00fczeyler<br \/>\n\u0130pek bask\u0131<br \/>\n\u0130\u00e7ten p\u00fcsk\u00fcrtme kaplama<br \/>\nEtiket uygulamas\u0131<br \/>\nC\u0131va cam\u0131 etkisi<br \/>\nMevsimlik ve bayram temal\u0131 tasar\u0131mlar<\/td>\n<\/tr>\n<\/tbody>\n<\/table>\n<div style=\"text-align: center;\"><img decoding=\"async\" class=\"\" src=\"https:\/\/mostebglass.com\/wp-content\/uploads\/2025\/08\/empty-candle-jars-with-lids-for-christmas.webp\" alt=\"Noel i\u00e7in kapakl\u0131 bo\u015f mum kavanozlar\u0131\" width=\"447\" height=\"447\" \/><\/div>\n<h2>Marka Kimli\u011fi \u00d6nerileri<\/h2>\n<ol>\n<li><strong>Renk bloklama:<\/strong> Mevsimsel koleksiyonlar i\u00e7in a\u00e7\u0131k renk i\u00e7in minimum toptan mum serilerini veya \u015feffaf b\u00fcy\u00fck mum kavanozunu kullan\u0131n.<\/li>\n<li><strong>S\u0131k\u00e7a sorulan sorular:<\/strong> Se\u00e7im konusunda yard\u0131ma m\u0131 ihtiyac\u0131n\u0131z var? Mum rehberlerimiz veya toptan mum kavanozu paketlerimiz hakk\u0131nda bize dan\u0131\u015f\u0131n.<\/li>\n<\/ol>\n<p>Kal\u0131p tasar\u0131m\u0131 ve geli\u015ftirme, dekorasyon ve ambalajlama dahil ancak bunlarla s\u0131n\u0131rl\u0131 olmamak \u00fczere eksiksiz OEM ve ODM hizmetleri sunuyoruz; cam kap \u00fcreticisi olarak toptanc\u0131lara, marka sahiplerine ve hatta \u00f6zel etiketli i\u015fletmelere hizmet veriyoruz.<\/p>","protected":false},"excerpt":{"rendered":"<p>135 ml&#039;lik bo\u015f mum kavanozlar\u0131, metal, bambu veya mantar se\u00e7enekleriyle kapakl\u0131 olarak sunulmaktad\u0131r. Mum markalar\u0131 ve toptanc\u0131lar\u0131 i\u00e7in \u00f6zel logo, cam kaplama ve OEM\/ODM \u00e7\u00f6z\u00fcmleri mevcuttur.<\/p>","protected":false},"featured_media":4237,"template":"","meta":{"site-sidebar-layout":"default","site-content-layout":"","ast-site-content-layout":"default","site-content-style":"default","site-sidebar-style":"default","ast-global-header-display":"","ast-banner-title-visibility":"","ast-main-header-display":"","ast-hfb-above-header-display":"","ast-hfb-below-header-display":"","ast-hfb-mobile-header-display":"","site-post-title":"","ast-breadcrumbs-content":"","ast-featured-img":"","footer-sml-layout":"","theme-transparent-header-meta":"default","adv-header-id-meta":"","stick-header-meta":"","header-above-stick-meta":"","header-main-stick-meta":"","header-below-stick-meta":"","astra-migrate-meta-layouts":"set","ast-page-background-enabled":"default","ast-page-background-meta":{"desktop":{"background-color":"var(--ast-global-color-5)","background-image":"","background-repeat":"repeat","background-position":"center center","background-size":"auto","background-attachment":"scroll","background-type":"","background-media":"","overlay-type":"","overlay-color":"","overlay-opacity":"","overlay-gradient":""},"tablet":{"background-color":"","background-image":"","background-repeat":"repeat","background-position":"center center","background-size":"auto","background-attachment":"scroll","background-type":"","background-media":"","overlay-type":"","overlay-color":"","overlay-opacity":"","overlay-gradient":""},"mobile":{"background-color":"","background-image":"","background-repeat":"repeat","background-position":"center center","background-size":"auto","background-attachment":"scroll","background-type":"","background-media":"","overlay-type":"","overlay-color":"","overlay-opacity":"","overlay-gradient":""}},"ast-content-background-meta":{"desktop":{"background-color":"var(--ast-global-color-4)","background-image":"","background-repeat":"repeat","background-position":"center center","background-size":"auto","background-attachment":"scroll","background-type":"","background-media":"","overlay-type":"","overlay-color":"","overlay-opacity":"","overlay-gradient":""},"tablet":{"background-color":"var(--ast-global-color-4)","background-image":"","background-repeat":"repeat","background-position":"center center","background-size":"auto","background-attachment":"scroll","background-type":"","background-media":"","overlay-type":"","overlay-color":"","overlay-opacity":"","overlay-gradient":""},"mobile":{"background-color":"var(--ast-global-color-4)","background-image":"","background-repeat":"repeat","background-position":"center center","background-size":"auto","background-attachment":"scroll","background-type":"","background-media":"","overlay-type":"","overlay-color":"","overlay-opacity":"","overlay-gradient":""}}},"product_brand":[],"product_cat":[28],"product_tag":[],"class_list":{"0":"post-565","1":"product","2":"type-product","3":"status-publish","4":"has-post-thumbnail","6":"product_cat-glass-candle-jars","7":"desktop-align-left","8":"tablet-align-left","9":"mobile-align-left","11":"first","12":"instock","13":"shipping-taxable","14":"product-type-simple"},"jetpack_sharing_enabled":true,"_links":{"self":[{"href":"https:\/\/mostebglass.com\/tr\/wp-json\/wp\/v2\/product\/565","targetHints":{"allow":["GET"]}}],"collection":[{"href":"https:\/\/mostebglass.com\/tr\/wp-json\/wp\/v2\/product"}],"about":[{"href":"https:\/\/mostebglass.com\/tr\/wp-json\/wp\/v2\/types\/product"}],"wp:featuredmedia":[{"embeddable":true,"href":"https:\/\/mostebglass.com\/tr\/wp-json\/wp\/v2\/media\/4237"}],"wp:attachment":[{"href":"https:\/\/mostebglass.com\/tr\/wp-json\/wp\/v2\/media?parent=565"}],"wp:term":[{"taxonomy":"product_brand","embeddable":true,"href":"https:\/\/mostebglass.com\/tr\/wp-json\/wp\/v2\/product_brand?post=565"},{"taxonomy":"product_cat","embeddable":true,"href":"https:\/\/mostebglass.com\/tr\/wp-json\/wp\/v2\/product_cat?post=565"},{"taxonomy":"product_tag","embeddable":true,"href":"https:\/\/mostebglass.com\/tr\/wp-json\/wp\/v2\/product_tag?post=565"}],"curies":[{"name":"wp","href":"https:\/\/api.w.org\/{rel}","templated":true}]}}