{"id":585,"date":"2025-08-19T14:49:43","date_gmt":"2025-08-19T06:49:43","guid":{"rendered":"https:\/\/mostebglass.com\/?post_type=product&#038;p=585"},"modified":"2026-03-18T15:41:35","modified_gmt":"2026-03-18T07:41:35","slug":"aromatherapy-bottles-with-textured-glass-wholesale","status":"publish","type":"product","link":"https:\/\/mostebglass.com\/tr\/aromatherapy-bottles-with-textured-glass-wholesale\/","title":{"rendered":"50 ml ve 100 ml&#039;lik Dokulu Cam Aromaterapi \u015ei\u015feleri Toptan Sat\u0131\u015f"},"content":{"rendered":"<p>Ayn\u0131 zamanda \u015f\u0131k aromaterapi \u015fi\u015feleri olarak da kullan\u0131labilen dif\u00fcz\u00f6r bardaklar\u0131m\u0131za giri\u015f. Y\u00fcksek kaliteli camdan haz\u0131rlanan bu \u015feffaf \u015fi\u015fe, karma\u015f\u0131k ve \u0131\u015f\u0131lt\u0131l\u0131 bir desene sahip olup, mekan\u0131n\u0131za \u015f\u0131kl\u0131k katar.<\/p>\n<h2>\u00dcr\u00fcn \u00d6zellikleri<\/h2>\n<ul>\n<li><strong>Desen tasar\u0131m\u0131:<\/strong> \u015ei\u015fenin \u00fczerindeki d\u00fczensiz desenler \u015fi\u015feye geni\u015flik ve boyut kazand\u0131rarak estetik g\u00f6r\u00fcn\u00fcm\u00fcn\u00fc art\u0131r\u0131r.<\/li>\n<li><strong>100 ml ideal kapasite:<\/strong> Yatak odas\u0131, ofis veya hediye seti i\u00e7in do\u011fru boyutta \u2013 haftalarca s\u00fcren kokunun tad\u0131n\u0131 \u00e7\u0131kar\u0131n.<\/li>\n<li><strong>\u015eeffaf Malzeme:<\/strong> \u015eeffaf camdan yap\u0131lm\u0131\u015f oldu\u011fundan dif\u00fcz\u00f6r s\u0131v\u0131s\u0131 net bir \u015fekilde g\u00f6r\u00fclebilir.<\/li>\n<\/ul>\n<h2>Ba\u015far\u0131 \u00d6rne\u011fi<\/h2>\n<p>Kabartmal\u0131 cam dif\u00fcz\u00f6r \u015fi\u015felerimiz, Fransa&#039;da ni\u015f bir parf\u00fcm markas\u0131 taraf\u0131ndan \u00fcr\u00fcn gam\u0131na dahil edildi. M\u00fc\u015fteri, \u00f6zelle\u015ftirme a\u015famas\u0131nda 200 ml dolum kapasitesini belirtti ve \u015fi\u015fenin g\u00f6vdesindeki kabartmal\u0131 dokular\u0131n daha belirgin olmas\u0131n\u0131 istedi; \u00fcr\u00fcn\u00fcn dokunma hissini art\u0131rmak i\u00e7in noktal\u0131 ve madalyon benzeri desenlerle asimetrik bir desen tercih ettiler. Bunu sa\u011flamak i\u00e7in, \u015fi\u015fenin stabilitesini art\u0131rmak amac\u0131yla a\u011f\u0131rl\u0131kl\u0131 bir cam taban tasarlad\u0131k. M\u00fc\u015fteri ayr\u0131ca, \u015fi\u015fenin uzun ve ince \u00e7izgisine m\u00fckemmel \u015fekilde uyacak \u015fekilde, \u00f6zel olarak \u00fcretilmi\u015f, 28 cm uzunlu\u011funda ve elyaftan yap\u0131lm\u0131\u015f siyah dif\u00fcz\u00f6r \u00e7ubuklar\u0131 kullanmay\u0131 da se\u00e7ti.<\/p>\n<p>Piyasaya s\u00fcr\u00fcld\u00fckten sonra, seri sadece iki ay i\u00e7inde ma\u011faza i\u00e7i sat\u0131\u015flarda &#039;l\u00fck bir b\u00fcy\u00fcme kaydetti. Ard\u0131ndan m\u00fc\u015fteri, art arda \u00fc\u00e7 kez toplu sipari\u015f vererek da\u011f\u0131t\u0131m kanal\u0131n\u0131 Avrupa&#039;daki bir\u00e7ok \u00fcst d\u00fczey hediyelik e\u015fya ma\u011fazas\u0131na geni\u015fletti.<\/p>\n<h2>Kendinize \u00f6zel hale getirmek ister misiniz? Bu ki\u015fiselle\u015ftirme fikirlerini deneyin.<\/h2>\n<ul>\n<li>Modern ve gizemli bir hava i\u00e7in kehribar veya pembe ile ki\u015fiselle\u015ftirmeyi deneyebilirsiniz.<\/li>\n<li>Kam\u0131\u015f dif\u00fcz\u00f6r esansiyel ya\u011f dolumlar\u0131 sunarak tekrar ziyaretleri te\u015fvik edin.<\/li>\n<li>&#034;Yenileme kiti&#034; i\u00e7in kam\u0131\u015f dif\u00fcz\u00f6r\u00fcn\u00fcz\u00fc bir temizleme f\u0131r\u00e7as\u0131 ve yeni bir kam\u0131\u015f dif\u00fcz\u00f6r setiyle tamamlay\u0131n.<\/li>\n<li>Marka logonuzu ta\u015f\u0131yan \u00f6zel bir t\u0131pa ekleyin; kimli\u011finize bir dokunu\u015f katacak k\u00fc\u00e7\u00fck bir ayr\u0131nt\u0131.<\/li>\n<\/ul>\n<p>Say\u0131s\u0131z markan\u0131n sade dif\u00fcz\u00f6r bardaklar\u0131n\u0131 \u00e7ok satanlar listesine d\u00f6n\u00fc\u015ft\u00fcrmesine yard\u0131mc\u0131 olduk. Vizyonunuz mu? Her seferinde tek bir dokulu \u015fi\u015feyle, onu ger\u00e7ekle\u015ftirmenize yard\u0131mc\u0131 olaca\u011f\u0131z.<\/p>","protected":false},"excerpt":{"rendered":"<p>B2B toplu sipari\u015fler ve \u00f6zel koku ambalajlar\u0131 i\u00e7in aromaterapi \u015fi\u015felerine sahip y\u00fcksek kaliteli dif\u00fcz\u00f6r bardaklar\u0131. \u00dccretsiz Numuneler,<\/p>","protected":false},"featured_media":4810,"template":"","meta":{"site-sidebar-layout":"default","site-content-layout":"","ast-site-content-layout":"default","site-content-style":"default","site-sidebar-style":"default","ast-global-header-display":"","ast-banner-title-visibility":"","ast-main-header-display":"","ast-hfb-above-header-display":"","ast-hfb-below-header-display":"","ast-hfb-mobile-header-display":"","site-post-title":"","ast-breadcrumbs-content":"","ast-featured-img":"","footer-sml-layout":"","theme-transparent-header-meta":"default","adv-header-id-meta":"","stick-header-meta":"","header-above-stick-meta":"","header-main-stick-meta":"","header-below-stick-meta":"","astra-migrate-meta-layouts":"set","ast-page-background-enabled":"default","ast-page-background-meta":{"desktop":{"background-color":"var(--ast-global-color-5)","background-image":"","background-repeat":"repeat","background-position":"center center","background-size":"auto","background-attachment":"scroll","background-type":"","background-media":"","overlay-type":"","overlay-color":"","overlay-opacity":"","overlay-gradient":""},"tablet":{"background-color":"","background-image":"","background-repeat":"repeat","background-position":"center center","background-size":"auto","background-attachment":"scroll","background-type":"","background-media":"","overlay-type":"","overlay-color":"","overlay-opacity":"","overlay-gradient":""},"mobile":{"background-color":"","background-image":"","background-repeat":"repeat","background-position":"center center","background-size":"auto","background-attachment":"scroll","background-type":"","background-media":"","overlay-type":"","overlay-color":"","overlay-opacity":"","overlay-gradient":""}},"ast-content-background-meta":{"desktop":{"background-color":"var(--ast-global-color-4)","background-image":"","background-repeat":"repeat","background-position":"center center","background-size":"auto","background-attachment":"scroll","background-type":"","background-media":"","overlay-type":"","overlay-color":"","overlay-opacity":"","overlay-gradient":""},"tablet":{"background-color":"var(--ast-global-color-4)","background-image":"","background-repeat":"repeat","background-position":"center center","background-size":"auto","background-attachment":"scroll","background-type":"","background-media":"","overlay-type":"","overlay-color":"","overlay-opacity":"","overlay-gradient":""},"mobile":{"background-color":"var(--ast-global-color-4)","background-image":"","background-repeat":"repeat","background-position":"center center","background-size":"auto","background-attachment":"scroll","background-type":"","background-media":"","overlay-type":"","overlay-color":"","overlay-opacity":"","overlay-gradient":""}}},"product_brand":[],"product_cat":[54],"product_tag":[],"class_list":{"0":"post-585","1":"product","2":"type-product","3":"status-publish","4":"has-post-thumbnail","6":"product_cat-reed-diffuser-bottles","7":"desktop-align-left","8":"tablet-align-left","9":"mobile-align-left","11":"first","12":"instock","13":"shipping-taxable","14":"product-type-simple"},"jetpack_sharing_enabled":true,"_links":{"self":[{"href":"https:\/\/mostebglass.com\/tr\/wp-json\/wp\/v2\/product\/585","targetHints":{"allow":["GET"]}}],"collection":[{"href":"https:\/\/mostebglass.com\/tr\/wp-json\/wp\/v2\/product"}],"about":[{"href":"https:\/\/mostebglass.com\/tr\/wp-json\/wp\/v2\/types\/product"}],"wp:featuredmedia":[{"embeddable":true,"href":"https:\/\/mostebglass.com\/tr\/wp-json\/wp\/v2\/media\/4810"}],"wp:attachment":[{"href":"https:\/\/mostebglass.com\/tr\/wp-json\/wp\/v2\/media?parent=585"}],"wp:term":[{"taxonomy":"product_brand","embeddable":true,"href":"https:\/\/mostebglass.com\/tr\/wp-json\/wp\/v2\/product_brand?post=585"},{"taxonomy":"product_cat","embeddable":true,"href":"https:\/\/mostebglass.com\/tr\/wp-json\/wp\/v2\/product_cat?post=585"},{"taxonomy":"product_tag","embeddable":true,"href":"https:\/\/mostebglass.com\/tr\/wp-json\/wp\/v2\/product_tag?post=585"}],"curies":[{"name":"wp","href":"https:\/\/api.w.org\/{rel}","templated":true}]}}