{"id":605,"date":"2025-08-19T16:29:46","date_gmt":"2025-08-19T08:29:46","guid":{"rendered":"https:\/\/mostebglass.com\/?post_type=product&#038;p=605"},"modified":"2026-03-16T10:50:15","modified_gmt":"2026-03-16T02:50:15","slug":"custom-reed-diffuser-glass-bottles-with-tree-shape-bulk","status":"publish","type":"product","link":"https:\/\/mostebglass.com\/tr\/custom-reed-diffuser-glass-bottles-with-tree-shape-bulk\/","title":{"rendered":"98 ml \u00d6zel Tasar\u0131m A\u011fa\u00e7 \u015eekilli Kam\u0131\u015fl\u0131 Oda Kokusu Cam \u015ei\u015feleri (Toptan Sat\u0131\u015f)"},"content":{"rendered":"<p>Bu kam\u0131\u015f dif\u00fcz\u00f6rl\u00fc cam \u015fi\u015feler, tek bir \u015fi\u015feden \u00e7ok daha fazlas\u0131d\u0131r; camdan yap\u0131lm\u0131\u015f \u015fenlikli bir sembold\u00fcr. Boyutu klasik bir Noel a\u011fac\u0131n\u0131 and\u0131r\u0131r; \u00fc\u00e7gen paneller yava\u015f\u00e7a tabana do\u011fru hareket ederek ne\u015feli ve \u015fenlikli bir atmosfer yarat\u0131r. \u015ei\u015fe t\u0131pas\u0131 kolayca tak\u0131l\u0131r. \u015ei\u015fenin tamam\u0131 berrak, y\u00fcksek kaliteli camdan \u00fcretilmi\u015ftir ve aroman\u0131z\u0131n do\u011fal bir \u015fekilde yay\u0131lmas\u0131n\u0131 sa\u011flar.<\/p>\n<h2>\u00dcr\u00fcn \u00d6zellikleri<\/h2>\n<ul>\n<li><strong>Noel a\u011fac\u0131 \u015fekli:<\/strong> \u015ei\u015fenin Noel a\u011fac\u0131 \u015fekli, Noel temal\u0131 ortamlar i\u00e7in m\u00fckemmel olan \u015fenlikli bir atmosfer yarat\u0131yor.<\/li>\n<li><strong>\u015eeffaf malzemeler:<\/strong> \u015eeffaf camdan \u00fcretilen def\u00fcz\u00f6r\u00fcn i\u00e7eri\u011fi a\u00e7\u0131k\u00e7a g\u00f6r\u00fclebiliyor, temiz ve ferah bir ortam yarat\u0131yor.<\/li>\n<li><strong>\u00c7ok seviyeli yap\u0131:<\/strong> \u015ei\u015fenin katmanl\u0131 \u00fc\u00e7gen yap\u0131s\u0131, son derece dekoratif, benzersiz, \u00fc\u00e7 boyutlu bir \u015fekil yarat\u0131yor.<\/li>\n<\/ul>\n<h2>Vaka \u00c7al\u0131\u015fmas\u0131: Bir Marka Tatil Sezonunu Nas\u0131l Ba\u015far\u0131yla Yakalad\u0131?<\/h2>\n<p>Bir ev parf\u00fcm\u00fc giri\u015fimi, s\u0131n\u0131rl\u0131 say\u0131da \u00fcretilen bir y\u0131lba\u015f\u0131 koleksiyonu \u00e7\u0131karmak istiyordu. Benzersiz ve \u00e7ekici tasar\u0131mlar\u0131 nedeniyle dif\u00fcz\u00f6r \u015fi\u015felerimizi ve \u00e7ubuklar\u0131m\u0131z\u0131 se\u00e7tiler. &#034;Karla kapl\u0131&#034; bir buzlu etki yaratmalar\u0131na yard\u0131mc\u0131 olduk, tar\u00e7\u0131n \u00e7ubuklar\u0131 ekledik ve bunlar\u0131 kurdelelerle sabitlenmi\u015f k\u0131rm\u0131z\u0131 hediye kutular\u0131na koyduk. Alt\u0131 hafta i\u00e7inde \u00fcr\u00fcn t\u00fckendi. Perakendeciler yenilik\u00e7i tasar\u0131ma \u00f6vg\u00fcler ya\u011fd\u0131rd\u0131. M\u00fc\u015fteriler, \u015fi\u015feleri kulland\u0131ktan sonra dekoratif e\u015fya olarak bile sakl\u0131yorlar. \u0130\u015fte ak\u0131ll\u0131 tasar\u0131m\u0131n g\u00fcc\u00fc.<\/p>\n<h2>Kendi kam\u0131\u015f dif\u00fcz\u00f6r cam \u015fi\u015felerinizi ki\u015fiselle\u015ftirmeyi deneyin?<\/h2>\n<ul>\n<li>Tatil dekorunuza modern bir dokunu\u015f katmak i\u00e7in k\u0131rm\u0131z\u0131 veya ye\u015fil cam dif\u00fcz\u00f6rleri deneyin.<\/li>\n<li>M\u00fc\u015fterilerimizin kendi esansiyel ya\u011f kar\u0131\u015f\u0131mlar\u0131n\u0131 olu\u015fturmalar\u0131na olanak tan\u0131yan kokusuz dif\u00fcz\u00f6rler sunuyoruz.<\/li>\n<li>Alt\u0131n kaplama kam\u0131\u015f dif\u00fcz\u00f6rlerimizle birlikte kullan\u0131ld\u0131\u011f\u0131nda m\u00fckemmel bir hediye olur.<\/li>\n<li>Dif\u00fcz\u00f6r\u00fcn\u00fcz\u00fc hat\u0131raya d\u00f6n\u00fc\u015ft\u00fcrmek i\u00e7in markal\u0131 bir etiket as\u0131n.<\/li>\n<\/ul>\n<p>Bir\u00e7ok markan\u0131n benzersiz ve \u015f\u0131k kam\u0131\u015f dif\u00fcz\u00f6r cam \u015fi\u015felerini \u00e7ok satanlar aras\u0131na sokmas\u0131na yard\u0131mc\u0131 olduk. Bir fikriniz mi var? Ger\u00e7ekle\u015ftirmenize yard\u0131mc\u0131 olabiliriz.<\/p>","protected":false},"excerpt":{"rendered":"<p>Toptan kam\u0131\u015f dif\u00fcz\u00f6r cam \u015fi\u015feler ve dif\u00fcz\u00f6r \u015fi\u015fesi ve kam\u0131\u015flar, toplu parf\u00fcm ambalajlar\u0131 i\u00e7in m\u00fckemmeldir.<\/p>","protected":false},"featured_media":4766,"template":"","meta":{"site-sidebar-layout":"default","site-content-layout":"","ast-site-content-layout":"default","site-content-style":"default","site-sidebar-style":"default","ast-global-header-display":"","ast-banner-title-visibility":"","ast-main-header-display":"","ast-hfb-above-header-display":"","ast-hfb-below-header-display":"","ast-hfb-mobile-header-display":"","site-post-title":"","ast-breadcrumbs-content":"","ast-featured-img":"","footer-sml-layout":"","theme-transparent-header-meta":"default","adv-header-id-meta":"","stick-header-meta":"","header-above-stick-meta":"","header-main-stick-meta":"","header-below-stick-meta":"","astra-migrate-meta-layouts":"set","ast-page-background-enabled":"default","ast-page-background-meta":{"desktop":{"background-color":"var(--ast-global-color-5)","background-image":"","background-repeat":"repeat","background-position":"center center","background-size":"auto","background-attachment":"scroll","background-type":"","background-media":"","overlay-type":"","overlay-color":"","overlay-opacity":"","overlay-gradient":""},"tablet":{"background-color":"","background-image":"","background-repeat":"repeat","background-position":"center center","background-size":"auto","background-attachment":"scroll","background-type":"","background-media":"","overlay-type":"","overlay-color":"","overlay-opacity":"","overlay-gradient":""},"mobile":{"background-color":"","background-image":"","background-repeat":"repeat","background-position":"center center","background-size":"auto","background-attachment":"scroll","background-type":"","background-media":"","overlay-type":"","overlay-color":"","overlay-opacity":"","overlay-gradient":""}},"ast-content-background-meta":{"desktop":{"background-color":"var(--ast-global-color-4)","background-image":"","background-repeat":"repeat","background-position":"center center","background-size":"auto","background-attachment":"scroll","background-type":"","background-media":"","overlay-type":"","overlay-color":"","overlay-opacity":"","overlay-gradient":""},"tablet":{"background-color":"var(--ast-global-color-4)","background-image":"","background-repeat":"repeat","background-position":"center center","background-size":"auto","background-attachment":"scroll","background-type":"","background-media":"","overlay-type":"","overlay-color":"","overlay-opacity":"","overlay-gradient":""},"mobile":{"background-color":"var(--ast-global-color-4)","background-image":"","background-repeat":"repeat","background-position":"center center","background-size":"auto","background-attachment":"scroll","background-type":"","background-media":"","overlay-type":"","overlay-color":"","overlay-opacity":"","overlay-gradient":""}}},"product_brand":[],"product_cat":[54],"product_tag":[],"class_list":{"0":"post-605","1":"product","2":"type-product","3":"status-publish","4":"has-post-thumbnail","6":"product_cat-reed-diffuser-bottles","7":"desktop-align-left","8":"tablet-align-left","9":"mobile-align-left","11":"first","12":"instock","13":"shipping-taxable","14":"product-type-simple"},"jetpack_sharing_enabled":true,"_links":{"self":[{"href":"https:\/\/mostebglass.com\/tr\/wp-json\/wp\/v2\/product\/605","targetHints":{"allow":["GET"]}}],"collection":[{"href":"https:\/\/mostebglass.com\/tr\/wp-json\/wp\/v2\/product"}],"about":[{"href":"https:\/\/mostebglass.com\/tr\/wp-json\/wp\/v2\/types\/product"}],"wp:featuredmedia":[{"embeddable":true,"href":"https:\/\/mostebglass.com\/tr\/wp-json\/wp\/v2\/media\/4766"}],"wp:attachment":[{"href":"https:\/\/mostebglass.com\/tr\/wp-json\/wp\/v2\/media?parent=605"}],"wp:term":[{"taxonomy":"product_brand","embeddable":true,"href":"https:\/\/mostebglass.com\/tr\/wp-json\/wp\/v2\/product_brand?post=605"},{"taxonomy":"product_cat","embeddable":true,"href":"https:\/\/mostebglass.com\/tr\/wp-json\/wp\/v2\/product_cat?post=605"},{"taxonomy":"product_tag","embeddable":true,"href":"https:\/\/mostebglass.com\/tr\/wp-json\/wp\/v2\/product_tag?post=605"}],"curies":[{"name":"wp","href":"https:\/\/api.w.org\/{rel}","templated":true}]}}