{"id":609,"date":"2025-08-20T08:49:46","date_gmt":"2025-08-20T00:49:46","guid":{"rendered":"https:\/\/mostebglass.com\/?post_type=product&#038;p=609"},"modified":"2026-03-06T16:04:26","modified_gmt":"2026-03-06T08:04:26","slug":"curved-diffuser-glass-bottles-with-sticks-bulk","status":"publish","type":"product","link":"https:\/\/mostebglass.com\/tr\/curved-diffuser-glass-bottles-with-sticks-bulk\/","title":{"rendered":"40ml 50ml Kavisli Dif\u00fcz\u00f6r Cam \u015ei\u015feler (\u00c7ubuklu) Toplu Sat\u0131\u015f"},"content":{"rendered":"<p>\u0130ster yeni bir parf\u00fcm koleksiyonu ar\u0131yor olun, ister koleksiyonunuzu geni\u015fletin, bu cam def\u00fcz\u00f6r ihtiya\u00e7lar\u0131n\u0131z i\u00e7in m\u00fckemmeldir. P\u00fcr\u00fczs\u00fcz, yuvarlak \u015fekli ve ak\u0131c\u0131 \u00e7izgileri, def\u00fcz\u00f6r \u00e7ubu\u011funun yerle\u015ftirilmesini kolayla\u015ft\u0131r\u0131rken, d\u00fcz taban\u0131 sa\u011flaml\u0131k sa\u011flar ve rafta daha \u00e7ekici g\u00f6r\u00fcnmesini sa\u011flar.<\/p>\n<h2>\u00dcr\u00fcn \u00d6zellikleri<\/h2>\n<ul>\n<li><strong>Y\u00fcksek kaliteli cam:<\/strong> Defuser barda\u011f\u0131m\u0131z, kokunun bulan\u0131kla\u015fmas\u0131n\u0131 \u00f6nleyen ve kokunun b\u00fct\u00fcnl\u00fc\u011f\u00fcn\u00fc koruyan dayan\u0131kl\u0131, son derece \u015feffaf malzemelerden \u00fcretilmi\u015ftir.<\/li>\n<li><strong>Defuser Stick i\u00e7in tasarland\u0131:<\/strong> Hafif geni\u015f a\u011fz\u0131 standart bir sprey \u015fi\u015fesine m\u00fckemmel uyum sa\u011flar, bu da d\u00f6k\u00fclme veya t\u0131kanma olmadan esansiyel ya\u011f\u0131n d\u00fczg\u00fcn bir \u015fekilde yay\u0131lmas\u0131n\u0131 sa\u011flar.<\/li>\n<li><strong>En iyi replikler:<\/strong> \u015ei\u015fenin p\u00fcr\u00fczs\u00fcz \u00e7izgileri tasar\u0131ma derinlik ve desen katarak g\u00fczelli\u011fini \u00f6n plana \u00e7\u0131kar\u0131yor.<\/li>\n<\/ul>\n<h2>Ger\u00e7ek Ba\u015far\u0131: Bir Marka Perakende Etkisini Nas\u0131l \u0130ki Kat\u0131na \u00c7\u0131kard\u0131?<\/h2>\n<p>Bir ev mobilyas\u0131 markas\u0131 yeni bir aromaterapi \u015fi\u015fesi serisi piyasaya s\u00fcrmek \u00fczereydi, ancak s\u0131radan ambalajlarla bo\u011fu\u015fuyordu. Dif\u00fcz\u00f6r cam\u0131m\u0131z\u0131 tercih ettiler ve mat siyah, alt\u0131n u\u00e7lu \u00e7ubuklarla yenilediler. Ayr\u0131ca \u00f6zel bir manyetik t\u0131pa ve minimalist bir k\u0131l\u0131f ambalaj ekledik. Sonu\u00e7 mu? \u00dcr\u00fcnleri hediyelik e\u015fya d\u00fckkanlar\u0131nda ve butiklerde \u00f6ne \u00e7\u0131kt\u0131. Perakendeciler, \u00fc\u00e7 ay i\u00e7inde anl\u0131k sat\u0131n al\u0131mlarda iki kat\u0131na \u00e7\u0131kt\u0131\u011f\u0131n\u0131 bildirdi. Bu \u015f\u0131k cam dif\u00fcz\u00f6rler sadece u\u00e7ucu ya\u011flardan ibaret de\u011fil, ayn\u0131 zamanda l\u00fcks\u00fc de yans\u0131t\u0131yor.<\/p>\n<h2>\u00d6zelle\u015ftirme Se\u00e7enekleriniz:<\/h2>\n<ul>\n<li>Biti\u015f: Buzlu bir etki i\u00e7in kum p\u00fcsk\u00fcrtmeyi veya canl\u0131 renkler i\u00e7in serigrafi bask\u0131y\u0131 deneyin.<\/li>\n<li>Kapak\/Durdurucu: Standart t\u0131palar\u0131 ah\u015fap, bambu veya metal t\u0131palarla de\u011fi\u015ftirin. Markal\u0131 kapaklar, marka kimli\u011finizi daha da g\u00fc\u00e7lendirir.<\/li>\n<li>\u015ei\u015fe Rengi: \u015eeffafl\u0131\u011f\u0131n \u00f6tesine ge\u00e7in. Mevsimsel kokuyu tamamlamak i\u00e7in yumu\u015fak mavi, ada\u00e7ay\u0131 ye\u015fili veya koyu siyah cam\u0131 deneyin.<\/li>\n<li>Logo: Lazer kaz\u0131ma, etiketleme veya s\u0131cak damgalama\u2014markan\u0131z\u0131n tonuna uygun logoyu se\u00e7in.<\/li>\n<li>Boyut: Daha k\u00fc\u00e7\u00fck bir boyuta m\u0131 ihtiyac\u0131n\u0131z var? 40 ml&#039;lik \u015fi\u015fe, seyahat setleri veya numuneler i\u00e7in m\u00fckemmeldir.<\/li>\n<\/ul>\n<p>\u00c7ubuklu bu dif\u00fcz\u00f6rler sadece bir kokudan \u00e7ok daha fazlas\u0131d\u0131r; markan\u0131z\u0131n y\u00fcz\u00fc, insanlar\u0131n ilk temas noktas\u0131 ve dif\u00fcz\u00f6r \u015fi\u015fenizi se\u00e7melerinin sebebidir. Bir sonraki en \u00e7ok satan \u00fcr\u00fcn\u00fcn\u00fcz\u00fc yaratman\u0131za yard\u0131mc\u0131 olal\u0131m. Siz kokuyu getirin, biz g\u00f6r\u00fcn\u00fcm\u00fc yaratal\u0131m.<\/p>","protected":false},"excerpt":{"rendered":"<p>Toptan aroma, spa ve ev kokusu ambalaj\u0131 i\u00e7in m\u00fckemmel, \u00e7ubuklu cam dif\u00fcz\u00f6r \u015fi\u015feleri. \u00dccretsiz numuneler ve toplu sipari\u015flerde \u00f6zelle\u015ftirme imkan\u0131.<\/p>","protected":false},"featured_media":4647,"template":"","meta":{"site-sidebar-layout":"default","site-content-layout":"","ast-site-content-layout":"default","site-content-style":"default","site-sidebar-style":"default","ast-global-header-display":"","ast-banner-title-visibility":"","ast-main-header-display":"","ast-hfb-above-header-display":"","ast-hfb-below-header-display":"","ast-hfb-mobile-header-display":"","site-post-title":"","ast-breadcrumbs-content":"","ast-featured-img":"","footer-sml-layout":"","theme-transparent-header-meta":"default","adv-header-id-meta":"","stick-header-meta":"","header-above-stick-meta":"","header-main-stick-meta":"","header-below-stick-meta":"","astra-migrate-meta-layouts":"set","ast-page-background-enabled":"default","ast-page-background-meta":{"desktop":{"background-color":"var(--ast-global-color-5)","background-image":"","background-repeat":"repeat","background-position":"center center","background-size":"auto","background-attachment":"scroll","background-type":"","background-media":"","overlay-type":"","overlay-color":"","overlay-opacity":"","overlay-gradient":""},"tablet":{"background-color":"","background-image":"","background-repeat":"repeat","background-position":"center center","background-size":"auto","background-attachment":"scroll","background-type":"","background-media":"","overlay-type":"","overlay-color":"","overlay-opacity":"","overlay-gradient":""},"mobile":{"background-color":"","background-image":"","background-repeat":"repeat","background-position":"center center","background-size":"auto","background-attachment":"scroll","background-type":"","background-media":"","overlay-type":"","overlay-color":"","overlay-opacity":"","overlay-gradient":""}},"ast-content-background-meta":{"desktop":{"background-color":"var(--ast-global-color-4)","background-image":"","background-repeat":"repeat","background-position":"center center","background-size":"auto","background-attachment":"scroll","background-type":"","background-media":"","overlay-type":"","overlay-color":"","overlay-opacity":"","overlay-gradient":""},"tablet":{"background-color":"var(--ast-global-color-4)","background-image":"","background-repeat":"repeat","background-position":"center center","background-size":"auto","background-attachment":"scroll","background-type":"","background-media":"","overlay-type":"","overlay-color":"","overlay-opacity":"","overlay-gradient":""},"mobile":{"background-color":"var(--ast-global-color-4)","background-image":"","background-repeat":"repeat","background-position":"center center","background-size":"auto","background-attachment":"scroll","background-type":"","background-media":"","overlay-type":"","overlay-color":"","overlay-opacity":"","overlay-gradient":""}}},"product_brand":[],"product_cat":[54],"product_tag":[],"class_list":{"0":"post-609","1":"product","2":"type-product","3":"status-publish","4":"has-post-thumbnail","6":"product_cat-reed-diffuser-bottles","7":"desktop-align-left","8":"tablet-align-left","9":"mobile-align-left","11":"first","12":"instock","13":"shipping-taxable","14":"product-type-simple"},"jetpack_sharing_enabled":true,"_links":{"self":[{"href":"https:\/\/mostebglass.com\/tr\/wp-json\/wp\/v2\/product\/609","targetHints":{"allow":["GET"]}}],"collection":[{"href":"https:\/\/mostebglass.com\/tr\/wp-json\/wp\/v2\/product"}],"about":[{"href":"https:\/\/mostebglass.com\/tr\/wp-json\/wp\/v2\/types\/product"}],"wp:featuredmedia":[{"embeddable":true,"href":"https:\/\/mostebglass.com\/tr\/wp-json\/wp\/v2\/media\/4647"}],"wp:attachment":[{"href":"https:\/\/mostebglass.com\/tr\/wp-json\/wp\/v2\/media?parent=609"}],"wp:term":[{"taxonomy":"product_brand","embeddable":true,"href":"https:\/\/mostebglass.com\/tr\/wp-json\/wp\/v2\/product_brand?post=609"},{"taxonomy":"product_cat","embeddable":true,"href":"https:\/\/mostebglass.com\/tr\/wp-json\/wp\/v2\/product_cat?post=609"},{"taxonomy":"product_tag","embeddable":true,"href":"https:\/\/mostebglass.com\/tr\/wp-json\/wp\/v2\/product_tag?post=609"}],"curies":[{"name":"wp","href":"https:\/\/api.w.org\/{rel}","templated":true}]}}