{"id":614,"date":"2025-08-20T09:16:39","date_gmt":"2025-08-20T01:16:39","guid":{"rendered":"https:\/\/mostebglass.com\/?post_type=product&#038;p=614"},"modified":"2026-03-13T16:12:21","modified_gmt":"2026-03-13T08:12:21","slug":"retro-kabartmali-150ml-bos-kamis-difuzor-cami","status":"publish","type":"product","link":"https:\/\/mostebglass.com\/tr\/150ml-empty-reed-diffuser-glassware-with-retro-relief\/","title":{"rendered":"150 ml Bo\u015f Kam\u0131\u015fl\u0131 Oda Kokusu Cam E\u015fyas\u0131, Retro Kabartmal\u0131, Toplu Paket"},"content":{"rendered":"<p>Bu i\u00e7i bo\u015f kam\u0131\u015f def\u00fcz\u00f6r, p\u00fcr\u00fczs\u00fcz, yuvarlak silueti ve zarif tasar\u0131m\u0131yla \u00f6ne \u00e7\u0131k\u0131yor. G\u00f6r\u00fcn\u00fcr cam \u015fi\u015fe, sofistike bir doku b\u0131rak\u0131yor; \u015fi\u015fenin etraf\u0131n\u0131 saran dairesel kabartma desen, vintage bir hava kat\u0131yor. Klasik bir tasar\u0131m, modern bir g\u00fczellik sunuyor.<\/p>\n<h2>\u00dcr\u00fcn \u00d6zellikleri<\/h2>\n<ul>\n<li><strong>Birinci s\u0131n\u0131f i\u015f\u00e7ilik:<\/strong> Defuser cam\u0131m\u0131z, bulan\u0131kla\u015fmay\u0131 \u00f6nleyen ve okunan defuser ya\u011f\u0131n\u0131z\u0131n her rafta canl\u0131 g\u00f6r\u00fcnmesini sa\u011flayan y\u00fcksek kaliteli, \u015feffaf camdan tasarlanm\u0131\u015ft\u0131r.<\/li>\n<li><strong>Ak\u0131ll\u0131, s\u0131z\u0131nt\u0131ya dayan\u0131kl\u0131 tasar\u0131m:<\/strong> Geni\u015f a\u011f\u0131z, standart defuser reid&#039;lere m\u00fckemmel uyum sa\u011flar ve p\u00fcr\u00fczs\u00fcz kenar, \u00e7o\u011fu t\u0131pa veya dekoratif kapakla uyumludur - kirli yay\u0131lma yok, sadece temiz yay\u0131lma.<\/li>\n<li><strong>\u00c7evre Dostu ve Tekrar Kullan\u0131labilir:<\/strong> Bo\u015f bir kam\u0131\u015f dif\u00fcz\u00f6r kab\u0131 olarak, m\u00fc\u015fterileri tekrar doldurmaya te\u015fvik eder. Bu, sizin i\u00e7in tekrar sat\u0131\u015f anlam\u0131na gelir ve gezegenimiz i\u00e7in daha az at\u0131k demektir. Kazan-kazan.<\/li>\n<\/ul>\n<h2>Ba\u015far\u0131 Hikayesi\u200b<\/h2>\n<p>Butik bir aromaterapi markas\u0131, el yap\u0131m\u0131 ya\u011flar\u0131yla uyumlu toptan dif\u00fcz\u00f6r \u015fi\u015felerine ihtiya\u00e7 duydu\u011funu belirterek bize ba\u015fvurdu. 150 ml&#039;lik yuvarlak modelimizi tercih ettiler, cam i\u00e7in yumu\u015fak kehribar rengi bir renk se\u00e7tiler ve lazer kaz\u0131ma y\u00f6ntemiyle logolar\u0131n\u0131 eklediler. Sonu\u00e7 mu? Kam\u0131\u015f dif\u00fcz\u00f6r setlerinin sat\u0131\u015flar\u0131 artt\u0131 ve m\u00fc\u015fteriler, \u00f6zel dif\u00fcz\u00f6r cam \u00fcr\u00fcnlerinin &#034;l\u00fcks hissini&#034; \u00f6vd\u00fcler. \u00dc\u00e7 ay i\u00e7inde en \u00e7ok satan \u00fcr\u00fcn serileri haline geldi.<\/p>\n<h2>\u00d6zelle\u015ftirme \u0130pu\u00e7lar\u0131<\/h2>\n<ul>\n<li>\u0130\u015f\u00e7ilik: Markan\u0131z\u0131n benzersiz havas\u0131n\u0131 ortaya \u00e7\u0131karmak i\u00e7in, dokuyu birbirine ba\u011flamak \u00fczere Kesim, kabartma veya serigrafi bask\u0131y\u0131 se\u00e7in.<\/li>\n<li>Kapaklar ve T\u0131palar: Ah\u015fap, seramik veya metal t\u0131palarla e\u015fle\u015ftirebilirsiniz; Ayr\u0131ca t\u0131pan\u0131n rengini marka paletinize de uydurabiliriz.<\/li>\n<li>\u015ei\u015fe rengi: Aromaterapi \u015fi\u015felerinizi renklendirmek i\u00e7in \u015feffafl\u0131\u011f\u0131n \u00f6tesine ge\u00e7in; pastel tonlar, dumanl\u0131 otlar veya buzlu renkler kullan\u0131n.<\/li>\n<li>Boyut ayarlamas\u0131: 150 ml standart olmakla birlikte, toplu sipari\u015flerde (minimum 1000 adet) 12 farkl\u0131 boyut se\u00e7ene\u011fimiz bulunmaktad\u0131r.<\/li>\n<li>Logo: Serigrafi, s\u0131cak damgalama veya makashi bask\u0131 se\u00e7enekleri sunuyoruz. Sizin logonuz, sizin kurallar\u0131n\u0131z.<\/li>\n<\/ul>\n<p>Kam\u0131\u015f defuser koleksiyonunuzu bir \u00fcst seviyeye ta\u015f\u0131maya haz\u0131r m\u0131s\u0131n\u0131z? Toplu sipari\u015f veya \u00f6zel tasar\u0131mlar i\u00e7in bug\u00fcn bizimle ileti\u015fime ge\u00e7in.<\/p>","protected":false},"excerpt":{"rendered":"<p>Aroma, spa ve ev dekorasyonu sekt\u00f6rleri i\u00e7in toplu olarak m\u00fckemmel, bo\u015f kam\u0131\u015f dif\u00fcz\u00f6r se\u00e7eneklerine sahip y\u00fcksek kaliteli bo\u015f kam\u0131\u015f dif\u00fcz\u00f6r cam \u00fcr\u00fcnleri.<\/p>","protected":false},"featured_media":4759,"template":"","meta":{"site-sidebar-layout":"default","site-content-layout":"","ast-site-content-layout":"default","site-content-style":"default","site-sidebar-style":"default","ast-global-header-display":"","ast-banner-title-visibility":"","ast-main-header-display":"","ast-hfb-above-header-display":"","ast-hfb-below-header-display":"","ast-hfb-mobile-header-display":"","site-post-title":"","ast-breadcrumbs-content":"","ast-featured-img":"","footer-sml-layout":"","theme-transparent-header-meta":"default","adv-header-id-meta":"","stick-header-meta":"","header-above-stick-meta":"","header-main-stick-meta":"","header-below-stick-meta":"","astra-migrate-meta-layouts":"set","ast-page-background-enabled":"default","ast-page-background-meta":{"desktop":{"background-color":"var(--ast-global-color-5)","background-image":"","background-repeat":"repeat","background-position":"center center","background-size":"auto","background-attachment":"scroll","background-type":"","background-media":"","overlay-type":"","overlay-color":"","overlay-opacity":"","overlay-gradient":""},"tablet":{"background-color":"","background-image":"","background-repeat":"repeat","background-position":"center center","background-size":"auto","background-attachment":"scroll","background-type":"","background-media":"","overlay-type":"","overlay-color":"","overlay-opacity":"","overlay-gradient":""},"mobile":{"background-color":"","background-image":"","background-repeat":"repeat","background-position":"center center","background-size":"auto","background-attachment":"scroll","background-type":"","background-media":"","overlay-type":"","overlay-color":"","overlay-opacity":"","overlay-gradient":""}},"ast-content-background-meta":{"desktop":{"background-color":"var(--ast-global-color-4)","background-image":"","background-repeat":"repeat","background-position":"center center","background-size":"auto","background-attachment":"scroll","background-type":"","background-media":"","overlay-type":"","overlay-color":"","overlay-opacity":"","overlay-gradient":""},"tablet":{"background-color":"var(--ast-global-color-4)","background-image":"","background-repeat":"repeat","background-position":"center center","background-size":"auto","background-attachment":"scroll","background-type":"","background-media":"","overlay-type":"","overlay-color":"","overlay-opacity":"","overlay-gradient":""},"mobile":{"background-color":"var(--ast-global-color-4)","background-image":"","background-repeat":"repeat","background-position":"center center","background-size":"auto","background-attachment":"scroll","background-type":"","background-media":"","overlay-type":"","overlay-color":"","overlay-opacity":"","overlay-gradient":""}}},"product_brand":[],"product_cat":[54],"product_tag":[],"class_list":{"0":"post-614","1":"product","2":"type-product","3":"status-publish","4":"has-post-thumbnail","6":"product_cat-reed-diffuser-bottles","7":"desktop-align-left","8":"tablet-align-left","9":"mobile-align-left","11":"first","12":"instock","13":"shipping-taxable","14":"product-type-simple"},"jetpack_sharing_enabled":true,"_links":{"self":[{"href":"https:\/\/mostebglass.com\/tr\/wp-json\/wp\/v2\/product\/614","targetHints":{"allow":["GET"]}}],"collection":[{"href":"https:\/\/mostebglass.com\/tr\/wp-json\/wp\/v2\/product"}],"about":[{"href":"https:\/\/mostebglass.com\/tr\/wp-json\/wp\/v2\/types\/product"}],"wp:featuredmedia":[{"embeddable":true,"href":"https:\/\/mostebglass.com\/tr\/wp-json\/wp\/v2\/media\/4759"}],"wp:attachment":[{"href":"https:\/\/mostebglass.com\/tr\/wp-json\/wp\/v2\/media?parent=614"}],"wp:term":[{"taxonomy":"product_brand","embeddable":true,"href":"https:\/\/mostebglass.com\/tr\/wp-json\/wp\/v2\/product_brand?post=614"},{"taxonomy":"product_cat","embeddable":true,"href":"https:\/\/mostebglass.com\/tr\/wp-json\/wp\/v2\/product_cat?post=614"},{"taxonomy":"product_tag","embeddable":true,"href":"https:\/\/mostebglass.com\/tr\/wp-json\/wp\/v2\/product_tag?post=614"}],"curies":[{"name":"wp","href":"https:\/\/api.w.org\/{rel}","templated":true}]}}