{"id":619,"date":"2025-08-20T09:30:06","date_gmt":"2025-08-20T01:30:06","guid":{"rendered":"https:\/\/mostebglass.com\/?post_type=product&#038;p=619"},"modified":"2026-03-04T14:14:37","modified_gmt":"2026-03-04T06:14:37","slug":"clear-reed-diffuser-bottles-with-diamond-texture-bulk","status":"publish","type":"product","link":"https:\/\/mostebglass.com\/tr\/clear-reed-diffuser-bottles-with-diamond-texture-bulk\/","title":{"rendered":"100ml 200ml Elmas Dokulu \u015eeffaf Kam\u0131\u015fl\u0131 Oda Kokusu \u015ei\u015feleri (Toptan Sat\u0131\u015f)"},"content":{"rendered":"<p>\u015eeffaf kam\u0131\u015fl\u0131 oda parf\u00fcm\u00fc \u015fi\u015fesi, yuvarlak k\u00fcre \u015feklinde bir sil\u00fcete sahip olup, cam kam\u0131\u015fl\u0131 oda parf\u00fcm\u00fcn\u00fcn t\u00fcm y\u00fczeyinde kabartmal\u0131 elmas kesim deseni bulunmaktad\u0131r. Dokulu y\u00fczey, \u0131\u015f\u0131\u011f\u0131n yans\u0131mas\u0131n\u0131 art\u0131rarak ona sofistike ve dekoratif bir g\u00f6r\u00fcn\u00fcm kazand\u0131r\u0131r. \u015ei\u015fe ayr\u0131ca, oda parf\u00fcm\u00fc kam\u0131\u015flar\u0131n\u0131 uygun \u015fekilde sabitleyen ve \u00fcst d\u00fczey bir g\u00f6r\u00fcn\u00fcm sa\u011flayan metalik alt\u0131n bir yaka ile tamamlanm\u0131\u015ft\u0131r. Geni\u015f a\u011f\u0131z, parf\u00fcm ya\u011flar\u0131n\u0131n kolayca doldurulmas\u0131n\u0131 ve birka\u00e7 kam\u0131\u015f \u00e7ubu\u011funun yerle\u015ftirilmesini sa\u011flar. \u015ei\u015fe, uzun \u00f6m\u00fcrl\u00fc olmas\u0131 ve i\u00e7indeki s\u0131v\u0131y\u0131 yans\u0131tmas\u0131 i\u00e7in \u015feffaf, y\u00fcksek yo\u011funluklu camdan yap\u0131lm\u0131\u015ft\u0131r.<\/p>\n<h2>\u00dcr\u00fcn \u00d6zellikleri<\/h2>\n<ul>\n<li><strong>Elmas deseni:<\/strong> \u015ei\u015fenin \u00fczeri elmas desenle kapl\u0131 olup, \u015fi\u015feye geni\u015flik ve boyut kazand\u0131rarak g\u00fczelli\u011fini artt\u0131r\u0131yor.<\/li>\n<li><strong>\u0130ki boyut, tek tasar\u0131m:<\/strong> \u0130ki \u015feffaf kam\u0131\u015f \u015fi\u015fe se\u00e7in: 100 ml ve 200 ml. Ayn\u0131 \u015f\u0131k g\u00f6r\u00fcn\u00fcm ve kalite, m\u00fc\u015fterilerinize daha fazla de\u011fer katar.<\/li>\n<li><strong>Omurga \u015fekli:<\/strong> \u015ei\u015fenin dairesel \u015fekli ve p\u00fcr\u00fczs\u00fcz, yuvarlak hatlar\u0131, sergilendi\u011finde g\u00f6ze \u00e7arpan benzersiz ve sanatsal bir tasar\u0131m yarat\u0131yor.<\/li>\n<\/ul>\n<h2>Bir Marka Tekrarlanan Sipari\u015fleri Nas\u0131l \u0130ki Kat\u0131na \u00c7\u0131kard\u0131<\/h2>\n<p>Bir ev parf\u00fcm\u00fc giri\u015fimi, dif\u00fcz\u00f6r\u00fcn\u00fcn \u00f6ne \u00e7\u0131kmas\u0131n\u0131 istedi ve cesur bir tasar\u0131ma sahip 200 ml&#039;lik \u00e7ubuklu k\u00fcresel dif\u00fcz\u00f6rlerimizi se\u00e7ti: koyu z\u00fcmr\u00fct ye\u015fili cam (\u00f6zelle\u015ftirilebilir renkler mevcuttur), do\u011fal kam\u0131\u015f s\u00fcslemesi ve alt\u0131n al\u00fcminyum kapa\u011f\u0131. Minimalist logolar\u0131n\u0131 \u015fi\u015fenin \u00f6n y\u00fcz\u00fcne serigrafi bask\u0131yla bast\u0131rd\u0131lar. Sonu\u00e7 mu? D\u00f6rt ay i\u00e7inde, tekrar sat\u0131n alma oranlar\u0131 artt\u0131. M\u00fc\u015fteriler, \u00e7ubuklu dif\u00fcz\u00f6rleri kulland\u0131ktan sonra bile \u015fi\u015feyi uzun s\u00fcre saklad\u0131lar. Bir\u00e7o\u011fu, \u015fi\u015fenin dekoratif bir par\u00e7a gibi g\u00f6r\u00fcnd\u00fc\u011f\u00fcn\u00fc s\u00f6yledi.<\/p>\n<h2>\u00d6zelle\u015ftirme \u0130pu\u00e7lar\u0131<\/h2>\n<ul>\n<li>B\u00fct\u00fcnle\u015fik bir g\u00f6r\u00fcn\u00fcm i\u00e7in \u015fi\u015fenin rengini kam\u0131\u015f def\u00fczyon ya\u011f\u0131n\u0131z\u0131n tonuyla e\u015fle\u015ftirin.<\/li>\n<li>Ki\u015fisel bir dokunu\u015f ve geli\u015fmi\u015f marka tan\u0131n\u0131rl\u0131\u011f\u0131 i\u00e7in logonuzu \u015fi\u015fe t\u0131pas\u0131na ekleyin.<\/li>\n<li>\u00dcst\u00fcn bir a\u00e7ma deneyimi i\u00e7in \u00f6zel defuse ambalaj\u0131yla tamamlay\u0131n.<\/li>\n<\/ul>\n<p>Bu \u015feffaf kam\u0131\u015f dif\u00fcz\u00f6rler sadece birer kap de\u011fil; aromaterapi \u00fcr\u00fcnlerinizi parlatan cihazlard\u0131r. \u0130ster i\u015f ihtiya\u00e7lar\u0131n\u0131z\u0131 kar\u015f\u0131lamak i\u00e7in b\u00fcy\u00fck hacimli bir \u00fcr\u00fcne, ister belirli bir \u00fcr\u00fcn serisi i\u00e7in benzersiz ve \u00f6zel bir par\u00e7aya ihtiyac\u0131n\u0131z olsun, hem \u015f\u0131kl\u0131k hem de i\u015flevsellik sunarlar.<\/p>","protected":false},"excerpt":{"rendered":"<p>Ev aromas\u0131 ve toptan sat\u0131\u015f i\u00e7in m\u00fckemmel, \u00e7ubuklu ve \u015feffaf kam\u0131\u015fl\u0131 dif\u00fcz\u00f6r \u015fi\u015feli premium dif\u00fcz\u00f6rleri sat\u0131n al\u0131n. \u00dccretsiz Numune Al\u0131n.<\/p>","protected":false},"featured_media":4600,"template":"","meta":{"site-sidebar-layout":"default","site-content-layout":"","ast-site-content-layout":"default","site-content-style":"default","site-sidebar-style":"default","ast-global-header-display":"","ast-banner-title-visibility":"","ast-main-header-display":"","ast-hfb-above-header-display":"","ast-hfb-below-header-display":"","ast-hfb-mobile-header-display":"","site-post-title":"","ast-breadcrumbs-content":"","ast-featured-img":"","footer-sml-layout":"","theme-transparent-header-meta":"default","adv-header-id-meta":"","stick-header-meta":"","header-above-stick-meta":"","header-main-stick-meta":"","header-below-stick-meta":"","astra-migrate-meta-layouts":"set","ast-page-background-enabled":"default","ast-page-background-meta":{"desktop":{"background-color":"var(--ast-global-color-5)","background-image":"","background-repeat":"repeat","background-position":"center center","background-size":"auto","background-attachment":"scroll","background-type":"","background-media":"","overlay-type":"","overlay-color":"","overlay-opacity":"","overlay-gradient":""},"tablet":{"background-color":"","background-image":"","background-repeat":"repeat","background-position":"center center","background-size":"auto","background-attachment":"scroll","background-type":"","background-media":"","overlay-type":"","overlay-color":"","overlay-opacity":"","overlay-gradient":""},"mobile":{"background-color":"","background-image":"","background-repeat":"repeat","background-position":"center center","background-size":"auto","background-attachment":"scroll","background-type":"","background-media":"","overlay-type":"","overlay-color":"","overlay-opacity":"","overlay-gradient":""}},"ast-content-background-meta":{"desktop":{"background-color":"var(--ast-global-color-4)","background-image":"","background-repeat":"repeat","background-position":"center center","background-size":"auto","background-attachment":"scroll","background-type":"","background-media":"","overlay-type":"","overlay-color":"","overlay-opacity":"","overlay-gradient":""},"tablet":{"background-color":"var(--ast-global-color-4)","background-image":"","background-repeat":"repeat","background-position":"center center","background-size":"auto","background-attachment":"scroll","background-type":"","background-media":"","overlay-type":"","overlay-color":"","overlay-opacity":"","overlay-gradient":""},"mobile":{"background-color":"var(--ast-global-color-4)","background-image":"","background-repeat":"repeat","background-position":"center center","background-size":"auto","background-attachment":"scroll","background-type":"","background-media":"","overlay-type":"","overlay-color":"","overlay-opacity":"","overlay-gradient":""}}},"product_brand":[],"product_cat":[54],"product_tag":[],"class_list":{"0":"post-619","1":"product","2":"type-product","3":"status-publish","4":"has-post-thumbnail","6":"product_cat-reed-diffuser-bottles","7":"desktop-align-left","8":"tablet-align-left","9":"mobile-align-left","11":"first","12":"instock","13":"shipping-taxable","14":"product-type-simple"},"jetpack_sharing_enabled":true,"_links":{"self":[{"href":"https:\/\/mostebglass.com\/tr\/wp-json\/wp\/v2\/product\/619","targetHints":{"allow":["GET"]}}],"collection":[{"href":"https:\/\/mostebglass.com\/tr\/wp-json\/wp\/v2\/product"}],"about":[{"href":"https:\/\/mostebglass.com\/tr\/wp-json\/wp\/v2\/types\/product"}],"wp:featuredmedia":[{"embeddable":true,"href":"https:\/\/mostebglass.com\/tr\/wp-json\/wp\/v2\/media\/4600"}],"wp:attachment":[{"href":"https:\/\/mostebglass.com\/tr\/wp-json\/wp\/v2\/media?parent=619"}],"wp:term":[{"taxonomy":"product_brand","embeddable":true,"href":"https:\/\/mostebglass.com\/tr\/wp-json\/wp\/v2\/product_brand?post=619"},{"taxonomy":"product_cat","embeddable":true,"href":"https:\/\/mostebglass.com\/tr\/wp-json\/wp\/v2\/product_cat?post=619"},{"taxonomy":"product_tag","embeddable":true,"href":"https:\/\/mostebglass.com\/tr\/wp-json\/wp\/v2\/product_tag?post=619"}],"curies":[{"name":"wp","href":"https:\/\/api.w.org\/{rel}","templated":true}]}}