{"id":628,"date":"2025-08-20T11:11:44","date_gmt":"2025-08-20T03:11:44","guid":{"rendered":"https:\/\/mostebglass.com\/?post_type=product&#038;p=628"},"modified":"2026-03-25T16:04:07","modified_gmt":"2026-03-25T08:04:07","slug":"small-transparent-tealight-cups-bulk","status":"publish","type":"product","link":"https:\/\/mostebglass.com\/tr\/small-transparent-tealight-cups-bulk\/","title":{"rendered":"25 ml K\u00fc\u00e7\u00fck \u015eeffaf Tealight Bardaklar (Toptan)"},"content":{"rendered":"<p>Hem i\u015flevsellik hem de \u015f\u0131kl\u0131k katan y\u00fcksek kaliteli tealight mumluklar m\u0131 ar\u0131yorsunuz? Toptan cam mum kavanozlar\u0131m\u0131z markalar i\u00e7in ideal bir se\u00e7enektir. Sa\u011flaml\u0131k, \u015feffafl\u0131k ve uyarlanabilirlik i\u00e7in tasarlanan bu kavanozlar, toptan mum \u00fcretimi veya perakende ambalajlama i\u00e7in m\u00fckemmeldir.<\/p>\n<h2>\u00dcr\u00fcn \u00d6zellikleri<\/h2>\n<ul>\n<li><strong>Is\u0131ya dayan\u0131kl\u0131 cam \u00fcretimi: <\/strong>Cam haz\u0131r oldu\u011funda, bu Chaiti bardaklar\u0131 uzun s\u00fcreli yanma s\u0131ras\u0131nda \u00e7atlama veya da\u011f\u0131lma konusunda endi\u015felenmenize gerek kalmaz - toplu mum perakendecileri ve etkinlik planlay\u0131c\u0131lar\u0131 i\u00e7in idealdir.<\/li>\n<li><strong>Yer tasarrufu i\u00e7in \u00fcst \u00fcste istiflenebilir: <\/strong>Al\u00e7ak profilli silindirik \u015fekli, yuva i\u00e7in telleight barda\u011f\u0131n\u0131n ambalaj\u0131nda \u200b\u200bg\u00fcvenli bir \u015fekilde saklanmas\u0131n\u0131 sa\u011flar. Nakliye masraflar\u0131n\u0131 ve depolama alanlar\u0131n\u0131 azalt\u0131r; b\u00fcy\u00fck boy toptan mum kavanozlar\u0131 i\u00e7in de bu ge\u00e7erlidir.<\/li>\n<\/ul>\n<h2>Temel \u00d6zellikler<\/h2>\n<table style=\"border-collapse: collapse; width: 80%; margin-left: auto; margin-right: auto;\" border=\"0\" width=\"144\" cellspacing=\"0\" cellpadding=\"0\">\n<tbody>\n<tr style=\"height: 13.50pt;\">\n<td style=\"height: 13.50pt; width: 54.00pt;\" width=\"72\" height=\"18\">\u00d6zellik<\/td>\n<td style=\"width: 54.00pt;\" width=\"72\">Detaylar<\/td>\n<\/tr>\n<tr style=\"height: 13.50pt;\">\n<td style=\"height: 13.50pt;\" height=\"18\">Kapasite<\/td>\n<td>25 ml<\/td>\n<\/tr>\n<tr style=\"height: 13.50pt;\">\n<td style=\"height: 13.50pt;\" height=\"18\">Boyutlar<\/td>\n<td>46*44*26mm<\/td>\n<\/tr>\n<tr style=\"height: 13.50pt;\">\n<td style=\"height: 13.50pt;\" height=\"18\">A\u011f\u0131rl\u0131k<\/td>\n<td>50 gr<\/td>\n<\/tr>\n<tr style=\"height: 13.50pt;\">\n<td style=\"height: 13.50pt;\" height=\"18\">Renk Se\u00e7enekleri<\/td>\n<td>\u015eeffaf veya \u00f6zel renklendirilmi\u015f cam<\/td>\n<\/tr>\n<\/tbody>\n<\/table>\n<h2>Ba\u015far\u0131 \u00d6rne\u011fi<\/h2>\n<p>\u00c7ay mumluklar\u0131m\u0131z, \u0130spanya&#039;daki bir mum da\u011f\u0131t\u0131mc\u0131s\u0131 taraf\u0131ndan mevsimlik bir promosyon paketi i\u00e7inde da\u011f\u0131t\u0131ld\u0131. \u00c7ay mumluklar\u0131n\u0131n \u00fczerine, \u0131\u015f\u0131\u011f\u0131n d\u00fc\u015f\u00fck d\u00fczeyde yay\u0131lmas\u0131n\u0131 sa\u011flayan ancak partilerin homojen olmas\u0131n\u0131 da garanti eden, tavlama i\u015flemiyle p\u00fcsk\u00fcrt\u00fclm\u00fc\u015f yar\u0131 saydam renklerle bir kaplama uyguland\u0131. Ayr\u0131ca, verimli ta\u015f\u0131may\u0131 art\u0131rmak ve toplu sevkiyatlar s\u0131ras\u0131nda k\u0131r\u0131lma say\u0131s\u0131n\u0131 azaltmak i\u00e7in koruyucu ay\u0131r\u0131c\u0131larla istiflenebilir tepsi ambalaj tasar\u0131m\u0131yla \u00fcretildi.<\/p>\n<p>Yeni tealight mum \u00fcr\u00fcn kategorileri, sadece 5 hafta i\u00e7inde sat\u0131\u015flar\u0131n\u0131 art\u0131rd\u0131 ve o zamandan beri 100.000&#039;den fazla adetlik ikinci bir sipari\u015f verdiler.<\/p>\n<h2>Sizin i\u00e7in Uyum \u0130pu\u00e7lar\u0131<\/h2>\n<ol>\n<li><strong>Renk Kaplama Se\u00e7enekleri:<\/strong> Mum yak\u0131ld\u0131\u011f\u0131nda \u00e7e\u015fitli ayd\u0131nlatma efektleri olu\u015fturmak i\u00e7in yar\u0131 saydam, buzlu, metalik veya degrade kaplama ekleyin.<\/li>\n<li><strong>Logo Markala\u015fmas\u0131:<\/strong> Marka olarak kullan\u0131lmak \u00fczere cam y\u00fczeyine serigrafi bask\u0131, etiket veya kabartmal\u0131 logolar i\u015fleyebilirsiniz.<\/li>\n<li><strong>Kapak\/\u00d6rt\u00fc se\u00e7enekleri:<\/strong> Tozu \u00f6nlemek ve perakende te\u015fhirlerini iyile\u015ftirmek i\u00e7in plastik, metal veya ka\u011f\u0131t kapaklar sunun.<\/li>\n<\/ol>","protected":false},"excerpt":{"rendered":"<p>Dayan\u0131kl\u0131 tealight mumluklar\u0131 rekabet\u00e7i fiyatlarla toptan olarak ke\u015ffedin. L\u00fcks mumlar, \u00f6zel markalama ve toptan sipari\u015fler i\u00e7in m\u00fckemmeldir.<\/p>","protected":false},"featured_media":4918,"template":"","meta":{"site-sidebar-layout":"default","site-content-layout":"","ast-site-content-layout":"default","site-content-style":"default","site-sidebar-style":"default","ast-global-header-display":"","ast-banner-title-visibility":"","ast-main-header-display":"","ast-hfb-above-header-display":"","ast-hfb-below-header-display":"","ast-hfb-mobile-header-display":"","site-post-title":"","ast-breadcrumbs-content":"","ast-featured-img":"","footer-sml-layout":"","theme-transparent-header-meta":"default","adv-header-id-meta":"","stick-header-meta":"","header-above-stick-meta":"","header-main-stick-meta":"","header-below-stick-meta":"","astra-migrate-meta-layouts":"set","ast-page-background-enabled":"default","ast-page-background-meta":{"desktop":{"background-color":"var(--ast-global-color-5)","background-image":"","background-repeat":"repeat","background-position":"center center","background-size":"auto","background-attachment":"scroll","background-type":"","background-media":"","overlay-type":"","overlay-color":"","overlay-opacity":"","overlay-gradient":""},"tablet":{"background-color":"","background-image":"","background-repeat":"repeat","background-position":"center center","background-size":"auto","background-attachment":"scroll","background-type":"","background-media":"","overlay-type":"","overlay-color":"","overlay-opacity":"","overlay-gradient":""},"mobile":{"background-color":"","background-image":"","background-repeat":"repeat","background-position":"center center","background-size":"auto","background-attachment":"scroll","background-type":"","background-media":"","overlay-type":"","overlay-color":"","overlay-opacity":"","overlay-gradient":""}},"ast-content-background-meta":{"desktop":{"background-color":"var(--ast-global-color-4)","background-image":"","background-repeat":"repeat","background-position":"center center","background-size":"auto","background-attachment":"scroll","background-type":"","background-media":"","overlay-type":"","overlay-color":"","overlay-opacity":"","overlay-gradient":""},"tablet":{"background-color":"var(--ast-global-color-4)","background-image":"","background-repeat":"repeat","background-position":"center center","background-size":"auto","background-attachment":"scroll","background-type":"","background-media":"","overlay-type":"","overlay-color":"","overlay-opacity":"","overlay-gradient":""},"mobile":{"background-color":"var(--ast-global-color-4)","background-image":"","background-repeat":"repeat","background-position":"center center","background-size":"auto","background-attachment":"scroll","background-type":"","background-media":"","overlay-type":"","overlay-color":"","overlay-opacity":"","overlay-gradient":""}}},"product_brand":[],"product_cat":[28,21],"product_tag":[],"class_list":{"0":"post-628","1":"product","2":"type-product","3":"status-publish","4":"has-post-thumbnail","6":"product_cat-glass-candle-jars","7":"product_cat-product","8":"desktop-align-left","9":"tablet-align-left","10":"mobile-align-left","12":"first","13":"instock","14":"shipping-taxable","15":"product-type-simple"},"jetpack_sharing_enabled":true,"_links":{"self":[{"href":"https:\/\/mostebglass.com\/tr\/wp-json\/wp\/v2\/product\/628","targetHints":{"allow":["GET"]}}],"collection":[{"href":"https:\/\/mostebglass.com\/tr\/wp-json\/wp\/v2\/product"}],"about":[{"href":"https:\/\/mostebglass.com\/tr\/wp-json\/wp\/v2\/types\/product"}],"wp:featuredmedia":[{"embeddable":true,"href":"https:\/\/mostebglass.com\/tr\/wp-json\/wp\/v2\/media\/4918"}],"wp:attachment":[{"href":"https:\/\/mostebglass.com\/tr\/wp-json\/wp\/v2\/media?parent=628"}],"wp:term":[{"taxonomy":"product_brand","embeddable":true,"href":"https:\/\/mostebglass.com\/tr\/wp-json\/wp\/v2\/product_brand?post=628"},{"taxonomy":"product_cat","embeddable":true,"href":"https:\/\/mostebglass.com\/tr\/wp-json\/wp\/v2\/product_cat?post=628"},{"taxonomy":"product_tag","embeddable":true,"href":"https:\/\/mostebglass.com\/tr\/wp-json\/wp\/v2\/product_tag?post=628"}],"curies":[{"name":"wp","href":"https:\/\/api.w.org\/{rel}","templated":true}]}}