{"id":633,"date":"2025-08-20T10:51:02","date_gmt":"2025-08-20T02:51:02","guid":{"rendered":"https:\/\/mostebglass.com\/?post_type=product&#038;p=633"},"modified":"2026-03-18T14:53:07","modified_gmt":"2026-03-18T06:53:07","slug":"diffusers-glass-bottles-with-sunflower-pattern-wholesale","status":"publish","type":"product","link":"https:\/\/mostebglass.com\/tr\/diffusers-glass-bottles-with-sunflower-pattern-wholesale\/","title":{"rendered":"200 ml Ay\u00e7i\u00e7e\u011fi Desenli Cam Dif\u00fcz\u00f6r \u015ei\u015feleri Toptan Sat\u0131\u015f"},"content":{"rendered":"<p>Uygun fiyatl\u0131, \u00fcst d\u00fczey cam \u015fi\u015fe dif\u00fcz\u00f6rler mi ar\u0131yorsunuz? 200 ml&#039;lik cam kam\u0131\u015f dif\u00fcz\u00f6r\u00fcm\u00fcze g\u00f6z at\u0131n; temiz ve p\u00fcr\u00fczs\u00fcz bir sil\u00fcete ve \u00e7arp\u0131c\u0131 bir g\u00fcne\u015f \u0131\u015f\u0131\u011f\u0131 deseniyle \u00e7evrelenmi\u015f, p\u00fcr\u00fczs\u00fcz ve berrak bir \u015fi\u015feye sahip. Bu tasar\u0131m sadece g\u00f6z al\u0131c\u0131 olmakla kalm\u0131yor, ayn\u0131 zamanda doku ve derinlik katarak kam\u0131\u015f dif\u00fcz\u00f6r\u00fcn\u00fcze \u015f\u0131k bir g\u00f6r\u00fcn\u00fcm kazand\u0131r\u0131yor.<\/p>\n<h2>\u00dcr\u00fcn \u00d6zellikleri<\/h2>\n<ul>\n<li><strong>Muhte\u015fem netlik ve tasar\u0131m:<\/strong> Cam kam\u0131\u015f dif\u00fcz\u00f6r\u00fcm\u00fcz, u\u00e7ucu ya\u011flar\u0131n\u0131z\u0131n rengini ortaya \u00e7\u0131karan birinci s\u0131n\u0131f, \u015feffaf bir cama sahiptir ve g\u00fcne\u015f deseni sanatsal bir dokunu\u015f katar.<\/li>\n<li><strong>Reed Defuser i\u00e7in tasarland\u0131:<\/strong> dar boyun ve geni\u015f taban kam\u0131\u015f\u0131n maksimum koku i\u00e7in sabitlenmesini sa\u011flar - d\u00f6k\u00fclme yok, endi\u015fe yok.<\/li>\n<li><strong>Ay\u00e7i\u00e7e\u011fi deseni:<\/strong> \u015ei\u015fedeki g\u00fcne\u015f deseni, estetik \u00e7ekicili\u011fini art\u0131rarak sanatsal bir dokunu\u015f ve \u00f6zg\u00fcnl\u00fck kat\u0131yor.<\/li>\n<\/ul>\n<h2>Ger\u00e7ek Ba\u015far\u0131<\/h2>\n<p>Kabartmal\u0131 cam dif\u00fcz\u00f6r \u015fi\u015felerimiz, Fransa&#039;da ni\u015f bir parf\u00fcm markas\u0131 taraf\u0131ndan \u00fcr\u00fcn gam\u0131na dahil edildi. M\u00fc\u015fteri, \u00f6zelle\u015ftirme a\u015famas\u0131nda 200 ml dolum kapasitesini belirtti ve \u015fi\u015fenin g\u00f6vdesindeki kabartmal\u0131 dokular\u0131n daha belirgin olmas\u0131n\u0131 istedi; \u00fcr\u00fcn\u00fcn dokunma hissini art\u0131rmak i\u00e7in noktal\u0131 ve madalyon benzeri desenlerle asimetrik bir desen tercih ettiler. Bunu sa\u011flamak i\u00e7in, \u015fi\u015fenin stabilitesini art\u0131rmak amac\u0131yla a\u011f\u0131rl\u0131kl\u0131 bir cam taban tasarlad\u0131k. M\u00fc\u015fteri ayr\u0131ca, \u015fi\u015fenin uzun ve ince \u00e7izgisine m\u00fckemmel \u015fekilde uyacak \u015fekilde, \u00f6zel olarak \u00fcretilmi\u015f, 28 cm uzunlu\u011funda ve elyaftan yap\u0131lm\u0131\u015f siyah dif\u00fcz\u00f6r \u00e7ubuklar\u0131 kullanmay\u0131 da se\u00e7ti.<\/p>\n<p>Piyasaya s\u00fcr\u00fcld\u00fckten sonra, seri sadece iki ay i\u00e7inde ma\u011faza i\u00e7i sat\u0131\u015flarda &#039;l\u00fck bir b\u00fcy\u00fcme kaydetti. Ard\u0131ndan m\u00fc\u015fteri, art arda \u00fc\u00e7 kez toplu sipari\u015f vererek da\u011f\u0131t\u0131m kanal\u0131n\u0131 Avrupa&#039;daki bir\u00e7ok \u00fcst d\u00fczey hediyelik e\u015fya ma\u011fazas\u0131na geni\u015fletti.<\/p>\n<h2>\u00d6zelle\u015ftirme \u0130pu\u00e7lar\u0131:<\/h2>\n<ul>\n<li>Kapak Stili: Herhangi bir Pantone renginde ah\u015fap t\u0131palar, mat al\u00fcminyum veya plastik kapaklar aras\u0131ndan se\u00e7im yap\u0131n.<\/li>\n<li>Boyut Ayarlamalar\u0131: Daha uzun veya daha geni\u015f bir boyuta m\u0131 ihtiyac\u0131n\u0131z var? Kal\u0131b\u0131 ayarlayabiliriz.<\/li>\n<li>Logo &amp; Markalama: Serigrafi bask\u0131, etiket uygulamas\u0131 veya lazer grav\u00fcr hizmeti sunuyoruz.<\/li>\n<li>Paketleme: Markal\u0131 kutular veya ekler ekleyin \u2014 dif\u00fcz\u00f6r paketleme i\u015f ak\u0131\u015f\u0131n\u0131n tamam\u0131n\u0131 biz hallediyoruz.<\/li>\n<\/ul>\n<p>Bunlar s\u0131radan dif\u00fcz\u00f6r camlar\u0131 de\u011fil. Bunlar toptan sat\u0131\u015fa haz\u0131r, etkileyici bir tasar\u0131ma sahip dif\u00fcz\u00f6r \u015fi\u015feleriniz.<\/p>","protected":false},"excerpt":{"rendered":"<p>\u00d6zel dif\u00fcz\u00f6rler cam ve cam kam\u0131\u015f dif\u00fcz\u00f6r toptan. Aroma ve ev dekorasyonu sekt\u00f6rleri i\u00e7in dayan\u0131kl\u0131 toplu cam ambalajlar. \u00dccretsiz Numuneler.<\/p>","protected":false},"featured_media":4806,"template":"","meta":{"site-sidebar-layout":"default","site-content-layout":"","ast-site-content-layout":"default","site-content-style":"default","site-sidebar-style":"default","ast-global-header-display":"","ast-banner-title-visibility":"","ast-main-header-display":"","ast-hfb-above-header-display":"","ast-hfb-below-header-display":"","ast-hfb-mobile-header-display":"","site-post-title":"","ast-breadcrumbs-content":"","ast-featured-img":"","footer-sml-layout":"","theme-transparent-header-meta":"default","adv-header-id-meta":"","stick-header-meta":"","header-above-stick-meta":"","header-main-stick-meta":"","header-below-stick-meta":"","astra-migrate-meta-layouts":"set","ast-page-background-enabled":"default","ast-page-background-meta":{"desktop":{"background-color":"var(--ast-global-color-5)","background-image":"","background-repeat":"repeat","background-position":"center center","background-size":"auto","background-attachment":"scroll","background-type":"","background-media":"","overlay-type":"","overlay-color":"","overlay-opacity":"","overlay-gradient":""},"tablet":{"background-color":"","background-image":"","background-repeat":"repeat","background-position":"center center","background-size":"auto","background-attachment":"scroll","background-type":"","background-media":"","overlay-type":"","overlay-color":"","overlay-opacity":"","overlay-gradient":""},"mobile":{"background-color":"","background-image":"","background-repeat":"repeat","background-position":"center center","background-size":"auto","background-attachment":"scroll","background-type":"","background-media":"","overlay-type":"","overlay-color":"","overlay-opacity":"","overlay-gradient":""}},"ast-content-background-meta":{"desktop":{"background-color":"var(--ast-global-color-4)","background-image":"","background-repeat":"repeat","background-position":"center center","background-size":"auto","background-attachment":"scroll","background-type":"","background-media":"","overlay-type":"","overlay-color":"","overlay-opacity":"","overlay-gradient":""},"tablet":{"background-color":"var(--ast-global-color-4)","background-image":"","background-repeat":"repeat","background-position":"center center","background-size":"auto","background-attachment":"scroll","background-type":"","background-media":"","overlay-type":"","overlay-color":"","overlay-opacity":"","overlay-gradient":""},"mobile":{"background-color":"var(--ast-global-color-4)","background-image":"","background-repeat":"repeat","background-position":"center center","background-size":"auto","background-attachment":"scroll","background-type":"","background-media":"","overlay-type":"","overlay-color":"","overlay-opacity":"","overlay-gradient":""}}},"product_brand":[],"product_cat":[54],"product_tag":[],"class_list":{"0":"post-633","1":"product","2":"type-product","3":"status-publish","4":"has-post-thumbnail","6":"product_cat-reed-diffuser-bottles","7":"desktop-align-left","8":"tablet-align-left","9":"mobile-align-left","11":"first","12":"instock","13":"shipping-taxable","14":"product-type-simple"},"jetpack_sharing_enabled":true,"_links":{"self":[{"href":"https:\/\/mostebglass.com\/tr\/wp-json\/wp\/v2\/product\/633","targetHints":{"allow":["GET"]}}],"collection":[{"href":"https:\/\/mostebglass.com\/tr\/wp-json\/wp\/v2\/product"}],"about":[{"href":"https:\/\/mostebglass.com\/tr\/wp-json\/wp\/v2\/types\/product"}],"wp:featuredmedia":[{"embeddable":true,"href":"https:\/\/mostebglass.com\/tr\/wp-json\/wp\/v2\/media\/4806"}],"wp:attachment":[{"href":"https:\/\/mostebglass.com\/tr\/wp-json\/wp\/v2\/media?parent=633"}],"wp:term":[{"taxonomy":"product_brand","embeddable":true,"href":"https:\/\/mostebglass.com\/tr\/wp-json\/wp\/v2\/product_brand?post=633"},{"taxonomy":"product_cat","embeddable":true,"href":"https:\/\/mostebglass.com\/tr\/wp-json\/wp\/v2\/product_cat?post=633"},{"taxonomy":"product_tag","embeddable":true,"href":"https:\/\/mostebglass.com\/tr\/wp-json\/wp\/v2\/product_tag?post=633"}],"curies":[{"name":"wp","href":"https:\/\/api.w.org\/{rel}","templated":true}]}}