{"id":694,"date":"2025-08-21T09:49:17","date_gmt":"2025-08-21T01:49:17","guid":{"rendered":"https:\/\/mostebglass.com\/?post_type=product&#038;p=694"},"modified":"2025-08-21T17:35:16","modified_gmt":"2025-08-21T09:35:16","slug":"mum-can-kavanozu-toptan-210ml-kapakli-kucuk-boy-mum-kaplari","status":"publish","type":"product","link":"https:\/\/mostebglass.com\/tr\/candle-bell-jar-wholesale-210ml-small-size-candle-vessels-with-covers\/","title":{"rendered":"Mumluk Toptan Sat\u0131\u015f \u2013 210 ml K\u00fc\u00e7\u00fck Boy Kapakl\u0131 Mum Kaplar\u0131"},"content":{"rendered":"<p>Dayan\u0131kl\u0131l\u0131k, \u015f\u0131kl\u0131k ve i\u015flevselli\u011fi bir araya getiren y\u00fcksek kaliteli mum kavanozlar\u0131na m\u0131 ihtiyac\u0131n\u0131z var? Toptan mum kavanozlar\u0131m\u0131z, toptan mum markalar\u0131 ve toptan mum portf\u00f6ylerini geli\u015ftirmek isteyen mum sat\u0131c\u0131lar\u0131 i\u00e7in m\u00fckemmel bir se\u00e7imdir. Dayan\u0131kl\u0131l\u0131k, \u015feffafl\u0131k ve ki\u015fiselle\u015ftirme i\u00e7in tasarlanan bu mum kaplar\u0131, l\u00fcks mum ambalajlar\u0131, toplu mum \u00fcretimi veya perakende sat\u0131\u015fa haz\u0131r hediyeler i\u00e7in idealdir.<\/p>\n<h2>\u00dcr\u00fcn \u00d6zellikleri<\/h2>\n<p><strong>Toz ge\u00e7irmez kapak tasar\u0131m\u0131<\/strong><\/p>\n<p>D\u00fc\u011fmeli kulpu olan kubbe \u015feklindeki cam kapak, toz ve nemi d\u0131\u015far\u0131da tutarak mum kutunuzun ve l\u00fcks mumunuzun kalitesini korur.<\/p>\n<p><strong>\u00c7ok y\u00f6nl\u00fcl\u00fck i\u00e7in \u00e7ift boyut se\u00e7enekleri<\/strong><\/p>\n<p>Mumun \u015fekline ve toptan ve toptan sat\u0131\u015f ihtiya\u00e7lar\u0131n\u0131za uymas\u0131 i\u00e7in 84 mm (uzun) veya 72 mm (k\u00fc\u00e7\u00fck) y\u00fcksekliklerden birini se\u00e7in.<\/p>\n<h2>Temel \u00d6zellikler<\/h2>\n<table style=\"border-collapse: collapse; width: 80%; margin-right: auto; margin-left: auto;\" border=\"0\" width=\"144\" cellspacing=\"0\" cellpadding=\"0\">\n<tbody>\n<tr>\n<td width=\"72\">\u00d6zellik<\/td>\n<td width=\"72\">Detaylar<\/td>\n<\/tr>\n<tr>\n<td>Kapasite<\/td>\n<td>210 ml<\/td>\n<\/tr>\n<tr>\n<td>Boyutlar<\/td>\n<td>Uzun: 84*89*112mm K\u0131sa: 72*89*79mm<\/td>\n<\/tr>\n<tr>\n<td>A\u011f\u0131rl\u0131k<\/td>\n<td>320g (uzun)\/290g (k\u0131sa)<\/td>\n<\/tr>\n<tr>\n<td>Malzeme<\/td>\n<td>Bardak<\/td>\n<\/tr>\n<tr>\n<td>Renk Se\u00e7enekleri<\/td>\n<td>\u015eeffaf veya \u00f6zel renklendirilmi\u015f cam<\/td>\n<\/tr>\n<\/tbody>\n<\/table>\n<h2>Sizin \u0130\u00e7in \u00d6zelle\u015ftirme Fikirleri<\/h2>\n<ol>\n<li><strong>\u00c7evre dostu malzemeden \u00fcretilmi\u015ftir:<\/strong>Tamamen geri d\u00f6n\u00fc\u015ft\u00fcr\u00fclm\u00fc\u015f camdan \u00fcretilen bu \u00fcr\u00fcn, dengeye \u00f6nem veren, \u00e7evre bilincine sahip t\u00fcketiciler i\u00e7in m\u00fckemmel bir tercihtir.<\/li>\n<li><strong>Lazerle kaz\u0131nm\u0131\u015f marka logosu:<\/strong>Hassas lazer yakalama tekni\u011fi kullan\u0131larak, en iyi tasar\u0131m (\u00e7i\u00e7ek deseni veya minimum logo gibi) cama i\u015flenir. Bu, kapakl\u0131 toptan mum kavanozu l\u00fcks mum koleksiyonumuza y\u00fcksek kaliteli bir dokunu\u015f katar.<\/li>\n<\/ol>","protected":false},"excerpt":{"rendered":"<p>Toptan mum ambalaj\u0131 i\u00e7in toptan mum kavanozu \u00fcr\u00fcnlerini ke\u015ffedin. Rekabet\u00e7i fiyatlarla kapakl\u0131 mum kavanozlar\u0131 ile y\u00fcksek kaliteli mum kaplar\u0131.<\/p>","protected":false},"featured_media":713,"template":"","meta":{"site-sidebar-layout":"default","site-content-layout":"","ast-site-content-layout":"default","site-content-style":"default","site-sidebar-style":"default","ast-global-header-display":"","ast-banner-title-visibility":"","ast-main-header-display":"","ast-hfb-above-header-display":"","ast-hfb-below-header-display":"","ast-hfb-mobile-header-display":"","site-post-title":"","ast-breadcrumbs-content":"","ast-featured-img":"","footer-sml-layout":"","theme-transparent-header-meta":"default","adv-header-id-meta":"","stick-header-meta":"","header-above-stick-meta":"","header-main-stick-meta":"","header-below-stick-meta":"","astra-migrate-meta-layouts":"set","ast-page-background-enabled":"default","ast-page-background-meta":{"desktop":{"background-color":"var(--ast-global-color-5)","background-image":"","background-repeat":"repeat","background-position":"center center","background-size":"auto","background-attachment":"scroll","background-type":"","background-media":"","overlay-type":"","overlay-color":"","overlay-opacity":"","overlay-gradient":""},"tablet":{"background-color":"","background-image":"","background-repeat":"repeat","background-position":"center center","background-size":"auto","background-attachment":"scroll","background-type":"","background-media":"","overlay-type":"","overlay-color":"","overlay-opacity":"","overlay-gradient":""},"mobile":{"background-color":"","background-image":"","background-repeat":"repeat","background-position":"center center","background-size":"auto","background-attachment":"scroll","background-type":"","background-media":"","overlay-type":"","overlay-color":"","overlay-opacity":"","overlay-gradient":""}},"ast-content-background-meta":{"desktop":{"background-color":"var(--ast-global-color-4)","background-image":"","background-repeat":"repeat","background-position":"center center","background-size":"auto","background-attachment":"scroll","background-type":"","background-media":"","overlay-type":"","overlay-color":"","overlay-opacity":"","overlay-gradient":""},"tablet":{"background-color":"var(--ast-global-color-4)","background-image":"","background-repeat":"repeat","background-position":"center center","background-size":"auto","background-attachment":"scroll","background-type":"","background-media":"","overlay-type":"","overlay-color":"","overlay-opacity":"","overlay-gradient":""},"mobile":{"background-color":"var(--ast-global-color-4)","background-image":"","background-repeat":"repeat","background-position":"center center","background-size":"auto","background-attachment":"scroll","background-type":"","background-media":"","overlay-type":"","overlay-color":"","overlay-opacity":"","overlay-gradient":""}}},"product_brand":[],"product_cat":[28],"product_tag":[],"class_list":{"0":"post-694","1":"product","2":"type-product","3":"status-publish","4":"has-post-thumbnail","6":"product_cat-glass-candle-jars","7":"desktop-align-left","8":"tablet-align-left","9":"mobile-align-left","11":"first","12":"instock","13":"shipping-taxable","14":"product-type-simple"},"jetpack_sharing_enabled":true,"_links":{"self":[{"href":"https:\/\/mostebglass.com\/tr\/wp-json\/wp\/v2\/product\/694","targetHints":{"allow":["GET"]}}],"collection":[{"href":"https:\/\/mostebglass.com\/tr\/wp-json\/wp\/v2\/product"}],"about":[{"href":"https:\/\/mostebglass.com\/tr\/wp-json\/wp\/v2\/types\/product"}],"wp:featuredmedia":[{"embeddable":true,"href":"https:\/\/mostebglass.com\/tr\/wp-json\/wp\/v2\/media\/713"}],"wp:attachment":[{"href":"https:\/\/mostebglass.com\/tr\/wp-json\/wp\/v2\/media?parent=694"}],"wp:term":[{"taxonomy":"product_brand","embeddable":true,"href":"https:\/\/mostebglass.com\/tr\/wp-json\/wp\/v2\/product_brand?post=694"},{"taxonomy":"product_cat","embeddable":true,"href":"https:\/\/mostebglass.com\/tr\/wp-json\/wp\/v2\/product_cat?post=694"},{"taxonomy":"product_tag","embeddable":true,"href":"https:\/\/mostebglass.com\/tr\/wp-json\/wp\/v2\/product_tag?post=694"}],"curies":[{"name":"wp","href":"https:\/\/api.w.org\/{rel}","templated":true}]}}