{"id":706,"date":"2025-08-21T10:12:54","date_gmt":"2025-08-21T02:12:54","guid":{"rendered":"https:\/\/mostebglass.com\/?post_type=product&#038;p=706"},"modified":"2026-03-16T13:08:51","modified_gmt":"2026-03-16T05:08:51","slug":"spiral-tasarimli-dokme-bos-difuzor-siseleri-ve-kamislari","status":"publish","type":"product","link":"https:\/\/mostebglass.com\/tr\/bulk-empty-diffuser-bottles-and-reeds-with-spiral-design\/","title":{"rendered":"Spiral Tasar\u0131ml\u0131 100 ml - 250 ml Bo\u015f Dif\u00fcz\u00f6r \u015ei\u015feleri ve Kam\u0131\u015flar\u0131 Toplu Sat\u0131\u015fta"},"content":{"rendered":"<p>Bo\u015f dif\u00fcz\u00f6r \u015fi\u015felerinin ve \u00e7ubuklar\u0131n\u0131n spiral tasar\u0131m\u0131, benzersizdir ve her odaya \u015f\u0131kl\u0131k katar. \u015eeffaf cam g\u00f6vde, i\u00e7indeki renkli s\u0131v\u0131y\u0131 sergileme f\u0131rsat\u0131 sunarken, sa\u011flam \u00e7er\u00e7eve de dayan\u0131kl\u0131l\u0131\u011f\u0131n\u0131 art\u0131r\u0131r. Bu dif\u00fcz\u00f6r \u015fi\u015fesi, evde veya ofiste kullan\u0131m i\u00e7in m\u00fckemmeldir ve s\u00fcrekli ve ho\u015f bir koku sa\u011flamak i\u00e7in \u00e7ubuklarla iyi bir uyum i\u00e7indedir. \u00c7a\u011fda\u015f ancak minimalist tasar\u0131m\u0131, her i\u00e7 mekana m\u00fckemmel uyum sa\u011flar.<\/p>\n<h2>\u00dcr\u00fcn \u00d6zellikleri<\/h2>\n<ul>\n<li><strong>G\u00f6z al\u0131c\u0131 spiral doku:<\/strong> D\u00f6nen nerv\u00fcrl\u00fc desen, defuser&#039;\u0131n\u0131za hareket ve derinlik katarak raflarda ve sosyal medyada \u00f6ne \u00e7\u0131kmas\u0131n\u0131 sa\u011flar.<\/li>\n<li><strong>K\u00fcresel \u015fekil:<\/strong> \u015ei\u015fenin dairesel formu, p\u00fcr\u00fczs\u00fcz ve yuvarlak hatlar\u0131yla, kendine \u00f6zg\u00fc ve dekoratif bir g\u00fczellik yarat\u0131yor.<\/li>\n<li><strong>Dayan\u0131kl\u0131 \u015feffaf cam:<\/strong> Y\u00fcksek \u00e7\u00f6z\u00fcn\u00fcrl\u00fckl\u00fc cam \u015fi\u015fe \u00e7izilmelere ve kimyasallara dayan\u0131kl\u0131d\u0131r, bu da onu uzun s\u00fcreli saklama ve s\u0131k kullan\u0131m i\u00e7in ideal hale getirir.<\/li>\n<\/ul>\n<h2>Bir Marka Nas\u0131l En \u00c7ok Satan Bir \u00dcr\u00fcn Yaratt\u0131<\/h2>\n<p>Aromaterapi sekt\u00f6r\u00fcnde faaliyet g\u00f6steren bir giri\u015fim, bir zamanlar bu bo\u015f dif\u00fcz\u00f6r \u015fi\u015felerinden ve kam\u0131\u015flar\u0131ndan 3.000 adet sat\u0131n alm\u0131\u015ft\u0131. \u015ei\u015fe g\u00f6vdesi i\u00e7in a\u00e7\u0131k ye\u015fil bir renk se\u00e7mi\u015fler ve kendilerine \u00f6zg\u00fc logolar\u0131n\u0131 eklemi\u015flerdi. Spiral tasar\u0131m ve \u00f6zel renk kombinasyonu, \u00fcr\u00fcnlerini pop\u00fcler hale getirmi\u015fti. Sadece iki ay i\u00e7inde \u00e7ok say\u0131da tekrar sipari\u015f ald\u0131lar ve sat\u0131\u015flar\u0131 \u00f6nemli \u00f6l\u00e7\u00fcde artt\u0131. Bu da, bu bo\u015f dif\u00fcz\u00f6r \u015fi\u015felerinin i\u015fletmenizi ger\u00e7ekten canland\u0131rabilece\u011fini g\u00f6steriyor.<\/p>\n<h2>Markan\u0131z, Kurallar\u0131n\u0131z<\/h2>\n<ul>\n<li>\u00d6zel \u0130\u015f\u00e7ilik: Cam \u015fi\u015feye \u00f6zel bir doku kazand\u0131rmak i\u00e7in krema, boyama veya oyma se\u00e7eneklerinden birini se\u00e7ebilirsiniz.<\/li>\n<li>Kapaklar: \u00dcr\u00fcn\u00fcn\u00fcz\u00fcn tarz\u0131na uymas\u0131 i\u00e7in standart t\u0131pay\u0131 ah\u015fap, metal veya seramik kapaklarla de\u011fi\u015ftirin.<\/li>\n<li>Boyut: 50 ml ve 100 ml ihtiya\u00e7lar\u0131n\u0131za uymuyorsa, \u00f6zel ihtiya\u00e7lar\u0131n\u0131z\u0131 kar\u015f\u0131lamak i\u00e7in defuse barda\u011f\u0131n\u0131n boyutunu ayarlayabiliriz.<\/li>\n<\/ul>","protected":false},"excerpt":{"rendered":"<p>Toptan dif\u00fcz\u00f6r bo\u015f \u015fi\u015feleri, bo\u015f dif\u00fcz\u00f6r \u015fi\u015feleri ve kam\u0131\u015flar\u0131 toplu olarak. Birinci s\u0131n\u0131f kalite, fabrika fiyat\u0131, B2B al\u0131c\u0131lar\u0131 i\u00e7in \u00fccretsiz numuneler.<\/p>","protected":false},"featured_media":4780,"template":"","meta":{"site-sidebar-layout":"default","site-content-layout":"","ast-site-content-layout":"default","site-content-style":"default","site-sidebar-style":"default","ast-global-header-display":"","ast-banner-title-visibility":"","ast-main-header-display":"","ast-hfb-above-header-display":"","ast-hfb-below-header-display":"","ast-hfb-mobile-header-display":"","site-post-title":"","ast-breadcrumbs-content":"","ast-featured-img":"","footer-sml-layout":"","theme-transparent-header-meta":"default","adv-header-id-meta":"","stick-header-meta":"","header-above-stick-meta":"","header-main-stick-meta":"","header-below-stick-meta":"","astra-migrate-meta-layouts":"set","ast-page-background-enabled":"default","ast-page-background-meta":{"desktop":{"background-color":"var(--ast-global-color-5)","background-image":"","background-repeat":"repeat","background-position":"center center","background-size":"auto","background-attachment":"scroll","background-type":"","background-media":"","overlay-type":"","overlay-color":"","overlay-opacity":"","overlay-gradient":""},"tablet":{"background-color":"","background-image":"","background-repeat":"repeat","background-position":"center center","background-size":"auto","background-attachment":"scroll","background-type":"","background-media":"","overlay-type":"","overlay-color":"","overlay-opacity":"","overlay-gradient":""},"mobile":{"background-color":"","background-image":"","background-repeat":"repeat","background-position":"center center","background-size":"auto","background-attachment":"scroll","background-type":"","background-media":"","overlay-type":"","overlay-color":"","overlay-opacity":"","overlay-gradient":""}},"ast-content-background-meta":{"desktop":{"background-color":"var(--ast-global-color-4)","background-image":"","background-repeat":"repeat","background-position":"center center","background-size":"auto","background-attachment":"scroll","background-type":"","background-media":"","overlay-type":"","overlay-color":"","overlay-opacity":"","overlay-gradient":""},"tablet":{"background-color":"var(--ast-global-color-4)","background-image":"","background-repeat":"repeat","background-position":"center center","background-size":"auto","background-attachment":"scroll","background-type":"","background-media":"","overlay-type":"","overlay-color":"","overlay-opacity":"","overlay-gradient":""},"mobile":{"background-color":"var(--ast-global-color-4)","background-image":"","background-repeat":"repeat","background-position":"center center","background-size":"auto","background-attachment":"scroll","background-type":"","background-media":"","overlay-type":"","overlay-color":"","overlay-opacity":"","overlay-gradient":""}}},"product_brand":[],"product_cat":[54],"product_tag":[],"class_list":{"0":"post-706","1":"product","2":"type-product","3":"status-publish","4":"has-post-thumbnail","6":"product_cat-reed-diffuser-bottles","7":"desktop-align-left","8":"tablet-align-left","9":"mobile-align-left","11":"first","12":"instock","13":"shipping-taxable","14":"product-type-simple"},"jetpack_sharing_enabled":true,"_links":{"self":[{"href":"https:\/\/mostebglass.com\/tr\/wp-json\/wp\/v2\/product\/706","targetHints":{"allow":["GET"]}}],"collection":[{"href":"https:\/\/mostebglass.com\/tr\/wp-json\/wp\/v2\/product"}],"about":[{"href":"https:\/\/mostebglass.com\/tr\/wp-json\/wp\/v2\/types\/product"}],"wp:featuredmedia":[{"embeddable":true,"href":"https:\/\/mostebglass.com\/tr\/wp-json\/wp\/v2\/media\/4780"}],"wp:attachment":[{"href":"https:\/\/mostebglass.com\/tr\/wp-json\/wp\/v2\/media?parent=706"}],"wp:term":[{"taxonomy":"product_brand","embeddable":true,"href":"https:\/\/mostebglass.com\/tr\/wp-json\/wp\/v2\/product_brand?post=706"},{"taxonomy":"product_cat","embeddable":true,"href":"https:\/\/mostebglass.com\/tr\/wp-json\/wp\/v2\/product_cat?post=706"},{"taxonomy":"product_tag","embeddable":true,"href":"https:\/\/mostebglass.com\/tr\/wp-json\/wp\/v2\/product_tag?post=706"}],"curies":[{"name":"wp","href":"https:\/\/api.w.org\/{rel}","templated":true}]}}