{"id":717,"date":"2025-08-21T13:15:37","date_gmt":"2025-08-21T05:15:37","guid":{"rendered":"https:\/\/mostebglass.com\/?post_type=product&#038;p=717"},"modified":"2026-02-10T11:17:05","modified_gmt":"2026-02-10T03:17:05","slug":"glass-jars-with-cork-lids-candle-storage-spice-containers","status":"publish","type":"product","link":"https:\/\/mostebglass.com\/tr\/glass-jars-with-cork-lids-candle-storage-spice-containers\/","title":{"rendered":"100 ml ve 200 ml Mantar Kapakl\u0131 Cam Kavanozlar | Mum, Saklama ve Baharat Kaplar\u0131"},"content":{"rendered":"<p>Mantarl\u0131 kapakl\u0131 bu cam kavanozlar (100 ml ve 200 ml), p\u00fcr\u00fczs\u00fcz ve hafif\u00e7e yuvarlakla\u015ft\u0131r\u0131lm\u0131\u015f yan duvarlara ve kolay doldurma ve eri\u015fim i\u00e7in geni\u015f bir a\u011fza sahip, yuvarlak silindirik bir \u015fekle sahiptir. A\u011f\u0131r, sa\u011flam camdan yap\u0131lm\u0131\u015f olup \u015feffaf, kehribar, siyah ve ye\u015fil renk se\u00e7enekleriyle sat\u0131lmaktad\u0131r ve g\u00f6rsel \u00e7e\u015fitlilik ve \u0131\u015f\u0131ktan koruma sa\u011flamaktad\u0131r. Kavanozlar, a\u011fz\u0131na tam oturan ve \u00e7ok kolay kapanan, cam g\u00f6vdeye s\u0131cak ve organik bir kontrast olu\u015fturan do\u011fal bir mantar kapakla birlikte gelir.<\/p>\n<figure id=\"attachment_4426\" aria-describedby=\"caption-attachment-4426\" style=\"width: 500px\" class=\"wp-caption aligncenter\"><img fetchpriority=\"high\" decoding=\"async\" class=\"wp-image-4426\" src=\"https:\/\/mostebglass.com\/wp-content\/uploads\/2025\/08\/100ml-200ml-glass-jars-with-cork-lids.webp\" alt=\"100 ml ve 200 ml&#039;lik mantar kapakl\u0131 cam kavanozlar\" width=\"500\" height=\"500\" srcset=\"https:\/\/mostebglass.com\/wp-content\/uploads\/2025\/08\/100ml-200ml-glass-jars-with-cork-lids.webp 1024w, https:\/\/mostebglass.com\/wp-content\/uploads\/2025\/08\/100ml-200ml-glass-jars-with-cork-lids-768x768.webp 768w, https:\/\/mostebglass.com\/wp-content\/uploads\/2025\/08\/100ml-200ml-glass-jars-with-cork-lids-12x12.webp 12w, https:\/\/mostebglass.com\/wp-content\/uploads\/2025\/08\/100ml-200ml-glass-jars-with-cork-lids-300x300.webp 300w, https:\/\/mostebglass.com\/wp-content\/uploads\/2025\/08\/100ml-200ml-glass-jars-with-cork-lids-600x600.webp 600w, https:\/\/mostebglass.com\/wp-content\/uploads\/2025\/08\/100ml-200ml-glass-jars-with-cork-lids-100x100.webp 100w\" sizes=\"(max-width: 500px) 100vw, 500px\" \/><figcaption id=\"caption-attachment-4426\" class=\"wp-caption-text\">100 ml ve 200 ml&#039;lik mantar kapakl\u0131 cam kavanozlar<\/figcaption><\/figure>\n<h2>Ba\u015fl\u0131ca \u00f6zellikler<\/h2>\n<p>Sa\u011flam, d\u00fcz bir tabana, homojen duvar kal\u0131nl\u0131\u011f\u0131na ve k\u00fc\u00e7\u00fck hacimli ambalajlara uygun k\u00fc\u00e7\u00fck bir alana sahiptir. Mantar kapak, a\u015f\u0131r\u0131 toz maruziyetini \u00f6nler ve kapa\u011f\u0131n tekrar tekrar a\u00e7\u0131l\u0131p kapanabilmesini sa\u011flar.<\/p>\n<h2>Uygulamalar<\/h2>\n<p>Bu kavanozlar, mumluk (k\u00fc\u00e7\u00fck kokulu mumlar\u0131 saklamak i\u00e7in), saklama kavanozu (otlar, baharatlar, tuzlar veya \u00e7ay), dekoratif kavanoz (ev dekorasyonu veya hediye setleri) ve ambalaj \u00e7\u00f6z\u00fcm\u00fc (el i\u015fi malzemeleri veya kozmetik numuneleri) gibi bir\u00e7ok farkl\u0131 ama\u00e7la kolayca kullan\u0131labilir. \u00c7ok i\u015flevli g\u00f6r\u00fcn\u00fcmleri, perakende markalar\u0131, otelcilik uygulamalar\u0131 ve \u00f6zel ambalaj programlar\u0131 i\u00e7in uygundur.<\/p>\n<h2>Temel \u00d6zellikler<\/h2>\n<table style=\"border-collapse: collapse; width: 80%; margin-right: auto; margin-left: auto;\" border=\"0\" width=\"144\" cellspacing=\"0\" cellpadding=\"0\">\n<tbody>\n<tr>\n<td width=\"72\">\u00d6zellik<\/td>\n<td width=\"72\">Detaylar<\/td>\n<\/tr>\n<tr>\n<td>Boyutlar<\/td>\n<td>100 ml (64 mm * 63 mm), 200 ml (69 mm * 93 mm)<\/td>\n<\/tr>\n<tr>\n<td>Renk Se\u00e7enekleri<\/td>\n<td>\u015eeffaf, ye\u015fil, kehribar, mat siyah veya \u00f6zel renk<\/td>\n<\/tr>\n<tr>\n<td>Malzeme<\/td>\n<td>Kur\u015funsuz soda-kire\u00e7 cam\u0131 ve do\u011fal mantar<\/td>\n<\/tr>\n<\/tbody>\n<\/table>\n<figure id=\"attachment_4430\" aria-describedby=\"caption-attachment-4430\" style=\"width: 500px\" class=\"wp-caption aligncenter\"><img decoding=\"async\" class=\"wp-image-4430\" src=\"https:\/\/mostebglass.com\/wp-content\/uploads\/2025\/08\/100ml-glass-jars-with-cork-lids.webp\" alt=\"100 ml&#039;lik mantar kapakl\u0131 cam kavanozlar\" width=\"500\" height=\"500\" srcset=\"https:\/\/mostebglass.com\/wp-content\/uploads\/2025\/08\/100ml-glass-jars-with-cork-lids.webp 1024w, https:\/\/mostebglass.com\/wp-content\/uploads\/2025\/08\/100ml-glass-jars-with-cork-lids-768x768.webp 768w, https:\/\/mostebglass.com\/wp-content\/uploads\/2025\/08\/100ml-glass-jars-with-cork-lids-12x12.webp 12w, https:\/\/mostebglass.com\/wp-content\/uploads\/2025\/08\/100ml-glass-jars-with-cork-lids-300x300.webp 300w, https:\/\/mostebglass.com\/wp-content\/uploads\/2025\/08\/100ml-glass-jars-with-cork-lids-600x600.webp 600w, https:\/\/mostebglass.com\/wp-content\/uploads\/2025\/08\/100ml-glass-jars-with-cork-lids-100x100.webp 100w\" sizes=\"(max-width: 500px) 100vw, 500px\" \/><figcaption id=\"caption-attachment-4430\" class=\"wp-caption-text\">100 ml cam kavanozlar<\/figcaption><\/figure>\n<h2>Sizin \u0130\u00e7in \u00d6zelle\u015ftirme Fikirleri<\/h2>\n<ol>\n<li><strong>Mevsimsel doku \u015fablonu:<\/strong>Is\u0131ya dayan\u0131kl\u0131 kaplamalar kullanarak cama \u00f6zel kokulu doku (\u00f6rne\u011fin, k\u0131\u015f i\u00e7in kar taneleri, ilkbahar i\u00e7in kar taneleri, \u00e7i\u00e7eklenme) uygulay\u0131n. Mevsimlik mum koleksiyonu veya toptan mumluk mumluklar\u0131nda kehribar mum kavanozu i\u00e7in idealdir.<\/li>\n<li><strong>Markal\u0131 mantar ekler:<\/strong> Toptan mum ambalajlar\u0131nda mantar kapakl\u0131, logosuna veya desenine y\u00fcksek kaliteli dokunu\u015f i\u00e7in lazer-angrev.<\/li>\n<\/ol>\n<p>&nbsp;<\/p>","protected":false},"excerpt":{"rendered":"<p>Mum kavanozu, saklama kavanozu, baharat kab\u0131 ve dekoratif ambalaj olarak kullan\u0131labilen, mantar kapakl\u0131 \u00e7ok y\u00f6nl\u00fc k\u00fc\u00e7\u00fck cam kavanozlar. Perakende ve toptan sat\u0131\u015f i\u00e7in \u00f6zel \u00e7\u00f6z\u00fcmler.<\/p>","protected":false},"featured_media":4431,"template":"","meta":{"site-sidebar-layout":"default","site-content-layout":"","ast-site-content-layout":"default","site-content-style":"default","site-sidebar-style":"default","ast-global-header-display":"","ast-banner-title-visibility":"","ast-main-header-display":"","ast-hfb-above-header-display":"","ast-hfb-below-header-display":"","ast-hfb-mobile-header-display":"","site-post-title":"","ast-breadcrumbs-content":"","ast-featured-img":"","footer-sml-layout":"","theme-transparent-header-meta":"default","adv-header-id-meta":"","stick-header-meta":"","header-above-stick-meta":"","header-main-stick-meta":"","header-below-stick-meta":"","astra-migrate-meta-layouts":"set","ast-page-background-enabled":"default","ast-page-background-meta":{"desktop":{"background-color":"var(--ast-global-color-5)","background-image":"","background-repeat":"repeat","background-position":"center center","background-size":"auto","background-attachment":"scroll","background-type":"","background-media":"","overlay-type":"","overlay-color":"","overlay-opacity":"","overlay-gradient":""},"tablet":{"background-color":"","background-image":"","background-repeat":"repeat","background-position":"center center","background-size":"auto","background-attachment":"scroll","background-type":"","background-media":"","overlay-type":"","overlay-color":"","overlay-opacity":"","overlay-gradient":""},"mobile":{"background-color":"","background-image":"","background-repeat":"repeat","background-position":"center center","background-size":"auto","background-attachment":"scroll","background-type":"","background-media":"","overlay-type":"","overlay-color":"","overlay-opacity":"","overlay-gradient":""}},"ast-content-background-meta":{"desktop":{"background-color":"var(--ast-global-color-4)","background-image":"","background-repeat":"repeat","background-position":"center center","background-size":"auto","background-attachment":"scroll","background-type":"","background-media":"","overlay-type":"","overlay-color":"","overlay-opacity":"","overlay-gradient":""},"tablet":{"background-color":"var(--ast-global-color-4)","background-image":"","background-repeat":"repeat","background-position":"center center","background-size":"auto","background-attachment":"scroll","background-type":"","background-media":"","overlay-type":"","overlay-color":"","overlay-opacity":"","overlay-gradient":""},"mobile":{"background-color":"var(--ast-global-color-4)","background-image":"","background-repeat":"repeat","background-position":"center center","background-size":"auto","background-attachment":"scroll","background-type":"","background-media":"","overlay-type":"","overlay-color":"","overlay-opacity":"","overlay-gradient":""}}},"product_brand":[],"product_cat":[28,21],"product_tag":[],"class_list":{"0":"post-717","1":"product","2":"type-product","3":"status-publish","4":"has-post-thumbnail","6":"product_cat-glass-candle-jars","7":"product_cat-product","8":"desktop-align-left","9":"tablet-align-left","10":"mobile-align-left","12":"first","13":"instock","14":"shipping-taxable","15":"product-type-simple"},"jetpack_sharing_enabled":true,"_links":{"self":[{"href":"https:\/\/mostebglass.com\/tr\/wp-json\/wp\/v2\/product\/717","targetHints":{"allow":["GET"]}}],"collection":[{"href":"https:\/\/mostebglass.com\/tr\/wp-json\/wp\/v2\/product"}],"about":[{"href":"https:\/\/mostebglass.com\/tr\/wp-json\/wp\/v2\/types\/product"}],"wp:featuredmedia":[{"embeddable":true,"href":"https:\/\/mostebglass.com\/tr\/wp-json\/wp\/v2\/media\/4431"}],"wp:attachment":[{"href":"https:\/\/mostebglass.com\/tr\/wp-json\/wp\/v2\/media?parent=717"}],"wp:term":[{"taxonomy":"product_brand","embeddable":true,"href":"https:\/\/mostebglass.com\/tr\/wp-json\/wp\/v2\/product_brand?post=717"},{"taxonomy":"product_cat","embeddable":true,"href":"https:\/\/mostebglass.com\/tr\/wp-json\/wp\/v2\/product_cat?post=717"},{"taxonomy":"product_tag","embeddable":true,"href":"https:\/\/mostebglass.com\/tr\/wp-json\/wp\/v2\/product_tag?post=717"}],"curies":[{"name":"wp","href":"https:\/\/api.w.org\/{rel}","templated":true}]}}