{"id":755,"date":"2025-08-21T19:14:33","date_gmt":"2025-08-21T11:14:33","guid":{"rendered":"https:\/\/mostebglass.com\/?post_type=product&#038;p=755"},"modified":"2026-03-13T14:29:12","modified_gmt":"2026-03-13T06:29:12","slug":"empty-glass-diffuser-bottles-in-pumpkin-shape-for-wholesale","status":"publish","type":"product","link":"https:\/\/mostebglass.com\/tr\/empty-glass-diffuser-bottles-in-pumpkin-shape-for-wholesale\/","title":{"rendered":"Toptan Sat\u0131\u015f \u0130\u00e7in 100ml ve 200ml Kabak \u015eeklinde Bo\u015f Cam Dif\u00fcz\u00f6r \u015ei\u015feleri"},"content":{"rendered":"<p>\u0130ster yeni bir parf\u00fcm serisi i\u00e7in bo\u015f cam dif\u00fcz\u00f6r \u015fi\u015feleri sat\u0131n al\u0131yor olun, ister eksiksiz bir parf\u00fcm ambalaj\u0131 koleksiyonu olu\u015fturuyor olun, bu k\u0131sa ve dolgun cam \u015fi\u015fe, temiz ve geometrik kenarlar\u0131yla g\u00fcne\u015f \u0131\u015f\u0131\u011f\u0131na maruz kalm\u0131\u015f modern bir balkaba\u011f\u0131n\u0131 and\u0131r\u0131yor. S\u0131radan bir \u015fi\u015feden \u00e7ok daha fazlas\u0131; sat\u0131\u015f i\u00e7in tasarlanm\u0131\u015f sapl\u0131 bir cam dif\u00fcz\u00f6r.<\/p>\n<h2>\u00dcr\u00fcn \u00d6zellikleri<\/h2>\n<ul>\n<li><strong>\u00c7ok Y\u00fczl\u00fc Cam Tasar\u0131m\u0131:<\/strong> \u015ei\u015fe, balkaba\u011f\u0131 \u015feklini alan ve \u0131\u015f\u0131\u011f\u0131 en zarif \u015fekilde yans\u0131tan, \u00e7ok katmanl\u0131 bir tasar\u0131ma sahip olup, her t\u00fcrl\u00fc i\u00e7 mekana da \u015f\u0131kl\u0131k katmaktad\u0131r.<\/li>\n<li><strong>Sabit Yuvarlak Taban:<\/strong> Yuvarlak ve geni\u015f taban tasar\u0131m\u0131, kullan\u0131m s\u0131ras\u0131nda devrilmesini \u00f6nleyerek raflarda, masalarda ve tezgah \u00fcstlerinde g\u00fcvenli ve rahat kullan\u0131m sa\u011flar.<\/li>\n<li><strong>\u00dcst\u00fcn Kalitede Dekoratif Yaka Se\u00e7enekleri:<\/strong> M\u00fc\u015fteriler, genel \u00e7ekicili\u011fe katk\u0131da bulunan sofistike bir dokunu\u015f sa\u011flayan alt\u0131n veya siyah renkli \u015f\u0131k metalik yaka se\u00e7ene\u011fine sahiptir.<\/li>\n<\/ul>\n<h2>Ger\u00e7ek Ba\u015far\u0131: Bir Marka Perakende \u0130lgisini Nas\u0131l \u0130ki Kat\u0131na \u00c7\u0131kard\u0131?<\/h2>\n<p>Kaliforniya markas\u0131, yeni bir aromaterapi \u00fcr\u00fcnleri serisidir. 100 ml&#039;lik cam def\u00fczyon \u015fi\u015felerimizi se\u00e7ti. Markalamas\u0131nda Custom Amber-Colored, Empty Glass Def\u00fczyon \u015ei\u015feleri ve Laser Angrev&#039;i tercih etti. \u00c7ubuklu bu cam def\u00fczyon \u015fi\u015feleri \u00e7ok satanlar aras\u0131na girdi. Perakendeciler benzersiz tasar\u0131mlara odaklan\u0131yor ve marka sat\u0131\u015flar\u0131 \u00fc\u00e7 ayda artt\u0131. Bu, iyi tasarlanm\u0131\u015f bir \u015fi\u015fenin \u00e7ekicili\u011fi nas\u0131l art\u0131rabilece\u011fini g\u00f6steriyor.<\/p>\n<h2>\u00d6zelle\u015ftirme \u0130pu\u00e7lar\u0131<\/h2>\n<ol>\n<li>Daha yumu\u015fak bir g\u00f6r\u00fcn\u00fcm i\u00e7in kaburgalara buzlu bir y\u00fczey ekleyin veya dif\u00fcz\u00f6r cam\u0131ndaki \u00e7izgileri keskinle\u015ftirmek i\u00e7in asit kaz\u0131ma kullan\u0131n.<\/li>\n<li>\u015ei\u015feler, piyasada nadir bulunan bir se\u00e7enek olan yumu\u015fak mat siyah renkte ki\u015fiselle\u015ftirilebiliyor.<\/li>\n<li>Standart \u015fi\u015fe kapa\u011f\u0131n\u0131 do\u011fal ah\u015fap veya cam t\u0131pa ile de\u011fi\u015ftirin.<\/li>\n<\/ol>","protected":false},"excerpt":{"rendered":"<p>\u00c7ubuklar ve bo\u015f cam dif\u00fcz\u00f6r \u015fi\u015feleriyle y\u00fcksek kaliteli cam dif\u00fcz\u00f6r. Toplu sipari\u015fler, \u00f6zelle\u015ftirme ve i\u015fletmeniz i\u00e7in \u00fccretsiz numuneler i\u00e7in idealdir.<\/p>","protected":false},"featured_media":4752,"template":"","meta":{"site-sidebar-layout":"default","site-content-layout":"","ast-site-content-layout":"default","site-content-style":"default","site-sidebar-style":"default","ast-global-header-display":"","ast-banner-title-visibility":"","ast-main-header-display":"","ast-hfb-above-header-display":"","ast-hfb-below-header-display":"","ast-hfb-mobile-header-display":"","site-post-title":"","ast-breadcrumbs-content":"","ast-featured-img":"","footer-sml-layout":"","theme-transparent-header-meta":"default","adv-header-id-meta":"","stick-header-meta":"","header-above-stick-meta":"","header-main-stick-meta":"","header-below-stick-meta":"","astra-migrate-meta-layouts":"set","ast-page-background-enabled":"default","ast-page-background-meta":{"desktop":{"background-color":"var(--ast-global-color-5)","background-image":"","background-repeat":"repeat","background-position":"center center","background-size":"auto","background-attachment":"scroll","background-type":"","background-media":"","overlay-type":"","overlay-color":"","overlay-opacity":"","overlay-gradient":""},"tablet":{"background-color":"","background-image":"","background-repeat":"repeat","background-position":"center center","background-size":"auto","background-attachment":"scroll","background-type":"","background-media":"","overlay-type":"","overlay-color":"","overlay-opacity":"","overlay-gradient":""},"mobile":{"background-color":"","background-image":"","background-repeat":"repeat","background-position":"center center","background-size":"auto","background-attachment":"scroll","background-type":"","background-media":"","overlay-type":"","overlay-color":"","overlay-opacity":"","overlay-gradient":""}},"ast-content-background-meta":{"desktop":{"background-color":"var(--ast-global-color-4)","background-image":"","background-repeat":"repeat","background-position":"center center","background-size":"auto","background-attachment":"scroll","background-type":"","background-media":"","overlay-type":"","overlay-color":"","overlay-opacity":"","overlay-gradient":""},"tablet":{"background-color":"var(--ast-global-color-4)","background-image":"","background-repeat":"repeat","background-position":"center center","background-size":"auto","background-attachment":"scroll","background-type":"","background-media":"","overlay-type":"","overlay-color":"","overlay-opacity":"","overlay-gradient":""},"mobile":{"background-color":"var(--ast-global-color-4)","background-image":"","background-repeat":"repeat","background-position":"center center","background-size":"auto","background-attachment":"scroll","background-type":"","background-media":"","overlay-type":"","overlay-color":"","overlay-opacity":"","overlay-gradient":""}}},"product_brand":[],"product_cat":[54],"product_tag":[],"class_list":{"0":"post-755","1":"product","2":"type-product","3":"status-publish","4":"has-post-thumbnail","6":"product_cat-reed-diffuser-bottles","7":"desktop-align-left","8":"tablet-align-left","9":"mobile-align-left","11":"first","12":"instock","13":"shipping-taxable","14":"product-type-simple"},"jetpack_sharing_enabled":true,"_links":{"self":[{"href":"https:\/\/mostebglass.com\/tr\/wp-json\/wp\/v2\/product\/755","targetHints":{"allow":["GET"]}}],"collection":[{"href":"https:\/\/mostebglass.com\/tr\/wp-json\/wp\/v2\/product"}],"about":[{"href":"https:\/\/mostebglass.com\/tr\/wp-json\/wp\/v2\/types\/product"}],"wp:featuredmedia":[{"embeddable":true,"href":"https:\/\/mostebglass.com\/tr\/wp-json\/wp\/v2\/media\/4752"}],"wp:attachment":[{"href":"https:\/\/mostebglass.com\/tr\/wp-json\/wp\/v2\/media?parent=755"}],"wp:term":[{"taxonomy":"product_brand","embeddable":true,"href":"https:\/\/mostebglass.com\/tr\/wp-json\/wp\/v2\/product_brand?post=755"},{"taxonomy":"product_cat","embeddable":true,"href":"https:\/\/mostebglass.com\/tr\/wp-json\/wp\/v2\/product_cat?post=755"},{"taxonomy":"product_tag","embeddable":true,"href":"https:\/\/mostebglass.com\/tr\/wp-json\/wp\/v2\/product_tag?post=755"}],"curies":[{"name":"wp","href":"https:\/\/api.w.org\/{rel}","templated":true}]}}