{"id":760,"date":"2025-08-22T08:49:51","date_gmt":"2025-08-22T00:49:51","guid":{"rendered":"https:\/\/mostebglass.com\/?post_type=product&#038;p=760"},"modified":"2026-05-15T16:54:54","modified_gmt":"2026-05-15T08:54:54","slug":"glass-reed-diffuser-containers-with-ribbed-bulk","status":"publish","type":"product","link":"https:\/\/mostebglass.com\/tr\/glass-reed-diffuser-containers-with-ribbed-bulk\/","title":{"rendered":"100ml 200ml Glass Reed Diffuser Containers with Ribbed Bulk"},"content":{"rendered":"<p>Bu, d\u00fczenli, silindirik bir \u015fekle sahip ve taban\u0131 oval olan, e\u015fit destek sa\u011flayan bir kam\u0131\u015f dif\u00fcz\u00f6r kab\u0131 \u00f6rne\u011fi olarak cam parf\u00fcm \u015fi\u015felerinden (100 ml ve 200 ml) olu\u015fan bir settir. Cam g\u00f6vdeler, dikey nerv\u00fcrl\u00fc bir dokuyla i\u015flenmi\u015ftir; bu da hem zarif ve do\u011frusal bir g\u00f6r\u00fcn\u00fcm sa\u011flar hem de i\u00e7indeki renkli s\u0131v\u0131n\u0131n \u0131\u015f\u0131\u011f\u0131 daha iyi yans\u0131tmas\u0131na katk\u0131da bulunur.<\/p>\n<h2>Ekler<\/h2>\n<p>\u015ei\u015felerin T \u015feklindeki kapaklar\u0131 da alt\u0131n kaplama olup, \u015feffaf cama temiz ve parlak bir kontrast olu\u015fturmaktad\u0131r. Kokular\u0131n iyi yay\u0131lmas\u0131 amac\u0131yla a\u00e7\u0131l\u0131\u015f k\u0131sm\u0131nda \u00e7e\u015fitli kam\u0131\u015f \u00e7ubuklar bulunmaktad\u0131r. Hassas bir \u015fekilde kapat\u0131lm\u0131\u015f mantar ve kapak da \u015fi\u015felere \u015f\u0131k ve \u00fcst d\u00fczey bir g\u00f6r\u00fcn\u00fcm kazand\u0131rarak onlar\u0131 y\u00fcksek kaliteli dif\u00fcz\u00f6r \u015fi\u015feleri olarak konumland\u0131rmaktad\u0131r.<\/p>\n<h2>Ba\u015fvuru<\/h2>\n<p>Bu g\u00f6steri\u015fli dif\u00fcz\u00f6r \u015fi\u015feleri, ev tipi parf\u00fcm \u00fcr\u00fcnlerinde kam\u0131\u015f dif\u00fcz\u00f6r olarak kullan\u0131labilir. Ayr\u0131ca, dekoratif ama\u00e7l\u0131 k\u00fc\u00e7\u00fck bir \u00e7i\u00e7ek vazosu olarak da kullan\u0131labilir. Genellikle konutlarda, otelcilik sekt\u00f6r\u00fcnde ve ya\u015fam tarz\u0131 evlerinin perakende alanlar\u0131nda kullan\u0131l\u0131rlar. Dokulu cam ve metal kapak, her bir kam\u0131\u015f dif\u00fcz\u00f6r\u00fcn dekoratif olarak sergilenebilen ve s\u00fcrekli koku sal\u0131n\u0131m\u0131 sa\u011flayan bir kam\u0131\u015f kab\u0131na sahip olmas\u0131n\u0131 sa\u011flamak i\u00e7in bir araya getirilmi\u015ftir.<\/p>\n<h2>Ba\u015far\u0131 \u00d6rne\u011fi<\/h2>\n<p>A French home fragrance company had to find a good packaging solution for its all-new high-end aromatherapy line. The client after a careful inspection of many suppliers chose one of our geometrically shaped glass diffuser bottles. The bottles were customised with bespoke spray-painted finishes in smoky gray and amber colours, to complement the company\u2019s unique fragrance lines. In addition, the client had a custom silk-screen print process for their brand logo and a thicker black fiber diffuser reed as well as electroplated gold neck rings to create a very polished and sophisticated look.<\/p>\n<p>Since launching this new collection, the client has seen a 35% uplift in sales of their premium fragrance category in the first quarter alone. These luxury diffuser bottles were met with a very positive response and reviews from both the distributors and online consumers and the brand subsequently made continuous orders for these items, thereby expanding the product line with limited edition seasonal releases.<\/p>\n<h2>Kendi tasar\u0131m\u0131n\u0131z\u0131 nas\u0131l \u00f6zelle\u015ftirebilirsiniz?<\/h2>\n<p>Se\u00e7enekleriniz var ve biz her ayr\u0131nt\u0131y\u0131 halletmenize yard\u0131mc\u0131 olaca\u011f\u0131z.<\/p>\n<ul>\n<li>\u00d6zel Kaplamalar: G\u00f6z al\u0131c\u0131 bir g\u00f6r\u00fcn\u00fcm i\u00e7in buzlu cam, renkli kapaklar veya iki tonlu bask\u0131lar deneyebilirsiniz.<\/li>\n<li>\u015ei\u015fe Rengi: \u015eeffaf cam yerine f\u00fcme siyah, okyanus mavisi veya yumu\u015fak kehribar rengi tercih edin. Koyu renkli defuser cam\u0131 \u0131\u015f\u0131k riskini azalt\u0131r ve ya\u011f kalitesini korur.<\/li>\n<li>Boyut: Numuneler i\u00e7in 40 ml, standart perakende i\u00e7in 100 ml veya premium hediye setleri i\u00e7in 200 ml&#039;yi se\u00e7in.<\/li>\n<li>Logo ve Markalama: Logonuzu do\u011frudan cam\u0131n \u00fczerine yazd\u0131r\u0131n veya \u00f6zel etiketler kullan\u0131n.<\/li>\n<\/ul>\n<p>Bu toptan dif\u00fcz\u00f6r \u015fi\u015feleri sadece birer kap de\u011fil. Markan\u0131z\u0131n ilk izlenimini olu\u015fturuyorlar. \u00d6nemli k\u0131l\u0131n.<\/p>","protected":false},"excerpt":{"rendered":"<p>The reed diffuser containers with ribbed glass, and gold stopper. These luxury diffuser bottles Ideal for brands and fragrance lines. Free samples.<\/p>","protected":false},"featured_media":5337,"template":"","meta":{"site-sidebar-layout":"default","site-content-layout":"","ast-site-content-layout":"default","site-content-style":"default","site-sidebar-style":"default","ast-global-header-display":"","ast-banner-title-visibility":"","ast-main-header-display":"","ast-hfb-above-header-display":"","ast-hfb-below-header-display":"","ast-hfb-mobile-header-display":"","site-post-title":"","ast-breadcrumbs-content":"","ast-featured-img":"","footer-sml-layout":"","theme-transparent-header-meta":"default","adv-header-id-meta":"","stick-header-meta":"","header-above-stick-meta":"","header-main-stick-meta":"","header-below-stick-meta":"","astra-migrate-meta-layouts":"set","ast-page-background-enabled":"default","ast-page-background-meta":{"desktop":{"background-color":"var(--ast-global-color-5)","background-image":"","background-repeat":"repeat","background-position":"center center","background-size":"auto","background-attachment":"scroll","background-type":"","background-media":"","overlay-type":"","overlay-color":"","overlay-opacity":"","overlay-gradient":""},"tablet":{"background-color":"","background-image":"","background-repeat":"repeat","background-position":"center center","background-size":"auto","background-attachment":"scroll","background-type":"","background-media":"","overlay-type":"","overlay-color":"","overlay-opacity":"","overlay-gradient":""},"mobile":{"background-color":"","background-image":"","background-repeat":"repeat","background-position":"center center","background-size":"auto","background-attachment":"scroll","background-type":"","background-media":"","overlay-type":"","overlay-color":"","overlay-opacity":"","overlay-gradient":""}},"ast-content-background-meta":{"desktop":{"background-color":"var(--ast-global-color-4)","background-image":"","background-repeat":"repeat","background-position":"center center","background-size":"auto","background-attachment":"scroll","background-type":"","background-media":"","overlay-type":"","overlay-color":"","overlay-opacity":"","overlay-gradient":""},"tablet":{"background-color":"var(--ast-global-color-4)","background-image":"","background-repeat":"repeat","background-position":"center center","background-size":"auto","background-attachment":"scroll","background-type":"","background-media":"","overlay-type":"","overlay-color":"","overlay-opacity":"","overlay-gradient":""},"mobile":{"background-color":"var(--ast-global-color-4)","background-image":"","background-repeat":"repeat","background-position":"center center","background-size":"auto","background-attachment":"scroll","background-type":"","background-media":"","overlay-type":"","overlay-color":"","overlay-opacity":"","overlay-gradient":""}}},"product_brand":[],"product_cat":[54,21],"product_tag":[],"class_list":{"0":"post-760","1":"product","2":"type-product","3":"status-publish","4":"has-post-thumbnail","6":"product_cat-reed-diffuser-bottles","7":"product_cat-product","8":"desktop-align-left","9":"tablet-align-left","10":"mobile-align-left","12":"first","13":"instock","14":"shipping-taxable","15":"product-type-simple"},"jetpack_sharing_enabled":true,"_links":{"self":[{"href":"https:\/\/mostebglass.com\/tr\/wp-json\/wp\/v2\/product\/760","targetHints":{"allow":["GET"]}}],"collection":[{"href":"https:\/\/mostebglass.com\/tr\/wp-json\/wp\/v2\/product"}],"about":[{"href":"https:\/\/mostebglass.com\/tr\/wp-json\/wp\/v2\/types\/product"}],"wp:featuredmedia":[{"embeddable":true,"href":"https:\/\/mostebglass.com\/tr\/wp-json\/wp\/v2\/media\/5337"}],"wp:attachment":[{"href":"https:\/\/mostebglass.com\/tr\/wp-json\/wp\/v2\/media?parent=760"}],"wp:term":[{"taxonomy":"product_brand","embeddable":true,"href":"https:\/\/mostebglass.com\/tr\/wp-json\/wp\/v2\/product_brand?post=760"},{"taxonomy":"product_cat","embeddable":true,"href":"https:\/\/mostebglass.com\/tr\/wp-json\/wp\/v2\/product_cat?post=760"},{"taxonomy":"product_tag","embeddable":true,"href":"https:\/\/mostebglass.com\/tr\/wp-json\/wp\/v2\/product_tag?post=760"}],"curies":[{"name":"wp","href":"https:\/\/api.w.org\/{rel}","templated":true}]}}