{"id":766,"date":"2025-08-22T10:26:40","date_gmt":"2025-08-22T02:26:40","guid":{"rendered":"https:\/\/mostebglass.com\/?post_type=product&#038;p=766"},"modified":"2026-03-03T14:08:27","modified_gmt":"2026-03-03T06:08:27","slug":"glass-round-votive-candle-holders-in-ball-style-bulk","status":"publish","type":"product","link":"https:\/\/mostebglass.com\/tr\/glass-round-votive-candle-holders-in-ball-style-bulk\/","title":{"rendered":"Top \u015eeklinde Yuvarlak Cam Mumluklar (Toptan Sat\u0131\u015f)"},"content":{"rendered":"<p>Bu, m\u00fckemmel \u015feffafl\u0131\u011f\u0131 ve p\u00fcr\u00fczs\u00fcz, cilal\u0131 y\u00fczeyi sayesinde mum alevinin g\u00f6r\u00fcnt\u00fcs\u00fcne g\u00fczellik katan, yuvarlak cam bir mumluktur. Sa\u011flam taban\u0131 kal\u0131nd\u0131r ve dayan\u0131kl\u0131, \u0131s\u0131ya dayan\u0131kl\u0131d\u0131r. Kavisli \u015fekilleri ve kavisli d\u0131\u015f tasar\u0131m\u0131 ona yumu\u015fak ve modern bir g\u00f6r\u00fcn\u00fcm kazand\u0131r\u0131rken, derin i\u00e7 k\u0131sm\u0131 mumu s\u0131k\u0131ca tutarak d\u00f6k\u00fclmesini \u00f6nler. Bu, hem elle d\u00f6kme hem de makineyle doldurulan mumlar i\u00e7in ideal olan geni\u015f bir d\u00f6kme ve fitil yerle\u015ftirme olana\u011f\u0131 sa\u011flar.<\/p>\n<h2>\u00dcr\u00fcn \u00d6zellikleri<\/h2>\n<ul>\n<li><strong>\u00c7ift katmanl\u0131 g\u00f6rsel yap\u0131:<\/strong> Yuvarlak duvarl\u0131 ve i\u00e7 k\u0131sm\u0131 \u00e7ukur \u015feklinde olan bu yap\u0131, bal\u0131k akvaryumunun derinli\u011fine benzer \u00f6zel bir etki yarat\u0131r.<\/li>\n<li><strong>Geni\u015f a\u011f\u0131z a\u00e7\u0131kl\u0131\u011f\u0131:<\/strong> Balmumu d\u00f6kmek, fitili ortalamak ve temizlemek \u00e7ok kolay.<\/li>\n<li><strong>Derin i\u00e7 bo\u015fluk:<\/strong> Mumun ta\u015fma olas\u0131l\u0131\u011f\u0131n\u0131 en aza indirir ve erimi\u015f mumu temiz bir kapta muhafaza eder.<\/li>\n<\/ul>\n<h2>Temel \u00d6zellikler<\/h2>\n<table style=\"border-collapse: collapse; width: 80%; margin-left: auto; margin-right: auto;\" border=\"0\" width=\"144\" cellspacing=\"0\" cellpadding=\"0\">\n<tbody>\n<tr style=\"height: 13.50pt;\">\n<td style=\"height: 13.5pt; width: 54pt; text-align: center;\" width=\"72\" height=\"18\">\u00d6zellik<\/td>\n<td style=\"width: 54pt; text-align: center;\" width=\"72\">Detaylar<\/td>\n<\/tr>\n<tr style=\"height: 13.50pt;\">\n<td style=\"height: 13.5pt; text-align: center;\" height=\"18\">Boyutlar<\/td>\n<td style=\"text-align: center;\">68*25mm<\/td>\n<\/tr>\n<tr style=\"height: 13.50pt;\">\n<td style=\"height: 13.5pt; text-align: center;\" height=\"18\">Malzeme<\/td>\n<td style=\"text-align: center;\">Kristal cam<\/td>\n<\/tr>\n<tr style=\"height: 13.50pt;\">\n<td style=\"height: 13.5pt; text-align: center;\" height=\"18\">Renk Se\u00e7enekleri<\/td>\n<td style=\"text-align: center;\">\u0130stedi\u011finiz gibi temizleyin<\/td>\n<\/tr>\n<\/tbody>\n<\/table>\n<h2>Ba\u015far\u0131 \u00d6rne\u011fi<\/h2>\n<p>Kuzey \u0130talya merkezli, botanik soya mumlar\u0131 konusunda uzmanla\u015fm\u0131\u015f bir ev kokusu butik markas\u0131ndan biri, kase \u015feklindeki cam \u015famdan\u0131m\u0131z\u0131 \u00f6zel olarak tasarlamaya karar verdi. \u015eamdan\u0131n d\u0131\u015f y\u00fczeyi, minimalist Akdeniz tasar\u0131m\u0131n\u0131 tamamlamak i\u00e7in balmumuna yerle\u015ftirilmi\u015f kurutulmu\u015f \u00e7i\u00e7eklere etki katmak amac\u0131yla buzlu bir kaplamayla parlat\u0131ld\u0131. Geni\u015f taban, ince bir zeytin dal\u0131 deseniyle kabart\u0131l\u0131rken, marka logosu d\u0131\u015f kenar\u0131na mat alt\u0131n folyo ile bas\u0131ld\u0131. Ayr\u0131ca, \u015famdan\u0131n geni\u015f deli\u011fine m\u00fckemmel \u015fekilde uyan, lazerle i\u015flenmi\u015f \u00f6zel yap\u0131m bir k\u00fcll\u00fck kapa\u011f\u0131 da sipari\u015f ettik.<\/p>\n<p>M\u00fc\u015fteri geri bildirimleri, ma\u011faza i\u00e7i testler s\u0131ras\u0131nda alg\u0131lanan \u00fcst\u00fcn kalite d\u00fczeyinin artt\u0131\u011f\u0131n\u0131 g\u00f6stermektedir. Ayr\u0131ca, \u00fcr\u00fcn\u00fcn piyasaya s\u00fcr\u00fclmesinden sonraki iki ay i\u00e7inde yeniden sat\u0131n al\u0131nma oranlar\u0131nda da &#039;lik bir art\u0131\u015f olmu\u015ftur.<\/p>\n<h2>Sizin \u0130\u00e7in \u00d6zelle\u015ftirme Fikirleri<\/h2>\n<ol>\n<li><strong>Y\u00fczey i\u015fleme etkileri:<\/strong> G\u00f6rsel etkiye daha fazla derinlik katmak i\u00e7in buzlu y\u00fczey, i\u00e7 p\u00fcsk\u00fcrtme kaplama, d\u0131\u015f mat kaplama veya yanard\u00f6ner elektrokaplama se\u00e7enekleri mevcuttur.<\/li>\n<li><strong>Taban oyma veya kal\u0131plama:<\/strong> Markay\u0131 hafif\u00e7e belirginle\u015ftirmek i\u00e7in \u00f6zel kabartmal\u0131 marka logosu veya derin desenli taban.<\/li>\n<li><strong>\u0130lgili kapak:<\/strong> Geni\u015f kenarl\u0131 yap\u0131ya uygun cam kapak, ah\u015fap kapak, bambu kapak veya metal kapak.<\/li>\n<\/ol>","protected":false},"excerpt":{"rendered":"<p>Yuvarlak mumluklarla sat\u0131\u015flar\u0131n\u0131z\u0131 art\u0131r\u0131n! Toptan mum kavanozlar\u0131nda \u00fccretsiz kargo + \u00f6zel tasar\u0131m \u015fablonlar\u0131. L\u00fcks mum markalar\u0131 i\u00e7in m\u00fckemmel.<\/p>","protected":false},"featured_media":4575,"template":"","meta":{"site-sidebar-layout":"default","site-content-layout":"","ast-site-content-layout":"default","site-content-style":"default","site-sidebar-style":"default","ast-global-header-display":"","ast-banner-title-visibility":"","ast-main-header-display":"","ast-hfb-above-header-display":"","ast-hfb-below-header-display":"","ast-hfb-mobile-header-display":"","site-post-title":"","ast-breadcrumbs-content":"","ast-featured-img":"","footer-sml-layout":"","theme-transparent-header-meta":"default","adv-header-id-meta":"","stick-header-meta":"","header-above-stick-meta":"","header-main-stick-meta":"","header-below-stick-meta":"","astra-migrate-meta-layouts":"set","ast-page-background-enabled":"default","ast-page-background-meta":{"desktop":{"background-color":"var(--ast-global-color-5)","background-image":"","background-repeat":"repeat","background-position":"center center","background-size":"auto","background-attachment":"scroll","background-type":"","background-media":"","overlay-type":"","overlay-color":"","overlay-opacity":"","overlay-gradient":""},"tablet":{"background-color":"","background-image":"","background-repeat":"repeat","background-position":"center center","background-size":"auto","background-attachment":"scroll","background-type":"","background-media":"","overlay-type":"","overlay-color":"","overlay-opacity":"","overlay-gradient":""},"mobile":{"background-color":"","background-image":"","background-repeat":"repeat","background-position":"center center","background-size":"auto","background-attachment":"scroll","background-type":"","background-media":"","overlay-type":"","overlay-color":"","overlay-opacity":"","overlay-gradient":""}},"ast-content-background-meta":{"desktop":{"background-color":"var(--ast-global-color-4)","background-image":"","background-repeat":"repeat","background-position":"center center","background-size":"auto","background-attachment":"scroll","background-type":"","background-media":"","overlay-type":"","overlay-color":"","overlay-opacity":"","overlay-gradient":""},"tablet":{"background-color":"var(--ast-global-color-4)","background-image":"","background-repeat":"repeat","background-position":"center center","background-size":"auto","background-attachment":"scroll","background-type":"","background-media":"","overlay-type":"","overlay-color":"","overlay-opacity":"","overlay-gradient":""},"mobile":{"background-color":"var(--ast-global-color-4)","background-image":"","background-repeat":"repeat","background-position":"center center","background-size":"auto","background-attachment":"scroll","background-type":"","background-media":"","overlay-type":"","overlay-color":"","overlay-opacity":"","overlay-gradient":""}}},"product_brand":[],"product_cat":[28],"product_tag":[],"class_list":{"0":"post-766","1":"product","2":"type-product","3":"status-publish","4":"has-post-thumbnail","6":"product_cat-glass-candle-jars","7":"desktop-align-left","8":"tablet-align-left","9":"mobile-align-left","11":"first","12":"instock","13":"shipping-taxable","14":"product-type-simple"},"jetpack_sharing_enabled":true,"_links":{"self":[{"href":"https:\/\/mostebglass.com\/tr\/wp-json\/wp\/v2\/product\/766","targetHints":{"allow":["GET"]}}],"collection":[{"href":"https:\/\/mostebglass.com\/tr\/wp-json\/wp\/v2\/product"}],"about":[{"href":"https:\/\/mostebglass.com\/tr\/wp-json\/wp\/v2\/types\/product"}],"wp:featuredmedia":[{"embeddable":true,"href":"https:\/\/mostebglass.com\/tr\/wp-json\/wp\/v2\/media\/4575"}],"wp:attachment":[{"href":"https:\/\/mostebglass.com\/tr\/wp-json\/wp\/v2\/media?parent=766"}],"wp:term":[{"taxonomy":"product_brand","embeddable":true,"href":"https:\/\/mostebglass.com\/tr\/wp-json\/wp\/v2\/product_brand?post=766"},{"taxonomy":"product_cat","embeddable":true,"href":"https:\/\/mostebglass.com\/tr\/wp-json\/wp\/v2\/product_cat?post=766"},{"taxonomy":"product_tag","embeddable":true,"href":"https:\/\/mostebglass.com\/tr\/wp-json\/wp\/v2\/product_tag?post=766"}],"curies":[{"name":"wp","href":"https:\/\/api.w.org\/{rel}","templated":true}]}}